{"id":1723,"date":"2018-07-25T20:07:33","date_gmt":"2018-07-25T20:07:33","guid":{"rendered":"http:\/\/galli.ch\/?post_type=uhren&#038;p=1723"},"modified":"2026-04-20T18:11:24","modified_gmt":"2026-04-20T16:11:24","slug":"master-collection-l2-773-4-78-3","status":"publish","type":"product","link":"https:\/\/galli.ch\/en\/uhren\/longines\/watchmaking-tradition\/master-collection-l2-773-4-78-3\/","title":{"rendered":"Longines Master Collection"},"content":{"rendered":"<p>Als traditionsreicher Uhrenhersteller hat Longines seit jeher aussergew\u00f6hnliche Zeitmesser gefertigt. Die Longines Master Collection ist das perfekte zeitgen\u00f6ssische Beispiel, wie der Erfolg der Kollektion seit ihrer Lancierung 2005 best\u00e4tigt. Die vielf\u00e4ltigen Varianten werden ausnahmslos von mechanischen Uhrwerken angetrieben und bergen verschiedenste raffinierte Funktionen.<\/p>\n<p>Das automatische Uhrwerk mit einer Gangreserve von circa 66 Stunden treibt folgende Komplikationen an: Chronograph, Datum, Monat, Wochentag, Mondphase und eine Tag- und Nachtanzeige. Das abgebildete Modell hat einen Geh\u00e4usedurchmesser von 42 Millimeter. Sie ist ebenfalls mit einem Geh\u00e4usedurchmesser von 40 Millimeter erh\u00e4ltlich.<\/p>\n","protected":false},"excerpt":{"rendered":"<p>Als traditionsreicher Uhrenhersteller hat Longines seit jeher aussergew\u00f6hnliche Zeitmesser gefertigt. Die Longines Master Collection ist das perfekte zeitgen\u00f6ssische Beispiel, wie der Erfolg der Kollektion seit ihrer Lancierung 2005 best\u00e4tigt. Die vielf\u00e4ltigen Varianten werden ausnahmslos von mechanischen Uhrwerken angetrieben und bergen verschiedenste raffinierte Funktionen. Das automatische Uhrwerk mit einer Gangreserve von circa 66 Stunden treibt folgende&#8230;  <a class=\"excerpt-read-more\" href=\"https:\/\/galli.ch\/en\/uhren\/longines\/watchmaking-tradition\/master-collection-l2-773-4-78-3\/\" title=\"Read Longines Master Collection\">Weiter &raquo;<\/a><\/p>\n","protected":false},"featured_media":11129,"template":"","meta":{"_acf_changed":false,"inline_featured_image":false},"product_brand":[],"product_cat":[188],"product_tag":[],"class_list":{"0":"post-1723","1":"product","2":"type-product","3":"status-publish","4":"has-post-thumbnail","6":"uhrenhersteller-longines","7":"uhrenhersteller-watchmaking-tradition","8":"product_cat-uhren","10":"first","11":"instock","12":"taxable","13":"shipping-taxable","14":"purchasable","15":"product-type-simple"},"acf":[],"yoast_head":"<!-- This site is optimized with the Yoast SEO plugin v25.5 - https:\/\/yoast.com\/wordpress\/plugins\/seo\/ -->\n<title>Longines Master Collection - Galli Uhren Bijouterie<\/title>\n<meta name=\"robots\" content=\"index, follow, max-snippet:-1, max-image-preview:large, max-video-preview:-1\" \/>\n<link rel=\"canonical\" href=\"https:\/\/galli.ch\/uhren\/longines\/watchmaking-tradition\/master-collection-l2-773-4-78-3\/\" \/>\n<meta property=\"og:locale\" content=\"en_US\" \/>\n<meta property=\"og:type\" content=\"article\" \/>\n<meta property=\"og:title\" content=\"Longines Master Collection - Galli Uhren Bijouterie\" \/>\n<meta property=\"og:description\" content=\"Als traditionsreicher Uhrenhersteller hat Longines seit jeher aussergew\u00f6hnliche Zeitmesser gefertigt. Die Longines Master Collection ist das perfekte zeitgen\u00f6ssische Beispiel, wie der Erfolg der Kollektion seit ihrer Lancierung 2005 best\u00e4tigt. Die vielf\u00e4ltigen Varianten werden ausnahmslos von mechanischen Uhrwerken angetrieben und bergen verschiedenste raffinierte Funktionen. Das automatische Uhrwerk mit einer Gangreserve von circa 66 Stunden treibt folgende... Weiter &raquo;\" \/>\n<meta property=\"og:url\" content=\"https:\/\/galli.ch\/uhren\/longines\/watchmaking-tradition\/master-collection-l2-773-4-78-3\/\" \/>\n<meta property=\"og:site_name\" content=\"Galli Uhren Bijouterie\" \/>\n<meta property=\"article:modified_time\" content=\"2026-04-20T16:11:24+00:00\" \/>\n<meta property=\"og:image\" content=\"https:\/\/galli.ch\/wp-content\/uploads\/longines-the-longines-master-collection-l2-773-4-78-3-2000x2000-1.png\" \/>\n\t<meta property=\"og:image:width\" content=\"1000\" \/>\n\t<meta property=\"og:image:height\" content=\"1400\" \/>\n\t<meta property=\"og:image:type\" content=\"image\/png\" \/>\n<meta name=\"twitter:card\" content=\"summary_large_image\" \/>\n<script type=\"application\/ld+json\" class=\"yoast-schema-graph\">{\"@context\":\"https:\/\/schema.org\",\"@graph\":[{\"@type\":\"WebPage\",\"@id\":\"https:\/\/galli.ch\/uhren\/longines\/watchmaking-tradition\/master-collection-l2-773-4-78-3\/\",\"url\":\"https:\/\/galli.ch\/uhren\/longines\/watchmaking-tradition\/master-collection-l2-773-4-78-3\/\",\"name\":\"Longines Master Collection - Galli Uhren Bijouterie\",\"isPartOf\":{\"@id\":\"http:\/\/galli.ch\/en\/#website\"},\"primaryImageOfPage\":{\"@id\":\"https:\/\/galli.ch\/uhren\/longines\/watchmaking-tradition\/master-collection-l2-773-4-78-3\/#primaryimage\"},\"image\":{\"@id\":\"https:\/\/galli.ch\/uhren\/longines\/watchmaking-tradition\/master-collection-l2-773-4-78-3\/#primaryimage\"},\"thumbnailUrl\":\"https:\/\/galli.ch\/wp-content\/uploads\/longines-the-longines-master-collection-l2-773-4-78-3-2000x2000-1.png\",\"datePublished\":\"2018-07-25T20:07:33+00:00\",\"dateModified\":\"2026-04-20T16:11:24+00:00\",\"breadcrumb\":{\"@id\":\"https:\/\/galli.ch\/uhren\/longines\/watchmaking-tradition\/master-collection-l2-773-4-78-3\/#breadcrumb\"},\"inLanguage\":\"en-US\",\"potentialAction\":[{\"@type\":\"ReadAction\",\"target\":[\"https:\/\/galli.ch\/uhren\/longines\/watchmaking-tradition\/master-collection-l2-773-4-78-3\/\"]}]},{\"@type\":\"ImageObject\",\"inLanguage\":\"en-US\",\"@id\":\"https:\/\/galli.ch\/uhren\/longines\/watchmaking-tradition\/master-collection-l2-773-4-78-3\/#primaryimage\",\"url\":\"https:\/\/galli.ch\/wp-content\/uploads\/longines-the-longines-master-collection-l2-773-4-78-3-2000x2000-1.png\",\"contentUrl\":\"https:\/\/galli.ch\/wp-content\/uploads\/longines-the-longines-master-collection-l2-773-4-78-3-2000x2000-1.png\",\"width\":1000,\"height\":1400,\"caption\":\"longines-master-collection-L2.773.4.78.3\"},{\"@type\":\"BreadcrumbList\",\"@id\":\"https:\/\/galli.ch\/uhren\/longines\/watchmaking-tradition\/master-collection-l2-773-4-78-3\/#breadcrumb\",\"itemListElement\":[{\"@type\":\"ListItem\",\"position\":1,\"name\":\"Home\",\"item\":\"https:\/\/galli.ch\/en\/\"},{\"@type\":\"ListItem\",\"position\":2,\"name\":\"Uhren\",\"item\":\"https:\/\/galli.ch\/en\/uhren\/\"},{\"@type\":\"ListItem\",\"position\":3,\"name\":\"Master Collection\"}]},{\"@type\":\"WebSite\",\"@id\":\"http:\/\/galli.ch\/en\/#website\",\"url\":\"http:\/\/galli.ch\/en\/\",\"name\":\"Galli Uhren Bijouterie\",\"description\":\"\",\"potentialAction\":[{\"@type\":\"SearchAction\",\"target\":{\"@type\":\"EntryPoint\",\"urlTemplate\":\"http:\/\/galli.ch\/en\/?s={search_term_string}\"},\"query-input\":{\"@type\":\"PropertyValueSpecification\",\"valueRequired\":true,\"valueName\":\"search_term_string\"}}],\"inLanguage\":\"en-US\"}]}<\/script>\n<!-- \/ Yoast SEO plugin. -->","yoast_head_json":{"title":"Longines Master Collection - Galli Uhren Bijouterie","robots":{"index":"index","follow":"follow","max-snippet":"max-snippet:-1","max-image-preview":"max-image-preview:large","max-video-preview":"max-video-preview:-1"},"canonical":"https:\/\/galli.ch\/uhren\/longines\/watchmaking-tradition\/master-collection-l2-773-4-78-3\/","og_locale":"en_US","og_type":"article","og_title":"Longines Master Collection - Galli Uhren Bijouterie","og_description":"Als traditionsreicher Uhrenhersteller hat Longines seit jeher aussergew\u00f6hnliche Zeitmesser gefertigt. Die Longines Master Collection ist das perfekte zeitgen\u00f6ssische Beispiel, wie der Erfolg der Kollektion seit ihrer Lancierung 2005 best\u00e4tigt. Die vielf\u00e4ltigen Varianten werden ausnahmslos von mechanischen Uhrwerken angetrieben und bergen verschiedenste raffinierte Funktionen. Das automatische Uhrwerk mit einer Gangreserve von circa 66 Stunden treibt folgende... Weiter &raquo;","og_url":"https:\/\/galli.ch\/uhren\/longines\/watchmaking-tradition\/master-collection-l2-773-4-78-3\/","og_site_name":"Galli Uhren Bijouterie","article_modified_time":"2026-04-20T16:11:24+00:00","og_image":[{"width":1000,"height":1400,"url":"https:\/\/galli.ch\/wp-content\/uploads\/longines-the-longines-master-collection-l2-773-4-78-3-2000x2000-1.png","type":"image\/png"}],"twitter_card":"summary_large_image","schema":{"@context":"https:\/\/schema.org","@graph":[{"@type":"WebPage","@id":"https:\/\/galli.ch\/uhren\/longines\/watchmaking-tradition\/master-collection-l2-773-4-78-3\/","url":"https:\/\/galli.ch\/uhren\/longines\/watchmaking-tradition\/master-collection-l2-773-4-78-3\/","name":"Longines Master Collection - Galli Uhren Bijouterie","isPartOf":{"@id":"http:\/\/galli.ch\/en\/#website"},"primaryImageOfPage":{"@id":"https:\/\/galli.ch\/uhren\/longines\/watchmaking-tradition\/master-collection-l2-773-4-78-3\/#primaryimage"},"image":{"@id":"https:\/\/galli.ch\/uhren\/longines\/watchmaking-tradition\/master-collection-l2-773-4-78-3\/#primaryimage"},"thumbnailUrl":"https:\/\/galli.ch\/wp-content\/uploads\/longines-the-longines-master-collection-l2-773-4-78-3-2000x2000-1.png","datePublished":"2018-07-25T20:07:33+00:00","dateModified":"2026-04-20T16:11:24+00:00","breadcrumb":{"@id":"https:\/\/galli.ch\/uhren\/longines\/watchmaking-tradition\/master-collection-l2-773-4-78-3\/#breadcrumb"},"inLanguage":"en-US","potentialAction":[{"@type":"ReadAction","target":["https:\/\/galli.ch\/uhren\/longines\/watchmaking-tradition\/master-collection-l2-773-4-78-3\/"]}]},{"@type":"ImageObject","inLanguage":"en-US","@id":"https:\/\/galli.ch\/uhren\/longines\/watchmaking-tradition\/master-collection-l2-773-4-78-3\/#primaryimage","url":"https:\/\/galli.ch\/wp-content\/uploads\/longines-the-longines-master-collection-l2-773-4-78-3-2000x2000-1.png","contentUrl":"https:\/\/galli.ch\/wp-content\/uploads\/longines-the-longines-master-collection-l2-773-4-78-3-2000x2000-1.png","width":1000,"height":1400,"caption":"longines-master-collection-L2.773.4.78.3"},{"@type":"BreadcrumbList","@id":"https:\/\/galli.ch\/uhren\/longines\/watchmaking-tradition\/master-collection-l2-773-4-78-3\/#breadcrumb","itemListElement":[{"@type":"ListItem","position":1,"name":"Home","item":"https:\/\/galli.ch\/en\/"},{"@type":"ListItem","position":2,"name":"Uhren","item":"https:\/\/galli.ch\/en\/uhren\/"},{"@type":"ListItem","position":3,"name":"Master Collection"}]},{"@type":"WebSite","@id":"http:\/\/galli.ch\/en\/#website","url":"http:\/\/galli.ch\/en\/","name":"Galli Uhren Bijouterie","description":"","potentialAction":[{"@type":"SearchAction","target":{"@type":"EntryPoint","urlTemplate":"http:\/\/galli.ch\/en\/?s={search_term_string}"},"query-input":{"@type":"PropertyValueSpecification","valueRequired":true,"valueName":"search_term_string"}}],"inLanguage":"en-US"}]}},"_links":{"self":[{"href":"https:\/\/galli.ch\/en\/wp-json\/wp\/v2\/product\/1723","targetHints":{"allow":["GET"]}}],"collection":[{"href":"https:\/\/galli.ch\/en\/wp-json\/wp\/v2\/product"}],"about":[{"href":"https:\/\/galli.ch\/en\/wp-json\/wp\/v2\/types\/product"}],"wp:featuredmedia":[{"embeddable":true,"href":"https:\/\/galli.ch\/en\/wp-json\/wp\/v2\/media\/11129"}],"wp:attachment":[{"href":"https:\/\/galli.ch\/en\/wp-json\/wp\/v2\/media?parent=1723"}],"wp:term":[{"taxonomy":"product_brand","embeddable":true,"href":"https:\/\/galli.ch\/en\/wp-json\/wp\/v2\/product_brand?post=1723"},{"taxonomy":"product_cat","embeddable":true,"href":"https:\/\/galli.ch\/en\/wp-json\/wp\/v2\/product_cat?post=1723"},{"taxonomy":"product_tag","embeddable":true,"href":"https:\/\/galli.ch\/en\/wp-json\/wp\/v2\/product_tag?post=1723"}],"curies":[{"name":"wp","href":"https:\/\/api.w.org\/{rel}","templated":true}]}}