{"id":17231,"date":"2023-02-03T16:33:50","date_gmt":"2023-02-03T15:33:50","guid":{"rendered":"https:\/\/galli.ch\/?post_type=product&#038;p=17231"},"modified":"2026-04-20T18:11:31","modified_gmt":"2026-04-20T16:11:31","slug":"legend-diver-36-l3-374-4-30-2","status":"publish","type":"product","link":"https:\/\/galli.ch\/en\/uhren\/longines\/diving\/legend-diver-36-l3-374-4-30-2\/","title":{"rendered":"Longines Legend Diver 36"},"content":{"rendered":"<p>Alles beginnt im Jahr 1937, zu einer Zeit, in der Wasserdichtigkeit zum echten Qualit\u00e4tsmerkmal wird. Longines entwickelt damals ein Geh\u00e4use mit wasserdichten Dr\u00fcckern f\u00fcr das legend\u00e4re Kaliber 13ZN und l\u00e4sst sich diese Kreation patentieren. Sp\u00e4ter zeichnet die Marke mit der gefl\u00fcgelten Sanduhr f\u00fcr zahlreiche weitere Entwicklungen verantwortlich, die schliesslich 1958 in der Lancierung ihrer ersten \u201azivilen\u2018 Taucheruhr sowie, im Laufe der 1960er Jahre, in der Fertigung weiterer Modelle dieses Genres m\u00fcnden.<\/p>\n","protected":false},"excerpt":{"rendered":"<p>Alles beginnt im Jahr 1937, zu einer Zeit, in der Wasserdichtigkeit zum echten Qualit\u00e4tsmerkmal wird. Longines entwickelt damals ein Geh\u00e4use mit wasserdichten Dr\u00fcckern f\u00fcr das legend\u00e4re Kaliber 13ZN und l\u00e4sst sich diese Kreation patentieren. Sp\u00e4ter zeichnet die Marke mit der gefl\u00fcgelten Sanduhr f\u00fcr zahlreiche weitere Entwicklungen verantwortlich, die schliesslich 1958 in der Lancierung ihrer ersten&#8230;  <a class=\"excerpt-read-more\" href=\"https:\/\/galli.ch\/en\/uhren\/longines\/diving\/legend-diver-36-l3-374-4-30-2\/\" title=\"Read Longines Legend Diver 36\">Weiter &raquo;<\/a><\/p>\n","protected":false},"featured_media":17111,"template":"","meta":{"_acf_changed":false,"inline_featured_image":false},"product_brand":[],"product_cat":[188],"product_tag":[],"class_list":{"0":"post-17231","1":"product","2":"type-product","3":"status-publish","4":"has-post-thumbnail","6":"uhrenhersteller-longines","7":"uhrenhersteller-diving","8":"product_cat-uhren","10":"first","11":"instock","12":"taxable","13":"shipping-taxable","14":"purchasable","15":"product-type-simple"},"acf":[],"yoast_head":"<!-- This site is optimized with the Yoast SEO plugin v25.5 - https:\/\/yoast.com\/wordpress\/plugins\/seo\/ -->\n<title>Longines Legend Diver 36 - Galli Uhren Bijouterie<\/title>\n<meta name=\"robots\" content=\"index, follow, max-snippet:-1, max-image-preview:large, max-video-preview:-1\" \/>\n<link rel=\"canonical\" href=\"https:\/\/galli.ch\/uhren\/longines\/diving\/legend-diver-36-l3-374-4-30-2\/\" \/>\n<meta property=\"og:locale\" content=\"en_US\" \/>\n<meta property=\"og:type\" content=\"article\" \/>\n<meta property=\"og:title\" content=\"Longines Legend Diver 36 - Galli Uhren Bijouterie\" \/>\n<meta property=\"og:description\" content=\"Alles beginnt im Jahr 1937, zu einer Zeit, in der Wasserdichtigkeit zum echten Qualit\u00e4tsmerkmal wird. Longines entwickelt damals ein Geh\u00e4use mit wasserdichten Dr\u00fcckern f\u00fcr das legend\u00e4re Kaliber 13ZN und l\u00e4sst sich diese Kreation patentieren. Sp\u00e4ter zeichnet die Marke mit der gefl\u00fcgelten Sanduhr f\u00fcr zahlreiche weitere Entwicklungen verantwortlich, die schliesslich 1958 in der Lancierung ihrer ersten... Weiter &raquo;\" \/>\n<meta property=\"og:url\" content=\"https:\/\/galli.ch\/uhren\/longines\/diving\/legend-diver-36-l3-374-4-30-2\/\" \/>\n<meta property=\"og:site_name\" content=\"Galli Uhren Bijouterie\" \/>\n<meta property=\"article:modified_time\" content=\"2026-04-20T16:11:31+00:00\" \/>\n<meta property=\"og:image\" content=\"https:\/\/galli.ch\/wp-content\/uploads\/longines-the-longines-legend-diver-watch-l3-374-4-30-2-2000x2000-1667547818-1.png\" \/>\n\t<meta property=\"og:image:width\" content=\"1000\" \/>\n\t<meta property=\"og:image:height\" content=\"1400\" \/>\n\t<meta property=\"og:image:type\" content=\"image\/png\" \/>\n<meta name=\"twitter:card\" content=\"summary_large_image\" \/>\n<script type=\"application\/ld+json\" class=\"yoast-schema-graph\">{\"@context\":\"https:\/\/schema.org\",\"@graph\":[{\"@type\":\"WebPage\",\"@id\":\"https:\/\/galli.ch\/uhren\/longines\/diving\/legend-diver-36-l3-374-4-30-2\/\",\"url\":\"https:\/\/galli.ch\/uhren\/longines\/diving\/legend-diver-36-l3-374-4-30-2\/\",\"name\":\"Longines Legend Diver 36 - Galli Uhren Bijouterie\",\"isPartOf\":{\"@id\":\"http:\/\/galli.ch\/en\/#website\"},\"primaryImageOfPage\":{\"@id\":\"https:\/\/galli.ch\/uhren\/longines\/diving\/legend-diver-36-l3-374-4-30-2\/#primaryimage\"},\"image\":{\"@id\":\"https:\/\/galli.ch\/uhren\/longines\/diving\/legend-diver-36-l3-374-4-30-2\/#primaryimage\"},\"thumbnailUrl\":\"https:\/\/galli.ch\/wp-content\/uploads\/longines-the-longines-legend-diver-watch-l3-374-4-30-2-2000x2000-1667547818-1.png\",\"datePublished\":\"2023-02-03T15:33:50+00:00\",\"dateModified\":\"2026-04-20T16:11:31+00:00\",\"breadcrumb\":{\"@id\":\"https:\/\/galli.ch\/uhren\/longines\/diving\/legend-diver-36-l3-374-4-30-2\/#breadcrumb\"},\"inLanguage\":\"en-US\",\"potentialAction\":[{\"@type\":\"ReadAction\",\"target\":[\"https:\/\/galli.ch\/uhren\/longines\/diving\/legend-diver-36-l3-374-4-30-2\/\"]}]},{\"@type\":\"ImageObject\",\"inLanguage\":\"en-US\",\"@id\":\"https:\/\/galli.ch\/uhren\/longines\/diving\/legend-diver-36-l3-374-4-30-2\/#primaryimage\",\"url\":\"https:\/\/galli.ch\/wp-content\/uploads\/longines-the-longines-legend-diver-watch-l3-374-4-30-2-2000x2000-1667547818-1.png\",\"contentUrl\":\"https:\/\/galli.ch\/wp-content\/uploads\/longines-the-longines-legend-diver-watch-l3-374-4-30-2-2000x2000-1667547818-1.png\",\"width\":1000,\"height\":1400,\"caption\":\"Longines Heritage-zurich\"},{\"@type\":\"BreadcrumbList\",\"@id\":\"https:\/\/galli.ch\/uhren\/longines\/diving\/legend-diver-36-l3-374-4-30-2\/#breadcrumb\",\"itemListElement\":[{\"@type\":\"ListItem\",\"position\":1,\"name\":\"Home\",\"item\":\"https:\/\/galli.ch\/en\/\"},{\"@type\":\"ListItem\",\"position\":2,\"name\":\"Uhren\",\"item\":\"https:\/\/galli.ch\/en\/uhren\/\"},{\"@type\":\"ListItem\",\"position\":3,\"name\":\"Legend Diver 36\"}]},{\"@type\":\"WebSite\",\"@id\":\"http:\/\/galli.ch\/en\/#website\",\"url\":\"http:\/\/galli.ch\/en\/\",\"name\":\"Galli Uhren Bijouterie\",\"description\":\"\",\"potentialAction\":[{\"@type\":\"SearchAction\",\"target\":{\"@type\":\"EntryPoint\",\"urlTemplate\":\"http:\/\/galli.ch\/en\/?s={search_term_string}\"},\"query-input\":{\"@type\":\"PropertyValueSpecification\",\"valueRequired\":true,\"valueName\":\"search_term_string\"}}],\"inLanguage\":\"en-US\"}]}<\/script>\n<!-- \/ Yoast SEO plugin. -->","yoast_head_json":{"title":"Longines Legend Diver 36 - Galli Uhren Bijouterie","robots":{"index":"index","follow":"follow","max-snippet":"max-snippet:-1","max-image-preview":"max-image-preview:large","max-video-preview":"max-video-preview:-1"},"canonical":"https:\/\/galli.ch\/uhren\/longines\/diving\/legend-diver-36-l3-374-4-30-2\/","og_locale":"en_US","og_type":"article","og_title":"Longines Legend Diver 36 - Galli Uhren Bijouterie","og_description":"Alles beginnt im Jahr 1937, zu einer Zeit, in der Wasserdichtigkeit zum echten Qualit\u00e4tsmerkmal wird. Longines entwickelt damals ein Geh\u00e4use mit wasserdichten Dr\u00fcckern f\u00fcr das legend\u00e4re Kaliber 13ZN und l\u00e4sst sich diese Kreation patentieren. Sp\u00e4ter zeichnet die Marke mit der gefl\u00fcgelten Sanduhr f\u00fcr zahlreiche weitere Entwicklungen verantwortlich, die schliesslich 1958 in der Lancierung ihrer ersten... Weiter &raquo;","og_url":"https:\/\/galli.ch\/uhren\/longines\/diving\/legend-diver-36-l3-374-4-30-2\/","og_site_name":"Galli Uhren Bijouterie","article_modified_time":"2026-04-20T16:11:31+00:00","og_image":[{"width":1000,"height":1400,"url":"https:\/\/galli.ch\/wp-content\/uploads\/longines-the-longines-legend-diver-watch-l3-374-4-30-2-2000x2000-1667547818-1.png","type":"image\/png"}],"twitter_card":"summary_large_image","schema":{"@context":"https:\/\/schema.org","@graph":[{"@type":"WebPage","@id":"https:\/\/galli.ch\/uhren\/longines\/diving\/legend-diver-36-l3-374-4-30-2\/","url":"https:\/\/galli.ch\/uhren\/longines\/diving\/legend-diver-36-l3-374-4-30-2\/","name":"Longines Legend Diver 36 - Galli Uhren Bijouterie","isPartOf":{"@id":"http:\/\/galli.ch\/en\/#website"},"primaryImageOfPage":{"@id":"https:\/\/galli.ch\/uhren\/longines\/diving\/legend-diver-36-l3-374-4-30-2\/#primaryimage"},"image":{"@id":"https:\/\/galli.ch\/uhren\/longines\/diving\/legend-diver-36-l3-374-4-30-2\/#primaryimage"},"thumbnailUrl":"https:\/\/galli.ch\/wp-content\/uploads\/longines-the-longines-legend-diver-watch-l3-374-4-30-2-2000x2000-1667547818-1.png","datePublished":"2023-02-03T15:33:50+00:00","dateModified":"2026-04-20T16:11:31+00:00","breadcrumb":{"@id":"https:\/\/galli.ch\/uhren\/longines\/diving\/legend-diver-36-l3-374-4-30-2\/#breadcrumb"},"inLanguage":"en-US","potentialAction":[{"@type":"ReadAction","target":["https:\/\/galli.ch\/uhren\/longines\/diving\/legend-diver-36-l3-374-4-30-2\/"]}]},{"@type":"ImageObject","inLanguage":"en-US","@id":"https:\/\/galli.ch\/uhren\/longines\/diving\/legend-diver-36-l3-374-4-30-2\/#primaryimage","url":"https:\/\/galli.ch\/wp-content\/uploads\/longines-the-longines-legend-diver-watch-l3-374-4-30-2-2000x2000-1667547818-1.png","contentUrl":"https:\/\/galli.ch\/wp-content\/uploads\/longines-the-longines-legend-diver-watch-l3-374-4-30-2-2000x2000-1667547818-1.png","width":1000,"height":1400,"caption":"Longines Heritage-zurich"},{"@type":"BreadcrumbList","@id":"https:\/\/galli.ch\/uhren\/longines\/diving\/legend-diver-36-l3-374-4-30-2\/#breadcrumb","itemListElement":[{"@type":"ListItem","position":1,"name":"Home","item":"https:\/\/galli.ch\/en\/"},{"@type":"ListItem","position":2,"name":"Uhren","item":"https:\/\/galli.ch\/en\/uhren\/"},{"@type":"ListItem","position":3,"name":"Legend Diver 36"}]},{"@type":"WebSite","@id":"http:\/\/galli.ch\/en\/#website","url":"http:\/\/galli.ch\/en\/","name":"Galli Uhren Bijouterie","description":"","potentialAction":[{"@type":"SearchAction","target":{"@type":"EntryPoint","urlTemplate":"http:\/\/galli.ch\/en\/?s={search_term_string}"},"query-input":{"@type":"PropertyValueSpecification","valueRequired":true,"valueName":"search_term_string"}}],"inLanguage":"en-US"}]}},"_links":{"self":[{"href":"https:\/\/galli.ch\/en\/wp-json\/wp\/v2\/product\/17231","targetHints":{"allow":["GET"]}}],"collection":[{"href":"https:\/\/galli.ch\/en\/wp-json\/wp\/v2\/product"}],"about":[{"href":"https:\/\/galli.ch\/en\/wp-json\/wp\/v2\/types\/product"}],"wp:featuredmedia":[{"embeddable":true,"href":"https:\/\/galli.ch\/en\/wp-json\/wp\/v2\/media\/17111"}],"wp:attachment":[{"href":"https:\/\/galli.ch\/en\/wp-json\/wp\/v2\/media?parent=17231"}],"wp:term":[{"taxonomy":"product_brand","embeddable":true,"href":"https:\/\/galli.ch\/en\/wp-json\/wp\/v2\/product_brand?post=17231"},{"taxonomy":"product_cat","embeddable":true,"href":"https:\/\/galli.ch\/en\/wp-json\/wp\/v2\/product_cat?post=17231"},{"taxonomy":"product_tag","embeddable":true,"href":"https:\/\/galli.ch\/en\/wp-json\/wp\/v2\/product_tag?post=17231"}],"curies":[{"name":"wp","href":"https:\/\/api.w.org\/{rel}","templated":true}]}}