{"id":17233,"date":"2023-02-03T16:51:52","date_gmt":"2023-02-03T15:51:52","guid":{"rendered":"https:\/\/galli.ch\/?post_type=product&#038;p=17233"},"modified":"2026-03-30T10:16:34","modified_gmt":"2026-03-30T08:16:34","slug":"bellissima-small-t126-010-11-013-00","status":"publish","type":"product","link":"https:\/\/galli.ch\/en\/uhren\/tissot\/t-lady\/bellissima-small-t126-010-11-013-00\/","title":{"rendered":"Tissot Bellissima Small Lady"},"content":{"rendered":"<p>Die Tissot Bellissima Small Lady besticht durch ihr edles Design und sch\u00f6ne Details. Dieses Modell besitzt ein Swiss-Made Quarzwerk und ein kratzfestes Saphirglas mit r\u00f6mischen Ziffern und Datumsanzeige. Das 316L-Edelstahlgeh\u00e4use umschliesst das weisse Zifferblatt und das 316L-Edelstahlarmband mit Butterflyschliesse mit Dr\u00fcckern.<\/p>\n","protected":false},"excerpt":{"rendered":"<p>Die Tissot Bellissima Small Lady besticht durch ihr edles Design und sch\u00f6ne Details. Dieses Modell besitzt ein Swiss-Made Quarzwerk und ein kratzfestes Saphirglas mit r\u00f6mischen Ziffern und Datumsanzeige. Das 316L-Edelstahlgeh\u00e4use umschliesst das weisse Zifferblatt und das 316L-Edelstahlarmband mit Butterflyschliesse mit Dr\u00fcckern.<\/p>\n","protected":false},"featured_media":17093,"template":"","meta":{"_acf_changed":false,"inline_featured_image":false},"product_brand":[],"product_cat":[188],"product_tag":[],"class_list":{"0":"post-17233","1":"product","2":"type-product","3":"status-publish","4":"has-post-thumbnail","6":"uhrenhersteller-tissot","7":"uhrenhersteller-t-lady","8":"product_cat-uhren","10":"first","11":"outofstock","12":"taxable","13":"shipping-taxable","14":"purchasable","15":"product-type-simple"},"acf":[],"yoast_head":"<!-- This site is optimized with the Yoast SEO plugin v25.5 - https:\/\/yoast.com\/wordpress\/plugins\/seo\/ -->\n<title>Tissot Bellissima Small Lady - Galli Uhren Bijouterie<\/title>\n<meta name=\"robots\" content=\"index, follow, max-snippet:-1, max-image-preview:large, max-video-preview:-1\" \/>\n<link rel=\"canonical\" href=\"https:\/\/galli.ch\/uhren\/tissot\/t-lady\/bellissima-small-t126-010-11-013-00\/\" \/>\n<meta property=\"og:locale\" content=\"en_US\" \/>\n<meta property=\"og:type\" content=\"article\" \/>\n<meta property=\"og:title\" content=\"Tissot Bellissima Small Lady - Galli Uhren Bijouterie\" \/>\n<meta property=\"og:description\" content=\"Die Tissot Bellissima Small Lady besticht durch ihr edles Design und sch\u00f6ne Details. Dieses Modell besitzt ein Swiss-Made Quarzwerk und ein kratzfestes Saphirglas mit r\u00f6mischen Ziffern und Datumsanzeige. Das 316L-Edelstahlgeh\u00e4use umschliesst das weisse Zifferblatt und das 316L-Edelstahlarmband mit Butterflyschliesse mit Dr\u00fcckern.\" \/>\n<meta property=\"og:url\" content=\"https:\/\/galli.ch\/uhren\/tissot\/t-lady\/bellissima-small-t126-010-11-013-00\/\" \/>\n<meta property=\"og:site_name\" content=\"Galli Uhren Bijouterie\" \/>\n<meta property=\"article:modified_time\" content=\"2026-03-30T08:16:34+00:00\" \/>\n<meta property=\"og:image\" content=\"https:\/\/galli.ch\/wp-content\/uploads\/T126-010-11-013-00-1.png\" \/>\n\t<meta property=\"og:image:width\" content=\"1000\" \/>\n\t<meta property=\"og:image:height\" content=\"1400\" \/>\n\t<meta property=\"og:image:type\" content=\"image\/png\" \/>\n<meta name=\"twitter:card\" content=\"summary_large_image\" \/>\n<script type=\"application\/ld+json\" class=\"yoast-schema-graph\">{\"@context\":\"https:\/\/schema.org\",\"@graph\":[{\"@type\":\"WebPage\",\"@id\":\"https:\/\/galli.ch\/uhren\/tissot\/t-lady\/bellissima-small-t126-010-11-013-00\/\",\"url\":\"https:\/\/galli.ch\/uhren\/tissot\/t-lady\/bellissima-small-t126-010-11-013-00\/\",\"name\":\"Tissot Bellissima Small Lady - Galli Uhren Bijouterie\",\"isPartOf\":{\"@id\":\"http:\/\/galli.ch\/en\/#website\"},\"primaryImageOfPage\":{\"@id\":\"https:\/\/galli.ch\/uhren\/tissot\/t-lady\/bellissima-small-t126-010-11-013-00\/#primaryimage\"},\"image\":{\"@id\":\"https:\/\/galli.ch\/uhren\/tissot\/t-lady\/bellissima-small-t126-010-11-013-00\/#primaryimage\"},\"thumbnailUrl\":\"https:\/\/galli.ch\/wp-content\/uploads\/T126-010-11-013-00-1.png\",\"datePublished\":\"2023-02-03T15:51:52+00:00\",\"dateModified\":\"2026-03-30T08:16:34+00:00\",\"breadcrumb\":{\"@id\":\"https:\/\/galli.ch\/uhren\/tissot\/t-lady\/bellissima-small-t126-010-11-013-00\/#breadcrumb\"},\"inLanguage\":\"en-US\",\"potentialAction\":[{\"@type\":\"ReadAction\",\"target\":[\"https:\/\/galli.ch\/uhren\/tissot\/t-lady\/bellissima-small-t126-010-11-013-00\/\"]}]},{\"@type\":\"ImageObject\",\"inLanguage\":\"en-US\",\"@id\":\"https:\/\/galli.ch\/uhren\/tissot\/t-lady\/bellissima-small-t126-010-11-013-00\/#primaryimage\",\"url\":\"https:\/\/galli.ch\/wp-content\/uploads\/T126-010-11-013-00-1.png\",\"contentUrl\":\"https:\/\/galli.ch\/wp-content\/uploads\/T126-010-11-013-00-1.png\",\"width\":1000,\"height\":1400,\"caption\":\"TISSOT-T-LADY-zurich\"},{\"@type\":\"BreadcrumbList\",\"@id\":\"https:\/\/galli.ch\/uhren\/tissot\/t-lady\/bellissima-small-t126-010-11-013-00\/#breadcrumb\",\"itemListElement\":[{\"@type\":\"ListItem\",\"position\":1,\"name\":\"Home\",\"item\":\"https:\/\/galli.ch\/en\/\"},{\"@type\":\"ListItem\",\"position\":2,\"name\":\"Uhren\",\"item\":\"https:\/\/galli.ch\/en\/uhren\/\"},{\"@type\":\"ListItem\",\"position\":3,\"name\":\"Bellissima Small Lady\"}]},{\"@type\":\"WebSite\",\"@id\":\"http:\/\/galli.ch\/en\/#website\",\"url\":\"http:\/\/galli.ch\/en\/\",\"name\":\"Galli Uhren Bijouterie\",\"description\":\"\",\"potentialAction\":[{\"@type\":\"SearchAction\",\"target\":{\"@type\":\"EntryPoint\",\"urlTemplate\":\"http:\/\/galli.ch\/en\/?s={search_term_string}\"},\"query-input\":{\"@type\":\"PropertyValueSpecification\",\"valueRequired\":true,\"valueName\":\"search_term_string\"}}],\"inLanguage\":\"en-US\"}]}<\/script>\n<!-- \/ Yoast SEO plugin. -->","yoast_head_json":{"title":"Tissot Bellissima Small Lady - Galli Uhren Bijouterie","robots":{"index":"index","follow":"follow","max-snippet":"max-snippet:-1","max-image-preview":"max-image-preview:large","max-video-preview":"max-video-preview:-1"},"canonical":"https:\/\/galli.ch\/uhren\/tissot\/t-lady\/bellissima-small-t126-010-11-013-00\/","og_locale":"en_US","og_type":"article","og_title":"Tissot Bellissima Small Lady - Galli Uhren Bijouterie","og_description":"Die Tissot Bellissima Small Lady besticht durch ihr edles Design und sch\u00f6ne Details. Dieses Modell besitzt ein Swiss-Made Quarzwerk und ein kratzfestes Saphirglas mit r\u00f6mischen Ziffern und Datumsanzeige. Das 316L-Edelstahlgeh\u00e4use umschliesst das weisse Zifferblatt und das 316L-Edelstahlarmband mit Butterflyschliesse mit Dr\u00fcckern.","og_url":"https:\/\/galli.ch\/uhren\/tissot\/t-lady\/bellissima-small-t126-010-11-013-00\/","og_site_name":"Galli Uhren Bijouterie","article_modified_time":"2026-03-30T08:16:34+00:00","og_image":[{"width":1000,"height":1400,"url":"https:\/\/galli.ch\/wp-content\/uploads\/T126-010-11-013-00-1.png","type":"image\/png"}],"twitter_card":"summary_large_image","schema":{"@context":"https:\/\/schema.org","@graph":[{"@type":"WebPage","@id":"https:\/\/galli.ch\/uhren\/tissot\/t-lady\/bellissima-small-t126-010-11-013-00\/","url":"https:\/\/galli.ch\/uhren\/tissot\/t-lady\/bellissima-small-t126-010-11-013-00\/","name":"Tissot Bellissima Small Lady - Galli Uhren Bijouterie","isPartOf":{"@id":"http:\/\/galli.ch\/en\/#website"},"primaryImageOfPage":{"@id":"https:\/\/galli.ch\/uhren\/tissot\/t-lady\/bellissima-small-t126-010-11-013-00\/#primaryimage"},"image":{"@id":"https:\/\/galli.ch\/uhren\/tissot\/t-lady\/bellissima-small-t126-010-11-013-00\/#primaryimage"},"thumbnailUrl":"https:\/\/galli.ch\/wp-content\/uploads\/T126-010-11-013-00-1.png","datePublished":"2023-02-03T15:51:52+00:00","dateModified":"2026-03-30T08:16:34+00:00","breadcrumb":{"@id":"https:\/\/galli.ch\/uhren\/tissot\/t-lady\/bellissima-small-t126-010-11-013-00\/#breadcrumb"},"inLanguage":"en-US","potentialAction":[{"@type":"ReadAction","target":["https:\/\/galli.ch\/uhren\/tissot\/t-lady\/bellissima-small-t126-010-11-013-00\/"]}]},{"@type":"ImageObject","inLanguage":"en-US","@id":"https:\/\/galli.ch\/uhren\/tissot\/t-lady\/bellissima-small-t126-010-11-013-00\/#primaryimage","url":"https:\/\/galli.ch\/wp-content\/uploads\/T126-010-11-013-00-1.png","contentUrl":"https:\/\/galli.ch\/wp-content\/uploads\/T126-010-11-013-00-1.png","width":1000,"height":1400,"caption":"TISSOT-T-LADY-zurich"},{"@type":"BreadcrumbList","@id":"https:\/\/galli.ch\/uhren\/tissot\/t-lady\/bellissima-small-t126-010-11-013-00\/#breadcrumb","itemListElement":[{"@type":"ListItem","position":1,"name":"Home","item":"https:\/\/galli.ch\/en\/"},{"@type":"ListItem","position":2,"name":"Uhren","item":"https:\/\/galli.ch\/en\/uhren\/"},{"@type":"ListItem","position":3,"name":"Bellissima Small Lady"}]},{"@type":"WebSite","@id":"http:\/\/galli.ch\/en\/#website","url":"http:\/\/galli.ch\/en\/","name":"Galli Uhren Bijouterie","description":"","potentialAction":[{"@type":"SearchAction","target":{"@type":"EntryPoint","urlTemplate":"http:\/\/galli.ch\/en\/?s={search_term_string}"},"query-input":{"@type":"PropertyValueSpecification","valueRequired":true,"valueName":"search_term_string"}}],"inLanguage":"en-US"}]}},"_links":{"self":[{"href":"https:\/\/galli.ch\/en\/wp-json\/wp\/v2\/product\/17233","targetHints":{"allow":["GET"]}}],"collection":[{"href":"https:\/\/galli.ch\/en\/wp-json\/wp\/v2\/product"}],"about":[{"href":"https:\/\/galli.ch\/en\/wp-json\/wp\/v2\/types\/product"}],"wp:featuredmedia":[{"embeddable":true,"href":"https:\/\/galli.ch\/en\/wp-json\/wp\/v2\/media\/17093"}],"wp:attachment":[{"href":"https:\/\/galli.ch\/en\/wp-json\/wp\/v2\/media?parent=17233"}],"wp:term":[{"taxonomy":"product_brand","embeddable":true,"href":"https:\/\/galli.ch\/en\/wp-json\/wp\/v2\/product_brand?post=17233"},{"taxonomy":"product_cat","embeddable":true,"href":"https:\/\/galli.ch\/en\/wp-json\/wp\/v2\/product_cat?post=17233"},{"taxonomy":"product_tag","embeddable":true,"href":"https:\/\/galli.ch\/en\/wp-json\/wp\/v2\/product_tag?post=17233"}],"curies":[{"name":"wp","href":"https:\/\/api.w.org\/{rel}","templated":true}]}}