{"id":17237,"date":"2023-02-03T20:33:39","date_gmt":"2023-02-03T19:33:39","guid":{"rendered":"https:\/\/galli.ch\/?post_type=product&#038;p=17237"},"modified":"2026-04-23T18:16:25","modified_gmt":"2026-04-23T16:16:25","slug":"supersport-chrono-t125-617-37-051-01","status":"publish","type":"product","link":"https:\/\/galli.ch\/en\/uhren\/tissot\/t-sport\/supersport-chrono-t125-617-37-051-01\/","title":{"rendered":"Tissot SUPERSPORT CHRONO"},"content":{"rendered":"<p>Die Tissot Supersport Chrono Kollektion ist perfekt f\u00fcr den modernen Gentleman, der seine Uhr im Alltag, B\u00fcro sowie bei sportlichen Ereignissen tragen m\u00f6chte.<br \/>\nMarkante Linien und scharfe Kanten in Kombination mit dem 45.5 mm Geh\u00e4use verleihen der Tissot Supersport Chrono eine starke Pers\u00f6nlichkeit. Massive Indizes mit SuperLuminova\u00ae Beschichtung erm\u00f6glichen eine beeindruckende Ablesbarkeit bei Dunkelheit, und die Applikationen auf dem Zifferblatt sorgen f\u00fcr einen kraftvollen 3D-Effekt sowie ein dynamisches Erscheinungsbild.<\/p>\n","protected":false},"excerpt":{"rendered":"<p>Die Tissot Supersport Chrono Kollektion ist perfekt f\u00fcr den modernen Gentleman, der seine Uhr im Alltag, B\u00fcro sowie bei sportlichen Ereignissen tragen m\u00f6chte. Markante Linien und scharfe Kanten in Kombination mit dem 45.5 mm Geh\u00e4use verleihen der Tissot Supersport Chrono eine starke Pers\u00f6nlichkeit. Massive Indizes mit SuperLuminova\u00ae Beschichtung erm\u00f6glichen eine beeindruckende Ablesbarkeit bei Dunkelheit, und&#8230;  <a class=\"excerpt-read-more\" href=\"https:\/\/galli.ch\/en\/uhren\/tissot\/t-sport\/supersport-chrono-t125-617-37-051-01\/\" title=\"Read Tissot SUPERSPORT CHRONO\">Weiter &raquo;<\/a><\/p>\n","protected":false},"featured_media":17121,"template":"","meta":{"_acf_changed":false,"inline_featured_image":false},"product_brand":[],"product_cat":[188],"product_tag":[],"class_list":{"0":"post-17237","1":"product","2":"type-product","3":"status-publish","4":"has-post-thumbnail","6":"uhrenhersteller-tissot","7":"uhrenhersteller-t-sport","8":"product_cat-uhren","10":"first","11":"outofstock","12":"taxable","13":"shipping-taxable","14":"purchasable","15":"product-type-simple"},"acf":[],"yoast_head":"<!-- This site is optimized with the Yoast SEO plugin v25.5 - https:\/\/yoast.com\/wordpress\/plugins\/seo\/ -->\n<title>Tissot SUPERSPORT CHRONO - Galli Uhren Bijouterie<\/title>\n<meta name=\"robots\" content=\"index, follow, max-snippet:-1, max-image-preview:large, max-video-preview:-1\" \/>\n<link rel=\"canonical\" href=\"https:\/\/galli.ch\/uhren\/tissot\/t-sport\/supersport-chrono-t125-617-37-051-01\/\" \/>\n<meta property=\"og:locale\" content=\"en_US\" \/>\n<meta property=\"og:type\" content=\"article\" \/>\n<meta property=\"og:title\" content=\"Tissot SUPERSPORT CHRONO - Galli Uhren Bijouterie\" \/>\n<meta property=\"og:description\" content=\"Die Tissot Supersport Chrono Kollektion ist perfekt f\u00fcr den modernen Gentleman, der seine Uhr im Alltag, B\u00fcro sowie bei sportlichen Ereignissen tragen m\u00f6chte. Markante Linien und scharfe Kanten in Kombination mit dem 45.5 mm Geh\u00e4use verleihen der Tissot Supersport Chrono eine starke Pers\u00f6nlichkeit. Massive Indizes mit SuperLuminova\u00ae Beschichtung erm\u00f6glichen eine beeindruckende Ablesbarkeit bei Dunkelheit, und... Weiter &raquo;\" \/>\n<meta property=\"og:url\" content=\"https:\/\/galli.ch\/uhren\/tissot\/t-sport\/supersport-chrono-t125-617-37-051-01\/\" \/>\n<meta property=\"og:site_name\" content=\"Galli Uhren Bijouterie\" \/>\n<meta property=\"article:modified_time\" content=\"2026-04-23T16:16:25+00:00\" \/>\n<meta property=\"og:image\" content=\"https:\/\/galli.ch\/wp-content\/uploads\/T125-617-37-051-01-1.png\" \/>\n\t<meta property=\"og:image:width\" content=\"1000\" \/>\n\t<meta property=\"og:image:height\" content=\"1400\" \/>\n\t<meta property=\"og:image:type\" content=\"image\/png\" \/>\n<meta name=\"twitter:card\" content=\"summary_large_image\" \/>\n<script type=\"application\/ld+json\" class=\"yoast-schema-graph\">{\"@context\":\"https:\/\/schema.org\",\"@graph\":[{\"@type\":\"WebPage\",\"@id\":\"https:\/\/galli.ch\/uhren\/tissot\/t-sport\/supersport-chrono-t125-617-37-051-01\/\",\"url\":\"https:\/\/galli.ch\/uhren\/tissot\/t-sport\/supersport-chrono-t125-617-37-051-01\/\",\"name\":\"Tissot SUPERSPORT CHRONO - Galli Uhren Bijouterie\",\"isPartOf\":{\"@id\":\"http:\/\/galli.ch\/en\/#website\"},\"primaryImageOfPage\":{\"@id\":\"https:\/\/galli.ch\/uhren\/tissot\/t-sport\/supersport-chrono-t125-617-37-051-01\/#primaryimage\"},\"image\":{\"@id\":\"https:\/\/galli.ch\/uhren\/tissot\/t-sport\/supersport-chrono-t125-617-37-051-01\/#primaryimage\"},\"thumbnailUrl\":\"https:\/\/galli.ch\/wp-content\/uploads\/T125-617-37-051-01-1.png\",\"datePublished\":\"2023-02-03T19:33:39+00:00\",\"dateModified\":\"2026-04-23T16:16:25+00:00\",\"breadcrumb\":{\"@id\":\"https:\/\/galli.ch\/uhren\/tissot\/t-sport\/supersport-chrono-t125-617-37-051-01\/#breadcrumb\"},\"inLanguage\":\"en-US\",\"potentialAction\":[{\"@type\":\"ReadAction\",\"target\":[\"https:\/\/galli.ch\/uhren\/tissot\/t-sport\/supersport-chrono-t125-617-37-051-01\/\"]}]},{\"@type\":\"ImageObject\",\"inLanguage\":\"en-US\",\"@id\":\"https:\/\/galli.ch\/uhren\/tissot\/t-sport\/supersport-chrono-t125-617-37-051-01\/#primaryimage\",\"url\":\"https:\/\/galli.ch\/wp-content\/uploads\/T125-617-37-051-01-1.png\",\"contentUrl\":\"https:\/\/galli.ch\/wp-content\/uploads\/T125-617-37-051-01-1.png\",\"width\":1000,\"height\":1400,\"caption\":\"TISSOT-SUPERSPORT-CHRONO-zurich\"},{\"@type\":\"BreadcrumbList\",\"@id\":\"https:\/\/galli.ch\/uhren\/tissot\/t-sport\/supersport-chrono-t125-617-37-051-01\/#breadcrumb\",\"itemListElement\":[{\"@type\":\"ListItem\",\"position\":1,\"name\":\"Home\",\"item\":\"https:\/\/galli.ch\/en\/\"},{\"@type\":\"ListItem\",\"position\":2,\"name\":\"Uhren\",\"item\":\"https:\/\/galli.ch\/en\/uhren\/\"},{\"@type\":\"ListItem\",\"position\":3,\"name\":\"SUPERSPORT CHRONO\"}]},{\"@type\":\"WebSite\",\"@id\":\"http:\/\/galli.ch\/en\/#website\",\"url\":\"http:\/\/galli.ch\/en\/\",\"name\":\"Galli Uhren Bijouterie\",\"description\":\"\",\"potentialAction\":[{\"@type\":\"SearchAction\",\"target\":{\"@type\":\"EntryPoint\",\"urlTemplate\":\"http:\/\/galli.ch\/en\/?s={search_term_string}\"},\"query-input\":{\"@type\":\"PropertyValueSpecification\",\"valueRequired\":true,\"valueName\":\"search_term_string\"}}],\"inLanguage\":\"en-US\"}]}<\/script>\n<!-- \/ Yoast SEO plugin. -->","yoast_head_json":{"title":"Tissot SUPERSPORT CHRONO - Galli Uhren Bijouterie","robots":{"index":"index","follow":"follow","max-snippet":"max-snippet:-1","max-image-preview":"max-image-preview:large","max-video-preview":"max-video-preview:-1"},"canonical":"https:\/\/galli.ch\/uhren\/tissot\/t-sport\/supersport-chrono-t125-617-37-051-01\/","og_locale":"en_US","og_type":"article","og_title":"Tissot SUPERSPORT CHRONO - Galli Uhren Bijouterie","og_description":"Die Tissot Supersport Chrono Kollektion ist perfekt f\u00fcr den modernen Gentleman, der seine Uhr im Alltag, B\u00fcro sowie bei sportlichen Ereignissen tragen m\u00f6chte. Markante Linien und scharfe Kanten in Kombination mit dem 45.5 mm Geh\u00e4use verleihen der Tissot Supersport Chrono eine starke Pers\u00f6nlichkeit. Massive Indizes mit SuperLuminova\u00ae Beschichtung erm\u00f6glichen eine beeindruckende Ablesbarkeit bei Dunkelheit, und... Weiter &raquo;","og_url":"https:\/\/galli.ch\/uhren\/tissot\/t-sport\/supersport-chrono-t125-617-37-051-01\/","og_site_name":"Galli Uhren Bijouterie","article_modified_time":"2026-04-23T16:16:25+00:00","og_image":[{"width":1000,"height":1400,"url":"https:\/\/galli.ch\/wp-content\/uploads\/T125-617-37-051-01-1.png","type":"image\/png"}],"twitter_card":"summary_large_image","schema":{"@context":"https:\/\/schema.org","@graph":[{"@type":"WebPage","@id":"https:\/\/galli.ch\/uhren\/tissot\/t-sport\/supersport-chrono-t125-617-37-051-01\/","url":"https:\/\/galli.ch\/uhren\/tissot\/t-sport\/supersport-chrono-t125-617-37-051-01\/","name":"Tissot SUPERSPORT CHRONO - Galli Uhren Bijouterie","isPartOf":{"@id":"http:\/\/galli.ch\/en\/#website"},"primaryImageOfPage":{"@id":"https:\/\/galli.ch\/uhren\/tissot\/t-sport\/supersport-chrono-t125-617-37-051-01\/#primaryimage"},"image":{"@id":"https:\/\/galli.ch\/uhren\/tissot\/t-sport\/supersport-chrono-t125-617-37-051-01\/#primaryimage"},"thumbnailUrl":"https:\/\/galli.ch\/wp-content\/uploads\/T125-617-37-051-01-1.png","datePublished":"2023-02-03T19:33:39+00:00","dateModified":"2026-04-23T16:16:25+00:00","breadcrumb":{"@id":"https:\/\/galli.ch\/uhren\/tissot\/t-sport\/supersport-chrono-t125-617-37-051-01\/#breadcrumb"},"inLanguage":"en-US","potentialAction":[{"@type":"ReadAction","target":["https:\/\/galli.ch\/uhren\/tissot\/t-sport\/supersport-chrono-t125-617-37-051-01\/"]}]},{"@type":"ImageObject","inLanguage":"en-US","@id":"https:\/\/galli.ch\/uhren\/tissot\/t-sport\/supersport-chrono-t125-617-37-051-01\/#primaryimage","url":"https:\/\/galli.ch\/wp-content\/uploads\/T125-617-37-051-01-1.png","contentUrl":"https:\/\/galli.ch\/wp-content\/uploads\/T125-617-37-051-01-1.png","width":1000,"height":1400,"caption":"TISSOT-SUPERSPORT-CHRONO-zurich"},{"@type":"BreadcrumbList","@id":"https:\/\/galli.ch\/uhren\/tissot\/t-sport\/supersport-chrono-t125-617-37-051-01\/#breadcrumb","itemListElement":[{"@type":"ListItem","position":1,"name":"Home","item":"https:\/\/galli.ch\/en\/"},{"@type":"ListItem","position":2,"name":"Uhren","item":"https:\/\/galli.ch\/en\/uhren\/"},{"@type":"ListItem","position":3,"name":"SUPERSPORT CHRONO"}]},{"@type":"WebSite","@id":"http:\/\/galli.ch\/en\/#website","url":"http:\/\/galli.ch\/en\/","name":"Galli Uhren Bijouterie","description":"","potentialAction":[{"@type":"SearchAction","target":{"@type":"EntryPoint","urlTemplate":"http:\/\/galli.ch\/en\/?s={search_term_string}"},"query-input":{"@type":"PropertyValueSpecification","valueRequired":true,"valueName":"search_term_string"}}],"inLanguage":"en-US"}]}},"_links":{"self":[{"href":"https:\/\/galli.ch\/en\/wp-json\/wp\/v2\/product\/17237","targetHints":{"allow":["GET"]}}],"collection":[{"href":"https:\/\/galli.ch\/en\/wp-json\/wp\/v2\/product"}],"about":[{"href":"https:\/\/galli.ch\/en\/wp-json\/wp\/v2\/types\/product"}],"wp:featuredmedia":[{"embeddable":true,"href":"https:\/\/galli.ch\/en\/wp-json\/wp\/v2\/media\/17121"}],"wp:attachment":[{"href":"https:\/\/galli.ch\/en\/wp-json\/wp\/v2\/media?parent=17237"}],"wp:term":[{"taxonomy":"product_brand","embeddable":true,"href":"https:\/\/galli.ch\/en\/wp-json\/wp\/v2\/product_brand?post=17237"},{"taxonomy":"product_cat","embeddable":true,"href":"https:\/\/galli.ch\/en\/wp-json\/wp\/v2\/product_cat?post=17237"},{"taxonomy":"product_tag","embeddable":true,"href":"https:\/\/galli.ch\/en\/wp-json\/wp\/v2\/product_tag?post=17237"}],"curies":[{"name":"wp","href":"https:\/\/api.w.org\/{rel}","templated":true}]}}