{"id":17243,"date":"2023-02-03T20:43:05","date_gmt":"2023-02-03T19:43:05","guid":{"rendered":"https:\/\/galli.ch\/?post_type=product&#038;p=17243"},"modified":"2026-04-23T18:16:16","modified_gmt":"2026-04-23T16:16:16","slug":"tissot-seastar-1000-36mm-t120-210-11-011-00","status":"publish","type":"product","link":"https:\/\/galli.ch\/en\/uhren\/tissot\/t-sport\/tissot-seastar-1000-36mm-t120-210-11-011-00\/","title":{"rendered":"TISSOT SEASTAR 1000 36MM"},"content":{"rendered":"<p>Dieses Tissot Seastar 1000 36mm Modell besitzt ein weisses Zifferblatt mit Datumsanzeige und grossz\u00fcgiger, weisser SuperLuminova Leuchtmasse-Beschichtung auf den Zeigern und Indexen, die im Dunkeln gr\u00fcnlich leuchtet. Das 316L-Edelstahlarmband ist mit einem Schnellwechselsystem und Taucherverl\u00e4ngerung sowie mit einer Faltschliesse mit Sicherung und Dr\u00fcckern ausgestattet. Zus\u00e4tzlich zu diesem Armband liegt der Uhr ein zweites, weisses Kautschukarmband mit Schnellwechselsystem und Dornschliesse bei.<\/p>\n","protected":false},"excerpt":{"rendered":"<p>Dieses Tissot Seastar 1000 36mm Modell besitzt ein weisses Zifferblatt mit Datumsanzeige und grossz\u00fcgiger, weisser SuperLuminova Leuchtmasse-Beschichtung auf den Zeigern und Indexen, die im Dunkeln gr\u00fcnlich leuchtet. Das 316L-Edelstahlarmband ist mit einem Schnellwechselsystem und Taucherverl\u00e4ngerung sowie mit einer Faltschliesse mit Sicherung und Dr\u00fcckern ausgestattet. Zus\u00e4tzlich zu diesem Armband liegt der Uhr ein zweites, weisses Kautschukarmband&#8230;  <a class=\"excerpt-read-more\" href=\"https:\/\/galli.ch\/en\/uhren\/tissot\/t-sport\/tissot-seastar-1000-36mm-t120-210-11-011-00\/\" title=\"Read TISSOT SEASTAR 1000 36MM\">Weiter &raquo;<\/a><\/p>\n","protected":false},"featured_media":17089,"template":"","meta":{"_acf_changed":false,"inline_featured_image":false},"product_brand":[],"product_cat":[188],"product_tag":[],"class_list":{"0":"post-17243","1":"product","2":"type-product","3":"status-publish","4":"has-post-thumbnail","6":"uhrenhersteller-tissot","7":"uhrenhersteller-t-sport","8":"product_cat-uhren","10":"first","11":"instock","12":"taxable","13":"shipping-taxable","14":"purchasable","15":"product-type-simple"},"acf":[],"yoast_head":"<!-- This site is optimized with the Yoast SEO plugin v25.5 - https:\/\/yoast.com\/wordpress\/plugins\/seo\/ -->\n<title>TISSOT SEASTAR 1000 36MM - Galli Uhren Bijouterie<\/title>\n<meta name=\"robots\" content=\"index, follow, max-snippet:-1, max-image-preview:large, max-video-preview:-1\" \/>\n<link rel=\"canonical\" href=\"https:\/\/galli.ch\/uhren\/tissot\/t-sport\/tissot-seastar-1000-36mm-t120-210-11-011-00\/\" \/>\n<meta property=\"og:locale\" content=\"en_US\" \/>\n<meta property=\"og:type\" content=\"article\" \/>\n<meta property=\"og:title\" content=\"TISSOT SEASTAR 1000 36MM - Galli Uhren Bijouterie\" \/>\n<meta property=\"og:description\" content=\"Dieses Tissot Seastar 1000 36mm Modell besitzt ein weisses Zifferblatt mit Datumsanzeige und grossz\u00fcgiger, weisser SuperLuminova Leuchtmasse-Beschichtung auf den Zeigern und Indexen, die im Dunkeln gr\u00fcnlich leuchtet. Das 316L-Edelstahlarmband ist mit einem Schnellwechselsystem und Taucherverl\u00e4ngerung sowie mit einer Faltschliesse mit Sicherung und Dr\u00fcckern ausgestattet. Zus\u00e4tzlich zu diesem Armband liegt der Uhr ein zweites, weisses Kautschukarmband... Weiter &raquo;\" \/>\n<meta property=\"og:url\" content=\"https:\/\/galli.ch\/uhren\/tissot\/t-sport\/tissot-seastar-1000-36mm-t120-210-11-011-00\/\" \/>\n<meta property=\"og:site_name\" content=\"Galli Uhren Bijouterie\" \/>\n<meta property=\"article:modified_time\" content=\"2026-04-23T16:16:16+00:00\" \/>\n<meta property=\"og:image\" content=\"https:\/\/galli.ch\/wp-content\/uploads\/T120-210-11-011-00_1-1.png\" \/>\n\t<meta property=\"og:image:width\" content=\"1000\" \/>\n\t<meta property=\"og:image:height\" content=\"1400\" \/>\n\t<meta property=\"og:image:type\" content=\"image\/png\" \/>\n<meta name=\"twitter:card\" content=\"summary_large_image\" \/>\n<script type=\"application\/ld+json\" class=\"yoast-schema-graph\">{\"@context\":\"https:\/\/schema.org\",\"@graph\":[{\"@type\":\"WebPage\",\"@id\":\"https:\/\/galli.ch\/uhren\/tissot\/t-sport\/tissot-seastar-1000-36mm-t120-210-11-011-00\/\",\"url\":\"https:\/\/galli.ch\/uhren\/tissot\/t-sport\/tissot-seastar-1000-36mm-t120-210-11-011-00\/\",\"name\":\"TISSOT SEASTAR 1000 36MM - Galli Uhren Bijouterie\",\"isPartOf\":{\"@id\":\"http:\/\/galli.ch\/en\/#website\"},\"primaryImageOfPage\":{\"@id\":\"https:\/\/galli.ch\/uhren\/tissot\/t-sport\/tissot-seastar-1000-36mm-t120-210-11-011-00\/#primaryimage\"},\"image\":{\"@id\":\"https:\/\/galli.ch\/uhren\/tissot\/t-sport\/tissot-seastar-1000-36mm-t120-210-11-011-00\/#primaryimage\"},\"thumbnailUrl\":\"https:\/\/galli.ch\/wp-content\/uploads\/T120-210-11-011-00_1-1.png\",\"datePublished\":\"2023-02-03T19:43:05+00:00\",\"dateModified\":\"2026-04-23T16:16:16+00:00\",\"breadcrumb\":{\"@id\":\"https:\/\/galli.ch\/uhren\/tissot\/t-sport\/tissot-seastar-1000-36mm-t120-210-11-011-00\/#breadcrumb\"},\"inLanguage\":\"en-US\",\"potentialAction\":[{\"@type\":\"ReadAction\",\"target\":[\"https:\/\/galli.ch\/uhren\/tissot\/t-sport\/tissot-seastar-1000-36mm-t120-210-11-011-00\/\"]}]},{\"@type\":\"ImageObject\",\"inLanguage\":\"en-US\",\"@id\":\"https:\/\/galli.ch\/uhren\/tissot\/t-sport\/tissot-seastar-1000-36mm-t120-210-11-011-00\/#primaryimage\",\"url\":\"https:\/\/galli.ch\/wp-content\/uploads\/T120-210-11-011-00_1-1.png\",\"contentUrl\":\"https:\/\/galli.ch\/wp-content\/uploads\/T120-210-11-011-00_1-1.png\",\"width\":1000,\"height\":1400,\"caption\":\"TISSOT-SEASTAR-1000-36MM-zurich\"},{\"@type\":\"BreadcrumbList\",\"@id\":\"https:\/\/galli.ch\/uhren\/tissot\/t-sport\/tissot-seastar-1000-36mm-t120-210-11-011-00\/#breadcrumb\",\"itemListElement\":[{\"@type\":\"ListItem\",\"position\":1,\"name\":\"Home\",\"item\":\"https:\/\/galli.ch\/en\/\"},{\"@type\":\"ListItem\",\"position\":2,\"name\":\"Uhren\",\"item\":\"https:\/\/galli.ch\/en\/uhren\/\"},{\"@type\":\"ListItem\",\"position\":3,\"name\":\"TISSOT SEASTAR 1000 36MM\"}]},{\"@type\":\"WebSite\",\"@id\":\"http:\/\/galli.ch\/en\/#website\",\"url\":\"http:\/\/galli.ch\/en\/\",\"name\":\"Galli Uhren Bijouterie\",\"description\":\"\",\"potentialAction\":[{\"@type\":\"SearchAction\",\"target\":{\"@type\":\"EntryPoint\",\"urlTemplate\":\"http:\/\/galli.ch\/en\/?s={search_term_string}\"},\"query-input\":{\"@type\":\"PropertyValueSpecification\",\"valueRequired\":true,\"valueName\":\"search_term_string\"}}],\"inLanguage\":\"en-US\"}]}<\/script>\n<!-- \/ Yoast SEO plugin. -->","yoast_head_json":{"title":"TISSOT SEASTAR 1000 36MM - Galli Uhren Bijouterie","robots":{"index":"index","follow":"follow","max-snippet":"max-snippet:-1","max-image-preview":"max-image-preview:large","max-video-preview":"max-video-preview:-1"},"canonical":"https:\/\/galli.ch\/uhren\/tissot\/t-sport\/tissot-seastar-1000-36mm-t120-210-11-011-00\/","og_locale":"en_US","og_type":"article","og_title":"TISSOT SEASTAR 1000 36MM - Galli Uhren Bijouterie","og_description":"Dieses Tissot Seastar 1000 36mm Modell besitzt ein weisses Zifferblatt mit Datumsanzeige und grossz\u00fcgiger, weisser SuperLuminova Leuchtmasse-Beschichtung auf den Zeigern und Indexen, die im Dunkeln gr\u00fcnlich leuchtet. Das 316L-Edelstahlarmband ist mit einem Schnellwechselsystem und Taucherverl\u00e4ngerung sowie mit einer Faltschliesse mit Sicherung und Dr\u00fcckern ausgestattet. Zus\u00e4tzlich zu diesem Armband liegt der Uhr ein zweites, weisses Kautschukarmband... Weiter &raquo;","og_url":"https:\/\/galli.ch\/uhren\/tissot\/t-sport\/tissot-seastar-1000-36mm-t120-210-11-011-00\/","og_site_name":"Galli Uhren Bijouterie","article_modified_time":"2026-04-23T16:16:16+00:00","og_image":[{"width":1000,"height":1400,"url":"https:\/\/galli.ch\/wp-content\/uploads\/T120-210-11-011-00_1-1.png","type":"image\/png"}],"twitter_card":"summary_large_image","schema":{"@context":"https:\/\/schema.org","@graph":[{"@type":"WebPage","@id":"https:\/\/galli.ch\/uhren\/tissot\/t-sport\/tissot-seastar-1000-36mm-t120-210-11-011-00\/","url":"https:\/\/galli.ch\/uhren\/tissot\/t-sport\/tissot-seastar-1000-36mm-t120-210-11-011-00\/","name":"TISSOT SEASTAR 1000 36MM - Galli Uhren Bijouterie","isPartOf":{"@id":"http:\/\/galli.ch\/en\/#website"},"primaryImageOfPage":{"@id":"https:\/\/galli.ch\/uhren\/tissot\/t-sport\/tissot-seastar-1000-36mm-t120-210-11-011-00\/#primaryimage"},"image":{"@id":"https:\/\/galli.ch\/uhren\/tissot\/t-sport\/tissot-seastar-1000-36mm-t120-210-11-011-00\/#primaryimage"},"thumbnailUrl":"https:\/\/galli.ch\/wp-content\/uploads\/T120-210-11-011-00_1-1.png","datePublished":"2023-02-03T19:43:05+00:00","dateModified":"2026-04-23T16:16:16+00:00","breadcrumb":{"@id":"https:\/\/galli.ch\/uhren\/tissot\/t-sport\/tissot-seastar-1000-36mm-t120-210-11-011-00\/#breadcrumb"},"inLanguage":"en-US","potentialAction":[{"@type":"ReadAction","target":["https:\/\/galli.ch\/uhren\/tissot\/t-sport\/tissot-seastar-1000-36mm-t120-210-11-011-00\/"]}]},{"@type":"ImageObject","inLanguage":"en-US","@id":"https:\/\/galli.ch\/uhren\/tissot\/t-sport\/tissot-seastar-1000-36mm-t120-210-11-011-00\/#primaryimage","url":"https:\/\/galli.ch\/wp-content\/uploads\/T120-210-11-011-00_1-1.png","contentUrl":"https:\/\/galli.ch\/wp-content\/uploads\/T120-210-11-011-00_1-1.png","width":1000,"height":1400,"caption":"TISSOT-SEASTAR-1000-36MM-zurich"},{"@type":"BreadcrumbList","@id":"https:\/\/galli.ch\/uhren\/tissot\/t-sport\/tissot-seastar-1000-36mm-t120-210-11-011-00\/#breadcrumb","itemListElement":[{"@type":"ListItem","position":1,"name":"Home","item":"https:\/\/galli.ch\/en\/"},{"@type":"ListItem","position":2,"name":"Uhren","item":"https:\/\/galli.ch\/en\/uhren\/"},{"@type":"ListItem","position":3,"name":"TISSOT SEASTAR 1000 36MM"}]},{"@type":"WebSite","@id":"http:\/\/galli.ch\/en\/#website","url":"http:\/\/galli.ch\/en\/","name":"Galli Uhren Bijouterie","description":"","potentialAction":[{"@type":"SearchAction","target":{"@type":"EntryPoint","urlTemplate":"http:\/\/galli.ch\/en\/?s={search_term_string}"},"query-input":{"@type":"PropertyValueSpecification","valueRequired":true,"valueName":"search_term_string"}}],"inLanguage":"en-US"}]}},"_links":{"self":[{"href":"https:\/\/galli.ch\/en\/wp-json\/wp\/v2\/product\/17243","targetHints":{"allow":["GET"]}}],"collection":[{"href":"https:\/\/galli.ch\/en\/wp-json\/wp\/v2\/product"}],"about":[{"href":"https:\/\/galli.ch\/en\/wp-json\/wp\/v2\/types\/product"}],"wp:featuredmedia":[{"embeddable":true,"href":"https:\/\/galli.ch\/en\/wp-json\/wp\/v2\/media\/17089"}],"wp:attachment":[{"href":"https:\/\/galli.ch\/en\/wp-json\/wp\/v2\/media?parent=17243"}],"wp:term":[{"taxonomy":"product_brand","embeddable":true,"href":"https:\/\/galli.ch\/en\/wp-json\/wp\/v2\/product_brand?post=17243"},{"taxonomy":"product_cat","embeddable":true,"href":"https:\/\/galli.ch\/en\/wp-json\/wp\/v2\/product_cat?post=17243"},{"taxonomy":"product_tag","embeddable":true,"href":"https:\/\/galli.ch\/en\/wp-json\/wp\/v2\/product_tag?post=17243"}],"curies":[{"name":"wp","href":"https:\/\/api.w.org\/{rel}","templated":true}]}}