{"id":1728,"date":"2018-07-25T20:07:59","date_gmt":"2018-07-25T20:07:59","guid":{"rendered":"http:\/\/galli.ch\/?post_type=uhren&#038;p=1728"},"modified":"2025-03-13T13:44:03","modified_gmt":"2025-03-13T12:44:03","slug":"longines_watchmaking_tradition_l2-820-4-11-6-3","status":"publish","type":"product","link":"https:\/\/galli.ch\/en\/uhren\/longines\/watchmaking-tradition\/longines_watchmaking_tradition_l2-820-4-11-6-3\/","title":{"rendered":"Longines Record"},"content":{"rendered":"<p>Die Chronometer der Record Kollektion vereinen, in reinster Uhrmachertradition des Schweizer Herstellers, klassische Eleganz mit exzellenter Performance und schicken sich an, neue Spitzenreiter der Marke zu werden. An guten Argumenten mangelt es den Ausnahmezeitmessern nicht, deren Uhrwerke \u00fcber eine Siliziumspirale mit einzigartigen Eigenschaften verf\u00fcgen. Nun pr\u00e4sentiert Longines Varianten in Ros\u00e9gold oder Edelstahl\/Ros\u00e9gold, die ebenfalls von der Schweizer Chronometer-Pr\u00fcfstelle COSC (Contr\u00f4le officiel suisse des chronom\u00e8tre) als \u201eChronometer\u201c zertifiziert sind.<\/p>\n<p>Mit der Record Kollektion bringt die Marke Longines ihr wahres Wesen zum Ausdruck \u2013 die Quintessenz von zeitloser Eleganz und exzellenter Qualit\u00e4t. Grund genug, diese Modelle zu den k\u00fcnftigen Spitzenreitern der Marke zu erkl\u00e4ren, als Bindeglied zwischen Tradition und Innovation. Nun pr\u00e4sentiert Longines neue, mit Ros\u00e9gold veredelte Modelle. Sie bereichern eine entschieden klassische Kollektion, die sich als Inbegriff des Know-hows der Schweizer Marke versteht: Modelle, die Uhrenliebhaberinnen und Uhrenliebhaber begeistern werden.<\/p>\n","protected":false},"excerpt":{"rendered":"<p>Die Chronometer der Record Kollektion vereinen, in reinster Uhrmachertradition des Schweizer Herstellers, klassische Eleganz mit exzellenter Performance und schicken sich an, neue Spitzenreiter der Marke zu werden. An guten Argumenten mangelt es den Ausnahmezeitmessern nicht, deren Uhrwerke \u00fcber eine Siliziumspirale mit einzigartigen Eigenschaften verf\u00fcgen. Nun pr\u00e4sentiert Longines Varianten in Ros\u00e9gold oder Edelstahl\/Ros\u00e9gold, die ebenfalls von&#8230;  <a class=\"excerpt-read-more\" href=\"https:\/\/galli.ch\/en\/uhren\/longines\/watchmaking-tradition\/longines_watchmaking_tradition_l2-820-4-11-6-3\/\" title=\"Read Longines Record\">Weiter &raquo;<\/a><\/p>\n","protected":false},"featured_media":1703,"template":"","meta":{"_acf_changed":false,"inline_featured_image":false},"product_brand":[],"product_cat":[188],"product_tag":[],"class_list":{"0":"post-1728","1":"product","2":"type-product","3":"status-publish","4":"has-post-thumbnail","6":"uhrenhersteller-longines","7":"uhrenhersteller-watchmaking-tradition","8":"product_cat-uhren","10":"first","11":"outofstock","12":"taxable","13":"shipping-taxable","14":"purchasable","15":"product-type-simple"},"acf":[],"yoast_head":"<!-- This site is optimized with the Yoast SEO plugin v25.5 - https:\/\/yoast.com\/wordpress\/plugins\/seo\/ -->\n<title>Longines Record - Galli Uhren Bijouterie<\/title>\n<meta name=\"robots\" content=\"index, follow, max-snippet:-1, max-image-preview:large, max-video-preview:-1\" \/>\n<link rel=\"canonical\" href=\"https:\/\/galli.ch\/uhren\/longines\/watchmaking-tradition\/longines_watchmaking_tradition_l2-820-4-11-6-3\/\" \/>\n<meta property=\"og:locale\" content=\"en_US\" \/>\n<meta property=\"og:type\" content=\"article\" \/>\n<meta property=\"og:title\" content=\"Longines Record - Galli Uhren Bijouterie\" \/>\n<meta property=\"og:description\" content=\"Die Chronometer der Record Kollektion vereinen, in reinster Uhrmachertradition des Schweizer Herstellers, klassische Eleganz mit exzellenter Performance und schicken sich an, neue Spitzenreiter der Marke zu werden. An guten Argumenten mangelt es den Ausnahmezeitmessern nicht, deren Uhrwerke \u00fcber eine Siliziumspirale mit einzigartigen Eigenschaften verf\u00fcgen. Nun pr\u00e4sentiert Longines Varianten in Ros\u00e9gold oder Edelstahl\/Ros\u00e9gold, die ebenfalls von... Weiter &raquo;\" \/>\n<meta property=\"og:url\" content=\"https:\/\/galli.ch\/uhren\/longines\/watchmaking-tradition\/longines_watchmaking_tradition_l2-820-4-11-6-3\/\" \/>\n<meta property=\"og:site_name\" content=\"Galli Uhren Bijouterie\" \/>\n<meta property=\"article:modified_time\" content=\"2025-03-13T12:44:03+00:00\" \/>\n<meta property=\"og:image\" content=\"https:\/\/galli.ch\/wp-content\/uploads\/Longines_Watchmaking_Tradition_L2-820-4-11-6.png\" \/>\n\t<meta property=\"og:image:width\" content=\"500\" \/>\n\t<meta property=\"og:image:height\" content=\"700\" \/>\n\t<meta property=\"og:image:type\" content=\"image\/png\" \/>\n<meta name=\"twitter:card\" content=\"summary_large_image\" \/>\n<script type=\"application\/ld+json\" class=\"yoast-schema-graph\">{\"@context\":\"https:\/\/schema.org\",\"@graph\":[{\"@type\":\"WebPage\",\"@id\":\"https:\/\/galli.ch\/uhren\/longines\/watchmaking-tradition\/longines_watchmaking_tradition_l2-820-4-11-6-3\/\",\"url\":\"https:\/\/galli.ch\/uhren\/longines\/watchmaking-tradition\/longines_watchmaking_tradition_l2-820-4-11-6-3\/\",\"name\":\"Longines Record - Galli Uhren Bijouterie\",\"isPartOf\":{\"@id\":\"http:\/\/galli.ch\/en\/#website\"},\"primaryImageOfPage\":{\"@id\":\"https:\/\/galli.ch\/uhren\/longines\/watchmaking-tradition\/longines_watchmaking_tradition_l2-820-4-11-6-3\/#primaryimage\"},\"image\":{\"@id\":\"https:\/\/galli.ch\/uhren\/longines\/watchmaking-tradition\/longines_watchmaking_tradition_l2-820-4-11-6-3\/#primaryimage\"},\"thumbnailUrl\":\"https:\/\/galli.ch\/wp-content\/uploads\/Longines_Watchmaking_Tradition_L2-820-4-11-6.png\",\"datePublished\":\"2018-07-25T20:07:59+00:00\",\"dateModified\":\"2025-03-13T12:44:03+00:00\",\"breadcrumb\":{\"@id\":\"https:\/\/galli.ch\/uhren\/longines\/watchmaking-tradition\/longines_watchmaking_tradition_l2-820-4-11-6-3\/#breadcrumb\"},\"inLanguage\":\"en-US\",\"potentialAction\":[{\"@type\":\"ReadAction\",\"target\":[\"https:\/\/galli.ch\/uhren\/longines\/watchmaking-tradition\/longines_watchmaking_tradition_l2-820-4-11-6-3\/\"]}]},{\"@type\":\"ImageObject\",\"inLanguage\":\"en-US\",\"@id\":\"https:\/\/galli.ch\/uhren\/longines\/watchmaking-tradition\/longines_watchmaking_tradition_l2-820-4-11-6-3\/#primaryimage\",\"url\":\"https:\/\/galli.ch\/wp-content\/uploads\/Longines_Watchmaking_Tradition_L2-820-4-11-6.png\",\"contentUrl\":\"https:\/\/galli.ch\/wp-content\/uploads\/Longines_Watchmaking_Tradition_L2-820-4-11-6.png\",\"width\":500,\"height\":700,\"caption\":\"Longines Automatic\"},{\"@type\":\"BreadcrumbList\",\"@id\":\"https:\/\/galli.ch\/uhren\/longines\/watchmaking-tradition\/longines_watchmaking_tradition_l2-820-4-11-6-3\/#breadcrumb\",\"itemListElement\":[{\"@type\":\"ListItem\",\"position\":1,\"name\":\"Home\",\"item\":\"https:\/\/galli.ch\/en\/\"},{\"@type\":\"ListItem\",\"position\":2,\"name\":\"Uhren\",\"item\":\"https:\/\/galli.ch\/en\/uhren\/\"},{\"@type\":\"ListItem\",\"position\":3,\"name\":\"Record\"}]},{\"@type\":\"WebSite\",\"@id\":\"http:\/\/galli.ch\/en\/#website\",\"url\":\"http:\/\/galli.ch\/en\/\",\"name\":\"Galli Uhren Bijouterie\",\"description\":\"\",\"potentialAction\":[{\"@type\":\"SearchAction\",\"target\":{\"@type\":\"EntryPoint\",\"urlTemplate\":\"http:\/\/galli.ch\/en\/?s={search_term_string}\"},\"query-input\":{\"@type\":\"PropertyValueSpecification\",\"valueRequired\":true,\"valueName\":\"search_term_string\"}}],\"inLanguage\":\"en-US\"}]}<\/script>\n<!-- \/ Yoast SEO plugin. -->","yoast_head_json":{"title":"Longines Record - Galli Uhren Bijouterie","robots":{"index":"index","follow":"follow","max-snippet":"max-snippet:-1","max-image-preview":"max-image-preview:large","max-video-preview":"max-video-preview:-1"},"canonical":"https:\/\/galli.ch\/uhren\/longines\/watchmaking-tradition\/longines_watchmaking_tradition_l2-820-4-11-6-3\/","og_locale":"en_US","og_type":"article","og_title":"Longines Record - Galli Uhren Bijouterie","og_description":"Die Chronometer der Record Kollektion vereinen, in reinster Uhrmachertradition des Schweizer Herstellers, klassische Eleganz mit exzellenter Performance und schicken sich an, neue Spitzenreiter der Marke zu werden. An guten Argumenten mangelt es den Ausnahmezeitmessern nicht, deren Uhrwerke \u00fcber eine Siliziumspirale mit einzigartigen Eigenschaften verf\u00fcgen. Nun pr\u00e4sentiert Longines Varianten in Ros\u00e9gold oder Edelstahl\/Ros\u00e9gold, die ebenfalls von... Weiter &raquo;","og_url":"https:\/\/galli.ch\/uhren\/longines\/watchmaking-tradition\/longines_watchmaking_tradition_l2-820-4-11-6-3\/","og_site_name":"Galli Uhren Bijouterie","article_modified_time":"2025-03-13T12:44:03+00:00","og_image":[{"width":500,"height":700,"url":"https:\/\/galli.ch\/wp-content\/uploads\/Longines_Watchmaking_Tradition_L2-820-4-11-6.png","type":"image\/png"}],"twitter_card":"summary_large_image","schema":{"@context":"https:\/\/schema.org","@graph":[{"@type":"WebPage","@id":"https:\/\/galli.ch\/uhren\/longines\/watchmaking-tradition\/longines_watchmaking_tradition_l2-820-4-11-6-3\/","url":"https:\/\/galli.ch\/uhren\/longines\/watchmaking-tradition\/longines_watchmaking_tradition_l2-820-4-11-6-3\/","name":"Longines Record - Galli Uhren Bijouterie","isPartOf":{"@id":"http:\/\/galli.ch\/en\/#website"},"primaryImageOfPage":{"@id":"https:\/\/galli.ch\/uhren\/longines\/watchmaking-tradition\/longines_watchmaking_tradition_l2-820-4-11-6-3\/#primaryimage"},"image":{"@id":"https:\/\/galli.ch\/uhren\/longines\/watchmaking-tradition\/longines_watchmaking_tradition_l2-820-4-11-6-3\/#primaryimage"},"thumbnailUrl":"https:\/\/galli.ch\/wp-content\/uploads\/Longines_Watchmaking_Tradition_L2-820-4-11-6.png","datePublished":"2018-07-25T20:07:59+00:00","dateModified":"2025-03-13T12:44:03+00:00","breadcrumb":{"@id":"https:\/\/galli.ch\/uhren\/longines\/watchmaking-tradition\/longines_watchmaking_tradition_l2-820-4-11-6-3\/#breadcrumb"},"inLanguage":"en-US","potentialAction":[{"@type":"ReadAction","target":["https:\/\/galli.ch\/uhren\/longines\/watchmaking-tradition\/longines_watchmaking_tradition_l2-820-4-11-6-3\/"]}]},{"@type":"ImageObject","inLanguage":"en-US","@id":"https:\/\/galli.ch\/uhren\/longines\/watchmaking-tradition\/longines_watchmaking_tradition_l2-820-4-11-6-3\/#primaryimage","url":"https:\/\/galli.ch\/wp-content\/uploads\/Longines_Watchmaking_Tradition_L2-820-4-11-6.png","contentUrl":"https:\/\/galli.ch\/wp-content\/uploads\/Longines_Watchmaking_Tradition_L2-820-4-11-6.png","width":500,"height":700,"caption":"Longines Automatic"},{"@type":"BreadcrumbList","@id":"https:\/\/galli.ch\/uhren\/longines\/watchmaking-tradition\/longines_watchmaking_tradition_l2-820-4-11-6-3\/#breadcrumb","itemListElement":[{"@type":"ListItem","position":1,"name":"Home","item":"https:\/\/galli.ch\/en\/"},{"@type":"ListItem","position":2,"name":"Uhren","item":"https:\/\/galli.ch\/en\/uhren\/"},{"@type":"ListItem","position":3,"name":"Record"}]},{"@type":"WebSite","@id":"http:\/\/galli.ch\/en\/#website","url":"http:\/\/galli.ch\/en\/","name":"Galli Uhren Bijouterie","description":"","potentialAction":[{"@type":"SearchAction","target":{"@type":"EntryPoint","urlTemplate":"http:\/\/galli.ch\/en\/?s={search_term_string}"},"query-input":{"@type":"PropertyValueSpecification","valueRequired":true,"valueName":"search_term_string"}}],"inLanguage":"en-US"}]}},"_links":{"self":[{"href":"https:\/\/galli.ch\/en\/wp-json\/wp\/v2\/product\/1728","targetHints":{"allow":["GET"]}}],"collection":[{"href":"https:\/\/galli.ch\/en\/wp-json\/wp\/v2\/product"}],"about":[{"href":"https:\/\/galli.ch\/en\/wp-json\/wp\/v2\/types\/product"}],"wp:featuredmedia":[{"embeddable":true,"href":"https:\/\/galli.ch\/en\/wp-json\/wp\/v2\/media\/1703"}],"wp:attachment":[{"href":"https:\/\/galli.ch\/en\/wp-json\/wp\/v2\/media?parent=1728"}],"wp:term":[{"taxonomy":"product_brand","embeddable":true,"href":"https:\/\/galli.ch\/en\/wp-json\/wp\/v2\/product_brand?post=1728"},{"taxonomy":"product_cat","embeddable":true,"href":"https:\/\/galli.ch\/en\/wp-json\/wp\/v2\/product_cat?post=1728"},{"taxonomy":"product_tag","embeddable":true,"href":"https:\/\/galli.ch\/en\/wp-json\/wp\/v2\/product_tag?post=1728"}],"curies":[{"name":"wp","href":"https:\/\/api.w.org\/{rel}","templated":true}]}}