{"id":17603,"date":"2023-03-03T14:14:46","date_gmt":"2023-03-03T13:14:46","guid":{"rendered":"https:\/\/galli.ch\/?post_type=product&#038;p=17603"},"modified":"2026-03-30T10:16:44","modified_gmt":"2026-03-30T08:16:44","slug":"prx-powermatic-80-t137-407-17-041-00","status":"publish","type":"product","link":"https:\/\/galli.ch\/en\/uhren\/tissot\/t-classic\/prx-powermatic-80-t137-407-17-041-00\/","title":{"rendered":"Tissot PRX POWERMATIC 80"},"content":{"rendered":"<p>Die Tissot PRX Powermatic 80 ist mit einem Zifferblatt mit Wabenmotiv in Verbindung mit vernickelten Indexen und Zeigern ausgestattet. Die Linien des Geh\u00e4uses verl\u00e4ngern sich direkt und ohne Einsatz der traditionellen H\u00f6rner in das Armband. Dessen auff\u00e4lligstes Merkmal ist seine Reihe gro\u00dfer Glieder, die die gesamte Breite beanspruchen. Seine Flexibilit\u00e4t und Geschmeidigkeit machen es zu einem echten Erfolg ergonomischen Designs und vermitteln ein au\u00dferordentliches Tragegef\u00fchl. Das Satinieren an den Au\u00dfenseiten ist ebenso sorgf\u00e4ltig ausgef\u00fchrt wie das Polieren der Innenfl\u00e4chen.<\/p>\n<p>Die Zeiger der Tissot PRX Powermatic 80 sind mit einer SuperLumiNova\u00ae-Beschichtung versehen und wurden mit nur sehr geringem Abstand \u00fcbereinandergesetzt. Dies erlaubt es, das Zifferblatt n\u00e4her an das Uhrenglas zu bringen. Der von den Tissot-Designern so erzielte optische Effekt l\u00e4sst das Geh\u00e4use der Uhr noch flacher und schlanker erscheinen, als es tats\u00e4chlich ist.<\/p>\n","protected":false},"excerpt":{"rendered":"<p>Die Tissot PRX Powermatic 80 ist mit einem Zifferblatt mit Wabenmotiv in Verbindung mit vernickelten Indexen und Zeigern ausgestattet. Die Linien des Geh\u00e4uses verl\u00e4ngern sich direkt und ohne Einsatz der traditionellen H\u00f6rner in das Armband. Dessen auff\u00e4lligstes Merkmal ist seine Reihe gro\u00dfer Glieder, die die gesamte Breite beanspruchen. Seine Flexibilit\u00e4t und Geschmeidigkeit machen es zu&#8230;  <a class=\"excerpt-read-more\" href=\"https:\/\/galli.ch\/en\/uhren\/tissot\/t-classic\/prx-powermatic-80-t137-407-17-041-00\/\" title=\"Read Tissot PRX POWERMATIC 80\">Weiter &raquo;<\/a><\/p>\n","protected":false},"featured_media":17536,"template":"","meta":{"_acf_changed":false,"inline_featured_image":false},"product_brand":[],"product_cat":[188],"product_tag":[],"class_list":{"0":"post-17603","1":"product","2":"type-product","3":"status-publish","4":"has-post-thumbnail","6":"uhrenhersteller-tissot","7":"uhrenhersteller-t-classic","8":"product_cat-uhren","10":"first","11":"outofstock","12":"taxable","13":"shipping-taxable","14":"purchasable","15":"product-type-simple"},"acf":[],"yoast_head":"<!-- This site is optimized with the Yoast SEO plugin v25.5 - https:\/\/yoast.com\/wordpress\/plugins\/seo\/ -->\n<title>Tissot PRX POWERMATIC 80 - Galli Uhren Bijouterie<\/title>\n<meta name=\"robots\" content=\"index, follow, max-snippet:-1, max-image-preview:large, max-video-preview:-1\" \/>\n<link rel=\"canonical\" href=\"https:\/\/galli.ch\/uhren\/tissot\/t-classic\/prx-powermatic-80-t137-407-17-041-00\/\" \/>\n<meta property=\"og:locale\" content=\"en_US\" \/>\n<meta property=\"og:type\" content=\"article\" \/>\n<meta property=\"og:title\" content=\"Tissot PRX POWERMATIC 80 - Galli Uhren Bijouterie\" \/>\n<meta property=\"og:description\" content=\"Die Tissot PRX Powermatic 80 ist mit einem Zifferblatt mit Wabenmotiv in Verbindung mit vernickelten Indexen und Zeigern ausgestattet. Die Linien des Geh\u00e4uses verl\u00e4ngern sich direkt und ohne Einsatz der traditionellen H\u00f6rner in das Armband. Dessen auff\u00e4lligstes Merkmal ist seine Reihe gro\u00dfer Glieder, die die gesamte Breite beanspruchen. Seine Flexibilit\u00e4t und Geschmeidigkeit machen es zu... Weiter &raquo;\" \/>\n<meta property=\"og:url\" content=\"https:\/\/galli.ch\/uhren\/tissot\/t-classic\/prx-powermatic-80-t137-407-17-041-00\/\" \/>\n<meta property=\"og:site_name\" content=\"Galli Uhren Bijouterie\" \/>\n<meta property=\"article:modified_time\" content=\"2026-03-30T08:16:44+00:00\" \/>\n<meta property=\"og:image\" content=\"https:\/\/galli.ch\/wp-content\/uploads\/T137-407-17-041-00_2.png\" \/>\n\t<meta property=\"og:image:width\" content=\"1000\" \/>\n\t<meta property=\"og:image:height\" content=\"1400\" \/>\n\t<meta property=\"og:image:type\" content=\"image\/png\" \/>\n<meta name=\"twitter:card\" content=\"summary_large_image\" \/>\n<script type=\"application\/ld+json\" class=\"yoast-schema-graph\">{\"@context\":\"https:\/\/schema.org\",\"@graph\":[{\"@type\":\"WebPage\",\"@id\":\"https:\/\/galli.ch\/uhren\/tissot\/t-classic\/prx-powermatic-80-t137-407-17-041-00\/\",\"url\":\"https:\/\/galli.ch\/uhren\/tissot\/t-classic\/prx-powermatic-80-t137-407-17-041-00\/\",\"name\":\"Tissot PRX POWERMATIC 80 - Galli Uhren Bijouterie\",\"isPartOf\":{\"@id\":\"http:\/\/galli.ch\/en\/#website\"},\"primaryImageOfPage\":{\"@id\":\"https:\/\/galli.ch\/uhren\/tissot\/t-classic\/prx-powermatic-80-t137-407-17-041-00\/#primaryimage\"},\"image\":{\"@id\":\"https:\/\/galli.ch\/uhren\/tissot\/t-classic\/prx-powermatic-80-t137-407-17-041-00\/#primaryimage\"},\"thumbnailUrl\":\"https:\/\/galli.ch\/wp-content\/uploads\/T137-407-17-041-00_2.png\",\"datePublished\":\"2023-03-03T13:14:46+00:00\",\"dateModified\":\"2026-03-30T08:16:44+00:00\",\"breadcrumb\":{\"@id\":\"https:\/\/galli.ch\/uhren\/tissot\/t-classic\/prx-powermatic-80-t137-407-17-041-00\/#breadcrumb\"},\"inLanguage\":\"en-US\",\"potentialAction\":[{\"@type\":\"ReadAction\",\"target\":[\"https:\/\/galli.ch\/uhren\/tissot\/t-classic\/prx-powermatic-80-t137-407-17-041-00\/\"]}]},{\"@type\":\"ImageObject\",\"inLanguage\":\"en-US\",\"@id\":\"https:\/\/galli.ch\/uhren\/tissot\/t-classic\/prx-powermatic-80-t137-407-17-041-00\/#primaryimage\",\"url\":\"https:\/\/galli.ch\/wp-content\/uploads\/T137-407-17-041-00_2.png\",\"contentUrl\":\"https:\/\/galli.ch\/wp-content\/uploads\/T137-407-17-041-00_2.png\",\"width\":1000,\"height\":1400,\"caption\":\"TISSOT PRX POWERMATIC 80-zurich\"},{\"@type\":\"BreadcrumbList\",\"@id\":\"https:\/\/galli.ch\/uhren\/tissot\/t-classic\/prx-powermatic-80-t137-407-17-041-00\/#breadcrumb\",\"itemListElement\":[{\"@type\":\"ListItem\",\"position\":1,\"name\":\"Home\",\"item\":\"https:\/\/galli.ch\/en\/\"},{\"@type\":\"ListItem\",\"position\":2,\"name\":\"Uhren\",\"item\":\"https:\/\/galli.ch\/en\/uhren\/\"},{\"@type\":\"ListItem\",\"position\":3,\"name\":\"PRX POWERMATIC 80\"}]},{\"@type\":\"WebSite\",\"@id\":\"http:\/\/galli.ch\/en\/#website\",\"url\":\"http:\/\/galli.ch\/en\/\",\"name\":\"Galli Uhren Bijouterie\",\"description\":\"\",\"potentialAction\":[{\"@type\":\"SearchAction\",\"target\":{\"@type\":\"EntryPoint\",\"urlTemplate\":\"http:\/\/galli.ch\/en\/?s={search_term_string}\"},\"query-input\":{\"@type\":\"PropertyValueSpecification\",\"valueRequired\":true,\"valueName\":\"search_term_string\"}}],\"inLanguage\":\"en-US\"}]}<\/script>\n<!-- \/ Yoast SEO plugin. -->","yoast_head_json":{"title":"Tissot PRX POWERMATIC 80 - Galli Uhren Bijouterie","robots":{"index":"index","follow":"follow","max-snippet":"max-snippet:-1","max-image-preview":"max-image-preview:large","max-video-preview":"max-video-preview:-1"},"canonical":"https:\/\/galli.ch\/uhren\/tissot\/t-classic\/prx-powermatic-80-t137-407-17-041-00\/","og_locale":"en_US","og_type":"article","og_title":"Tissot PRX POWERMATIC 80 - Galli Uhren Bijouterie","og_description":"Die Tissot PRX Powermatic 80 ist mit einem Zifferblatt mit Wabenmotiv in Verbindung mit vernickelten Indexen und Zeigern ausgestattet. Die Linien des Geh\u00e4uses verl\u00e4ngern sich direkt und ohne Einsatz der traditionellen H\u00f6rner in das Armband. Dessen auff\u00e4lligstes Merkmal ist seine Reihe gro\u00dfer Glieder, die die gesamte Breite beanspruchen. Seine Flexibilit\u00e4t und Geschmeidigkeit machen es zu... Weiter &raquo;","og_url":"https:\/\/galli.ch\/uhren\/tissot\/t-classic\/prx-powermatic-80-t137-407-17-041-00\/","og_site_name":"Galli Uhren Bijouterie","article_modified_time":"2026-03-30T08:16:44+00:00","og_image":[{"width":1000,"height":1400,"url":"https:\/\/galli.ch\/wp-content\/uploads\/T137-407-17-041-00_2.png","type":"image\/png"}],"twitter_card":"summary_large_image","schema":{"@context":"https:\/\/schema.org","@graph":[{"@type":"WebPage","@id":"https:\/\/galli.ch\/uhren\/tissot\/t-classic\/prx-powermatic-80-t137-407-17-041-00\/","url":"https:\/\/galli.ch\/uhren\/tissot\/t-classic\/prx-powermatic-80-t137-407-17-041-00\/","name":"Tissot PRX POWERMATIC 80 - Galli Uhren Bijouterie","isPartOf":{"@id":"http:\/\/galli.ch\/en\/#website"},"primaryImageOfPage":{"@id":"https:\/\/galli.ch\/uhren\/tissot\/t-classic\/prx-powermatic-80-t137-407-17-041-00\/#primaryimage"},"image":{"@id":"https:\/\/galli.ch\/uhren\/tissot\/t-classic\/prx-powermatic-80-t137-407-17-041-00\/#primaryimage"},"thumbnailUrl":"https:\/\/galli.ch\/wp-content\/uploads\/T137-407-17-041-00_2.png","datePublished":"2023-03-03T13:14:46+00:00","dateModified":"2026-03-30T08:16:44+00:00","breadcrumb":{"@id":"https:\/\/galli.ch\/uhren\/tissot\/t-classic\/prx-powermatic-80-t137-407-17-041-00\/#breadcrumb"},"inLanguage":"en-US","potentialAction":[{"@type":"ReadAction","target":["https:\/\/galli.ch\/uhren\/tissot\/t-classic\/prx-powermatic-80-t137-407-17-041-00\/"]}]},{"@type":"ImageObject","inLanguage":"en-US","@id":"https:\/\/galli.ch\/uhren\/tissot\/t-classic\/prx-powermatic-80-t137-407-17-041-00\/#primaryimage","url":"https:\/\/galli.ch\/wp-content\/uploads\/T137-407-17-041-00_2.png","contentUrl":"https:\/\/galli.ch\/wp-content\/uploads\/T137-407-17-041-00_2.png","width":1000,"height":1400,"caption":"TISSOT PRX POWERMATIC 80-zurich"},{"@type":"BreadcrumbList","@id":"https:\/\/galli.ch\/uhren\/tissot\/t-classic\/prx-powermatic-80-t137-407-17-041-00\/#breadcrumb","itemListElement":[{"@type":"ListItem","position":1,"name":"Home","item":"https:\/\/galli.ch\/en\/"},{"@type":"ListItem","position":2,"name":"Uhren","item":"https:\/\/galli.ch\/en\/uhren\/"},{"@type":"ListItem","position":3,"name":"PRX POWERMATIC 80"}]},{"@type":"WebSite","@id":"http:\/\/galli.ch\/en\/#website","url":"http:\/\/galli.ch\/en\/","name":"Galli Uhren Bijouterie","description":"","potentialAction":[{"@type":"SearchAction","target":{"@type":"EntryPoint","urlTemplate":"http:\/\/galli.ch\/en\/?s={search_term_string}"},"query-input":{"@type":"PropertyValueSpecification","valueRequired":true,"valueName":"search_term_string"}}],"inLanguage":"en-US"}]}},"_links":{"self":[{"href":"https:\/\/galli.ch\/en\/wp-json\/wp\/v2\/product\/17603","targetHints":{"allow":["GET"]}}],"collection":[{"href":"https:\/\/galli.ch\/en\/wp-json\/wp\/v2\/product"}],"about":[{"href":"https:\/\/galli.ch\/en\/wp-json\/wp\/v2\/types\/product"}],"wp:featuredmedia":[{"embeddable":true,"href":"https:\/\/galli.ch\/en\/wp-json\/wp\/v2\/media\/17536"}],"wp:attachment":[{"href":"https:\/\/galli.ch\/en\/wp-json\/wp\/v2\/media?parent=17603"}],"wp:term":[{"taxonomy":"product_brand","embeddable":true,"href":"https:\/\/galli.ch\/en\/wp-json\/wp\/v2\/product_brand?post=17603"},{"taxonomy":"product_cat","embeddable":true,"href":"https:\/\/galli.ch\/en\/wp-json\/wp\/v2\/product_cat?post=17603"},{"taxonomy":"product_tag","embeddable":true,"href":"https:\/\/galli.ch\/en\/wp-json\/wp\/v2\/product_tag?post=17603"}],"curies":[{"name":"wp","href":"https:\/\/api.w.org\/{rel}","templated":true}]}}