{"id":17624,"date":"2023-03-03T16:29:52","date_gmt":"2023-03-03T15:29:52","guid":{"rendered":"https:\/\/galli.ch\/?post_type=product&#038;p=17624"},"modified":"2025-03-13T13:44:57","modified_gmt":"2025-03-13T12:44:57","slug":"chemin-des-tourelles-powermatic-t139-807-11-031-00","status":"publish","type":"product","link":"https:\/\/galli.ch\/en\/uhren\/tissot\/t-classic\/chemin-des-tourelles-powermatic-t139-807-11-031-00\/","title":{"rendered":"Tissot Chemin des Tourelles Powermatic 39mm"},"content":{"rendered":"<p>Die Chemin des Tourelles hat ihren jener Strasse zu verdanken, die zu Tissots Zuhause in den Schweizer Bergen f\u00fchrt, wo wir seit 1853 wundersch\u00f6ne Uhren herstellen. Sie ist unsere Ikone, eine ultra-elegante Armbanduhr. Achten Sie auf das glatte, runde Geh\u00e4use und das leicht gew\u00f6lbte Saphirglas &#8211; zwei Symbole zeitloser Modernit\u00e4t. Ebenso raffiniert ist das Sonnenschliff-Zifferblatt mit seinen facettierten r\u00f6mischen Ziffern, die das Licht auf die genau richtige Weise einfangen. Und das Innenleben der Uhr? Ihr Nivachron Powermatic 80 ist ein mechanisches, amagnetisches Automatikwerk mit einer Gangreserve von 80 Stunden. Eine f\u00fcr immer zeitlose Uhr.<\/p>\n","protected":false},"excerpt":{"rendered":"<p>Die Chemin des Tourelles hat ihren jener Strasse zu verdanken, die zu Tissots Zuhause in den Schweizer Bergen f\u00fchrt, wo wir seit 1853 wundersch\u00f6ne Uhren herstellen. Sie ist unsere Ikone, eine ultra-elegante Armbanduhr. Achten Sie auf das glatte, runde Geh\u00e4use und das leicht gew\u00f6lbte Saphirglas &#8211; zwei Symbole zeitloser Modernit\u00e4t. Ebenso raffiniert ist das Sonnenschliff-Zifferblatt&#8230;  <a class=\"excerpt-read-more\" href=\"https:\/\/galli.ch\/en\/uhren\/tissot\/t-classic\/chemin-des-tourelles-powermatic-t139-807-11-031-00\/\" title=\"Read Tissot Chemin des Tourelles Powermatic 39mm\">Weiter &raquo;<\/a><\/p>\n","protected":false},"featured_media":17562,"template":"","meta":{"_acf_changed":false,"inline_featured_image":false},"product_brand":[],"product_cat":[188],"product_tag":[],"class_list":{"0":"post-17624","1":"product","2":"type-product","3":"status-publish","4":"has-post-thumbnail","6":"uhrenhersteller-tissot","7":"uhrenhersteller-t-classic","8":"product_cat-uhren","10":"first","11":"outofstock","12":"taxable","13":"shipping-taxable","14":"purchasable","15":"product-type-simple"},"acf":[],"yoast_head":"<!-- This site is optimized with the Yoast SEO plugin v25.5 - https:\/\/yoast.com\/wordpress\/plugins\/seo\/ -->\n<title>Tissot Chemin des Tourelles Powermatic 39mm - Galli Uhren Bijouterie<\/title>\n<meta name=\"robots\" content=\"index, follow, max-snippet:-1, max-image-preview:large, max-video-preview:-1\" \/>\n<link rel=\"canonical\" href=\"https:\/\/galli.ch\/uhren\/tissot\/t-classic\/chemin-des-tourelles-powermatic-t139-807-11-031-00\/\" \/>\n<meta property=\"og:locale\" content=\"en_US\" \/>\n<meta property=\"og:type\" content=\"article\" \/>\n<meta property=\"og:title\" content=\"Tissot Chemin des Tourelles Powermatic 39mm - Galli Uhren Bijouterie\" \/>\n<meta property=\"og:description\" content=\"Die Chemin des Tourelles hat ihren jener Strasse zu verdanken, die zu Tissots Zuhause in den Schweizer Bergen f\u00fchrt, wo wir seit 1853 wundersch\u00f6ne Uhren herstellen. Sie ist unsere Ikone, eine ultra-elegante Armbanduhr. Achten Sie auf das glatte, runde Geh\u00e4use und das leicht gew\u00f6lbte Saphirglas &#8211; zwei Symbole zeitloser Modernit\u00e4t. Ebenso raffiniert ist das Sonnenschliff-Zifferblatt... Weiter &raquo;\" \/>\n<meta property=\"og:url\" content=\"https:\/\/galli.ch\/uhren\/tissot\/t-classic\/chemin-des-tourelles-powermatic-t139-807-11-031-00\/\" \/>\n<meta property=\"og:site_name\" content=\"Galli Uhren Bijouterie\" \/>\n<meta property=\"article:modified_time\" content=\"2025-03-13T12:44:57+00:00\" \/>\n<meta property=\"og:image\" content=\"https:\/\/galli.ch\/wp-content\/uploads\/T139-807-11-031-00_1.png\" \/>\n\t<meta property=\"og:image:width\" content=\"1000\" \/>\n\t<meta property=\"og:image:height\" content=\"1400\" \/>\n\t<meta property=\"og:image:type\" content=\"image\/png\" \/>\n<meta name=\"twitter:card\" content=\"summary_large_image\" \/>\n<script type=\"application\/ld+json\" class=\"yoast-schema-graph\">{\"@context\":\"https:\/\/schema.org\",\"@graph\":[{\"@type\":\"WebPage\",\"@id\":\"https:\/\/galli.ch\/uhren\/tissot\/t-classic\/chemin-des-tourelles-powermatic-t139-807-11-031-00\/\",\"url\":\"https:\/\/galli.ch\/uhren\/tissot\/t-classic\/chemin-des-tourelles-powermatic-t139-807-11-031-00\/\",\"name\":\"Tissot Chemin des Tourelles Powermatic 39mm - Galli Uhren Bijouterie\",\"isPartOf\":{\"@id\":\"http:\/\/galli.ch\/en\/#website\"},\"primaryImageOfPage\":{\"@id\":\"https:\/\/galli.ch\/uhren\/tissot\/t-classic\/chemin-des-tourelles-powermatic-t139-807-11-031-00\/#primaryimage\"},\"image\":{\"@id\":\"https:\/\/galli.ch\/uhren\/tissot\/t-classic\/chemin-des-tourelles-powermatic-t139-807-11-031-00\/#primaryimage\"},\"thumbnailUrl\":\"https:\/\/galli.ch\/wp-content\/uploads\/T139-807-11-031-00_1.png\",\"datePublished\":\"2023-03-03T15:29:52+00:00\",\"dateModified\":\"2025-03-13T12:44:57+00:00\",\"breadcrumb\":{\"@id\":\"https:\/\/galli.ch\/uhren\/tissot\/t-classic\/chemin-des-tourelles-powermatic-t139-807-11-031-00\/#breadcrumb\"},\"inLanguage\":\"en-US\",\"potentialAction\":[{\"@type\":\"ReadAction\",\"target\":[\"https:\/\/galli.ch\/uhren\/tissot\/t-classic\/chemin-des-tourelles-powermatic-t139-807-11-031-00\/\"]}]},{\"@type\":\"ImageObject\",\"inLanguage\":\"en-US\",\"@id\":\"https:\/\/galli.ch\/uhren\/tissot\/t-classic\/chemin-des-tourelles-powermatic-t139-807-11-031-00\/#primaryimage\",\"url\":\"https:\/\/galli.ch\/wp-content\/uploads\/T139-807-11-031-00_1.png\",\"contentUrl\":\"https:\/\/galli.ch\/wp-content\/uploads\/T139-807-11-031-00_1.png\",\"width\":1000,\"height\":1400,\"caption\":\"TISSOT CHEMIN DES TOURELLES-zurich\"},{\"@type\":\"BreadcrumbList\",\"@id\":\"https:\/\/galli.ch\/uhren\/tissot\/t-classic\/chemin-des-tourelles-powermatic-t139-807-11-031-00\/#breadcrumb\",\"itemListElement\":[{\"@type\":\"ListItem\",\"position\":1,\"name\":\"Home\",\"item\":\"https:\/\/galli.ch\/en\/\"},{\"@type\":\"ListItem\",\"position\":2,\"name\":\"Uhren\",\"item\":\"https:\/\/galli.ch\/en\/uhren\/\"},{\"@type\":\"ListItem\",\"position\":3,\"name\":\"Chemin des Tourelles Powermatic 39mm\"}]},{\"@type\":\"WebSite\",\"@id\":\"http:\/\/galli.ch\/en\/#website\",\"url\":\"http:\/\/galli.ch\/en\/\",\"name\":\"Galli Uhren Bijouterie\",\"description\":\"\",\"potentialAction\":[{\"@type\":\"SearchAction\",\"target\":{\"@type\":\"EntryPoint\",\"urlTemplate\":\"http:\/\/galli.ch\/en\/?s={search_term_string}\"},\"query-input\":{\"@type\":\"PropertyValueSpecification\",\"valueRequired\":true,\"valueName\":\"search_term_string\"}}],\"inLanguage\":\"en-US\"}]}<\/script>\n<!-- \/ Yoast SEO plugin. -->","yoast_head_json":{"title":"Tissot Chemin des Tourelles Powermatic 39mm - Galli Uhren Bijouterie","robots":{"index":"index","follow":"follow","max-snippet":"max-snippet:-1","max-image-preview":"max-image-preview:large","max-video-preview":"max-video-preview:-1"},"canonical":"https:\/\/galli.ch\/uhren\/tissot\/t-classic\/chemin-des-tourelles-powermatic-t139-807-11-031-00\/","og_locale":"en_US","og_type":"article","og_title":"Tissot Chemin des Tourelles Powermatic 39mm - Galli Uhren Bijouterie","og_description":"Die Chemin des Tourelles hat ihren jener Strasse zu verdanken, die zu Tissots Zuhause in den Schweizer Bergen f\u00fchrt, wo wir seit 1853 wundersch\u00f6ne Uhren herstellen. Sie ist unsere Ikone, eine ultra-elegante Armbanduhr. Achten Sie auf das glatte, runde Geh\u00e4use und das leicht gew\u00f6lbte Saphirglas &#8211; zwei Symbole zeitloser Modernit\u00e4t. Ebenso raffiniert ist das Sonnenschliff-Zifferblatt... Weiter &raquo;","og_url":"https:\/\/galli.ch\/uhren\/tissot\/t-classic\/chemin-des-tourelles-powermatic-t139-807-11-031-00\/","og_site_name":"Galli Uhren Bijouterie","article_modified_time":"2025-03-13T12:44:57+00:00","og_image":[{"width":1000,"height":1400,"url":"https:\/\/galli.ch\/wp-content\/uploads\/T139-807-11-031-00_1.png","type":"image\/png"}],"twitter_card":"summary_large_image","schema":{"@context":"https:\/\/schema.org","@graph":[{"@type":"WebPage","@id":"https:\/\/galli.ch\/uhren\/tissot\/t-classic\/chemin-des-tourelles-powermatic-t139-807-11-031-00\/","url":"https:\/\/galli.ch\/uhren\/tissot\/t-classic\/chemin-des-tourelles-powermatic-t139-807-11-031-00\/","name":"Tissot Chemin des Tourelles Powermatic 39mm - Galli Uhren Bijouterie","isPartOf":{"@id":"http:\/\/galli.ch\/en\/#website"},"primaryImageOfPage":{"@id":"https:\/\/galli.ch\/uhren\/tissot\/t-classic\/chemin-des-tourelles-powermatic-t139-807-11-031-00\/#primaryimage"},"image":{"@id":"https:\/\/galli.ch\/uhren\/tissot\/t-classic\/chemin-des-tourelles-powermatic-t139-807-11-031-00\/#primaryimage"},"thumbnailUrl":"https:\/\/galli.ch\/wp-content\/uploads\/T139-807-11-031-00_1.png","datePublished":"2023-03-03T15:29:52+00:00","dateModified":"2025-03-13T12:44:57+00:00","breadcrumb":{"@id":"https:\/\/galli.ch\/uhren\/tissot\/t-classic\/chemin-des-tourelles-powermatic-t139-807-11-031-00\/#breadcrumb"},"inLanguage":"en-US","potentialAction":[{"@type":"ReadAction","target":["https:\/\/galli.ch\/uhren\/tissot\/t-classic\/chemin-des-tourelles-powermatic-t139-807-11-031-00\/"]}]},{"@type":"ImageObject","inLanguage":"en-US","@id":"https:\/\/galli.ch\/uhren\/tissot\/t-classic\/chemin-des-tourelles-powermatic-t139-807-11-031-00\/#primaryimage","url":"https:\/\/galli.ch\/wp-content\/uploads\/T139-807-11-031-00_1.png","contentUrl":"https:\/\/galli.ch\/wp-content\/uploads\/T139-807-11-031-00_1.png","width":1000,"height":1400,"caption":"TISSOT CHEMIN DES TOURELLES-zurich"},{"@type":"BreadcrumbList","@id":"https:\/\/galli.ch\/uhren\/tissot\/t-classic\/chemin-des-tourelles-powermatic-t139-807-11-031-00\/#breadcrumb","itemListElement":[{"@type":"ListItem","position":1,"name":"Home","item":"https:\/\/galli.ch\/en\/"},{"@type":"ListItem","position":2,"name":"Uhren","item":"https:\/\/galli.ch\/en\/uhren\/"},{"@type":"ListItem","position":3,"name":"Chemin des Tourelles Powermatic 39mm"}]},{"@type":"WebSite","@id":"http:\/\/galli.ch\/en\/#website","url":"http:\/\/galli.ch\/en\/","name":"Galli Uhren Bijouterie","description":"","potentialAction":[{"@type":"SearchAction","target":{"@type":"EntryPoint","urlTemplate":"http:\/\/galli.ch\/en\/?s={search_term_string}"},"query-input":{"@type":"PropertyValueSpecification","valueRequired":true,"valueName":"search_term_string"}}],"inLanguage":"en-US"}]}},"_links":{"self":[{"href":"https:\/\/galli.ch\/en\/wp-json\/wp\/v2\/product\/17624","targetHints":{"allow":["GET"]}}],"collection":[{"href":"https:\/\/galli.ch\/en\/wp-json\/wp\/v2\/product"}],"about":[{"href":"https:\/\/galli.ch\/en\/wp-json\/wp\/v2\/types\/product"}],"wp:featuredmedia":[{"embeddable":true,"href":"https:\/\/galli.ch\/en\/wp-json\/wp\/v2\/media\/17562"}],"wp:attachment":[{"href":"https:\/\/galli.ch\/en\/wp-json\/wp\/v2\/media?parent=17624"}],"wp:term":[{"taxonomy":"product_brand","embeddable":true,"href":"https:\/\/galli.ch\/en\/wp-json\/wp\/v2\/product_brand?post=17624"},{"taxonomy":"product_cat","embeddable":true,"href":"https:\/\/galli.ch\/en\/wp-json\/wp\/v2\/product_cat?post=17624"},{"taxonomy":"product_tag","embeddable":true,"href":"https:\/\/galli.ch\/en\/wp-json\/wp\/v2\/product_tag?post=17624"}],"curies":[{"name":"wp","href":"https:\/\/api.w.org\/{rel}","templated":true}]}}