{"id":17629,"date":"2023-03-03T17:03:51","date_gmt":"2023-03-03T16:03:51","guid":{"rendered":"https:\/\/galli.ch\/?post_type=product&#038;p=17629"},"modified":"2025-03-13T13:44:58","modified_gmt":"2025-03-13T12:44:58","slug":"t-race-chronograph-t141-417-17-011-00","status":"publish","type":"product","link":"https:\/\/galli.ch\/en\/uhren\/tissot\/t-sport\/t-race-chronograph-t141-417-17-011-00\/","title":{"rendered":"Tissot T-RACE CHRONOGRAPH"},"content":{"rendered":"<p>Die Tissot T-Race Chronograph ist nicht nur bei Motorradfahrern und Motorradsport-Fans sehr beliebt und geh\u00f6rt auch abseits der Rennstrecke zu den Gewinnern. Als sehr sportliche Uhr besitzt sie ein pr\u00e4zises Swiss Made Quarzwerk und ein Geh\u00e4use aus 316L-Edelstahl mit Kronenschutz und verf\u00fcgt \u00fcber zahlreiche unverkennbar vom Rennsport inspirierte Elemente, darunter die L\u00fcnette in Form einer Bremsscheibe und die an die K\u00fchlrippen eines Motors erinnernde, eingekerbte Au\u00dfenseite des Geh\u00e4uses.<\/p>\n<p>Kratzfestes, entspiegeltes Saphirglas sch\u00fctzt das Zifferblatt mit Datumsanzeige, drei markanten Chronographenz\u00e4hlern und Tachymeter-Skala zur Geschwindigkeitsmessung. Zeiger und Indizes sind mit SuperLuminova Leuchtmasse versehen. Diese Ausf\u00fchrung der Tissot T-Race Chronograph pr\u00e4sentiert sich mit einem 316L-Edelstahlgeh\u00e4use und wei\u00dfem Zifferblatt mit schwarz abgesetzten Hilfszifferbl\u00e4ttern und ros\u00e9goldfarbenen Zeigern und Indizes sowie mit einem schwarzen Synthetikarmband mit Dornschlie\u00dfe. Beschleunigen Sie modisch auf der \u00dcberholspur!<\/p>\n","protected":false},"excerpt":{"rendered":"<p>Die Tissot T-Race Chronograph ist nicht nur bei Motorradfahrern und Motorradsport-Fans sehr beliebt und geh\u00f6rt auch abseits der Rennstrecke zu den Gewinnern. Als sehr sportliche Uhr besitzt sie ein pr\u00e4zises Swiss Made Quarzwerk und ein Geh\u00e4use aus 316L-Edelstahl mit Kronenschutz und verf\u00fcgt \u00fcber zahlreiche unverkennbar vom Rennsport inspirierte Elemente, darunter die L\u00fcnette in Form einer&#8230;  <a class=\"excerpt-read-more\" href=\"https:\/\/galli.ch\/en\/uhren\/tissot\/t-sport\/t-race-chronograph-t141-417-17-011-00\/\" title=\"Read Tissot T-RACE CHRONOGRAPH\">Weiter &raquo;<\/a><\/p>\n","protected":false},"featured_media":17572,"template":"","meta":{"_acf_changed":false,"inline_featured_image":false},"product_brand":[],"product_cat":[188],"product_tag":[],"class_list":{"0":"post-17629","1":"product","2":"type-product","3":"status-publish","4":"has-post-thumbnail","6":"uhrenhersteller-tissot","7":"uhrenhersteller-t-sport","8":"product_cat-uhren","10":"first","11":"instock","12":"taxable","13":"shipping-taxable","14":"purchasable","15":"product-type-simple"},"acf":[],"yoast_head":"<!-- This site is optimized with the Yoast SEO plugin v25.5 - https:\/\/yoast.com\/wordpress\/plugins\/seo\/ -->\n<title>Tissot T-RACE CHRONOGRAPH - Galli Uhren Bijouterie<\/title>\n<meta name=\"robots\" content=\"index, follow, max-snippet:-1, max-image-preview:large, max-video-preview:-1\" \/>\n<link rel=\"canonical\" href=\"https:\/\/galli.ch\/uhren\/tissot\/t-sport\/t-race-chronograph-t141-417-17-011-00\/\" \/>\n<meta property=\"og:locale\" content=\"en_US\" \/>\n<meta property=\"og:type\" content=\"article\" \/>\n<meta property=\"og:title\" content=\"Tissot T-RACE CHRONOGRAPH - Galli Uhren Bijouterie\" \/>\n<meta property=\"og:description\" content=\"Die Tissot T-Race Chronograph ist nicht nur bei Motorradfahrern und Motorradsport-Fans sehr beliebt und geh\u00f6rt auch abseits der Rennstrecke zu den Gewinnern. Als sehr sportliche Uhr besitzt sie ein pr\u00e4zises Swiss Made Quarzwerk und ein Geh\u00e4use aus 316L-Edelstahl mit Kronenschutz und verf\u00fcgt \u00fcber zahlreiche unverkennbar vom Rennsport inspirierte Elemente, darunter die L\u00fcnette in Form einer... Weiter &raquo;\" \/>\n<meta property=\"og:url\" content=\"https:\/\/galli.ch\/uhren\/tissot\/t-sport\/t-race-chronograph-t141-417-17-011-00\/\" \/>\n<meta property=\"og:site_name\" content=\"Galli Uhren Bijouterie\" \/>\n<meta property=\"article:modified_time\" content=\"2025-03-13T12:44:58+00:00\" \/>\n<meta property=\"og:image\" content=\"https:\/\/galli.ch\/wp-content\/uploads\/T141-417-17.png\" \/>\n\t<meta property=\"og:image:width\" content=\"1000\" \/>\n\t<meta property=\"og:image:height\" content=\"1400\" \/>\n\t<meta property=\"og:image:type\" content=\"image\/png\" \/>\n<meta name=\"twitter:card\" content=\"summary_large_image\" \/>\n<script type=\"application\/ld+json\" class=\"yoast-schema-graph\">{\"@context\":\"https:\/\/schema.org\",\"@graph\":[{\"@type\":\"WebPage\",\"@id\":\"https:\/\/galli.ch\/uhren\/tissot\/t-sport\/t-race-chronograph-t141-417-17-011-00\/\",\"url\":\"https:\/\/galli.ch\/uhren\/tissot\/t-sport\/t-race-chronograph-t141-417-17-011-00\/\",\"name\":\"Tissot T-RACE CHRONOGRAPH - Galli Uhren Bijouterie\",\"isPartOf\":{\"@id\":\"http:\/\/galli.ch\/en\/#website\"},\"primaryImageOfPage\":{\"@id\":\"https:\/\/galli.ch\/uhren\/tissot\/t-sport\/t-race-chronograph-t141-417-17-011-00\/#primaryimage\"},\"image\":{\"@id\":\"https:\/\/galli.ch\/uhren\/tissot\/t-sport\/t-race-chronograph-t141-417-17-011-00\/#primaryimage\"},\"thumbnailUrl\":\"https:\/\/galli.ch\/wp-content\/uploads\/T141-417-17.png\",\"datePublished\":\"2023-03-03T16:03:51+00:00\",\"dateModified\":\"2025-03-13T12:44:58+00:00\",\"breadcrumb\":{\"@id\":\"https:\/\/galli.ch\/uhren\/tissot\/t-sport\/t-race-chronograph-t141-417-17-011-00\/#breadcrumb\"},\"inLanguage\":\"en-US\",\"potentialAction\":[{\"@type\":\"ReadAction\",\"target\":[\"https:\/\/galli.ch\/uhren\/tissot\/t-sport\/t-race-chronograph-t141-417-17-011-00\/\"]}]},{\"@type\":\"ImageObject\",\"inLanguage\":\"en-US\",\"@id\":\"https:\/\/galli.ch\/uhren\/tissot\/t-sport\/t-race-chronograph-t141-417-17-011-00\/#primaryimage\",\"url\":\"https:\/\/galli.ch\/wp-content\/uploads\/T141-417-17.png\",\"contentUrl\":\"https:\/\/galli.ch\/wp-content\/uploads\/T141-417-17.png\",\"width\":1000,\"height\":1400,\"caption\":\"TISSOT T-RACE CHRONOGRAPH-zurich\"},{\"@type\":\"BreadcrumbList\",\"@id\":\"https:\/\/galli.ch\/uhren\/tissot\/t-sport\/t-race-chronograph-t141-417-17-011-00\/#breadcrumb\",\"itemListElement\":[{\"@type\":\"ListItem\",\"position\":1,\"name\":\"Home\",\"item\":\"https:\/\/galli.ch\/en\/\"},{\"@type\":\"ListItem\",\"position\":2,\"name\":\"Uhren\",\"item\":\"https:\/\/galli.ch\/en\/uhren\/\"},{\"@type\":\"ListItem\",\"position\":3,\"name\":\"T-RACE CHRONOGRAPH\"}]},{\"@type\":\"WebSite\",\"@id\":\"http:\/\/galli.ch\/en\/#website\",\"url\":\"http:\/\/galli.ch\/en\/\",\"name\":\"Galli Uhren Bijouterie\",\"description\":\"\",\"potentialAction\":[{\"@type\":\"SearchAction\",\"target\":{\"@type\":\"EntryPoint\",\"urlTemplate\":\"http:\/\/galli.ch\/en\/?s={search_term_string}\"},\"query-input\":{\"@type\":\"PropertyValueSpecification\",\"valueRequired\":true,\"valueName\":\"search_term_string\"}}],\"inLanguage\":\"en-US\"}]}<\/script>\n<!-- \/ Yoast SEO plugin. -->","yoast_head_json":{"title":"Tissot T-RACE CHRONOGRAPH - Galli Uhren Bijouterie","robots":{"index":"index","follow":"follow","max-snippet":"max-snippet:-1","max-image-preview":"max-image-preview:large","max-video-preview":"max-video-preview:-1"},"canonical":"https:\/\/galli.ch\/uhren\/tissot\/t-sport\/t-race-chronograph-t141-417-17-011-00\/","og_locale":"en_US","og_type":"article","og_title":"Tissot T-RACE CHRONOGRAPH - Galli Uhren Bijouterie","og_description":"Die Tissot T-Race Chronograph ist nicht nur bei Motorradfahrern und Motorradsport-Fans sehr beliebt und geh\u00f6rt auch abseits der Rennstrecke zu den Gewinnern. Als sehr sportliche Uhr besitzt sie ein pr\u00e4zises Swiss Made Quarzwerk und ein Geh\u00e4use aus 316L-Edelstahl mit Kronenschutz und verf\u00fcgt \u00fcber zahlreiche unverkennbar vom Rennsport inspirierte Elemente, darunter die L\u00fcnette in Form einer... Weiter &raquo;","og_url":"https:\/\/galli.ch\/uhren\/tissot\/t-sport\/t-race-chronograph-t141-417-17-011-00\/","og_site_name":"Galli Uhren Bijouterie","article_modified_time":"2025-03-13T12:44:58+00:00","og_image":[{"width":1000,"height":1400,"url":"https:\/\/galli.ch\/wp-content\/uploads\/T141-417-17.png","type":"image\/png"}],"twitter_card":"summary_large_image","schema":{"@context":"https:\/\/schema.org","@graph":[{"@type":"WebPage","@id":"https:\/\/galli.ch\/uhren\/tissot\/t-sport\/t-race-chronograph-t141-417-17-011-00\/","url":"https:\/\/galli.ch\/uhren\/tissot\/t-sport\/t-race-chronograph-t141-417-17-011-00\/","name":"Tissot T-RACE CHRONOGRAPH - Galli Uhren Bijouterie","isPartOf":{"@id":"http:\/\/galli.ch\/en\/#website"},"primaryImageOfPage":{"@id":"https:\/\/galli.ch\/uhren\/tissot\/t-sport\/t-race-chronograph-t141-417-17-011-00\/#primaryimage"},"image":{"@id":"https:\/\/galli.ch\/uhren\/tissot\/t-sport\/t-race-chronograph-t141-417-17-011-00\/#primaryimage"},"thumbnailUrl":"https:\/\/galli.ch\/wp-content\/uploads\/T141-417-17.png","datePublished":"2023-03-03T16:03:51+00:00","dateModified":"2025-03-13T12:44:58+00:00","breadcrumb":{"@id":"https:\/\/galli.ch\/uhren\/tissot\/t-sport\/t-race-chronograph-t141-417-17-011-00\/#breadcrumb"},"inLanguage":"en-US","potentialAction":[{"@type":"ReadAction","target":["https:\/\/galli.ch\/uhren\/tissot\/t-sport\/t-race-chronograph-t141-417-17-011-00\/"]}]},{"@type":"ImageObject","inLanguage":"en-US","@id":"https:\/\/galli.ch\/uhren\/tissot\/t-sport\/t-race-chronograph-t141-417-17-011-00\/#primaryimage","url":"https:\/\/galli.ch\/wp-content\/uploads\/T141-417-17.png","contentUrl":"https:\/\/galli.ch\/wp-content\/uploads\/T141-417-17.png","width":1000,"height":1400,"caption":"TISSOT T-RACE CHRONOGRAPH-zurich"},{"@type":"BreadcrumbList","@id":"https:\/\/galli.ch\/uhren\/tissot\/t-sport\/t-race-chronograph-t141-417-17-011-00\/#breadcrumb","itemListElement":[{"@type":"ListItem","position":1,"name":"Home","item":"https:\/\/galli.ch\/en\/"},{"@type":"ListItem","position":2,"name":"Uhren","item":"https:\/\/galli.ch\/en\/uhren\/"},{"@type":"ListItem","position":3,"name":"T-RACE CHRONOGRAPH"}]},{"@type":"WebSite","@id":"http:\/\/galli.ch\/en\/#website","url":"http:\/\/galli.ch\/en\/","name":"Galli Uhren Bijouterie","description":"","potentialAction":[{"@type":"SearchAction","target":{"@type":"EntryPoint","urlTemplate":"http:\/\/galli.ch\/en\/?s={search_term_string}"},"query-input":{"@type":"PropertyValueSpecification","valueRequired":true,"valueName":"search_term_string"}}],"inLanguage":"en-US"}]}},"_links":{"self":[{"href":"https:\/\/galli.ch\/en\/wp-json\/wp\/v2\/product\/17629","targetHints":{"allow":["GET"]}}],"collection":[{"href":"https:\/\/galli.ch\/en\/wp-json\/wp\/v2\/product"}],"about":[{"href":"https:\/\/galli.ch\/en\/wp-json\/wp\/v2\/types\/product"}],"wp:featuredmedia":[{"embeddable":true,"href":"https:\/\/galli.ch\/en\/wp-json\/wp\/v2\/media\/17572"}],"wp:attachment":[{"href":"https:\/\/galli.ch\/en\/wp-json\/wp\/v2\/media?parent=17629"}],"wp:term":[{"taxonomy":"product_brand","embeddable":true,"href":"https:\/\/galli.ch\/en\/wp-json\/wp\/v2\/product_brand?post=17629"},{"taxonomy":"product_cat","embeddable":true,"href":"https:\/\/galli.ch\/en\/wp-json\/wp\/v2\/product_cat?post=17629"},{"taxonomy":"product_tag","embeddable":true,"href":"https:\/\/galli.ch\/en\/wp-json\/wp\/v2\/product_tag?post=17629"}],"curies":[{"name":"wp","href":"https:\/\/api.w.org\/{rel}","templated":true}]}}