{"id":17794,"date":"2023-03-23T15:45:19","date_gmt":"2023-03-23T14:45:19","guid":{"rendered":"https:\/\/galli.ch\/?post_type=product&#038;p=17794"},"modified":"2026-04-20T18:10:13","modified_gmt":"2026-04-20T16:10:13","slug":"b01-chronograph-42-ab0145221b1p1","status":"publish","type":"product","link":"https:\/\/galli.ch\/en\/uhren\/breitling\/premier\/b01-chronograph-42-ab0145221b1p1\/","title":{"rendered":"Breitling Premier B01 Chronograph 42"},"content":{"rendered":"<p>Der Premier B01 Chronograph 42 ist in verschiedenen Zifferblattfarben und Geh\u00e4usematerialien erh\u00e4ltlich. Sie ist wahlweise mit einem klassischen Alligatorlederarmband oder einem eleganten siebenreihigen Metallarmband erh\u00e4ltlich.<\/p>\n<p>Auch die heutige Premier entspricht den kompromisslosen technischen Standards von Willy Breitling mit ihrem aussergew\u00f6hnlichen Uhrwerk mit Selbstaufzug\u2014dem COSC-zertifizierten Breitling-Manufakturkaliber 01\u2014, welches auf h\u00f6chste Pr\u00e4zision, Zuverl\u00e4ssigkeit und Funktionalit\u00e4t ausgelegt ist.<\/p>\n","protected":false},"excerpt":{"rendered":"<p>Der Premier B01 Chronograph 42 ist in verschiedenen Zifferblattfarben und Geh\u00e4usematerialien erh\u00e4ltlich. Sie ist wahlweise mit einem klassischen Alligatorlederarmband oder einem eleganten siebenreihigen Metallarmband erh\u00e4ltlich. Auch die heutige Premier entspricht den kompromisslosen technischen Standards von Willy Breitling mit ihrem aussergew\u00f6hnlichen Uhrwerk mit Selbstaufzug\u2014dem COSC-zertifizierten Breitling-Manufakturkaliber 01\u2014, welches auf h\u00f6chste Pr\u00e4zision, Zuverl\u00e4ssigkeit und Funktionalit\u00e4t ausgelegt ist.<\/p>\n","protected":false},"featured_media":17754,"template":"","meta":{"_acf_changed":false,"inline_featured_image":false},"product_brand":[],"product_cat":[188],"product_tag":[],"class_list":{"0":"post-17794","1":"product","2":"type-product","3":"status-publish","4":"has-post-thumbnail","6":"uhrenhersteller-breitling","7":"uhrenhersteller-premier","8":"product_cat-uhren","10":"first","11":"outofstock","12":"taxable","13":"shipping-taxable","14":"purchasable","15":"product-type-simple"},"acf":[],"yoast_head":"<!-- This site is optimized with the Yoast SEO plugin v25.5 - https:\/\/yoast.com\/wordpress\/plugins\/seo\/ -->\n<title>Breitling Premier B01 Chronograph 42 - Galli Uhren Bijouterie<\/title>\n<meta name=\"robots\" content=\"index, follow, max-snippet:-1, max-image-preview:large, max-video-preview:-1\" \/>\n<link rel=\"canonical\" href=\"https:\/\/galli.ch\/uhren\/breitling\/premier\/b01-chronograph-42-ab0145221b1p1\/\" \/>\n<meta property=\"og:locale\" content=\"en_US\" \/>\n<meta property=\"og:type\" content=\"article\" \/>\n<meta property=\"og:title\" content=\"Breitling Premier B01 Chronograph 42 - Galli Uhren Bijouterie\" \/>\n<meta property=\"og:description\" content=\"Der Premier B01 Chronograph 42 ist in verschiedenen Zifferblattfarben und Geh\u00e4usematerialien erh\u00e4ltlich. Sie ist wahlweise mit einem klassischen Alligatorlederarmband oder einem eleganten siebenreihigen Metallarmband erh\u00e4ltlich. Auch die heutige Premier entspricht den kompromisslosen technischen Standards von Willy Breitling mit ihrem aussergew\u00f6hnlichen Uhrwerk mit Selbstaufzug\u2014dem COSC-zertifizierten Breitling-Manufakturkaliber 01\u2014, welches auf h\u00f6chste Pr\u00e4zision, Zuverl\u00e4ssigkeit und Funktionalit\u00e4t ausgelegt ist.\" \/>\n<meta property=\"og:url\" content=\"https:\/\/galli.ch\/uhren\/breitling\/premier\/b01-chronograph-42-ab0145221b1p1\/\" \/>\n<meta property=\"og:site_name\" content=\"Galli Uhren Bijouterie\" \/>\n<meta property=\"article:modified_time\" content=\"2026-04-20T16:10:13+00:00\" \/>\n<meta property=\"og:image\" content=\"https:\/\/galli.ch\/wp-content\/uploads\/ab0145221b1p1-premier-b01-chronograph-42-soldier.png\" \/>\n\t<meta property=\"og:image:width\" content=\"1000\" \/>\n\t<meta property=\"og:image:height\" content=\"1400\" \/>\n\t<meta property=\"og:image:type\" content=\"image\/png\" \/>\n<meta name=\"twitter:card\" content=\"summary_large_image\" \/>\n<script type=\"application\/ld+json\" class=\"yoast-schema-graph\">{\"@context\":\"https:\/\/schema.org\",\"@graph\":[{\"@type\":\"WebPage\",\"@id\":\"https:\/\/galli.ch\/uhren\/breitling\/premier\/b01-chronograph-42-ab0145221b1p1\/\",\"url\":\"https:\/\/galli.ch\/uhren\/breitling\/premier\/b01-chronograph-42-ab0145221b1p1\/\",\"name\":\"Breitling Premier B01 Chronograph 42 - Galli Uhren Bijouterie\",\"isPartOf\":{\"@id\":\"http:\/\/galli.ch\/en\/#website\"},\"primaryImageOfPage\":{\"@id\":\"https:\/\/galli.ch\/uhren\/breitling\/premier\/b01-chronograph-42-ab0145221b1p1\/#primaryimage\"},\"image\":{\"@id\":\"https:\/\/galli.ch\/uhren\/breitling\/premier\/b01-chronograph-42-ab0145221b1p1\/#primaryimage\"},\"thumbnailUrl\":\"https:\/\/galli.ch\/wp-content\/uploads\/ab0145221b1p1-premier-b01-chronograph-42-soldier.png\",\"datePublished\":\"2023-03-23T14:45:19+00:00\",\"dateModified\":\"2026-04-20T16:10:13+00:00\",\"breadcrumb\":{\"@id\":\"https:\/\/galli.ch\/uhren\/breitling\/premier\/b01-chronograph-42-ab0145221b1p1\/#breadcrumb\"},\"inLanguage\":\"en-US\",\"potentialAction\":[{\"@type\":\"ReadAction\",\"target\":[\"https:\/\/galli.ch\/uhren\/breitling\/premier\/b01-chronograph-42-ab0145221b1p1\/\"]}]},{\"@type\":\"ImageObject\",\"inLanguage\":\"en-US\",\"@id\":\"https:\/\/galli.ch\/uhren\/breitling\/premier\/b01-chronograph-42-ab0145221b1p1\/#primaryimage\",\"url\":\"https:\/\/galli.ch\/wp-content\/uploads\/ab0145221b1p1-premier-b01-chronograph-42-soldier.png\",\"contentUrl\":\"https:\/\/galli.ch\/wp-content\/uploads\/ab0145221b1p1-premier-b01-chronograph-42-soldier.png\",\"width\":1000,\"height\":1400,\"caption\":\"ab0145221b1p1-premier-b01-chronograph-42\"},{\"@type\":\"BreadcrumbList\",\"@id\":\"https:\/\/galli.ch\/uhren\/breitling\/premier\/b01-chronograph-42-ab0145221b1p1\/#breadcrumb\",\"itemListElement\":[{\"@type\":\"ListItem\",\"position\":1,\"name\":\"Home\",\"item\":\"https:\/\/galli.ch\/en\/\"},{\"@type\":\"ListItem\",\"position\":2,\"name\":\"Uhren\",\"item\":\"https:\/\/galli.ch\/en\/uhren\/\"},{\"@type\":\"ListItem\",\"position\":3,\"name\":\"Premier B01 Chronograph 42\"}]},{\"@type\":\"WebSite\",\"@id\":\"http:\/\/galli.ch\/en\/#website\",\"url\":\"http:\/\/galli.ch\/en\/\",\"name\":\"Galli Uhren Bijouterie\",\"description\":\"\",\"potentialAction\":[{\"@type\":\"SearchAction\",\"target\":{\"@type\":\"EntryPoint\",\"urlTemplate\":\"http:\/\/galli.ch\/en\/?s={search_term_string}\"},\"query-input\":{\"@type\":\"PropertyValueSpecification\",\"valueRequired\":true,\"valueName\":\"search_term_string\"}}],\"inLanguage\":\"en-US\"}]}<\/script>\n<!-- \/ Yoast SEO plugin. -->","yoast_head_json":{"title":"Breitling Premier B01 Chronograph 42 - Galli Uhren Bijouterie","robots":{"index":"index","follow":"follow","max-snippet":"max-snippet:-1","max-image-preview":"max-image-preview:large","max-video-preview":"max-video-preview:-1"},"canonical":"https:\/\/galli.ch\/uhren\/breitling\/premier\/b01-chronograph-42-ab0145221b1p1\/","og_locale":"en_US","og_type":"article","og_title":"Breitling Premier B01 Chronograph 42 - Galli Uhren Bijouterie","og_description":"Der Premier B01 Chronograph 42 ist in verschiedenen Zifferblattfarben und Geh\u00e4usematerialien erh\u00e4ltlich. Sie ist wahlweise mit einem klassischen Alligatorlederarmband oder einem eleganten siebenreihigen Metallarmband erh\u00e4ltlich. Auch die heutige Premier entspricht den kompromisslosen technischen Standards von Willy Breitling mit ihrem aussergew\u00f6hnlichen Uhrwerk mit Selbstaufzug\u2014dem COSC-zertifizierten Breitling-Manufakturkaliber 01\u2014, welches auf h\u00f6chste Pr\u00e4zision, Zuverl\u00e4ssigkeit und Funktionalit\u00e4t ausgelegt ist.","og_url":"https:\/\/galli.ch\/uhren\/breitling\/premier\/b01-chronograph-42-ab0145221b1p1\/","og_site_name":"Galli Uhren Bijouterie","article_modified_time":"2026-04-20T16:10:13+00:00","og_image":[{"width":1000,"height":1400,"url":"https:\/\/galli.ch\/wp-content\/uploads\/ab0145221b1p1-premier-b01-chronograph-42-soldier.png","type":"image\/png"}],"twitter_card":"summary_large_image","schema":{"@context":"https:\/\/schema.org","@graph":[{"@type":"WebPage","@id":"https:\/\/galli.ch\/uhren\/breitling\/premier\/b01-chronograph-42-ab0145221b1p1\/","url":"https:\/\/galli.ch\/uhren\/breitling\/premier\/b01-chronograph-42-ab0145221b1p1\/","name":"Breitling Premier B01 Chronograph 42 - Galli Uhren Bijouterie","isPartOf":{"@id":"http:\/\/galli.ch\/en\/#website"},"primaryImageOfPage":{"@id":"https:\/\/galli.ch\/uhren\/breitling\/premier\/b01-chronograph-42-ab0145221b1p1\/#primaryimage"},"image":{"@id":"https:\/\/galli.ch\/uhren\/breitling\/premier\/b01-chronograph-42-ab0145221b1p1\/#primaryimage"},"thumbnailUrl":"https:\/\/galli.ch\/wp-content\/uploads\/ab0145221b1p1-premier-b01-chronograph-42-soldier.png","datePublished":"2023-03-23T14:45:19+00:00","dateModified":"2026-04-20T16:10:13+00:00","breadcrumb":{"@id":"https:\/\/galli.ch\/uhren\/breitling\/premier\/b01-chronograph-42-ab0145221b1p1\/#breadcrumb"},"inLanguage":"en-US","potentialAction":[{"@type":"ReadAction","target":["https:\/\/galli.ch\/uhren\/breitling\/premier\/b01-chronograph-42-ab0145221b1p1\/"]}]},{"@type":"ImageObject","inLanguage":"en-US","@id":"https:\/\/galli.ch\/uhren\/breitling\/premier\/b01-chronograph-42-ab0145221b1p1\/#primaryimage","url":"https:\/\/galli.ch\/wp-content\/uploads\/ab0145221b1p1-premier-b01-chronograph-42-soldier.png","contentUrl":"https:\/\/galli.ch\/wp-content\/uploads\/ab0145221b1p1-premier-b01-chronograph-42-soldier.png","width":1000,"height":1400,"caption":"ab0145221b1p1-premier-b01-chronograph-42"},{"@type":"BreadcrumbList","@id":"https:\/\/galli.ch\/uhren\/breitling\/premier\/b01-chronograph-42-ab0145221b1p1\/#breadcrumb","itemListElement":[{"@type":"ListItem","position":1,"name":"Home","item":"https:\/\/galli.ch\/en\/"},{"@type":"ListItem","position":2,"name":"Uhren","item":"https:\/\/galli.ch\/en\/uhren\/"},{"@type":"ListItem","position":3,"name":"Premier B01 Chronograph 42"}]},{"@type":"WebSite","@id":"http:\/\/galli.ch\/en\/#website","url":"http:\/\/galli.ch\/en\/","name":"Galli Uhren Bijouterie","description":"","potentialAction":[{"@type":"SearchAction","target":{"@type":"EntryPoint","urlTemplate":"http:\/\/galli.ch\/en\/?s={search_term_string}"},"query-input":{"@type":"PropertyValueSpecification","valueRequired":true,"valueName":"search_term_string"}}],"inLanguage":"en-US"}]}},"_links":{"self":[{"href":"https:\/\/galli.ch\/en\/wp-json\/wp\/v2\/product\/17794","targetHints":{"allow":["GET"]}}],"collection":[{"href":"https:\/\/galli.ch\/en\/wp-json\/wp\/v2\/product"}],"about":[{"href":"https:\/\/galli.ch\/en\/wp-json\/wp\/v2\/types\/product"}],"wp:featuredmedia":[{"embeddable":true,"href":"https:\/\/galli.ch\/en\/wp-json\/wp\/v2\/media\/17754"}],"wp:attachment":[{"href":"https:\/\/galli.ch\/en\/wp-json\/wp\/v2\/media?parent=17794"}],"wp:term":[{"taxonomy":"product_brand","embeddable":true,"href":"https:\/\/galli.ch\/en\/wp-json\/wp\/v2\/product_brand?post=17794"},{"taxonomy":"product_cat","embeddable":true,"href":"https:\/\/galli.ch\/en\/wp-json\/wp\/v2\/product_cat?post=17794"},{"taxonomy":"product_tag","embeddable":true,"href":"https:\/\/galli.ch\/en\/wp-json\/wp\/v2\/product_tag?post=17794"}],"curies":[{"name":"wp","href":"https:\/\/api.w.org\/{rel}","templated":true}]}}