{"id":17809,"date":"2023-03-23T17:28:37","date_gmt":"2023-03-23T16:28:37","guid":{"rendered":"https:\/\/galli.ch\/?post_type=product&#038;p=17809"},"modified":"2026-03-30T12:10:16","modified_gmt":"2026-03-30T10:10:16","slug":"b01-ford-mustang-ab01762a1l1x1","status":"publish","type":"product","link":"https:\/\/galli.ch\/en\/uhren\/breitling\/top-time\/b01-ford-mustang-ab01762a1l1x1\/","title":{"rendered":"Breitling Top Time B01 Ford Mustang"},"content":{"rendered":"<p>Die 1960er Jahre waren ein Jahrzehnt, das von Experimentierfreude, Spass, Freiheit und Energie gepr\u00e4gt war. Ob man mit einem Motorrad eine Spritztour machte oder in einem Sportwagen Gas gab, das Leben lief auf Hochtouren. Willy Breitling sp\u00fcrte diesen Tempowechsel und nahm sich vor, einen unkonventionellen Chronographen zu entwickeln, der den Schwung der Epoche einfing. Er nannte ihn die Top Time.<\/p>\n<p>Die Top Time B01 Ford Mustang verf\u00fcgt \u00fcber die Farben und das Emblem ihres Oldtimer-Pendants sowie \u00fcber ein perforiertes Lederarmband, eine Tachymeterskala und kontrastierende \u00abSquircle\u00bb-Zifferbl\u00e4tter (nicht ganz quadratisch, nicht ganz rund), die die besondere Atmosph\u00e4re klassischer Armaturenbretter erzeugen. Zudem hat sie einen Motor unter der Haube, mit dem man sich sehen lassen kann: das aussergew\u00f6hnliche Breitling-Manufakturkaliber 01.<\/p>\n","protected":false},"excerpt":{"rendered":"<p>Die 1960er Jahre waren ein Jahrzehnt, das von Experimentierfreude, Spass, Freiheit und Energie gepr\u00e4gt war. Ob man mit einem Motorrad eine Spritztour machte oder in einem Sportwagen Gas gab, das Leben lief auf Hochtouren. Willy Breitling sp\u00fcrte diesen Tempowechsel und nahm sich vor, einen unkonventionellen Chronographen zu entwickeln, der den Schwung der Epoche einfing. Er&#8230;  <a class=\"excerpt-read-more\" href=\"https:\/\/galli.ch\/en\/uhren\/breitling\/top-time\/b01-ford-mustang-ab01762a1l1x1\/\" title=\"Read Breitling Top Time B01 Ford Mustang\">Weiter &raquo;<\/a><\/p>\n","protected":false},"featured_media":17780,"template":"","meta":{"_acf_changed":false,"inline_featured_image":false},"product_brand":[],"product_cat":[188],"product_tag":[],"class_list":{"0":"post-17809","1":"product","2":"type-product","3":"status-publish","4":"has-post-thumbnail","6":"uhrenhersteller-breitling","7":"uhrenhersteller-top-time","8":"product_cat-uhren","10":"first","11":"outofstock","12":"taxable","13":"shipping-taxable","14":"purchasable","15":"product-type-simple"},"acf":[],"yoast_head":"<!-- This site is optimized with the Yoast SEO plugin v25.5 - https:\/\/yoast.com\/wordpress\/plugins\/seo\/ -->\n<title>Breitling Top Time B01 Ford Mustang - Galli Uhren Bijouterie<\/title>\n<meta name=\"robots\" content=\"index, follow, max-snippet:-1, max-image-preview:large, max-video-preview:-1\" \/>\n<link rel=\"canonical\" href=\"https:\/\/galli.ch\/uhren\/breitling\/top-time\/b01-ford-mustang-ab01762a1l1x1\/\" \/>\n<meta property=\"og:locale\" content=\"en_US\" \/>\n<meta property=\"og:type\" content=\"article\" \/>\n<meta property=\"og:title\" content=\"Breitling Top Time B01 Ford Mustang - Galli Uhren Bijouterie\" \/>\n<meta property=\"og:description\" content=\"Die 1960er Jahre waren ein Jahrzehnt, das von Experimentierfreude, Spass, Freiheit und Energie gepr\u00e4gt war. Ob man mit einem Motorrad eine Spritztour machte oder in einem Sportwagen Gas gab, das Leben lief auf Hochtouren. Willy Breitling sp\u00fcrte diesen Tempowechsel und nahm sich vor, einen unkonventionellen Chronographen zu entwickeln, der den Schwung der Epoche einfing. Er... Weiter &raquo;\" \/>\n<meta property=\"og:url\" content=\"https:\/\/galli.ch\/uhren\/breitling\/top-time\/b01-ford-mustang-ab01762a1l1x1\/\" \/>\n<meta property=\"og:site_name\" content=\"Galli Uhren Bijouterie\" \/>\n<meta property=\"article:modified_time\" content=\"2026-03-30T10:10:16+00:00\" \/>\n<meta property=\"og:image\" content=\"https:\/\/galli.ch\/wp-content\/uploads\/ab01762a1l1x1-top-time-b01-ford-mustang-soldier.png\" \/>\n\t<meta property=\"og:image:width\" content=\"1000\" \/>\n\t<meta property=\"og:image:height\" content=\"1400\" \/>\n\t<meta property=\"og:image:type\" content=\"image\/png\" \/>\n<meta name=\"twitter:card\" content=\"summary_large_image\" \/>\n<script type=\"application\/ld+json\" class=\"yoast-schema-graph\">{\"@context\":\"https:\/\/schema.org\",\"@graph\":[{\"@type\":\"WebPage\",\"@id\":\"https:\/\/galli.ch\/uhren\/breitling\/top-time\/b01-ford-mustang-ab01762a1l1x1\/\",\"url\":\"https:\/\/galli.ch\/uhren\/breitling\/top-time\/b01-ford-mustang-ab01762a1l1x1\/\",\"name\":\"Breitling Top Time B01 Ford Mustang - Galli Uhren Bijouterie\",\"isPartOf\":{\"@id\":\"http:\/\/galli.ch\/en\/#website\"},\"primaryImageOfPage\":{\"@id\":\"https:\/\/galli.ch\/uhren\/breitling\/top-time\/b01-ford-mustang-ab01762a1l1x1\/#primaryimage\"},\"image\":{\"@id\":\"https:\/\/galli.ch\/uhren\/breitling\/top-time\/b01-ford-mustang-ab01762a1l1x1\/#primaryimage\"},\"thumbnailUrl\":\"https:\/\/galli.ch\/wp-content\/uploads\/ab01762a1l1x1-top-time-b01-ford-mustang-soldier.png\",\"datePublished\":\"2023-03-23T16:28:37+00:00\",\"dateModified\":\"2026-03-30T10:10:16+00:00\",\"breadcrumb\":{\"@id\":\"https:\/\/galli.ch\/uhren\/breitling\/top-time\/b01-ford-mustang-ab01762a1l1x1\/#breadcrumb\"},\"inLanguage\":\"en-US\",\"potentialAction\":[{\"@type\":\"ReadAction\",\"target\":[\"https:\/\/galli.ch\/uhren\/breitling\/top-time\/b01-ford-mustang-ab01762a1l1x1\/\"]}]},{\"@type\":\"ImageObject\",\"inLanguage\":\"en-US\",\"@id\":\"https:\/\/galli.ch\/uhren\/breitling\/top-time\/b01-ford-mustang-ab01762a1l1x1\/#primaryimage\",\"url\":\"https:\/\/galli.ch\/wp-content\/uploads\/ab01762a1l1x1-top-time-b01-ford-mustang-soldier.png\",\"contentUrl\":\"https:\/\/galli.ch\/wp-content\/uploads\/ab01762a1l1x1-top-time-b01-ford-mustang-soldier.png\",\"width\":1000,\"height\":1400,\"caption\":\"breitling-top-time-ford-mustang\"},{\"@type\":\"BreadcrumbList\",\"@id\":\"https:\/\/galli.ch\/uhren\/breitling\/top-time\/b01-ford-mustang-ab01762a1l1x1\/#breadcrumb\",\"itemListElement\":[{\"@type\":\"ListItem\",\"position\":1,\"name\":\"Home\",\"item\":\"https:\/\/galli.ch\/en\/\"},{\"@type\":\"ListItem\",\"position\":2,\"name\":\"Uhren\",\"item\":\"https:\/\/galli.ch\/en\/uhren\/\"},{\"@type\":\"ListItem\",\"position\":3,\"name\":\"Breitling Top Time B01 Ford Mustang\"}]},{\"@type\":\"WebSite\",\"@id\":\"http:\/\/galli.ch\/en\/#website\",\"url\":\"http:\/\/galli.ch\/en\/\",\"name\":\"Galli Uhren Bijouterie\",\"description\":\"\",\"potentialAction\":[{\"@type\":\"SearchAction\",\"target\":{\"@type\":\"EntryPoint\",\"urlTemplate\":\"http:\/\/galli.ch\/en\/?s={search_term_string}\"},\"query-input\":{\"@type\":\"PropertyValueSpecification\",\"valueRequired\":true,\"valueName\":\"search_term_string\"}}],\"inLanguage\":\"en-US\"}]}<\/script>\n<!-- \/ Yoast SEO plugin. -->","yoast_head_json":{"title":"Breitling Top Time B01 Ford Mustang - Galli Uhren Bijouterie","robots":{"index":"index","follow":"follow","max-snippet":"max-snippet:-1","max-image-preview":"max-image-preview:large","max-video-preview":"max-video-preview:-1"},"canonical":"https:\/\/galli.ch\/uhren\/breitling\/top-time\/b01-ford-mustang-ab01762a1l1x1\/","og_locale":"en_US","og_type":"article","og_title":"Breitling Top Time B01 Ford Mustang - Galli Uhren Bijouterie","og_description":"Die 1960er Jahre waren ein Jahrzehnt, das von Experimentierfreude, Spass, Freiheit und Energie gepr\u00e4gt war. Ob man mit einem Motorrad eine Spritztour machte oder in einem Sportwagen Gas gab, das Leben lief auf Hochtouren. Willy Breitling sp\u00fcrte diesen Tempowechsel und nahm sich vor, einen unkonventionellen Chronographen zu entwickeln, der den Schwung der Epoche einfing. Er... Weiter &raquo;","og_url":"https:\/\/galli.ch\/uhren\/breitling\/top-time\/b01-ford-mustang-ab01762a1l1x1\/","og_site_name":"Galli Uhren Bijouterie","article_modified_time":"2026-03-30T10:10:16+00:00","og_image":[{"width":1000,"height":1400,"url":"https:\/\/galli.ch\/wp-content\/uploads\/ab01762a1l1x1-top-time-b01-ford-mustang-soldier.png","type":"image\/png"}],"twitter_card":"summary_large_image","schema":{"@context":"https:\/\/schema.org","@graph":[{"@type":"WebPage","@id":"https:\/\/galli.ch\/uhren\/breitling\/top-time\/b01-ford-mustang-ab01762a1l1x1\/","url":"https:\/\/galli.ch\/uhren\/breitling\/top-time\/b01-ford-mustang-ab01762a1l1x1\/","name":"Breitling Top Time B01 Ford Mustang - Galli Uhren Bijouterie","isPartOf":{"@id":"http:\/\/galli.ch\/en\/#website"},"primaryImageOfPage":{"@id":"https:\/\/galli.ch\/uhren\/breitling\/top-time\/b01-ford-mustang-ab01762a1l1x1\/#primaryimage"},"image":{"@id":"https:\/\/galli.ch\/uhren\/breitling\/top-time\/b01-ford-mustang-ab01762a1l1x1\/#primaryimage"},"thumbnailUrl":"https:\/\/galli.ch\/wp-content\/uploads\/ab01762a1l1x1-top-time-b01-ford-mustang-soldier.png","datePublished":"2023-03-23T16:28:37+00:00","dateModified":"2026-03-30T10:10:16+00:00","breadcrumb":{"@id":"https:\/\/galli.ch\/uhren\/breitling\/top-time\/b01-ford-mustang-ab01762a1l1x1\/#breadcrumb"},"inLanguage":"en-US","potentialAction":[{"@type":"ReadAction","target":["https:\/\/galli.ch\/uhren\/breitling\/top-time\/b01-ford-mustang-ab01762a1l1x1\/"]}]},{"@type":"ImageObject","inLanguage":"en-US","@id":"https:\/\/galli.ch\/uhren\/breitling\/top-time\/b01-ford-mustang-ab01762a1l1x1\/#primaryimage","url":"https:\/\/galli.ch\/wp-content\/uploads\/ab01762a1l1x1-top-time-b01-ford-mustang-soldier.png","contentUrl":"https:\/\/galli.ch\/wp-content\/uploads\/ab01762a1l1x1-top-time-b01-ford-mustang-soldier.png","width":1000,"height":1400,"caption":"breitling-top-time-ford-mustang"},{"@type":"BreadcrumbList","@id":"https:\/\/galli.ch\/uhren\/breitling\/top-time\/b01-ford-mustang-ab01762a1l1x1\/#breadcrumb","itemListElement":[{"@type":"ListItem","position":1,"name":"Home","item":"https:\/\/galli.ch\/en\/"},{"@type":"ListItem","position":2,"name":"Uhren","item":"https:\/\/galli.ch\/en\/uhren\/"},{"@type":"ListItem","position":3,"name":"Breitling Top Time B01 Ford Mustang"}]},{"@type":"WebSite","@id":"http:\/\/galli.ch\/en\/#website","url":"http:\/\/galli.ch\/en\/","name":"Galli Uhren Bijouterie","description":"","potentialAction":[{"@type":"SearchAction","target":{"@type":"EntryPoint","urlTemplate":"http:\/\/galli.ch\/en\/?s={search_term_string}"},"query-input":{"@type":"PropertyValueSpecification","valueRequired":true,"valueName":"search_term_string"}}],"inLanguage":"en-US"}]}},"_links":{"self":[{"href":"https:\/\/galli.ch\/en\/wp-json\/wp\/v2\/product\/17809","targetHints":{"allow":["GET"]}}],"collection":[{"href":"https:\/\/galli.ch\/en\/wp-json\/wp\/v2\/product"}],"about":[{"href":"https:\/\/galli.ch\/en\/wp-json\/wp\/v2\/types\/product"}],"wp:featuredmedia":[{"embeddable":true,"href":"https:\/\/galli.ch\/en\/wp-json\/wp\/v2\/media\/17780"}],"wp:attachment":[{"href":"https:\/\/galli.ch\/en\/wp-json\/wp\/v2\/media?parent=17809"}],"wp:term":[{"taxonomy":"product_brand","embeddable":true,"href":"https:\/\/galli.ch\/en\/wp-json\/wp\/v2\/product_brand?post=17809"},{"taxonomy":"product_cat","embeddable":true,"href":"https:\/\/galli.ch\/en\/wp-json\/wp\/v2\/product_cat?post=17809"},{"taxonomy":"product_tag","embeddable":true,"href":"https:\/\/galli.ch\/en\/wp-json\/wp\/v2\/product_tag?post=17809"}],"curies":[{"name":"wp","href":"https:\/\/api.w.org\/{rel}","templated":true}]}}