{"id":17816,"date":"2023-03-24T16:12:59","date_gmt":"2023-03-24T15:12:59","guid":{"rendered":"https:\/\/galli.ch\/?post_type=product&#038;p=17816"},"modified":"2026-04-23T18:11:51","modified_gmt":"2026-04-23T16:11:51","slug":"spirit-flyback-42-l3-821-4-53-6","status":"publish","type":"product","link":"https:\/\/galli.ch\/en\/uhren\/longines\/avigation\/spirit-flyback-42-l3-821-4-53-6\/","title":{"rendered":"Longines Spirit Flyback 42"},"content":{"rendered":"<p>Die Longines Spirit Kollektion wurde um eine Uhr mit Flyback-Funktion erweitert. Ein neues exklusives Longines Kaliber, das gegen Magnetismus resistent und mit einer Unruhfeder aus Silizium ausgestattet ist, treibt diesen Zeitmesser an.<\/p>\n<p>Es verf\u00fcgt \u00fcber eine beidseitig drehbare L\u00fcnette, die durch einen schwarzen Keramikeinsatz mit Leuchtmarkierungen und ein schwarzes Zifferblatt im Sonnenschliff aufgewertet wird.<\/p>\n","protected":false},"excerpt":{"rendered":"<p>Die Longines Spirit Kollektion wurde um eine Uhr mit Flyback-Funktion erweitert. Ein neues exklusives Longines Kaliber, das gegen Magnetismus resistent und mit einer Unruhfeder aus Silizium ausgestattet ist, treibt diesen Zeitmesser an. Es verf\u00fcgt \u00fcber eine beidseitig drehbare L\u00fcnette, die durch einen schwarzen Keramikeinsatz mit Leuchtmarkierungen und ein schwarzes Zifferblatt im Sonnenschliff aufgewertet wird.<\/p>\n","protected":false},"featured_media":17764,"template":"","meta":{"_acf_changed":false,"inline_featured_image":false},"product_brand":[],"product_cat":[188],"product_tag":[],"class_list":{"0":"post-17816","1":"product","2":"type-product","3":"status-publish","4":"has-post-thumbnail","6":"uhrenhersteller-longines","7":"uhrenhersteller-avigation","8":"product_cat-uhren","10":"first","11":"instock","12":"taxable","13":"shipping-taxable","14":"purchasable","15":"product-type-simple"},"acf":[],"yoast_head":"<!-- This site is optimized with the Yoast SEO plugin v25.5 - https:\/\/yoast.com\/wordpress\/plugins\/seo\/ -->\n<title>Longines Spirit Flyback 42 - Galli Uhren Bijouterie<\/title>\n<meta name=\"robots\" content=\"index, follow, max-snippet:-1, max-image-preview:large, max-video-preview:-1\" \/>\n<link rel=\"canonical\" href=\"https:\/\/galli.ch\/uhren\/longines\/avigation\/spirit-flyback-42-l3-821-4-53-6\/\" \/>\n<meta property=\"og:locale\" content=\"en_US\" \/>\n<meta property=\"og:type\" content=\"article\" \/>\n<meta property=\"og:title\" content=\"Longines Spirit Flyback 42 - Galli Uhren Bijouterie\" \/>\n<meta property=\"og:description\" content=\"Die Longines Spirit Kollektion wurde um eine Uhr mit Flyback-Funktion erweitert. Ein neues exklusives Longines Kaliber, das gegen Magnetismus resistent und mit einer Unruhfeder aus Silizium ausgestattet ist, treibt diesen Zeitmesser an. Es verf\u00fcgt \u00fcber eine beidseitig drehbare L\u00fcnette, die durch einen schwarzen Keramikeinsatz mit Leuchtmarkierungen und ein schwarzes Zifferblatt im Sonnenschliff aufgewertet wird.\" \/>\n<meta property=\"og:url\" content=\"https:\/\/galli.ch\/uhren\/longines\/avigation\/spirit-flyback-42-l3-821-4-53-6\/\" \/>\n<meta property=\"og:site_name\" content=\"Galli Uhren Bijouterie\" \/>\n<meta property=\"article:modified_time\" content=\"2026-04-23T16:11:51+00:00\" \/>\n<meta property=\"og:image\" content=\"https:\/\/galli.ch\/wp-content\/uploads\/longines-spirit-l3-821-4-53-6-2000x2000-1678265135.png\" \/>\n\t<meta property=\"og:image:width\" content=\"1000\" \/>\n\t<meta property=\"og:image:height\" content=\"1400\" \/>\n\t<meta property=\"og:image:type\" content=\"image\/png\" \/>\n<meta name=\"twitter:card\" content=\"summary_large_image\" \/>\n<script type=\"application\/ld+json\" class=\"yoast-schema-graph\">{\"@context\":\"https:\/\/schema.org\",\"@graph\":[{\"@type\":\"WebPage\",\"@id\":\"https:\/\/galli.ch\/uhren\/longines\/avigation\/spirit-flyback-42-l3-821-4-53-6\/\",\"url\":\"https:\/\/galli.ch\/uhren\/longines\/avigation\/spirit-flyback-42-l3-821-4-53-6\/\",\"name\":\"Longines Spirit Flyback 42 - Galli Uhren Bijouterie\",\"isPartOf\":{\"@id\":\"http:\/\/galli.ch\/en\/#website\"},\"primaryImageOfPage\":{\"@id\":\"https:\/\/galli.ch\/uhren\/longines\/avigation\/spirit-flyback-42-l3-821-4-53-6\/#primaryimage\"},\"image\":{\"@id\":\"https:\/\/galli.ch\/uhren\/longines\/avigation\/spirit-flyback-42-l3-821-4-53-6\/#primaryimage\"},\"thumbnailUrl\":\"https:\/\/galli.ch\/wp-content\/uploads\/longines-spirit-l3-821-4-53-6-2000x2000-1678265135.png\",\"datePublished\":\"2023-03-24T15:12:59+00:00\",\"dateModified\":\"2026-04-23T16:11:51+00:00\",\"breadcrumb\":{\"@id\":\"https:\/\/galli.ch\/uhren\/longines\/avigation\/spirit-flyback-42-l3-821-4-53-6\/#breadcrumb\"},\"inLanguage\":\"en-US\",\"potentialAction\":[{\"@type\":\"ReadAction\",\"target\":[\"https:\/\/galli.ch\/uhren\/longines\/avigation\/spirit-flyback-42-l3-821-4-53-6\/\"]}]},{\"@type\":\"ImageObject\",\"inLanguage\":\"en-US\",\"@id\":\"https:\/\/galli.ch\/uhren\/longines\/avigation\/spirit-flyback-42-l3-821-4-53-6\/#primaryimage\",\"url\":\"https:\/\/galli.ch\/wp-content\/uploads\/longines-spirit-l3-821-4-53-6-2000x2000-1678265135.png\",\"contentUrl\":\"https:\/\/galli.ch\/wp-content\/uploads\/longines-spirit-l3-821-4-53-6-2000x2000-1678265135.png\",\"width\":1000,\"height\":1400,\"caption\":\"longines-spirit-l3-821-4-53-6-black\"},{\"@type\":\"BreadcrumbList\",\"@id\":\"https:\/\/galli.ch\/uhren\/longines\/avigation\/spirit-flyback-42-l3-821-4-53-6\/#breadcrumb\",\"itemListElement\":[{\"@type\":\"ListItem\",\"position\":1,\"name\":\"Home\",\"item\":\"https:\/\/galli.ch\/en\/\"},{\"@type\":\"ListItem\",\"position\":2,\"name\":\"Uhren\",\"item\":\"https:\/\/galli.ch\/en\/uhren\/\"},{\"@type\":\"ListItem\",\"position\":3,\"name\":\"Spirit Flyback 42\"}]},{\"@type\":\"WebSite\",\"@id\":\"http:\/\/galli.ch\/en\/#website\",\"url\":\"http:\/\/galli.ch\/en\/\",\"name\":\"Galli Uhren Bijouterie\",\"description\":\"\",\"potentialAction\":[{\"@type\":\"SearchAction\",\"target\":{\"@type\":\"EntryPoint\",\"urlTemplate\":\"http:\/\/galli.ch\/en\/?s={search_term_string}\"},\"query-input\":{\"@type\":\"PropertyValueSpecification\",\"valueRequired\":true,\"valueName\":\"search_term_string\"}}],\"inLanguage\":\"en-US\"}]}<\/script>\n<!-- \/ Yoast SEO plugin. -->","yoast_head_json":{"title":"Longines Spirit Flyback 42 - Galli Uhren Bijouterie","robots":{"index":"index","follow":"follow","max-snippet":"max-snippet:-1","max-image-preview":"max-image-preview:large","max-video-preview":"max-video-preview:-1"},"canonical":"https:\/\/galli.ch\/uhren\/longines\/avigation\/spirit-flyback-42-l3-821-4-53-6\/","og_locale":"en_US","og_type":"article","og_title":"Longines Spirit Flyback 42 - Galli Uhren Bijouterie","og_description":"Die Longines Spirit Kollektion wurde um eine Uhr mit Flyback-Funktion erweitert. Ein neues exklusives Longines Kaliber, das gegen Magnetismus resistent und mit einer Unruhfeder aus Silizium ausgestattet ist, treibt diesen Zeitmesser an. Es verf\u00fcgt \u00fcber eine beidseitig drehbare L\u00fcnette, die durch einen schwarzen Keramikeinsatz mit Leuchtmarkierungen und ein schwarzes Zifferblatt im Sonnenschliff aufgewertet wird.","og_url":"https:\/\/galli.ch\/uhren\/longines\/avigation\/spirit-flyback-42-l3-821-4-53-6\/","og_site_name":"Galli Uhren Bijouterie","article_modified_time":"2026-04-23T16:11:51+00:00","og_image":[{"width":1000,"height":1400,"url":"https:\/\/galli.ch\/wp-content\/uploads\/longines-spirit-l3-821-4-53-6-2000x2000-1678265135.png","type":"image\/png"}],"twitter_card":"summary_large_image","schema":{"@context":"https:\/\/schema.org","@graph":[{"@type":"WebPage","@id":"https:\/\/galli.ch\/uhren\/longines\/avigation\/spirit-flyback-42-l3-821-4-53-6\/","url":"https:\/\/galli.ch\/uhren\/longines\/avigation\/spirit-flyback-42-l3-821-4-53-6\/","name":"Longines Spirit Flyback 42 - Galli Uhren Bijouterie","isPartOf":{"@id":"http:\/\/galli.ch\/en\/#website"},"primaryImageOfPage":{"@id":"https:\/\/galli.ch\/uhren\/longines\/avigation\/spirit-flyback-42-l3-821-4-53-6\/#primaryimage"},"image":{"@id":"https:\/\/galli.ch\/uhren\/longines\/avigation\/spirit-flyback-42-l3-821-4-53-6\/#primaryimage"},"thumbnailUrl":"https:\/\/galli.ch\/wp-content\/uploads\/longines-spirit-l3-821-4-53-6-2000x2000-1678265135.png","datePublished":"2023-03-24T15:12:59+00:00","dateModified":"2026-04-23T16:11:51+00:00","breadcrumb":{"@id":"https:\/\/galli.ch\/uhren\/longines\/avigation\/spirit-flyback-42-l3-821-4-53-6\/#breadcrumb"},"inLanguage":"en-US","potentialAction":[{"@type":"ReadAction","target":["https:\/\/galli.ch\/uhren\/longines\/avigation\/spirit-flyback-42-l3-821-4-53-6\/"]}]},{"@type":"ImageObject","inLanguage":"en-US","@id":"https:\/\/galli.ch\/uhren\/longines\/avigation\/spirit-flyback-42-l3-821-4-53-6\/#primaryimage","url":"https:\/\/galli.ch\/wp-content\/uploads\/longines-spirit-l3-821-4-53-6-2000x2000-1678265135.png","contentUrl":"https:\/\/galli.ch\/wp-content\/uploads\/longines-spirit-l3-821-4-53-6-2000x2000-1678265135.png","width":1000,"height":1400,"caption":"longines-spirit-l3-821-4-53-6-black"},{"@type":"BreadcrumbList","@id":"https:\/\/galli.ch\/uhren\/longines\/avigation\/spirit-flyback-42-l3-821-4-53-6\/#breadcrumb","itemListElement":[{"@type":"ListItem","position":1,"name":"Home","item":"https:\/\/galli.ch\/en\/"},{"@type":"ListItem","position":2,"name":"Uhren","item":"https:\/\/galli.ch\/en\/uhren\/"},{"@type":"ListItem","position":3,"name":"Spirit Flyback 42"}]},{"@type":"WebSite","@id":"http:\/\/galli.ch\/en\/#website","url":"http:\/\/galli.ch\/en\/","name":"Galli Uhren Bijouterie","description":"","potentialAction":[{"@type":"SearchAction","target":{"@type":"EntryPoint","urlTemplate":"http:\/\/galli.ch\/en\/?s={search_term_string}"},"query-input":{"@type":"PropertyValueSpecification","valueRequired":true,"valueName":"search_term_string"}}],"inLanguage":"en-US"}]}},"_links":{"self":[{"href":"https:\/\/galli.ch\/en\/wp-json\/wp\/v2\/product\/17816","targetHints":{"allow":["GET"]}}],"collection":[{"href":"https:\/\/galli.ch\/en\/wp-json\/wp\/v2\/product"}],"about":[{"href":"https:\/\/galli.ch\/en\/wp-json\/wp\/v2\/types\/product"}],"wp:featuredmedia":[{"embeddable":true,"href":"https:\/\/galli.ch\/en\/wp-json\/wp\/v2\/media\/17764"}],"wp:attachment":[{"href":"https:\/\/galli.ch\/en\/wp-json\/wp\/v2\/media?parent=17816"}],"wp:term":[{"taxonomy":"product_brand","embeddable":true,"href":"https:\/\/galli.ch\/en\/wp-json\/wp\/v2\/product_brand?post=17816"},{"taxonomy":"product_cat","embeddable":true,"href":"https:\/\/galli.ch\/en\/wp-json\/wp\/v2\/product_cat?post=17816"},{"taxonomy":"product_tag","embeddable":true,"href":"https:\/\/galli.ch\/en\/wp-json\/wp\/v2\/product_tag?post=17816"}],"curies":[{"name":"wp","href":"https:\/\/api.w.org\/{rel}","templated":true}]}}