{"id":17960,"date":"2023-03-27T13:38:44","date_gmt":"2023-03-27T11:38:44","guid":{"rendered":"https:\/\/galli.ch\/?post_type=product&#038;p=17960"},"modified":"2026-03-30T10:12:37","modified_gmt":"2026-03-30T08:12:37","slug":"burgundy-m7941a1a0ru-0003","status":"publish","type":"product","link":"https:\/\/galli.ch\/en\/uhren\/tudor\/black-bay\/burgundy-m7941a1a0ru-0003\/","title":{"rendered":"Tudor Black Bay"},"content":{"rendered":"<p data-sourcepos=\"1:1-1:391\">TUDOR hat seine legend\u00e4re Black Bay Kollektion 2023 um ein Meisterwerk erweitert: eine neue Black Bay mit bordeauxfarbener L\u00fcnette, die die Spitze der technischen und \u00e4sthetischen Innovation verk\u00f6rpert. Diese wahrhaft ikonische Taucheruhr repr\u00e4sentiert den H\u00f6hepunkt von sechzig Jahren uhrmacherischer Tradition und wird von einem hochpr\u00e4zisen, hauseigenen TUDOR Manufakturwerk angetrieben.<\/p>\n<p data-sourcepos=\"3:1-3:221\">Mit ihren verfeinerten Designelementen, der praktischen &#8220;T-fit&#8221;-Schliesse und der prestigetr\u00e4chtigen METAS-Zertifizierung &#8220;Master Chronometer&#8221; setzt diese Black Bay neue Massst\u00e4be in Sachen Pr\u00e4zision, Robustheit und Stil.<\/p>\n","protected":false},"excerpt":{"rendered":"<p>TUDOR hat seine legend\u00e4re Black Bay Kollektion 2023 um ein Meisterwerk erweitert: eine neue Black Bay mit bordeauxfarbener L\u00fcnette, die die Spitze der technischen und \u00e4sthetischen Innovation verk\u00f6rpert. Diese wahrhaft ikonische Taucheruhr repr\u00e4sentiert den H\u00f6hepunkt von sechzig Jahren uhrmacherischer Tradition und wird von einem hochpr\u00e4zisen, hauseigenen TUDOR Manufakturwerk angetrieben. Mit ihren verfeinerten Designelementen, der praktischen&#8230;  <a class=\"excerpt-read-more\" href=\"https:\/\/galli.ch\/en\/uhren\/tudor\/black-bay\/burgundy-m7941a1a0ru-0003\/\" title=\"Read Tudor Black Bay\">Weiter &raquo;<\/a><\/p>\n","protected":false},"featured_media":17864,"template":"","meta":{"_acf_changed":false,"inline_featured_image":false},"product_brand":[],"product_cat":[188],"product_tag":[],"class_list":{"0":"post-17960","1":"product","2":"type-product","3":"status-publish","4":"has-post-thumbnail","6":"uhrenhersteller-tudor","7":"uhrenhersteller-black-bay","8":"product_cat-uhren","10":"first","11":"instock","12":"taxable","13":"shipping-taxable","14":"purchasable","15":"product-type-simple"},"acf":[],"yoast_head":"<!-- This site is optimized with the Yoast SEO plugin v25.5 - https:\/\/yoast.com\/wordpress\/plugins\/seo\/ -->\n<title>Tudor Tudor Black Bay - Galli Uhren Bijouterie<\/title>\n<meta name=\"robots\" content=\"index, follow, max-snippet:-1, max-image-preview:large, max-video-preview:-1\" \/>\n<link rel=\"canonical\" href=\"https:\/\/galli.ch\/uhren\/tudor\/black-bay\/burgundy-m7941a1a0ru-0003\/\" \/>\n<meta property=\"og:locale\" content=\"en_US\" \/>\n<meta property=\"og:type\" content=\"article\" \/>\n<meta property=\"og:title\" content=\"Tudor Tudor Black Bay - Galli Uhren Bijouterie\" \/>\n<meta property=\"og:description\" content=\"TUDOR hat seine legend\u00e4re Black Bay Kollektion 2023 um ein Meisterwerk erweitert: eine neue Black Bay mit bordeauxfarbener L\u00fcnette, die die Spitze der technischen und \u00e4sthetischen Innovation verk\u00f6rpert. Diese wahrhaft ikonische Taucheruhr repr\u00e4sentiert den H\u00f6hepunkt von sechzig Jahren uhrmacherischer Tradition und wird von einem hochpr\u00e4zisen, hauseigenen TUDOR Manufakturwerk angetrieben. Mit ihren verfeinerten Designelementen, der praktischen... Weiter &raquo;\" \/>\n<meta property=\"og:url\" content=\"https:\/\/galli.ch\/uhren\/tudor\/black-bay\/burgundy-m7941a1a0ru-0003\/\" \/>\n<meta property=\"og:site_name\" content=\"Galli Uhren Bijouterie\" \/>\n<meta property=\"article:modified_time\" content=\"2026-03-30T08:12:37+00:00\" \/>\n<meta property=\"og:image\" content=\"https:\/\/galli.ch\/wp-content\/uploads\/tudor-m7941a1a0ru-0003.png\" \/>\n\t<meta property=\"og:image:width\" content=\"1000\" \/>\n\t<meta property=\"og:image:height\" content=\"1400\" \/>\n\t<meta property=\"og:image:type\" content=\"image\/png\" \/>\n<meta name=\"twitter:card\" content=\"summary_large_image\" \/>\n<script type=\"application\/ld+json\" class=\"yoast-schema-graph\">{\"@context\":\"https:\/\/schema.org\",\"@graph\":[{\"@type\":\"WebPage\",\"@id\":\"https:\/\/galli.ch\/uhren\/tudor\/black-bay\/burgundy-m7941a1a0ru-0003\/\",\"url\":\"https:\/\/galli.ch\/uhren\/tudor\/black-bay\/burgundy-m7941a1a0ru-0003\/\",\"name\":\"Tudor Tudor Black Bay - Galli Uhren Bijouterie\",\"isPartOf\":{\"@id\":\"http:\/\/galli.ch\/en\/#website\"},\"primaryImageOfPage\":{\"@id\":\"https:\/\/galli.ch\/uhren\/tudor\/black-bay\/burgundy-m7941a1a0ru-0003\/#primaryimage\"},\"image\":{\"@id\":\"https:\/\/galli.ch\/uhren\/tudor\/black-bay\/burgundy-m7941a1a0ru-0003\/#primaryimage\"},\"thumbnailUrl\":\"https:\/\/galli.ch\/wp-content\/uploads\/tudor-m7941a1a0ru-0003.png\",\"datePublished\":\"2023-03-27T11:38:44+00:00\",\"dateModified\":\"2026-03-30T08:12:37+00:00\",\"breadcrumb\":{\"@id\":\"https:\/\/galli.ch\/uhren\/tudor\/black-bay\/burgundy-m7941a1a0ru-0003\/#breadcrumb\"},\"inLanguage\":\"en-US\",\"potentialAction\":[{\"@type\":\"ReadAction\",\"target\":[\"https:\/\/galli.ch\/uhren\/tudor\/black-bay\/burgundy-m7941a1a0ru-0003\/\"]}]},{\"@type\":\"ImageObject\",\"inLanguage\":\"en-US\",\"@id\":\"https:\/\/galli.ch\/uhren\/tudor\/black-bay\/burgundy-m7941a1a0ru-0003\/#primaryimage\",\"url\":\"https:\/\/galli.ch\/wp-content\/uploads\/tudor-m7941a1a0ru-0003.png\",\"contentUrl\":\"https:\/\/galli.ch\/wp-content\/uploads\/tudor-m7941a1a0ru-0003.png\",\"width\":1000,\"height\":1400,\"caption\":\"tudor-black-bay-burgundy-m7941a1a0ru-0003\"},{\"@type\":\"BreadcrumbList\",\"@id\":\"https:\/\/galli.ch\/uhren\/tudor\/black-bay\/burgundy-m7941a1a0ru-0003\/#breadcrumb\",\"itemListElement\":[{\"@type\":\"ListItem\",\"position\":1,\"name\":\"Home\",\"item\":\"https:\/\/galli.ch\/en\/\"},{\"@type\":\"ListItem\",\"position\":2,\"name\":\"Uhren\",\"item\":\"https:\/\/galli.ch\/en\/uhren\/\"},{\"@type\":\"ListItem\",\"position\":3,\"name\":\"Tudor Black Bay\"}]},{\"@type\":\"WebSite\",\"@id\":\"http:\/\/galli.ch\/en\/#website\",\"url\":\"http:\/\/galli.ch\/en\/\",\"name\":\"Galli Uhren Bijouterie\",\"description\":\"\",\"potentialAction\":[{\"@type\":\"SearchAction\",\"target\":{\"@type\":\"EntryPoint\",\"urlTemplate\":\"http:\/\/galli.ch\/en\/?s={search_term_string}\"},\"query-input\":{\"@type\":\"PropertyValueSpecification\",\"valueRequired\":true,\"valueName\":\"search_term_string\"}}],\"inLanguage\":\"en-US\"}]}<\/script>\n<!-- \/ Yoast SEO plugin. -->","yoast_head_json":{"title":"Tudor Tudor Black Bay - Galli Uhren Bijouterie","robots":{"index":"index","follow":"follow","max-snippet":"max-snippet:-1","max-image-preview":"max-image-preview:large","max-video-preview":"max-video-preview:-1"},"canonical":"https:\/\/galli.ch\/uhren\/tudor\/black-bay\/burgundy-m7941a1a0ru-0003\/","og_locale":"en_US","og_type":"article","og_title":"Tudor Tudor Black Bay - Galli Uhren Bijouterie","og_description":"TUDOR hat seine legend\u00e4re Black Bay Kollektion 2023 um ein Meisterwerk erweitert: eine neue Black Bay mit bordeauxfarbener L\u00fcnette, die die Spitze der technischen und \u00e4sthetischen Innovation verk\u00f6rpert. Diese wahrhaft ikonische Taucheruhr repr\u00e4sentiert den H\u00f6hepunkt von sechzig Jahren uhrmacherischer Tradition und wird von einem hochpr\u00e4zisen, hauseigenen TUDOR Manufakturwerk angetrieben. Mit ihren verfeinerten Designelementen, der praktischen... Weiter &raquo;","og_url":"https:\/\/galli.ch\/uhren\/tudor\/black-bay\/burgundy-m7941a1a0ru-0003\/","og_site_name":"Galli Uhren Bijouterie","article_modified_time":"2026-03-30T08:12:37+00:00","og_image":[{"width":1000,"height":1400,"url":"https:\/\/galli.ch\/wp-content\/uploads\/tudor-m7941a1a0ru-0003.png","type":"image\/png"}],"twitter_card":"summary_large_image","schema":{"@context":"https:\/\/schema.org","@graph":[{"@type":"WebPage","@id":"https:\/\/galli.ch\/uhren\/tudor\/black-bay\/burgundy-m7941a1a0ru-0003\/","url":"https:\/\/galli.ch\/uhren\/tudor\/black-bay\/burgundy-m7941a1a0ru-0003\/","name":"Tudor Tudor Black Bay - Galli Uhren Bijouterie","isPartOf":{"@id":"http:\/\/galli.ch\/en\/#website"},"primaryImageOfPage":{"@id":"https:\/\/galli.ch\/uhren\/tudor\/black-bay\/burgundy-m7941a1a0ru-0003\/#primaryimage"},"image":{"@id":"https:\/\/galli.ch\/uhren\/tudor\/black-bay\/burgundy-m7941a1a0ru-0003\/#primaryimage"},"thumbnailUrl":"https:\/\/galli.ch\/wp-content\/uploads\/tudor-m7941a1a0ru-0003.png","datePublished":"2023-03-27T11:38:44+00:00","dateModified":"2026-03-30T08:12:37+00:00","breadcrumb":{"@id":"https:\/\/galli.ch\/uhren\/tudor\/black-bay\/burgundy-m7941a1a0ru-0003\/#breadcrumb"},"inLanguage":"en-US","potentialAction":[{"@type":"ReadAction","target":["https:\/\/galli.ch\/uhren\/tudor\/black-bay\/burgundy-m7941a1a0ru-0003\/"]}]},{"@type":"ImageObject","inLanguage":"en-US","@id":"https:\/\/galli.ch\/uhren\/tudor\/black-bay\/burgundy-m7941a1a0ru-0003\/#primaryimage","url":"https:\/\/galli.ch\/wp-content\/uploads\/tudor-m7941a1a0ru-0003.png","contentUrl":"https:\/\/galli.ch\/wp-content\/uploads\/tudor-m7941a1a0ru-0003.png","width":1000,"height":1400,"caption":"tudor-black-bay-burgundy-m7941a1a0ru-0003"},{"@type":"BreadcrumbList","@id":"https:\/\/galli.ch\/uhren\/tudor\/black-bay\/burgundy-m7941a1a0ru-0003\/#breadcrumb","itemListElement":[{"@type":"ListItem","position":1,"name":"Home","item":"https:\/\/galli.ch\/en\/"},{"@type":"ListItem","position":2,"name":"Uhren","item":"https:\/\/galli.ch\/en\/uhren\/"},{"@type":"ListItem","position":3,"name":"Tudor Black Bay"}]},{"@type":"WebSite","@id":"http:\/\/galli.ch\/en\/#website","url":"http:\/\/galli.ch\/en\/","name":"Galli Uhren Bijouterie","description":"","potentialAction":[{"@type":"SearchAction","target":{"@type":"EntryPoint","urlTemplate":"http:\/\/galli.ch\/en\/?s={search_term_string}"},"query-input":{"@type":"PropertyValueSpecification","valueRequired":true,"valueName":"search_term_string"}}],"inLanguage":"en-US"}]}},"_links":{"self":[{"href":"https:\/\/galli.ch\/en\/wp-json\/wp\/v2\/product\/17960","targetHints":{"allow":["GET"]}}],"collection":[{"href":"https:\/\/galli.ch\/en\/wp-json\/wp\/v2\/product"}],"about":[{"href":"https:\/\/galli.ch\/en\/wp-json\/wp\/v2\/types\/product"}],"wp:featuredmedia":[{"embeddable":true,"href":"https:\/\/galli.ch\/en\/wp-json\/wp\/v2\/media\/17864"}],"wp:attachment":[{"href":"https:\/\/galli.ch\/en\/wp-json\/wp\/v2\/media?parent=17960"}],"wp:term":[{"taxonomy":"product_brand","embeddable":true,"href":"https:\/\/galli.ch\/en\/wp-json\/wp\/v2\/product_brand?post=17960"},{"taxonomy":"product_cat","embeddable":true,"href":"https:\/\/galli.ch\/en\/wp-json\/wp\/v2\/product_cat?post=17960"},{"taxonomy":"product_tag","embeddable":true,"href":"https:\/\/galli.ch\/en\/wp-json\/wp\/v2\/product_tag?post=17960"}],"curies":[{"name":"wp","href":"https:\/\/api.w.org\/{rel}","templated":true}]}}