{"id":17966,"date":"2023-03-27T17:23:51","date_gmt":"2023-03-27T15:23:51","guid":{"rendered":"https:\/\/galli.ch\/?post_type=product&#038;p=17966"},"modified":"2026-04-20T18:15:06","modified_gmt":"2026-04-20T16:15:06","slug":"m79000n-0002","status":"publish","type":"product","link":"https:\/\/galli.ch\/en\/uhren\/tudor\/black-bay-54\/m79000n-0002\/","title":{"rendered":"Tudor Black Bay 54"},"content":{"rendered":"<div class=\"sc-gfqkcP boWfZO\">\n<div class=\"sc-dGXBhE Cdgrf\">\n<p class=\"sc-egiyK sc-jWaEpP hjXiMs jgdoai\">TUDOR pr\u00e4sentiert eine neue Erg\u00e4nzung der Black Bay Linie, welche die moderne Essenz der allerersten Taucheruhr der Marke verk\u00f6rpert. 1954 wurde die Referenz\u00a07922 vorgestellt. Heute erinnert die Black Bay\u00a054 mit einem Geh\u00e4use von 37\u00a0mm und einem Manufakturwerk an dieses\u00a0Modell.<\/p>\n<\/div>\n<\/div>\n<section>\n<div class=\"sc-jQbROH cqQxcl\">\n<div class=\"sc-hvoJYN kaVPrA\">\n<div class=\"sc-izUTpy hXaZEl\">\n<div class=\"sc-dGXKQl dMctpW\">Dennoch zeichnet sich das Modell durch die technische Leistungs\u00adf\u00e4higkeit von TUDORs einmaligem Manufaktur\u00adwerk Kaliber\u00a0MT5400 sowie eine Wasserdichtigkeit bis 200\u00a0Meter Tiefe\u00a0aus.<\/div>\n<\/div>\n<\/div>\n<\/div>\n<\/section>\n","protected":false},"excerpt":{"rendered":"<p>TUDOR pr\u00e4sentiert eine neue Erg\u00e4nzung der Black Bay Linie, welche die moderne Essenz der allerersten Taucheruhr der Marke verk\u00f6rpert. 1954 wurde die Referenz\u00a07922 vorgestellt. Heute erinnert die Black Bay\u00a054 mit einem Geh\u00e4use von 37\u00a0mm und einem Manufakturwerk an dieses\u00a0Modell. Dennoch zeichnet sich das Modell durch die technische Leistungs\u00adf\u00e4higkeit von TUDORs einmaligem Manufaktur\u00adwerk Kaliber\u00a0MT5400 sowie eine&#8230;  <a class=\"excerpt-read-more\" href=\"https:\/\/galli.ch\/en\/uhren\/tudor\/black-bay-54\/m79000n-0002\/\" title=\"Read Tudor Black Bay 54\">Weiter &raquo;<\/a><\/p>\n","protected":false},"featured_media":17900,"template":"","meta":{"_acf_changed":false,"inline_featured_image":false},"product_brand":[],"product_cat":[188],"product_tag":[],"class_list":{"0":"post-17966","1":"product","2":"type-product","3":"status-publish","4":"has-post-thumbnail","6":"uhrenhersteller-tudor","7":"uhrenhersteller-black-bay-54","8":"product_cat-uhren","10":"first","11":"instock","12":"taxable","13":"shipping-taxable","14":"purchasable","15":"product-type-simple"},"acf":[],"yoast_head":"<!-- This site is optimized with the Yoast SEO plugin v25.5 - https:\/\/yoast.com\/wordpress\/plugins\/seo\/ -->\n<title>Tudor Black Bay 54 - Galli Uhren Bijouterie<\/title>\n<meta name=\"robots\" content=\"index, follow, max-snippet:-1, max-image-preview:large, max-video-preview:-1\" \/>\n<link rel=\"canonical\" href=\"https:\/\/galli.ch\/uhren\/tudor\/black-bay-54\/m79000n-0002\/\" \/>\n<meta property=\"og:locale\" content=\"en_US\" \/>\n<meta property=\"og:type\" content=\"article\" \/>\n<meta property=\"og:title\" content=\"Tudor Black Bay 54 - Galli Uhren Bijouterie\" \/>\n<meta property=\"og:description\" content=\"TUDOR pr\u00e4sentiert eine neue Erg\u00e4nzung der Black Bay Linie, welche die moderne Essenz der allerersten Taucheruhr der Marke verk\u00f6rpert. 1954 wurde die Referenz\u00a07922 vorgestellt. Heute erinnert die Black Bay\u00a054 mit einem Geh\u00e4use von 37\u00a0mm und einem Manufakturwerk an dieses\u00a0Modell. Dennoch zeichnet sich das Modell durch die technische Leistungs\u00adf\u00e4higkeit von TUDORs einmaligem Manufaktur\u00adwerk Kaliber\u00a0MT5400 sowie eine... Weiter &raquo;\" \/>\n<meta property=\"og:url\" content=\"https:\/\/galli.ch\/uhren\/tudor\/black-bay-54\/m79000n-0002\/\" \/>\n<meta property=\"og:site_name\" content=\"Galli Uhren Bijouterie\" \/>\n<meta property=\"article:modified_time\" content=\"2026-04-20T16:15:06+00:00\" \/>\n<meta property=\"og:image\" content=\"https:\/\/galli.ch\/wp-content\/uploads\/tudor-m79000n-0002.png\" \/>\n\t<meta property=\"og:image:width\" content=\"1000\" \/>\n\t<meta property=\"og:image:height\" content=\"1400\" \/>\n\t<meta property=\"og:image:type\" content=\"image\/png\" \/>\n<meta name=\"twitter:card\" content=\"summary_large_image\" \/>\n<script type=\"application\/ld+json\" class=\"yoast-schema-graph\">{\"@context\":\"https:\/\/schema.org\",\"@graph\":[{\"@type\":\"WebPage\",\"@id\":\"https:\/\/galli.ch\/uhren\/tudor\/black-bay-54\/m79000n-0002\/\",\"url\":\"https:\/\/galli.ch\/uhren\/tudor\/black-bay-54\/m79000n-0002\/\",\"name\":\"Tudor Black Bay 54 - Galli Uhren Bijouterie\",\"isPartOf\":{\"@id\":\"http:\/\/galli.ch\/en\/#website\"},\"primaryImageOfPage\":{\"@id\":\"https:\/\/galli.ch\/uhren\/tudor\/black-bay-54\/m79000n-0002\/#primaryimage\"},\"image\":{\"@id\":\"https:\/\/galli.ch\/uhren\/tudor\/black-bay-54\/m79000n-0002\/#primaryimage\"},\"thumbnailUrl\":\"https:\/\/galli.ch\/wp-content\/uploads\/tudor-m79000n-0002.png\",\"datePublished\":\"2023-03-27T15:23:51+00:00\",\"dateModified\":\"2026-04-20T16:15:06+00:00\",\"breadcrumb\":{\"@id\":\"https:\/\/galli.ch\/uhren\/tudor\/black-bay-54\/m79000n-0002\/#breadcrumb\"},\"inLanguage\":\"en-US\",\"potentialAction\":[{\"@type\":\"ReadAction\",\"target\":[\"https:\/\/galli.ch\/uhren\/tudor\/black-bay-54\/m79000n-0002\/\"]}]},{\"@type\":\"ImageObject\",\"inLanguage\":\"en-US\",\"@id\":\"https:\/\/galli.ch\/uhren\/tudor\/black-bay-54\/m79000n-0002\/#primaryimage\",\"url\":\"https:\/\/galli.ch\/wp-content\/uploads\/tudor-m79000n-0002.png\",\"contentUrl\":\"https:\/\/galli.ch\/wp-content\/uploads\/tudor-m79000n-0002.png\",\"width\":1000,\"height\":1400,\"caption\":\"tudor-m79000n-0002\"},{\"@type\":\"BreadcrumbList\",\"@id\":\"https:\/\/galli.ch\/uhren\/tudor\/black-bay-54\/m79000n-0002\/#breadcrumb\",\"itemListElement\":[{\"@type\":\"ListItem\",\"position\":1,\"name\":\"Home\",\"item\":\"https:\/\/galli.ch\/en\/\"},{\"@type\":\"ListItem\",\"position\":2,\"name\":\"Uhren\",\"item\":\"https:\/\/galli.ch\/en\/uhren\/\"},{\"@type\":\"ListItem\",\"position\":3,\"name\":\"Tudor Black Bay 54\"}]},{\"@type\":\"WebSite\",\"@id\":\"http:\/\/galli.ch\/en\/#website\",\"url\":\"http:\/\/galli.ch\/en\/\",\"name\":\"Galli Uhren Bijouterie\",\"description\":\"\",\"potentialAction\":[{\"@type\":\"SearchAction\",\"target\":{\"@type\":\"EntryPoint\",\"urlTemplate\":\"http:\/\/galli.ch\/en\/?s={search_term_string}\"},\"query-input\":{\"@type\":\"PropertyValueSpecification\",\"valueRequired\":true,\"valueName\":\"search_term_string\"}}],\"inLanguage\":\"en-US\"}]}<\/script>\n<!-- \/ Yoast SEO plugin. -->","yoast_head_json":{"title":"Tudor Black Bay 54 - Galli Uhren Bijouterie","robots":{"index":"index","follow":"follow","max-snippet":"max-snippet:-1","max-image-preview":"max-image-preview:large","max-video-preview":"max-video-preview:-1"},"canonical":"https:\/\/galli.ch\/uhren\/tudor\/black-bay-54\/m79000n-0002\/","og_locale":"en_US","og_type":"article","og_title":"Tudor Black Bay 54 - Galli Uhren Bijouterie","og_description":"TUDOR pr\u00e4sentiert eine neue Erg\u00e4nzung der Black Bay Linie, welche die moderne Essenz der allerersten Taucheruhr der Marke verk\u00f6rpert. 1954 wurde die Referenz\u00a07922 vorgestellt. Heute erinnert die Black Bay\u00a054 mit einem Geh\u00e4use von 37\u00a0mm und einem Manufakturwerk an dieses\u00a0Modell. Dennoch zeichnet sich das Modell durch die technische Leistungs\u00adf\u00e4higkeit von TUDORs einmaligem Manufaktur\u00adwerk Kaliber\u00a0MT5400 sowie eine... Weiter &raquo;","og_url":"https:\/\/galli.ch\/uhren\/tudor\/black-bay-54\/m79000n-0002\/","og_site_name":"Galli Uhren Bijouterie","article_modified_time":"2026-04-20T16:15:06+00:00","og_image":[{"width":1000,"height":1400,"url":"https:\/\/galli.ch\/wp-content\/uploads\/tudor-m79000n-0002.png","type":"image\/png"}],"twitter_card":"summary_large_image","schema":{"@context":"https:\/\/schema.org","@graph":[{"@type":"WebPage","@id":"https:\/\/galli.ch\/uhren\/tudor\/black-bay-54\/m79000n-0002\/","url":"https:\/\/galli.ch\/uhren\/tudor\/black-bay-54\/m79000n-0002\/","name":"Tudor Black Bay 54 - Galli Uhren Bijouterie","isPartOf":{"@id":"http:\/\/galli.ch\/en\/#website"},"primaryImageOfPage":{"@id":"https:\/\/galli.ch\/uhren\/tudor\/black-bay-54\/m79000n-0002\/#primaryimage"},"image":{"@id":"https:\/\/galli.ch\/uhren\/tudor\/black-bay-54\/m79000n-0002\/#primaryimage"},"thumbnailUrl":"https:\/\/galli.ch\/wp-content\/uploads\/tudor-m79000n-0002.png","datePublished":"2023-03-27T15:23:51+00:00","dateModified":"2026-04-20T16:15:06+00:00","breadcrumb":{"@id":"https:\/\/galli.ch\/uhren\/tudor\/black-bay-54\/m79000n-0002\/#breadcrumb"},"inLanguage":"en-US","potentialAction":[{"@type":"ReadAction","target":["https:\/\/galli.ch\/uhren\/tudor\/black-bay-54\/m79000n-0002\/"]}]},{"@type":"ImageObject","inLanguage":"en-US","@id":"https:\/\/galli.ch\/uhren\/tudor\/black-bay-54\/m79000n-0002\/#primaryimage","url":"https:\/\/galli.ch\/wp-content\/uploads\/tudor-m79000n-0002.png","contentUrl":"https:\/\/galli.ch\/wp-content\/uploads\/tudor-m79000n-0002.png","width":1000,"height":1400,"caption":"tudor-m79000n-0002"},{"@type":"BreadcrumbList","@id":"https:\/\/galli.ch\/uhren\/tudor\/black-bay-54\/m79000n-0002\/#breadcrumb","itemListElement":[{"@type":"ListItem","position":1,"name":"Home","item":"https:\/\/galli.ch\/en\/"},{"@type":"ListItem","position":2,"name":"Uhren","item":"https:\/\/galli.ch\/en\/uhren\/"},{"@type":"ListItem","position":3,"name":"Tudor Black Bay 54"}]},{"@type":"WebSite","@id":"http:\/\/galli.ch\/en\/#website","url":"http:\/\/galli.ch\/en\/","name":"Galli Uhren Bijouterie","description":"","potentialAction":[{"@type":"SearchAction","target":{"@type":"EntryPoint","urlTemplate":"http:\/\/galli.ch\/en\/?s={search_term_string}"},"query-input":{"@type":"PropertyValueSpecification","valueRequired":true,"valueName":"search_term_string"}}],"inLanguage":"en-US"}]}},"_links":{"self":[{"href":"https:\/\/galli.ch\/en\/wp-json\/wp\/v2\/product\/17966","targetHints":{"allow":["GET"]}}],"collection":[{"href":"https:\/\/galli.ch\/en\/wp-json\/wp\/v2\/product"}],"about":[{"href":"https:\/\/galli.ch\/en\/wp-json\/wp\/v2\/types\/product"}],"wp:featuredmedia":[{"embeddable":true,"href":"https:\/\/galli.ch\/en\/wp-json\/wp\/v2\/media\/17900"}],"wp:attachment":[{"href":"https:\/\/galli.ch\/en\/wp-json\/wp\/v2\/media?parent=17966"}],"wp:term":[{"taxonomy":"product_brand","embeddable":true,"href":"https:\/\/galli.ch\/en\/wp-json\/wp\/v2\/product_brand?post=17966"},{"taxonomy":"product_cat","embeddable":true,"href":"https:\/\/galli.ch\/en\/wp-json\/wp\/v2\/product_cat?post=17966"},{"taxonomy":"product_tag","embeddable":true,"href":"https:\/\/galli.ch\/en\/wp-json\/wp\/v2\/product_tag?post=17966"}],"curies":[{"name":"wp","href":"https:\/\/api.w.org\/{rel}","templated":true}]}}