{"id":17979,"date":"2023-03-27T19:25:20","date_gmt":"2023-03-27T17:25:20","guid":{"rendered":"https:\/\/galli.ch\/?post_type=product&#038;p=17979"},"modified":"2026-03-30T10:15:50","modified_gmt":"2026-03-30T08:15:50","slug":"m79830rb-0012","status":"publish","type":"product","link":"https:\/\/galli.ch\/en\/uhren\/tudor\/black-bay-gmt\/m79830rb-0012\/","title":{"rendered":"Tudor Black Bay GMT"},"content":{"rendered":"<div class=\"sc-gfqkcP boWfZO\">\n<div class=\"sc-dGXBhE Cdgrf\">\n<p class=\"sc-egiyK sc-jWaEpP hjXiMs jgdoai\">Die ber\u00fchmte Taucheruhr Black Bay von TUDOR ist mit einer GMT\u2011Funktion erh\u00e4ltlich, die die Lokalzeit bestimmt und gleichzeitig die Zeit in zwei weiteren Zeitzonen anzeigt. Die Black Bay\u00a0GMT ist mit dem Manufakturwerk Kaliber\u00a0MT5652 ausgestattet und verf\u00fcgt \u00fcber eine drehbare L\u00fcnette mit 24\u2011Stunden-Graduierung in zwei\u00a0Farben.<\/p>\n<\/div>\n<\/div>\n<section>\n<div class=\"sc-jdXHFF eAUKIP\">\n<div class=\"sc-dmquGW esQMVJ\">\n<div class=\"sc-fOfeEA fiHJqw\">\n<div class=\"sc-iUCjyN ernwHV\"><\/div>\n<\/div>\n<\/div>\n<\/div>\n<\/section>\n","protected":false},"excerpt":{"rendered":"<p>Die ber\u00fchmte Taucheruhr Black Bay von TUDOR ist mit einer GMT\u2011Funktion erh\u00e4ltlich, die die Lokalzeit bestimmt und gleichzeitig die Zeit in zwei weiteren Zeitzonen anzeigt. Die Black Bay\u00a0GMT ist mit dem Manufakturwerk Kaliber\u00a0MT5652 ausgestattet und verf\u00fcgt \u00fcber eine drehbare L\u00fcnette mit 24\u2011Stunden-Graduierung in zwei\u00a0Farben.<\/p>\n","protected":false},"featured_media":17952,"template":"","meta":{"_acf_changed":false,"inline_featured_image":false},"product_brand":[],"product_cat":[188],"product_tag":[],"class_list":{"0":"post-17979","1":"product","2":"type-product","3":"status-publish","4":"has-post-thumbnail","6":"uhrenhersteller-tudor","7":"uhrenhersteller-black-bay-gmt","8":"product_cat-uhren","10":"first","11":"outofstock","12":"taxable","13":"shipping-taxable","14":"purchasable","15":"product-type-simple"},"acf":[],"yoast_head":"<!-- This site is optimized with the Yoast SEO plugin v25.5 - https:\/\/yoast.com\/wordpress\/plugins\/seo\/ -->\n<title>Tudor Tudor Black Bay GMT - Galli Uhren Bijouterie<\/title>\n<meta name=\"robots\" content=\"index, follow, max-snippet:-1, max-image-preview:large, max-video-preview:-1\" \/>\n<link rel=\"canonical\" href=\"https:\/\/galli.ch\/uhren\/tudor\/black-bay-gmt\/m79830rb-0012\/\" \/>\n<meta property=\"og:locale\" content=\"en_US\" \/>\n<meta property=\"og:type\" content=\"article\" \/>\n<meta property=\"og:title\" content=\"Tudor Tudor Black Bay GMT - Galli Uhren Bijouterie\" \/>\n<meta property=\"og:description\" content=\"Die ber\u00fchmte Taucheruhr Black Bay von TUDOR ist mit einer GMT\u2011Funktion erh\u00e4ltlich, die die Lokalzeit bestimmt und gleichzeitig die Zeit in zwei weiteren Zeitzonen anzeigt. Die Black Bay\u00a0GMT ist mit dem Manufakturwerk Kaliber\u00a0MT5652 ausgestattet und verf\u00fcgt \u00fcber eine drehbare L\u00fcnette mit 24\u2011Stunden-Graduierung in zwei\u00a0Farben.\" \/>\n<meta property=\"og:url\" content=\"https:\/\/galli.ch\/uhren\/tudor\/black-bay-gmt\/m79830rb-0012\/\" \/>\n<meta property=\"og:site_name\" content=\"Galli Uhren Bijouterie\" \/>\n<meta property=\"article:modified_time\" content=\"2026-03-30T08:15:50+00:00\" \/>\n<meta property=\"og:image\" content=\"https:\/\/galli.ch\/wp-content\/uploads\/tudor-m79830rb-0012.png\" \/>\n\t<meta property=\"og:image:width\" content=\"1000\" \/>\n\t<meta property=\"og:image:height\" content=\"1400\" \/>\n\t<meta property=\"og:image:type\" content=\"image\/png\" \/>\n<meta name=\"twitter:card\" content=\"summary_large_image\" \/>\n<script type=\"application\/ld+json\" class=\"yoast-schema-graph\">{\"@context\":\"https:\/\/schema.org\",\"@graph\":[{\"@type\":\"WebPage\",\"@id\":\"https:\/\/galli.ch\/uhren\/tudor\/black-bay-gmt\/m79830rb-0012\/\",\"url\":\"https:\/\/galli.ch\/uhren\/tudor\/black-bay-gmt\/m79830rb-0012\/\",\"name\":\"Tudor Tudor Black Bay GMT - Galli Uhren Bijouterie\",\"isPartOf\":{\"@id\":\"http:\/\/galli.ch\/en\/#website\"},\"primaryImageOfPage\":{\"@id\":\"https:\/\/galli.ch\/uhren\/tudor\/black-bay-gmt\/m79830rb-0012\/#primaryimage\"},\"image\":{\"@id\":\"https:\/\/galli.ch\/uhren\/tudor\/black-bay-gmt\/m79830rb-0012\/#primaryimage\"},\"thumbnailUrl\":\"https:\/\/galli.ch\/wp-content\/uploads\/tudor-m79830rb-0012.png\",\"datePublished\":\"2023-03-27T17:25:20+00:00\",\"dateModified\":\"2026-03-30T08:15:50+00:00\",\"breadcrumb\":{\"@id\":\"https:\/\/galli.ch\/uhren\/tudor\/black-bay-gmt\/m79830rb-0012\/#breadcrumb\"},\"inLanguage\":\"en-US\",\"potentialAction\":[{\"@type\":\"ReadAction\",\"target\":[\"https:\/\/galli.ch\/uhren\/tudor\/black-bay-gmt\/m79830rb-0012\/\"]}]},{\"@type\":\"ImageObject\",\"inLanguage\":\"en-US\",\"@id\":\"https:\/\/galli.ch\/uhren\/tudor\/black-bay-gmt\/m79830rb-0012\/#primaryimage\",\"url\":\"https:\/\/galli.ch\/wp-content\/uploads\/tudor-m79830rb-0012.png\",\"contentUrl\":\"https:\/\/galli.ch\/wp-content\/uploads\/tudor-m79830rb-0012.png\",\"width\":1000,\"height\":1400,\"caption\":\"tudor-m79830rb-0012\"},{\"@type\":\"BreadcrumbList\",\"@id\":\"https:\/\/galli.ch\/uhren\/tudor\/black-bay-gmt\/m79830rb-0012\/#breadcrumb\",\"itemListElement\":[{\"@type\":\"ListItem\",\"position\":1,\"name\":\"Home\",\"item\":\"https:\/\/galli.ch\/en\/\"},{\"@type\":\"ListItem\",\"position\":2,\"name\":\"Uhren\",\"item\":\"https:\/\/galli.ch\/en\/uhren\/\"},{\"@type\":\"ListItem\",\"position\":3,\"name\":\"Tudor Black Bay GMT\"}]},{\"@type\":\"WebSite\",\"@id\":\"http:\/\/galli.ch\/en\/#website\",\"url\":\"http:\/\/galli.ch\/en\/\",\"name\":\"Galli Uhren Bijouterie\",\"description\":\"\",\"potentialAction\":[{\"@type\":\"SearchAction\",\"target\":{\"@type\":\"EntryPoint\",\"urlTemplate\":\"http:\/\/galli.ch\/en\/?s={search_term_string}\"},\"query-input\":{\"@type\":\"PropertyValueSpecification\",\"valueRequired\":true,\"valueName\":\"search_term_string\"}}],\"inLanguage\":\"en-US\"}]}<\/script>\n<!-- \/ Yoast SEO plugin. -->","yoast_head_json":{"title":"Tudor Tudor Black Bay GMT - Galli Uhren Bijouterie","robots":{"index":"index","follow":"follow","max-snippet":"max-snippet:-1","max-image-preview":"max-image-preview:large","max-video-preview":"max-video-preview:-1"},"canonical":"https:\/\/galli.ch\/uhren\/tudor\/black-bay-gmt\/m79830rb-0012\/","og_locale":"en_US","og_type":"article","og_title":"Tudor Tudor Black Bay GMT - Galli Uhren Bijouterie","og_description":"Die ber\u00fchmte Taucheruhr Black Bay von TUDOR ist mit einer GMT\u2011Funktion erh\u00e4ltlich, die die Lokalzeit bestimmt und gleichzeitig die Zeit in zwei weiteren Zeitzonen anzeigt. Die Black Bay\u00a0GMT ist mit dem Manufakturwerk Kaliber\u00a0MT5652 ausgestattet und verf\u00fcgt \u00fcber eine drehbare L\u00fcnette mit 24\u2011Stunden-Graduierung in zwei\u00a0Farben.","og_url":"https:\/\/galli.ch\/uhren\/tudor\/black-bay-gmt\/m79830rb-0012\/","og_site_name":"Galli Uhren Bijouterie","article_modified_time":"2026-03-30T08:15:50+00:00","og_image":[{"width":1000,"height":1400,"url":"https:\/\/galli.ch\/wp-content\/uploads\/tudor-m79830rb-0012.png","type":"image\/png"}],"twitter_card":"summary_large_image","schema":{"@context":"https:\/\/schema.org","@graph":[{"@type":"WebPage","@id":"https:\/\/galli.ch\/uhren\/tudor\/black-bay-gmt\/m79830rb-0012\/","url":"https:\/\/galli.ch\/uhren\/tudor\/black-bay-gmt\/m79830rb-0012\/","name":"Tudor Tudor Black Bay GMT - Galli Uhren Bijouterie","isPartOf":{"@id":"http:\/\/galli.ch\/en\/#website"},"primaryImageOfPage":{"@id":"https:\/\/galli.ch\/uhren\/tudor\/black-bay-gmt\/m79830rb-0012\/#primaryimage"},"image":{"@id":"https:\/\/galli.ch\/uhren\/tudor\/black-bay-gmt\/m79830rb-0012\/#primaryimage"},"thumbnailUrl":"https:\/\/galli.ch\/wp-content\/uploads\/tudor-m79830rb-0012.png","datePublished":"2023-03-27T17:25:20+00:00","dateModified":"2026-03-30T08:15:50+00:00","breadcrumb":{"@id":"https:\/\/galli.ch\/uhren\/tudor\/black-bay-gmt\/m79830rb-0012\/#breadcrumb"},"inLanguage":"en-US","potentialAction":[{"@type":"ReadAction","target":["https:\/\/galli.ch\/uhren\/tudor\/black-bay-gmt\/m79830rb-0012\/"]}]},{"@type":"ImageObject","inLanguage":"en-US","@id":"https:\/\/galli.ch\/uhren\/tudor\/black-bay-gmt\/m79830rb-0012\/#primaryimage","url":"https:\/\/galli.ch\/wp-content\/uploads\/tudor-m79830rb-0012.png","contentUrl":"https:\/\/galli.ch\/wp-content\/uploads\/tudor-m79830rb-0012.png","width":1000,"height":1400,"caption":"tudor-m79830rb-0012"},{"@type":"BreadcrumbList","@id":"https:\/\/galli.ch\/uhren\/tudor\/black-bay-gmt\/m79830rb-0012\/#breadcrumb","itemListElement":[{"@type":"ListItem","position":1,"name":"Home","item":"https:\/\/galli.ch\/en\/"},{"@type":"ListItem","position":2,"name":"Uhren","item":"https:\/\/galli.ch\/en\/uhren\/"},{"@type":"ListItem","position":3,"name":"Tudor Black Bay GMT"}]},{"@type":"WebSite","@id":"http:\/\/galli.ch\/en\/#website","url":"http:\/\/galli.ch\/en\/","name":"Galli Uhren Bijouterie","description":"","potentialAction":[{"@type":"SearchAction","target":{"@type":"EntryPoint","urlTemplate":"http:\/\/galli.ch\/en\/?s={search_term_string}"},"query-input":{"@type":"PropertyValueSpecification","valueRequired":true,"valueName":"search_term_string"}}],"inLanguage":"en-US"}]}},"_links":{"self":[{"href":"https:\/\/galli.ch\/en\/wp-json\/wp\/v2\/product\/17979","targetHints":{"allow":["GET"]}}],"collection":[{"href":"https:\/\/galli.ch\/en\/wp-json\/wp\/v2\/product"}],"about":[{"href":"https:\/\/galli.ch\/en\/wp-json\/wp\/v2\/types\/product"}],"wp:featuredmedia":[{"embeddable":true,"href":"https:\/\/galli.ch\/en\/wp-json\/wp\/v2\/media\/17952"}],"wp:attachment":[{"href":"https:\/\/galli.ch\/en\/wp-json\/wp\/v2\/media?parent=17979"}],"wp:term":[{"taxonomy":"product_brand","embeddable":true,"href":"https:\/\/galli.ch\/en\/wp-json\/wp\/v2\/product_brand?post=17979"},{"taxonomy":"product_cat","embeddable":true,"href":"https:\/\/galli.ch\/en\/wp-json\/wp\/v2\/product_cat?post=17979"},{"taxonomy":"product_tag","embeddable":true,"href":"https:\/\/galli.ch\/en\/wp-json\/wp\/v2\/product_tag?post=17979"}],"curies":[{"name":"wp","href":"https:\/\/api.w.org\/{rel}","templated":true}]}}