{"id":18016,"date":"2023-03-29T14:11:21","date_gmt":"2023-03-29T12:11:21","guid":{"rendered":"https:\/\/galli.ch\/?post_type=product&#038;p=18016"},"modified":"2026-01-01T11:47:53","modified_gmt":"2026-01-01T10:47:53","slug":"black-bay-36-m79640-0006","status":"publish","type":"product","link":"https:\/\/galli.ch\/en\/uhren\/tudor\/black-bay-31-36-39-41\/black-bay-36-m79640-0006\/","title":{"rendered":"Tudor Black Bay 36"},"content":{"rendered":"<div class=\"sc-gfqkcP boWfZO\">\n<div class=\"sc-dGXBhE Cdgrf\">\n<p class=\"sc-egiyK sc-jWaEpP hjXiMs jgdoai\">Die Black Bay\u00a031, 36, 39 und\u00a041 Modelle verleihen der Black Bay Linie eine einzigartige \u00c4sthetik. Ihre abgerundeten Geh\u00e4use weichen leicht vom Stil der legend\u00e4ren Funktionsuhr der Marke ab, um mit raffinierter vielseitiger Unisex-Eleganz zu\u00a0\u00fcberzeugen.<\/p>\n<\/div>\n<\/div>\n<section>\n<div class=\"sc-lcLUZz ikNKnv\">\n<div class=\"sc-krduYZ jIEGmP\">\n<div class=\"sc-gulkZw gfZmpe\">\n<div class=\"sc-dmvcBB kPGudb\">Alle Modelle sind mit Manufaktur\u00adwerken ausgestattet und in vier Gr\u00f6ssen erh\u00e4ltlich. Sie verf\u00fcgen dar\u00fcber hinaus \u00fcber eine robuste Schliesse in Edelstahl 316L mit dem TUDOR \u201eT\u2011fit\u201c-System zum schnellen Verstellen der L\u00e4nge. Dieses praktische und ohne zus\u00e4tzliche Hilfsmittel zu bedienende System bietet f\u00fcnf Positionen und erm\u00f6glicht Tr\u00e4gern der Uhr eine direkte Einstellung des Armbands \u00fcber eine L\u00e4nge von 8 mm.<\/div>\n<\/div>\n<\/div>\n<\/div>\n<\/section>\n","protected":false},"excerpt":{"rendered":"<p>Die Black Bay\u00a031, 36, 39 und\u00a041 Modelle verleihen der Black Bay Linie eine einzigartige \u00c4sthetik. Ihre abgerundeten Geh\u00e4use weichen leicht vom Stil der legend\u00e4ren Funktionsuhr der Marke ab, um mit raffinierter vielseitiger Unisex-Eleganz zu\u00a0\u00fcberzeugen. Alle Modelle sind mit Manufaktur\u00adwerken ausgestattet und in vier Gr\u00f6ssen erh\u00e4ltlich. Sie verf\u00fcgen dar\u00fcber hinaus \u00fcber eine robuste Schliesse in Edelstahl&#8230;  <a class=\"excerpt-read-more\" href=\"https:\/\/galli.ch\/en\/uhren\/tudor\/black-bay-31-36-39-41\/black-bay-36-m79640-0006\/\" title=\"Read Tudor Black Bay 36\">Weiter &raquo;<\/a><\/p>\n","protected":false},"featured_media":17924,"template":"","meta":{"_acf_changed":false,"inline_featured_image":false},"product_brand":[],"product_cat":[188],"product_tag":[],"class_list":{"0":"post-18016","1":"product","2":"type-product","3":"status-publish","4":"has-post-thumbnail","6":"uhrenhersteller-tudor","7":"uhrenhersteller-black-bay-31-36-39-41","8":"product_cat-uhren","10":"first","11":"outofstock","12":"taxable","13":"shipping-taxable","14":"purchasable","15":"product-type-simple"},"acf":[],"yoast_head":"<!-- This site is optimized with the Yoast SEO plugin v25.5 - https:\/\/yoast.com\/wordpress\/plugins\/seo\/ -->\n<title>Tudor Tudor Black Bay 36 - Galli Uhren Bijouterie<\/title>\n<meta name=\"robots\" content=\"index, follow, max-snippet:-1, max-image-preview:large, max-video-preview:-1\" \/>\n<link rel=\"canonical\" href=\"https:\/\/galli.ch\/uhren\/tudor\/black-bay-31-36-39-41\/black-bay-36-m79640-0006\/\" \/>\n<meta property=\"og:locale\" content=\"en_US\" \/>\n<meta property=\"og:type\" content=\"article\" \/>\n<meta property=\"og:title\" content=\"Tudor Tudor Black Bay 36 - Galli Uhren Bijouterie\" \/>\n<meta property=\"og:description\" content=\"Die Black Bay\u00a031, 36, 39 und\u00a041 Modelle verleihen der Black Bay Linie eine einzigartige \u00c4sthetik. Ihre abgerundeten Geh\u00e4use weichen leicht vom Stil der legend\u00e4ren Funktionsuhr der Marke ab, um mit raffinierter vielseitiger Unisex-Eleganz zu\u00a0\u00fcberzeugen. Alle Modelle sind mit Manufaktur\u00adwerken ausgestattet und in vier Gr\u00f6ssen erh\u00e4ltlich. Sie verf\u00fcgen dar\u00fcber hinaus \u00fcber eine robuste Schliesse in Edelstahl... Weiter &raquo;\" \/>\n<meta property=\"og:url\" content=\"https:\/\/galli.ch\/uhren\/tudor\/black-bay-31-36-39-41\/black-bay-36-m79640-0006\/\" \/>\n<meta property=\"og:site_name\" content=\"Galli Uhren Bijouterie\" \/>\n<meta property=\"article:modified_time\" content=\"2026-01-01T10:47:53+00:00\" \/>\n<meta property=\"og:image\" content=\"https:\/\/galli.ch\/wp-content\/uploads\/tudor-m79640-0006.png\" \/>\n\t<meta property=\"og:image:width\" content=\"1000\" \/>\n\t<meta property=\"og:image:height\" content=\"1400\" \/>\n\t<meta property=\"og:image:type\" content=\"image\/png\" \/>\n<meta name=\"twitter:card\" content=\"summary_large_image\" \/>\n<script type=\"application\/ld+json\" class=\"yoast-schema-graph\">{\"@context\":\"https:\/\/schema.org\",\"@graph\":[{\"@type\":\"WebPage\",\"@id\":\"https:\/\/galli.ch\/uhren\/tudor\/black-bay-31-36-39-41\/black-bay-36-m79640-0006\/\",\"url\":\"https:\/\/galli.ch\/uhren\/tudor\/black-bay-31-36-39-41\/black-bay-36-m79640-0006\/\",\"name\":\"Tudor Tudor Black Bay 36 - Galli Uhren Bijouterie\",\"isPartOf\":{\"@id\":\"http:\/\/galli.ch\/en\/#website\"},\"primaryImageOfPage\":{\"@id\":\"https:\/\/galli.ch\/uhren\/tudor\/black-bay-31-36-39-41\/black-bay-36-m79640-0006\/#primaryimage\"},\"image\":{\"@id\":\"https:\/\/galli.ch\/uhren\/tudor\/black-bay-31-36-39-41\/black-bay-36-m79640-0006\/#primaryimage\"},\"thumbnailUrl\":\"https:\/\/galli.ch\/wp-content\/uploads\/tudor-m79640-0006.png\",\"datePublished\":\"2023-03-29T12:11:21+00:00\",\"dateModified\":\"2026-01-01T10:47:53+00:00\",\"breadcrumb\":{\"@id\":\"https:\/\/galli.ch\/uhren\/tudor\/black-bay-31-36-39-41\/black-bay-36-m79640-0006\/#breadcrumb\"},\"inLanguage\":\"en-US\",\"potentialAction\":[{\"@type\":\"ReadAction\",\"target\":[\"https:\/\/galli.ch\/uhren\/tudor\/black-bay-31-36-39-41\/black-bay-36-m79640-0006\/\"]}]},{\"@type\":\"ImageObject\",\"inLanguage\":\"en-US\",\"@id\":\"https:\/\/galli.ch\/uhren\/tudor\/black-bay-31-36-39-41\/black-bay-36-m79640-0006\/#primaryimage\",\"url\":\"https:\/\/galli.ch\/wp-content\/uploads\/tudor-m79640-0006.png\",\"contentUrl\":\"https:\/\/galli.ch\/wp-content\/uploads\/tudor-m79640-0006.png\",\"width\":1000,\"height\":1400,\"caption\":\"tudor-black-bay-36-m79640-0006\"},{\"@type\":\"BreadcrumbList\",\"@id\":\"https:\/\/galli.ch\/uhren\/tudor\/black-bay-31-36-39-41\/black-bay-36-m79640-0006\/#breadcrumb\",\"itemListElement\":[{\"@type\":\"ListItem\",\"position\":1,\"name\":\"Home\",\"item\":\"https:\/\/galli.ch\/en\/\"},{\"@type\":\"ListItem\",\"position\":2,\"name\":\"Uhren\",\"item\":\"https:\/\/galli.ch\/en\/uhren\/\"},{\"@type\":\"ListItem\",\"position\":3,\"name\":\"Tudor Black Bay 36\"}]},{\"@type\":\"WebSite\",\"@id\":\"http:\/\/galli.ch\/en\/#website\",\"url\":\"http:\/\/galli.ch\/en\/\",\"name\":\"Galli Uhren Bijouterie\",\"description\":\"\",\"potentialAction\":[{\"@type\":\"SearchAction\",\"target\":{\"@type\":\"EntryPoint\",\"urlTemplate\":\"http:\/\/galli.ch\/en\/?s={search_term_string}\"},\"query-input\":{\"@type\":\"PropertyValueSpecification\",\"valueRequired\":true,\"valueName\":\"search_term_string\"}}],\"inLanguage\":\"en-US\"}]}<\/script>\n<!-- \/ Yoast SEO plugin. -->","yoast_head_json":{"title":"Tudor Tudor Black Bay 36 - Galli Uhren Bijouterie","robots":{"index":"index","follow":"follow","max-snippet":"max-snippet:-1","max-image-preview":"max-image-preview:large","max-video-preview":"max-video-preview:-1"},"canonical":"https:\/\/galli.ch\/uhren\/tudor\/black-bay-31-36-39-41\/black-bay-36-m79640-0006\/","og_locale":"en_US","og_type":"article","og_title":"Tudor Tudor Black Bay 36 - Galli Uhren Bijouterie","og_description":"Die Black Bay\u00a031, 36, 39 und\u00a041 Modelle verleihen der Black Bay Linie eine einzigartige \u00c4sthetik. Ihre abgerundeten Geh\u00e4use weichen leicht vom Stil der legend\u00e4ren Funktionsuhr der Marke ab, um mit raffinierter vielseitiger Unisex-Eleganz zu\u00a0\u00fcberzeugen. Alle Modelle sind mit Manufaktur\u00adwerken ausgestattet und in vier Gr\u00f6ssen erh\u00e4ltlich. Sie verf\u00fcgen dar\u00fcber hinaus \u00fcber eine robuste Schliesse in Edelstahl... Weiter &raquo;","og_url":"https:\/\/galli.ch\/uhren\/tudor\/black-bay-31-36-39-41\/black-bay-36-m79640-0006\/","og_site_name":"Galli Uhren Bijouterie","article_modified_time":"2026-01-01T10:47:53+00:00","og_image":[{"width":1000,"height":1400,"url":"https:\/\/galli.ch\/wp-content\/uploads\/tudor-m79640-0006.png","type":"image\/png"}],"twitter_card":"summary_large_image","schema":{"@context":"https:\/\/schema.org","@graph":[{"@type":"WebPage","@id":"https:\/\/galli.ch\/uhren\/tudor\/black-bay-31-36-39-41\/black-bay-36-m79640-0006\/","url":"https:\/\/galli.ch\/uhren\/tudor\/black-bay-31-36-39-41\/black-bay-36-m79640-0006\/","name":"Tudor Tudor Black Bay 36 - Galli Uhren Bijouterie","isPartOf":{"@id":"http:\/\/galli.ch\/en\/#website"},"primaryImageOfPage":{"@id":"https:\/\/galli.ch\/uhren\/tudor\/black-bay-31-36-39-41\/black-bay-36-m79640-0006\/#primaryimage"},"image":{"@id":"https:\/\/galli.ch\/uhren\/tudor\/black-bay-31-36-39-41\/black-bay-36-m79640-0006\/#primaryimage"},"thumbnailUrl":"https:\/\/galli.ch\/wp-content\/uploads\/tudor-m79640-0006.png","datePublished":"2023-03-29T12:11:21+00:00","dateModified":"2026-01-01T10:47:53+00:00","breadcrumb":{"@id":"https:\/\/galli.ch\/uhren\/tudor\/black-bay-31-36-39-41\/black-bay-36-m79640-0006\/#breadcrumb"},"inLanguage":"en-US","potentialAction":[{"@type":"ReadAction","target":["https:\/\/galli.ch\/uhren\/tudor\/black-bay-31-36-39-41\/black-bay-36-m79640-0006\/"]}]},{"@type":"ImageObject","inLanguage":"en-US","@id":"https:\/\/galli.ch\/uhren\/tudor\/black-bay-31-36-39-41\/black-bay-36-m79640-0006\/#primaryimage","url":"https:\/\/galli.ch\/wp-content\/uploads\/tudor-m79640-0006.png","contentUrl":"https:\/\/galli.ch\/wp-content\/uploads\/tudor-m79640-0006.png","width":1000,"height":1400,"caption":"tudor-black-bay-36-m79640-0006"},{"@type":"BreadcrumbList","@id":"https:\/\/galli.ch\/uhren\/tudor\/black-bay-31-36-39-41\/black-bay-36-m79640-0006\/#breadcrumb","itemListElement":[{"@type":"ListItem","position":1,"name":"Home","item":"https:\/\/galli.ch\/en\/"},{"@type":"ListItem","position":2,"name":"Uhren","item":"https:\/\/galli.ch\/en\/uhren\/"},{"@type":"ListItem","position":3,"name":"Tudor Black Bay 36"}]},{"@type":"WebSite","@id":"http:\/\/galli.ch\/en\/#website","url":"http:\/\/galli.ch\/en\/","name":"Galli Uhren Bijouterie","description":"","potentialAction":[{"@type":"SearchAction","target":{"@type":"EntryPoint","urlTemplate":"http:\/\/galli.ch\/en\/?s={search_term_string}"},"query-input":{"@type":"PropertyValueSpecification","valueRequired":true,"valueName":"search_term_string"}}],"inLanguage":"en-US"}]}},"_links":{"self":[{"href":"https:\/\/galli.ch\/en\/wp-json\/wp\/v2\/product\/18016","targetHints":{"allow":["GET"]}}],"collection":[{"href":"https:\/\/galli.ch\/en\/wp-json\/wp\/v2\/product"}],"about":[{"href":"https:\/\/galli.ch\/en\/wp-json\/wp\/v2\/types\/product"}],"wp:featuredmedia":[{"embeddable":true,"href":"https:\/\/galli.ch\/en\/wp-json\/wp\/v2\/media\/17924"}],"wp:attachment":[{"href":"https:\/\/galli.ch\/en\/wp-json\/wp\/v2\/media?parent=18016"}],"wp:term":[{"taxonomy":"product_brand","embeddable":true,"href":"https:\/\/galli.ch\/en\/wp-json\/wp\/v2\/product_brand?post=18016"},{"taxonomy":"product_cat","embeddable":true,"href":"https:\/\/galli.ch\/en\/wp-json\/wp\/v2\/product_cat?post=18016"},{"taxonomy":"product_tag","embeddable":true,"href":"https:\/\/galli.ch\/en\/wp-json\/wp\/v2\/product_tag?post=18016"}],"curies":[{"name":"wp","href":"https:\/\/api.w.org\/{rel}","templated":true}]}}