{"id":1810,"date":"2018-07-25T20:27:22","date_gmt":"2018-07-25T20:27:22","guid":{"rendered":"http:\/\/galli.ch\/?post_type=uhren&#038;p=1810"},"modified":"2026-03-30T10:11:03","modified_gmt":"2026-03-30T08:11:03","slug":"el1118-ss001-310-1","status":"publish","type":"product","link":"https:\/\/galli.ch\/en\/uhren\/maurice-lacroix\/el1118-ss001-310-1\/","title":{"rendered":"Maurice Lacroix Eliros Date"},"content":{"rendered":"<p>Die Eliros Date ist eine Uhr mit klassischem Design, die das Handgelenk von stilbewussten Trendsettern ziert und gekonnt Zeit mit Pr\u00e4zision und Zuverl\u00e4ssigkeit verbindet. 2016 \u00fcberarbeitete Maurice Lacroix getreu seinem kontinuierlichen Streben nach Innovation die Eliros Kollektion.<\/p>\n<p>Die neuesten Modelle weisen eine ganze Reihe von Verbesserungen auf, darunter eine erh\u00f6hte Anzahl an Veredelungen, die normalerweise eher f\u00fcr teurere Maurice Lacroix Zeitmesser typisch sind.<\/p>\n","protected":false},"excerpt":{"rendered":"<p>Die Eliros Date ist eine Uhr mit klassischem Design, die das Handgelenk von stilbewussten Trendsettern ziert und gekonnt Zeit mit Pr\u00e4zision und Zuverl\u00e4ssigkeit verbindet. 2016 \u00fcberarbeitete Maurice Lacroix getreu seinem kontinuierlichen Streben nach Innovation die Eliros Kollektion. Die neuesten Modelle weisen eine ganze Reihe von Verbesserungen auf, darunter eine erh\u00f6hte Anzahl an Veredelungen, die normalerweise&#8230;  <a class=\"excerpt-read-more\" href=\"https:\/\/galli.ch\/en\/uhren\/maurice-lacroix\/el1118-ss001-310-1\/\" title=\"Read Maurice Lacroix Eliros Date\">Weiter &raquo;<\/a><\/p>\n","protected":false},"featured_media":1792,"template":"","meta":{"_acf_changed":false,"inline_featured_image":false},"product_brand":[],"product_cat":[188],"product_tag":[],"class_list":{"0":"post-1810","1":"product","2":"type-product","3":"status-publish","4":"has-post-thumbnail","6":"uhrenhersteller-maurice-lacroix","7":"product_cat-uhren","9":"first","10":"outofstock","11":"taxable","12":"shipping-taxable","13":"purchasable","14":"product-type-simple"},"acf":[],"yoast_head":"<!-- This site is optimized with the Yoast SEO plugin v25.5 - https:\/\/yoast.com\/wordpress\/plugins\/seo\/ -->\n<title>Maurice Lacroix Eliros Date - Galli Uhren Bijouterie<\/title>\n<meta name=\"robots\" content=\"index, follow, max-snippet:-1, max-image-preview:large, max-video-preview:-1\" \/>\n<link rel=\"canonical\" href=\"https:\/\/galli.ch\/uhren\/maurice-lacroix\/eliros\/el1118-ss001-310-1\/\" \/>\n<meta property=\"og:locale\" content=\"en_US\" \/>\n<meta property=\"og:type\" content=\"article\" \/>\n<meta property=\"og:title\" content=\"Maurice Lacroix Eliros Date - Galli Uhren Bijouterie\" \/>\n<meta property=\"og:description\" content=\"Die Eliros Date ist eine Uhr mit klassischem Design, die das Handgelenk von stilbewussten Trendsettern ziert und gekonnt Zeit mit Pr\u00e4zision und Zuverl\u00e4ssigkeit verbindet. 2016 \u00fcberarbeitete Maurice Lacroix getreu seinem kontinuierlichen Streben nach Innovation die Eliros Kollektion. Die neuesten Modelle weisen eine ganze Reihe von Verbesserungen auf, darunter eine erh\u00f6hte Anzahl an Veredelungen, die normalerweise... Weiter &raquo;\" \/>\n<meta property=\"og:url\" content=\"https:\/\/galli.ch\/uhren\/maurice-lacroix\/eliros\/el1118-ss001-310-1\/\" \/>\n<meta property=\"og:site_name\" content=\"Galli Uhren Bijouterie\" \/>\n<meta property=\"article:modified_time\" content=\"2026-03-30T08:11:03+00:00\" \/>\n<meta property=\"og:image\" content=\"https:\/\/galli.ch\/wp-content\/uploads\/Maurice_LaCroix_Eliros_el1118_ss001_310_1_big_1c9f47f852.png\" \/>\n\t<meta property=\"og:image:width\" content=\"1000\" \/>\n\t<meta property=\"og:image:height\" content=\"1400\" \/>\n\t<meta property=\"og:image:type\" content=\"image\/png\" \/>\n<meta name=\"twitter:card\" content=\"summary_large_image\" \/>\n<script type=\"application\/ld+json\" class=\"yoast-schema-graph\">{\"@context\":\"https:\/\/schema.org\",\"@graph\":[{\"@type\":\"WebPage\",\"@id\":\"https:\/\/galli.ch\/uhren\/maurice-lacroix\/eliros\/el1118-ss001-310-1\/\",\"url\":\"https:\/\/galli.ch\/uhren\/maurice-lacroix\/eliros\/el1118-ss001-310-1\/\",\"name\":\"Maurice Lacroix Eliros Date - Galli Uhren Bijouterie\",\"isPartOf\":{\"@id\":\"http:\/\/galli.ch\/en\/#website\"},\"primaryImageOfPage\":{\"@id\":\"https:\/\/galli.ch\/uhren\/maurice-lacroix\/eliros\/el1118-ss001-310-1\/#primaryimage\"},\"image\":{\"@id\":\"https:\/\/galli.ch\/uhren\/maurice-lacroix\/eliros\/el1118-ss001-310-1\/#primaryimage\"},\"thumbnailUrl\":\"https:\/\/galli.ch\/wp-content\/uploads\/Maurice_LaCroix_Eliros_el1118_ss001_310_1_big_1c9f47f852.png\",\"datePublished\":\"2018-07-25T20:27:22+00:00\",\"dateModified\":\"2026-03-30T08:11:03+00:00\",\"breadcrumb\":{\"@id\":\"https:\/\/galli.ch\/uhren\/maurice-lacroix\/eliros\/el1118-ss001-310-1\/#breadcrumb\"},\"inLanguage\":\"en-US\",\"potentialAction\":[{\"@type\":\"ReadAction\",\"target\":[\"https:\/\/galli.ch\/uhren\/maurice-lacroix\/eliros\/el1118-ss001-310-1\/\"]}]},{\"@type\":\"ImageObject\",\"inLanguage\":\"en-US\",\"@id\":\"https:\/\/galli.ch\/uhren\/maurice-lacroix\/eliros\/el1118-ss001-310-1\/#primaryimage\",\"url\":\"https:\/\/galli.ch\/wp-content\/uploads\/Maurice_LaCroix_Eliros_el1118_ss001_310_1_big_1c9f47f852.png\",\"contentUrl\":\"https:\/\/galli.ch\/wp-content\/uploads\/Maurice_LaCroix_Eliros_el1118_ss001_310_1_big_1c9f47f852.png\",\"width\":1000,\"height\":1400,\"caption\":\"Maurice Lacroix\"},{\"@type\":\"BreadcrumbList\",\"@id\":\"https:\/\/galli.ch\/uhren\/maurice-lacroix\/eliros\/el1118-ss001-310-1\/#breadcrumb\",\"itemListElement\":[{\"@type\":\"ListItem\",\"position\":1,\"name\":\"Home\",\"item\":\"https:\/\/galli.ch\/en\/\"},{\"@type\":\"ListItem\",\"position\":2,\"name\":\"Uhren\",\"item\":\"https:\/\/galli.ch\/en\/uhren\/\"},{\"@type\":\"ListItem\",\"position\":3,\"name\":\"Eliros Date\"}]},{\"@type\":\"WebSite\",\"@id\":\"http:\/\/galli.ch\/en\/#website\",\"url\":\"http:\/\/galli.ch\/en\/\",\"name\":\"Galli Uhren Bijouterie\",\"description\":\"\",\"potentialAction\":[{\"@type\":\"SearchAction\",\"target\":{\"@type\":\"EntryPoint\",\"urlTemplate\":\"http:\/\/galli.ch\/en\/?s={search_term_string}\"},\"query-input\":{\"@type\":\"PropertyValueSpecification\",\"valueRequired\":true,\"valueName\":\"search_term_string\"}}],\"inLanguage\":\"en-US\"}]}<\/script>\n<!-- \/ Yoast SEO plugin. -->","yoast_head_json":{"title":"Maurice Lacroix Eliros Date - Galli Uhren Bijouterie","robots":{"index":"index","follow":"follow","max-snippet":"max-snippet:-1","max-image-preview":"max-image-preview:large","max-video-preview":"max-video-preview:-1"},"canonical":"https:\/\/galli.ch\/uhren\/maurice-lacroix\/eliros\/el1118-ss001-310-1\/","og_locale":"en_US","og_type":"article","og_title":"Maurice Lacroix Eliros Date - Galli Uhren Bijouterie","og_description":"Die Eliros Date ist eine Uhr mit klassischem Design, die das Handgelenk von stilbewussten Trendsettern ziert und gekonnt Zeit mit Pr\u00e4zision und Zuverl\u00e4ssigkeit verbindet. 2016 \u00fcberarbeitete Maurice Lacroix getreu seinem kontinuierlichen Streben nach Innovation die Eliros Kollektion. Die neuesten Modelle weisen eine ganze Reihe von Verbesserungen auf, darunter eine erh\u00f6hte Anzahl an Veredelungen, die normalerweise... Weiter &raquo;","og_url":"https:\/\/galli.ch\/uhren\/maurice-lacroix\/eliros\/el1118-ss001-310-1\/","og_site_name":"Galli Uhren Bijouterie","article_modified_time":"2026-03-30T08:11:03+00:00","og_image":[{"width":1000,"height":1400,"url":"https:\/\/galli.ch\/wp-content\/uploads\/Maurice_LaCroix_Eliros_el1118_ss001_310_1_big_1c9f47f852.png","type":"image\/png"}],"twitter_card":"summary_large_image","schema":{"@context":"https:\/\/schema.org","@graph":[{"@type":"WebPage","@id":"https:\/\/galli.ch\/uhren\/maurice-lacroix\/eliros\/el1118-ss001-310-1\/","url":"https:\/\/galli.ch\/uhren\/maurice-lacroix\/eliros\/el1118-ss001-310-1\/","name":"Maurice Lacroix Eliros Date - Galli Uhren Bijouterie","isPartOf":{"@id":"http:\/\/galli.ch\/en\/#website"},"primaryImageOfPage":{"@id":"https:\/\/galli.ch\/uhren\/maurice-lacroix\/eliros\/el1118-ss001-310-1\/#primaryimage"},"image":{"@id":"https:\/\/galli.ch\/uhren\/maurice-lacroix\/eliros\/el1118-ss001-310-1\/#primaryimage"},"thumbnailUrl":"https:\/\/galli.ch\/wp-content\/uploads\/Maurice_LaCroix_Eliros_el1118_ss001_310_1_big_1c9f47f852.png","datePublished":"2018-07-25T20:27:22+00:00","dateModified":"2026-03-30T08:11:03+00:00","breadcrumb":{"@id":"https:\/\/galli.ch\/uhren\/maurice-lacroix\/eliros\/el1118-ss001-310-1\/#breadcrumb"},"inLanguage":"en-US","potentialAction":[{"@type":"ReadAction","target":["https:\/\/galli.ch\/uhren\/maurice-lacroix\/eliros\/el1118-ss001-310-1\/"]}]},{"@type":"ImageObject","inLanguage":"en-US","@id":"https:\/\/galli.ch\/uhren\/maurice-lacroix\/eliros\/el1118-ss001-310-1\/#primaryimage","url":"https:\/\/galli.ch\/wp-content\/uploads\/Maurice_LaCroix_Eliros_el1118_ss001_310_1_big_1c9f47f852.png","contentUrl":"https:\/\/galli.ch\/wp-content\/uploads\/Maurice_LaCroix_Eliros_el1118_ss001_310_1_big_1c9f47f852.png","width":1000,"height":1400,"caption":"Maurice Lacroix"},{"@type":"BreadcrumbList","@id":"https:\/\/galli.ch\/uhren\/maurice-lacroix\/eliros\/el1118-ss001-310-1\/#breadcrumb","itemListElement":[{"@type":"ListItem","position":1,"name":"Home","item":"https:\/\/galli.ch\/en\/"},{"@type":"ListItem","position":2,"name":"Uhren","item":"https:\/\/galli.ch\/en\/uhren\/"},{"@type":"ListItem","position":3,"name":"Eliros Date"}]},{"@type":"WebSite","@id":"http:\/\/galli.ch\/en\/#website","url":"http:\/\/galli.ch\/en\/","name":"Galli Uhren Bijouterie","description":"","potentialAction":[{"@type":"SearchAction","target":{"@type":"EntryPoint","urlTemplate":"http:\/\/galli.ch\/en\/?s={search_term_string}"},"query-input":{"@type":"PropertyValueSpecification","valueRequired":true,"valueName":"search_term_string"}}],"inLanguage":"en-US"}]}},"_links":{"self":[{"href":"https:\/\/galli.ch\/en\/wp-json\/wp\/v2\/product\/1810","targetHints":{"allow":["GET"]}}],"collection":[{"href":"https:\/\/galli.ch\/en\/wp-json\/wp\/v2\/product"}],"about":[{"href":"https:\/\/galli.ch\/en\/wp-json\/wp\/v2\/types\/product"}],"wp:featuredmedia":[{"embeddable":true,"href":"https:\/\/galli.ch\/en\/wp-json\/wp\/v2\/media\/1792"}],"wp:attachment":[{"href":"https:\/\/galli.ch\/en\/wp-json\/wp\/v2\/media?parent=1810"}],"wp:term":[{"taxonomy":"product_brand","embeddable":true,"href":"https:\/\/galli.ch\/en\/wp-json\/wp\/v2\/product_brand?post=1810"},{"taxonomy":"product_cat","embeddable":true,"href":"https:\/\/galli.ch\/en\/wp-json\/wp\/v2\/product_cat?post=1810"},{"taxonomy":"product_tag","embeddable":true,"href":"https:\/\/galli.ch\/en\/wp-json\/wp\/v2\/product_tag?post=1810"}],"curies":[{"name":"wp","href":"https:\/\/api.w.org\/{rel}","templated":true}]}}