{"id":18241,"date":"2023-04-13T14:45:17","date_gmt":"2023-04-13T12:45:17","guid":{"rendered":"https:\/\/galli.ch\/?post_type=product&#038;p=18241"},"modified":"2026-04-20T18:14:02","modified_gmt":"2026-04-20T16:14:02","slug":"complete-calendar-iw359002","status":"publish","type":"product","link":"https:\/\/galli.ch\/en\/uhren\/iwc\/portofino\/complete-calendar-iw359002\/","title":{"rendered":"IWC Portofino Complete Calendar"},"content":{"rendered":"<div class=\"iwc-dh-wrapper\">\n<div class=\"iwc-dh-inner\">\n<p class=\"text iwc-dh-text\">Die Portofino Complete Calendar ist der erste Zeitmesser von IWC mit dem neu entwickelten Komplettkalender-Modul. Das Kalendermodul besteht aus 123 Einzelteilen und ist auf das IWC-Manufakturkaliber 32150 montiert. Jede seiner Anzeigen wird von einem eigenen R\u00e4derwerk angetrieben und kann unabh\u00e4ngig von den anderen \u00fcber die Krone oder \u00fcber zwei seitlich ins Geh\u00e4use integrierte Dr\u00fccker eingestellt werden.<\/p>\n<p>Der Kalender muss nur in Monaten mit weniger als 31 Tagen manuell berichtigt werden.<\/p>\n<\/div>\n<\/div>\n","protected":false},"excerpt":{"rendered":"<p>Die Portofino Complete Calendar ist der erste Zeitmesser von IWC mit dem neu entwickelten Komplettkalender-Modul. Das Kalendermodul besteht aus 123 Einzelteilen und ist auf das IWC-Manufakturkaliber 32150 montiert. Jede seiner Anzeigen wird von einem eigenen R\u00e4derwerk angetrieben und kann unabh\u00e4ngig von den anderen \u00fcber die Krone oder \u00fcber zwei seitlich ins Geh\u00e4use integrierte Dr\u00fccker eingestellt&#8230;  <a class=\"excerpt-read-more\" href=\"https:\/\/galli.ch\/en\/uhren\/iwc\/portofino\/complete-calendar-iw359002\/\" title=\"Read IWC Portofino Complete Calendar\">Weiter &raquo;<\/a><\/p>\n","protected":false},"featured_media":18067,"template":"","meta":{"_acf_changed":false,"inline_featured_image":false},"product_brand":[],"product_cat":[188],"product_tag":[],"class_list":{"0":"post-18241","1":"product","2":"type-product","3":"status-publish","4":"has-post-thumbnail","6":"uhrenhersteller-iwc","7":"uhrenhersteller-portofino","8":"product_cat-uhren","10":"first","11":"outofstock","12":"taxable","13":"shipping-taxable","14":"purchasable","15":"product-type-simple"},"acf":[],"yoast_head":"<!-- This site is optimized with the Yoast SEO plugin v25.5 - https:\/\/yoast.com\/wordpress\/plugins\/seo\/ -->\n<title>IWC Portofino Complete Calendar - Galli Uhren Bijouterie<\/title>\n<meta name=\"robots\" content=\"index, follow, max-snippet:-1, max-image-preview:large, max-video-preview:-1\" \/>\n<link rel=\"canonical\" href=\"https:\/\/galli.ch\/uhren\/iwc\/portofino\/complete-calendar-iw359002\/\" \/>\n<meta property=\"og:locale\" content=\"en_US\" \/>\n<meta property=\"og:type\" content=\"article\" \/>\n<meta property=\"og:title\" content=\"IWC Portofino Complete Calendar - Galli Uhren Bijouterie\" \/>\n<meta property=\"og:description\" content=\"Die Portofino Complete Calendar ist der erste Zeitmesser von IWC mit dem neu entwickelten Komplettkalender-Modul. Das Kalendermodul besteht aus 123 Einzelteilen und ist auf das IWC-Manufakturkaliber 32150 montiert. Jede seiner Anzeigen wird von einem eigenen R\u00e4derwerk angetrieben und kann unabh\u00e4ngig von den anderen \u00fcber die Krone oder \u00fcber zwei seitlich ins Geh\u00e4use integrierte Dr\u00fccker eingestellt... Weiter &raquo;\" \/>\n<meta property=\"og:url\" content=\"https:\/\/galli.ch\/uhren\/iwc\/portofino\/complete-calendar-iw359002\/\" \/>\n<meta property=\"og:site_name\" content=\"Galli Uhren Bijouterie\" \/>\n<meta property=\"article:modified_time\" content=\"2026-04-20T16:14:02+00:00\" \/>\n<meta property=\"og:image\" content=\"https:\/\/galli.ch\/wp-content\/uploads\/O5LykIOHSE6TXrXk_iL-Fg-png-transform-global_image_940_2x.png\" \/>\n\t<meta property=\"og:image:width\" content=\"1000\" \/>\n\t<meta property=\"og:image:height\" content=\"1400\" \/>\n\t<meta property=\"og:image:type\" content=\"image\/png\" \/>\n<meta name=\"twitter:card\" content=\"summary_large_image\" \/>\n<script type=\"application\/ld+json\" class=\"yoast-schema-graph\">{\"@context\":\"https:\/\/schema.org\",\"@graph\":[{\"@type\":\"WebPage\",\"@id\":\"https:\/\/galli.ch\/uhren\/iwc\/portofino\/complete-calendar-iw359002\/\",\"url\":\"https:\/\/galli.ch\/uhren\/iwc\/portofino\/complete-calendar-iw359002\/\",\"name\":\"IWC Portofino Complete Calendar - Galli Uhren Bijouterie\",\"isPartOf\":{\"@id\":\"http:\/\/galli.ch\/en\/#website\"},\"primaryImageOfPage\":{\"@id\":\"https:\/\/galli.ch\/uhren\/iwc\/portofino\/complete-calendar-iw359002\/#primaryimage\"},\"image\":{\"@id\":\"https:\/\/galli.ch\/uhren\/iwc\/portofino\/complete-calendar-iw359002\/#primaryimage\"},\"thumbnailUrl\":\"https:\/\/galli.ch\/wp-content\/uploads\/O5LykIOHSE6TXrXk_iL-Fg-png-transform-global_image_940_2x.png\",\"datePublished\":\"2023-04-13T12:45:17+00:00\",\"dateModified\":\"2026-04-20T16:14:02+00:00\",\"breadcrumb\":{\"@id\":\"https:\/\/galli.ch\/uhren\/iwc\/portofino\/complete-calendar-iw359002\/#breadcrumb\"},\"inLanguage\":\"en-US\",\"potentialAction\":[{\"@type\":\"ReadAction\",\"target\":[\"https:\/\/galli.ch\/uhren\/iwc\/portofino\/complete-calendar-iw359002\/\"]}]},{\"@type\":\"ImageObject\",\"inLanguage\":\"en-US\",\"@id\":\"https:\/\/galli.ch\/uhren\/iwc\/portofino\/complete-calendar-iw359002\/#primaryimage\",\"url\":\"https:\/\/galli.ch\/wp-content\/uploads\/O5LykIOHSE6TXrXk_iL-Fg-png-transform-global_image_940_2x.png\",\"contentUrl\":\"https:\/\/galli.ch\/wp-content\/uploads\/O5LykIOHSE6TXrXk_iL-Fg-png-transform-global_image_940_2x.png\",\"width\":1000,\"height\":1400,\"caption\":\"iwc-portofino-complete-calendar\"},{\"@type\":\"BreadcrumbList\",\"@id\":\"https:\/\/galli.ch\/uhren\/iwc\/portofino\/complete-calendar-iw359002\/#breadcrumb\",\"itemListElement\":[{\"@type\":\"ListItem\",\"position\":1,\"name\":\"Home\",\"item\":\"https:\/\/galli.ch\/en\/\"},{\"@type\":\"ListItem\",\"position\":2,\"name\":\"Uhren\",\"item\":\"https:\/\/galli.ch\/en\/uhren\/\"},{\"@type\":\"ListItem\",\"position\":3,\"name\":\"IWC Portofino Complete Calendar\"}]},{\"@type\":\"WebSite\",\"@id\":\"http:\/\/galli.ch\/en\/#website\",\"url\":\"http:\/\/galli.ch\/en\/\",\"name\":\"Galli Uhren Bijouterie\",\"description\":\"\",\"potentialAction\":[{\"@type\":\"SearchAction\",\"target\":{\"@type\":\"EntryPoint\",\"urlTemplate\":\"http:\/\/galli.ch\/en\/?s={search_term_string}\"},\"query-input\":{\"@type\":\"PropertyValueSpecification\",\"valueRequired\":true,\"valueName\":\"search_term_string\"}}],\"inLanguage\":\"en-US\"}]}<\/script>\n<!-- \/ Yoast SEO plugin. -->","yoast_head_json":{"title":"IWC Portofino Complete Calendar - Galli Uhren Bijouterie","robots":{"index":"index","follow":"follow","max-snippet":"max-snippet:-1","max-image-preview":"max-image-preview:large","max-video-preview":"max-video-preview:-1"},"canonical":"https:\/\/galli.ch\/uhren\/iwc\/portofino\/complete-calendar-iw359002\/","og_locale":"en_US","og_type":"article","og_title":"IWC Portofino Complete Calendar - Galli Uhren Bijouterie","og_description":"Die Portofino Complete Calendar ist der erste Zeitmesser von IWC mit dem neu entwickelten Komplettkalender-Modul. Das Kalendermodul besteht aus 123 Einzelteilen und ist auf das IWC-Manufakturkaliber 32150 montiert. Jede seiner Anzeigen wird von einem eigenen R\u00e4derwerk angetrieben und kann unabh\u00e4ngig von den anderen \u00fcber die Krone oder \u00fcber zwei seitlich ins Geh\u00e4use integrierte Dr\u00fccker eingestellt... Weiter &raquo;","og_url":"https:\/\/galli.ch\/uhren\/iwc\/portofino\/complete-calendar-iw359002\/","og_site_name":"Galli Uhren Bijouterie","article_modified_time":"2026-04-20T16:14:02+00:00","og_image":[{"width":1000,"height":1400,"url":"https:\/\/galli.ch\/wp-content\/uploads\/O5LykIOHSE6TXrXk_iL-Fg-png-transform-global_image_940_2x.png","type":"image\/png"}],"twitter_card":"summary_large_image","schema":{"@context":"https:\/\/schema.org","@graph":[{"@type":"WebPage","@id":"https:\/\/galli.ch\/uhren\/iwc\/portofino\/complete-calendar-iw359002\/","url":"https:\/\/galli.ch\/uhren\/iwc\/portofino\/complete-calendar-iw359002\/","name":"IWC Portofino Complete Calendar - Galli Uhren Bijouterie","isPartOf":{"@id":"http:\/\/galli.ch\/en\/#website"},"primaryImageOfPage":{"@id":"https:\/\/galli.ch\/uhren\/iwc\/portofino\/complete-calendar-iw359002\/#primaryimage"},"image":{"@id":"https:\/\/galli.ch\/uhren\/iwc\/portofino\/complete-calendar-iw359002\/#primaryimage"},"thumbnailUrl":"https:\/\/galli.ch\/wp-content\/uploads\/O5LykIOHSE6TXrXk_iL-Fg-png-transform-global_image_940_2x.png","datePublished":"2023-04-13T12:45:17+00:00","dateModified":"2026-04-20T16:14:02+00:00","breadcrumb":{"@id":"https:\/\/galli.ch\/uhren\/iwc\/portofino\/complete-calendar-iw359002\/#breadcrumb"},"inLanguage":"en-US","potentialAction":[{"@type":"ReadAction","target":["https:\/\/galli.ch\/uhren\/iwc\/portofino\/complete-calendar-iw359002\/"]}]},{"@type":"ImageObject","inLanguage":"en-US","@id":"https:\/\/galli.ch\/uhren\/iwc\/portofino\/complete-calendar-iw359002\/#primaryimage","url":"https:\/\/galli.ch\/wp-content\/uploads\/O5LykIOHSE6TXrXk_iL-Fg-png-transform-global_image_940_2x.png","contentUrl":"https:\/\/galli.ch\/wp-content\/uploads\/O5LykIOHSE6TXrXk_iL-Fg-png-transform-global_image_940_2x.png","width":1000,"height":1400,"caption":"iwc-portofino-complete-calendar"},{"@type":"BreadcrumbList","@id":"https:\/\/galli.ch\/uhren\/iwc\/portofino\/complete-calendar-iw359002\/#breadcrumb","itemListElement":[{"@type":"ListItem","position":1,"name":"Home","item":"https:\/\/galli.ch\/en\/"},{"@type":"ListItem","position":2,"name":"Uhren","item":"https:\/\/galli.ch\/en\/uhren\/"},{"@type":"ListItem","position":3,"name":"IWC Portofino Complete Calendar"}]},{"@type":"WebSite","@id":"http:\/\/galli.ch\/en\/#website","url":"http:\/\/galli.ch\/en\/","name":"Galli Uhren Bijouterie","description":"","potentialAction":[{"@type":"SearchAction","target":{"@type":"EntryPoint","urlTemplate":"http:\/\/galli.ch\/en\/?s={search_term_string}"},"query-input":{"@type":"PropertyValueSpecification","valueRequired":true,"valueName":"search_term_string"}}],"inLanguage":"en-US"}]}},"_links":{"self":[{"href":"https:\/\/galli.ch\/en\/wp-json\/wp\/v2\/product\/18241","targetHints":{"allow":["GET"]}}],"collection":[{"href":"https:\/\/galli.ch\/en\/wp-json\/wp\/v2\/product"}],"about":[{"href":"https:\/\/galli.ch\/en\/wp-json\/wp\/v2\/types\/product"}],"wp:featuredmedia":[{"embeddable":true,"href":"https:\/\/galli.ch\/en\/wp-json\/wp\/v2\/media\/18067"}],"wp:attachment":[{"href":"https:\/\/galli.ch\/en\/wp-json\/wp\/v2\/media?parent=18241"}],"wp:term":[{"taxonomy":"product_brand","embeddable":true,"href":"https:\/\/galli.ch\/en\/wp-json\/wp\/v2\/product_brand?post=18241"},{"taxonomy":"product_cat","embeddable":true,"href":"https:\/\/galli.ch\/en\/wp-json\/wp\/v2\/product_cat?post=18241"},{"taxonomy":"product_tag","embeddable":true,"href":"https:\/\/galli.ch\/en\/wp-json\/wp\/v2\/product_tag?post=18241"}],"curies":[{"name":"wp","href":"https:\/\/api.w.org\/{rel}","templated":true}]}}