{"id":18338,"date":"2023-04-21T16:43:27","date_gmt":"2023-04-21T14:43:27","guid":{"rendered":"https:\/\/galli.ch\/?post_type=product&#038;p=18338"},"modified":"2026-03-02T14:54:49","modified_gmt":"2026-03-02T13:54:49","slug":"nnq3000qba2la-w002-schwarz","status":"publish","type":"product","link":"https:\/\/galli.ch\/en\/uhren\/galli-cpo\/norqain-2\/nnq3000qba2la-w002-schwarz\/","title":{"rendered":"Norqain Wild One Z\u00fcrich Marathon"},"content":{"rendered":"<p>Das Zifferblatt dieser Uhr ziert eine Karte von Z\u00fcrich, auf welcher die Marathonstrecke in kr\u00e4ftigem Blau eingezeichnet ist. Du kannst deiner Uhr eine pers\u00f6nliche Note verleihen: Wie w\u00e4re es mit deiner Laufzeit, deiner Platzierung oder etwas Motivierendem auf der NORTEQ \u00abNORQAIN Plate\u00bb?<\/p>\n<p>Als Anerkennung an das 20-j\u00e4hrige Jubil\u00e4um des Events werden nur 20 Exemplare dieses Zeitmessers gefertigt. Die Hochleistungs-Sportuhr ist die ultimative Wahl f\u00fcr Teilnehmende des Z\u00fcrich Marathons aus aller Welt.<\/p>\n<p>Jahrgang: Neu<\/p>\n<p>Zustand: Ungetragen<\/p>\n<p>Original Papiere: Ja<\/p>\n<p>Original Box: Ja<\/p>\n<p>Garantie: 2 Jahre ab Kaufdatum<\/p>\n","protected":false},"excerpt":{"rendered":"<p>Das Zifferblatt dieser Uhr ziert eine Karte von Z\u00fcrich, auf welcher die Marathonstrecke in kr\u00e4ftigem Blau eingezeichnet ist. Du kannst deiner Uhr eine pers\u00f6nliche Note verleihen: Wie w\u00e4re es mit deiner Laufzeit, deiner Platzierung oder etwas Motivierendem auf der NORTEQ \u00abNORQAIN Plate\u00bb? Als Anerkennung an das 20-j\u00e4hrige Jubil\u00e4um des Events werden nur 20 Exemplare dieses&#8230;  <a class=\"excerpt-read-more\" href=\"https:\/\/galli.ch\/en\/uhren\/galli-cpo\/norqain-2\/nnq3000qba2la-w002-schwarz\/\" title=\"Read Norqain Wild One Z\u00fcrich Marathon\">Weiter &raquo;<\/a><\/p>\n","protected":false},"featured_media":18254,"template":"","meta":{"_acf_changed":false,"inline_featured_image":false},"product_brand":[],"product_cat":[188],"product_tag":[],"class_list":{"0":"post-18338","1":"product","2":"type-product","3":"status-publish","4":"has-post-thumbnail","6":"uhrenhersteller-galli-cpo","7":"uhrenhersteller-norqain-2","8":"product_cat-uhren","10":"first","11":"instock","12":"taxable","13":"shipping-taxable","14":"purchasable","15":"product-type-simple"},"acf":[],"yoast_head":"<!-- This site is optimized with the Yoast SEO plugin v25.5 - https:\/\/yoast.com\/wordpress\/plugins\/seo\/ -->\n<title>Norqain Wild One Z\u00fcrich Marathon - Galli Uhren Bijouterie<\/title>\n<meta name=\"robots\" content=\"index, follow, max-snippet:-1, max-image-preview:large, max-video-preview:-1\" \/>\n<link rel=\"canonical\" href=\"https:\/\/galli.ch\/uhren\/galli-cpo\/norqain-2\/nnq3000qba2la-w002-schwarz\/\" \/>\n<meta property=\"og:locale\" content=\"en_US\" \/>\n<meta property=\"og:type\" content=\"article\" \/>\n<meta property=\"og:title\" content=\"Norqain Wild One Z\u00fcrich Marathon - Galli Uhren Bijouterie\" \/>\n<meta property=\"og:description\" content=\"Das Zifferblatt dieser Uhr ziert eine Karte von Z\u00fcrich, auf welcher die Marathonstrecke in kr\u00e4ftigem Blau eingezeichnet ist. Du kannst deiner Uhr eine pers\u00f6nliche Note verleihen: Wie w\u00e4re es mit deiner Laufzeit, deiner Platzierung oder etwas Motivierendem auf der NORTEQ \u00abNORQAIN Plate\u00bb? Als Anerkennung an das 20-j\u00e4hrige Jubil\u00e4um des Events werden nur 20 Exemplare dieses... Weiter &raquo;\" \/>\n<meta property=\"og:url\" content=\"https:\/\/galli.ch\/uhren\/galli-cpo\/norqain-2\/nnq3000qba2la-w002-schwarz\/\" \/>\n<meta property=\"og:site_name\" content=\"Galli Uhren Bijouterie\" \/>\n<meta property=\"article:modified_time\" content=\"2026-03-02T13:54:49+00:00\" \/>\n<meta property=\"og:image\" content=\"https:\/\/galli.ch\/wp-content\/uploads\/NNQ3000_WildONE_Zurich_Marathon_Black_NORTEQ_Blue_Rubber_Website_BR_1000x1250.png\" \/>\n\t<meta property=\"og:image:width\" content=\"1000\" \/>\n\t<meta property=\"og:image:height\" content=\"1400\" \/>\n\t<meta property=\"og:image:type\" content=\"image\/png\" \/>\n<meta name=\"twitter:card\" content=\"summary_large_image\" \/>\n<script type=\"application\/ld+json\" class=\"yoast-schema-graph\">{\"@context\":\"https:\/\/schema.org\",\"@graph\":[{\"@type\":\"WebPage\",\"@id\":\"https:\/\/galli.ch\/uhren\/galli-cpo\/norqain-2\/nnq3000qba2la-w002-schwarz\/\",\"url\":\"https:\/\/galli.ch\/uhren\/galli-cpo\/norqain-2\/nnq3000qba2la-w002-schwarz\/\",\"name\":\"Norqain Wild One Z\u00fcrich Marathon - Galli Uhren Bijouterie\",\"isPartOf\":{\"@id\":\"http:\/\/galli.ch\/en\/#website\"},\"primaryImageOfPage\":{\"@id\":\"https:\/\/galli.ch\/uhren\/galli-cpo\/norqain-2\/nnq3000qba2la-w002-schwarz\/#primaryimage\"},\"image\":{\"@id\":\"https:\/\/galli.ch\/uhren\/galli-cpo\/norqain-2\/nnq3000qba2la-w002-schwarz\/#primaryimage\"},\"thumbnailUrl\":\"https:\/\/galli.ch\/wp-content\/uploads\/NNQ3000_WildONE_Zurich_Marathon_Black_NORTEQ_Blue_Rubber_Website_BR_1000x1250.png\",\"datePublished\":\"2023-04-21T14:43:27+00:00\",\"dateModified\":\"2026-03-02T13:54:49+00:00\",\"breadcrumb\":{\"@id\":\"https:\/\/galli.ch\/uhren\/galli-cpo\/norqain-2\/nnq3000qba2la-w002-schwarz\/#breadcrumb\"},\"inLanguage\":\"en-US\",\"potentialAction\":[{\"@type\":\"ReadAction\",\"target\":[\"https:\/\/galli.ch\/uhren\/galli-cpo\/norqain-2\/nnq3000qba2la-w002-schwarz\/\"]}]},{\"@type\":\"ImageObject\",\"inLanguage\":\"en-US\",\"@id\":\"https:\/\/galli.ch\/uhren\/galli-cpo\/norqain-2\/nnq3000qba2la-w002-schwarz\/#primaryimage\",\"url\":\"https:\/\/galli.ch\/wp-content\/uploads\/NNQ3000_WildONE_Zurich_Marathon_Black_NORTEQ_Blue_Rubber_Website_BR_1000x1250.png\",\"contentUrl\":\"https:\/\/galli.ch\/wp-content\/uploads\/NNQ3000_WildONE_Zurich_Marathon_Black_NORTEQ_Blue_Rubber_Website_BR_1000x1250.png\",\"width\":1000,\"height\":1400,\"caption\":\"norqain-WILD-ONE -ZURICH-MARATHON-zurich\"},{\"@type\":\"BreadcrumbList\",\"@id\":\"https:\/\/galli.ch\/uhren\/galli-cpo\/norqain-2\/nnq3000qba2la-w002-schwarz\/#breadcrumb\",\"itemListElement\":[{\"@type\":\"ListItem\",\"position\":1,\"name\":\"Home\",\"item\":\"https:\/\/galli.ch\/en\/\"},{\"@type\":\"ListItem\",\"position\":2,\"name\":\"Uhren\",\"item\":\"https:\/\/galli.ch\/en\/uhren\/\"},{\"@type\":\"ListItem\",\"position\":3,\"name\":\"Norqain Wild One Z\u00fcrich Marathon\"}]},{\"@type\":\"WebSite\",\"@id\":\"http:\/\/galli.ch\/en\/#website\",\"url\":\"http:\/\/galli.ch\/en\/\",\"name\":\"Galli Uhren Bijouterie\",\"description\":\"\",\"potentialAction\":[{\"@type\":\"SearchAction\",\"target\":{\"@type\":\"EntryPoint\",\"urlTemplate\":\"http:\/\/galli.ch\/en\/?s={search_term_string}\"},\"query-input\":{\"@type\":\"PropertyValueSpecification\",\"valueRequired\":true,\"valueName\":\"search_term_string\"}}],\"inLanguage\":\"en-US\"}]}<\/script>\n<!-- \/ Yoast SEO plugin. -->","yoast_head_json":{"title":"Norqain Wild One Z\u00fcrich Marathon - Galli Uhren Bijouterie","robots":{"index":"index","follow":"follow","max-snippet":"max-snippet:-1","max-image-preview":"max-image-preview:large","max-video-preview":"max-video-preview:-1"},"canonical":"https:\/\/galli.ch\/uhren\/galli-cpo\/norqain-2\/nnq3000qba2la-w002-schwarz\/","og_locale":"en_US","og_type":"article","og_title":"Norqain Wild One Z\u00fcrich Marathon - Galli Uhren Bijouterie","og_description":"Das Zifferblatt dieser Uhr ziert eine Karte von Z\u00fcrich, auf welcher die Marathonstrecke in kr\u00e4ftigem Blau eingezeichnet ist. Du kannst deiner Uhr eine pers\u00f6nliche Note verleihen: Wie w\u00e4re es mit deiner Laufzeit, deiner Platzierung oder etwas Motivierendem auf der NORTEQ \u00abNORQAIN Plate\u00bb? Als Anerkennung an das 20-j\u00e4hrige Jubil\u00e4um des Events werden nur 20 Exemplare dieses... Weiter &raquo;","og_url":"https:\/\/galli.ch\/uhren\/galli-cpo\/norqain-2\/nnq3000qba2la-w002-schwarz\/","og_site_name":"Galli Uhren Bijouterie","article_modified_time":"2026-03-02T13:54:49+00:00","og_image":[{"width":1000,"height":1400,"url":"https:\/\/galli.ch\/wp-content\/uploads\/NNQ3000_WildONE_Zurich_Marathon_Black_NORTEQ_Blue_Rubber_Website_BR_1000x1250.png","type":"image\/png"}],"twitter_card":"summary_large_image","schema":{"@context":"https:\/\/schema.org","@graph":[{"@type":"WebPage","@id":"https:\/\/galli.ch\/uhren\/galli-cpo\/norqain-2\/nnq3000qba2la-w002-schwarz\/","url":"https:\/\/galli.ch\/uhren\/galli-cpo\/norqain-2\/nnq3000qba2la-w002-schwarz\/","name":"Norqain Wild One Z\u00fcrich Marathon - Galli Uhren Bijouterie","isPartOf":{"@id":"http:\/\/galli.ch\/en\/#website"},"primaryImageOfPage":{"@id":"https:\/\/galli.ch\/uhren\/galli-cpo\/norqain-2\/nnq3000qba2la-w002-schwarz\/#primaryimage"},"image":{"@id":"https:\/\/galli.ch\/uhren\/galli-cpo\/norqain-2\/nnq3000qba2la-w002-schwarz\/#primaryimage"},"thumbnailUrl":"https:\/\/galli.ch\/wp-content\/uploads\/NNQ3000_WildONE_Zurich_Marathon_Black_NORTEQ_Blue_Rubber_Website_BR_1000x1250.png","datePublished":"2023-04-21T14:43:27+00:00","dateModified":"2026-03-02T13:54:49+00:00","breadcrumb":{"@id":"https:\/\/galli.ch\/uhren\/galli-cpo\/norqain-2\/nnq3000qba2la-w002-schwarz\/#breadcrumb"},"inLanguage":"en-US","potentialAction":[{"@type":"ReadAction","target":["https:\/\/galli.ch\/uhren\/galli-cpo\/norqain-2\/nnq3000qba2la-w002-schwarz\/"]}]},{"@type":"ImageObject","inLanguage":"en-US","@id":"https:\/\/galli.ch\/uhren\/galli-cpo\/norqain-2\/nnq3000qba2la-w002-schwarz\/#primaryimage","url":"https:\/\/galli.ch\/wp-content\/uploads\/NNQ3000_WildONE_Zurich_Marathon_Black_NORTEQ_Blue_Rubber_Website_BR_1000x1250.png","contentUrl":"https:\/\/galli.ch\/wp-content\/uploads\/NNQ3000_WildONE_Zurich_Marathon_Black_NORTEQ_Blue_Rubber_Website_BR_1000x1250.png","width":1000,"height":1400,"caption":"norqain-WILD-ONE -ZURICH-MARATHON-zurich"},{"@type":"BreadcrumbList","@id":"https:\/\/galli.ch\/uhren\/galli-cpo\/norqain-2\/nnq3000qba2la-w002-schwarz\/#breadcrumb","itemListElement":[{"@type":"ListItem","position":1,"name":"Home","item":"https:\/\/galli.ch\/en\/"},{"@type":"ListItem","position":2,"name":"Uhren","item":"https:\/\/galli.ch\/en\/uhren\/"},{"@type":"ListItem","position":3,"name":"Norqain Wild One Z\u00fcrich Marathon"}]},{"@type":"WebSite","@id":"http:\/\/galli.ch\/en\/#website","url":"http:\/\/galli.ch\/en\/","name":"Galli Uhren Bijouterie","description":"","potentialAction":[{"@type":"SearchAction","target":{"@type":"EntryPoint","urlTemplate":"http:\/\/galli.ch\/en\/?s={search_term_string}"},"query-input":{"@type":"PropertyValueSpecification","valueRequired":true,"valueName":"search_term_string"}}],"inLanguage":"en-US"}]}},"_links":{"self":[{"href":"https:\/\/galli.ch\/en\/wp-json\/wp\/v2\/product\/18338","targetHints":{"allow":["GET"]}}],"collection":[{"href":"https:\/\/galli.ch\/en\/wp-json\/wp\/v2\/product"}],"about":[{"href":"https:\/\/galli.ch\/en\/wp-json\/wp\/v2\/types\/product"}],"wp:featuredmedia":[{"embeddable":true,"href":"https:\/\/galli.ch\/en\/wp-json\/wp\/v2\/media\/18254"}],"wp:attachment":[{"href":"https:\/\/galli.ch\/en\/wp-json\/wp\/v2\/media?parent=18338"}],"wp:term":[{"taxonomy":"product_brand","embeddable":true,"href":"https:\/\/galli.ch\/en\/wp-json\/wp\/v2\/product_brand?post=18338"},{"taxonomy":"product_cat","embeddable":true,"href":"https:\/\/galli.ch\/en\/wp-json\/wp\/v2\/product_cat?post=18338"},{"taxonomy":"product_tag","embeddable":true,"href":"https:\/\/galli.ch\/en\/wp-json\/wp\/v2\/product_tag?post=18338"}],"curies":[{"name":"wp","href":"https:\/\/api.w.org\/{rel}","templated":true}]}}