{"id":1873,"date":"2018-07-31T02:00:16","date_gmt":"2018-07-31T02:00:16","guid":{"rendered":"http:\/\/galli.ch\/?post_type=uhren&#038;p=1873"},"modified":"2026-03-30T10:17:31","modified_gmt":"2026-03-30T08:17:31","slug":"automatic-men-123-10-38-21-02-002","status":"publish","type":"product","link":"https:\/\/galli.ch\/en\/uhren\/omega\/constellation\/automatic-men-123-10-38-21-02-002\/","title":{"rendered":"Omega Constellation Omega Co-Axial 38"},"content":{"rendered":"<p>Seit Langem steht die Constellation sinnbildlich f\u00fcr OMEGAs Streben nach Pr\u00e4zision und Perfektion. Mit der Einf\u00fchrung der seidigen Zifferblattstruktur wurde das klassische Design dieses legend\u00e4ren OMEGA Zeitmessers um eine weitere Facette bereichert.<\/p>\n<p>Dieses Modell verf\u00fcgt \u00fcber ein weisses opalisierend-silberfarbenes Zifferblatt mit Datumsfenster bei 3 Uhr und eine einzigartige seidige Struktur, die von verschiedenen Constellation-Modellen der 1960er inspiriert wurde.<\/p>\n<p>Das 38 mm grosse Geh\u00e4use besteht aus Edelstahl. F\u00fcr die Zeiger und Indizes wurde 18 K Rotgold verwendet. Zum Armband aus Edelstahl geh\u00f6ren geb\u00fcrstete Glieder und polierte Stege.<\/p>\n<p>Die Uhr zeichnet sich ferner durch ihre legend\u00e4ren Constellation-\u201eKrappen\u201c und die geb\u00fcrstete L\u00fcnette mit r\u00f6mischen Ton-in-Ton-Ziffern aus. Das Herzst\u00fcck des Zeitmessers ist OMEGAs Co-Axial Kaliber 8500.<\/p>\n","protected":false},"excerpt":{"rendered":"<p>Seit Langem steht die Constellation sinnbildlich f\u00fcr OMEGAs Streben nach Pr\u00e4zision und Perfektion. Mit der Einf\u00fchrung der seidigen Zifferblattstruktur wurde das klassische Design dieses legend\u00e4ren OMEGA Zeitmessers um eine weitere Facette bereichert. Dieses Modell verf\u00fcgt \u00fcber ein weisses opalisierend-silberfarbenes Zifferblatt mit Datumsfenster bei 3 Uhr und eine einzigartige seidige Struktur, die von verschiedenen Constellation-Modellen der&#8230;  <a class=\"excerpt-read-more\" href=\"https:\/\/galli.ch\/en\/uhren\/omega\/constellation\/automatic-men-123-10-38-21-02-002\/\" title=\"Read Omega Constellation Omega Co-Axial 38\">Weiter &raquo;<\/a><\/p>\n","protected":false},"featured_media":1867,"template":"","meta":{"_acf_changed":false,"inline_featured_image":false},"product_brand":[],"product_cat":[188],"product_tag":[],"class_list":{"0":"post-1873","1":"product","2":"type-product","3":"status-publish","4":"has-post-thumbnail","6":"uhrenhersteller-omega","7":"uhrenhersteller-constellation","8":"product_cat-uhren","10":"first","11":"outofstock","12":"taxable","13":"shipping-taxable","14":"purchasable","15":"product-type-simple"},"acf":[],"yoast_head":"<!-- This site is optimized with the Yoast SEO plugin v25.5 - https:\/\/yoast.com\/wordpress\/plugins\/seo\/ -->\n<title>Omega Constellation Omega Co-Axial 38 - Galli Uhren Bijouterie<\/title>\n<meta name=\"robots\" content=\"index, follow, max-snippet:-1, max-image-preview:large, max-video-preview:-1\" \/>\n<link rel=\"canonical\" href=\"https:\/\/galli.ch\/uhren\/omega\/constellation\/automatic-men-123-10-38-21-02-002\/\" \/>\n<meta property=\"og:locale\" content=\"en_US\" \/>\n<meta property=\"og:type\" content=\"article\" \/>\n<meta property=\"og:title\" content=\"Omega Constellation Omega Co-Axial 38 - Galli Uhren Bijouterie\" \/>\n<meta property=\"og:description\" content=\"Seit Langem steht die Constellation sinnbildlich f\u00fcr OMEGAs Streben nach Pr\u00e4zision und Perfektion. Mit der Einf\u00fchrung der seidigen Zifferblattstruktur wurde das klassische Design dieses legend\u00e4ren OMEGA Zeitmessers um eine weitere Facette bereichert. Dieses Modell verf\u00fcgt \u00fcber ein weisses opalisierend-silberfarbenes Zifferblatt mit Datumsfenster bei 3 Uhr und eine einzigartige seidige Struktur, die von verschiedenen Constellation-Modellen der... Weiter &raquo;\" \/>\n<meta property=\"og:url\" content=\"https:\/\/galli.ch\/uhren\/omega\/constellation\/automatic-men-123-10-38-21-02-002\/\" \/>\n<meta property=\"og:site_name\" content=\"Galli Uhren Bijouterie\" \/>\n<meta property=\"article:modified_time\" content=\"2026-03-30T08:17:31+00:00\" \/>\n<meta property=\"og:image\" content=\"https:\/\/galli.ch\/wp-content\/uploads\/123.10.38.png\" \/>\n\t<meta property=\"og:image:width\" content=\"1000\" \/>\n\t<meta property=\"og:image:height\" content=\"1400\" \/>\n\t<meta property=\"og:image:type\" content=\"image\/png\" \/>\n<meta name=\"twitter:card\" content=\"summary_large_image\" \/>\n<script type=\"application\/ld+json\" class=\"yoast-schema-graph\">{\"@context\":\"https:\/\/schema.org\",\"@graph\":[{\"@type\":\"WebPage\",\"@id\":\"https:\/\/galli.ch\/uhren\/omega\/constellation\/automatic-men-123-10-38-21-02-002\/\",\"url\":\"https:\/\/galli.ch\/uhren\/omega\/constellation\/automatic-men-123-10-38-21-02-002\/\",\"name\":\"Omega Constellation Omega Co-Axial 38 - Galli Uhren Bijouterie\",\"isPartOf\":{\"@id\":\"http:\/\/galli.ch\/en\/#website\"},\"primaryImageOfPage\":{\"@id\":\"https:\/\/galli.ch\/uhren\/omega\/constellation\/automatic-men-123-10-38-21-02-002\/#primaryimage\"},\"image\":{\"@id\":\"https:\/\/galli.ch\/uhren\/omega\/constellation\/automatic-men-123-10-38-21-02-002\/#primaryimage\"},\"thumbnailUrl\":\"https:\/\/galli.ch\/wp-content\/uploads\/123.10.38.png\",\"datePublished\":\"2018-07-31T02:00:16+00:00\",\"dateModified\":\"2026-03-30T08:17:31+00:00\",\"breadcrumb\":{\"@id\":\"https:\/\/galli.ch\/uhren\/omega\/constellation\/automatic-men-123-10-38-21-02-002\/#breadcrumb\"},\"inLanguage\":\"en-US\",\"potentialAction\":[{\"@type\":\"ReadAction\",\"target\":[\"https:\/\/galli.ch\/uhren\/omega\/constellation\/automatic-men-123-10-38-21-02-002\/\"]}]},{\"@type\":\"ImageObject\",\"inLanguage\":\"en-US\",\"@id\":\"https:\/\/galli.ch\/uhren\/omega\/constellation\/automatic-men-123-10-38-21-02-002\/#primaryimage\",\"url\":\"https:\/\/galli.ch\/wp-content\/uploads\/123.10.38.png\",\"contentUrl\":\"https:\/\/galli.ch\/wp-content\/uploads\/123.10.38.png\",\"width\":1000,\"height\":1400,\"caption\":\"Omega Constellation\"},{\"@type\":\"BreadcrumbList\",\"@id\":\"https:\/\/galli.ch\/uhren\/omega\/constellation\/automatic-men-123-10-38-21-02-002\/#breadcrumb\",\"itemListElement\":[{\"@type\":\"ListItem\",\"position\":1,\"name\":\"Home\",\"item\":\"https:\/\/galli.ch\/en\/\"},{\"@type\":\"ListItem\",\"position\":2,\"name\":\"Uhren\",\"item\":\"https:\/\/galli.ch\/en\/uhren\/\"},{\"@type\":\"ListItem\",\"position\":3,\"name\":\"Omega Constellation Omega Co-Axial 38\"}]},{\"@type\":\"WebSite\",\"@id\":\"http:\/\/galli.ch\/en\/#website\",\"url\":\"http:\/\/galli.ch\/en\/\",\"name\":\"Galli Uhren Bijouterie\",\"description\":\"\",\"potentialAction\":[{\"@type\":\"SearchAction\",\"target\":{\"@type\":\"EntryPoint\",\"urlTemplate\":\"http:\/\/galli.ch\/en\/?s={search_term_string}\"},\"query-input\":{\"@type\":\"PropertyValueSpecification\",\"valueRequired\":true,\"valueName\":\"search_term_string\"}}],\"inLanguage\":\"en-US\"}]}<\/script>\n<!-- \/ Yoast SEO plugin. -->","yoast_head_json":{"title":"Omega Constellation Omega Co-Axial 38 - Galli Uhren Bijouterie","robots":{"index":"index","follow":"follow","max-snippet":"max-snippet:-1","max-image-preview":"max-image-preview:large","max-video-preview":"max-video-preview:-1"},"canonical":"https:\/\/galli.ch\/uhren\/omega\/constellation\/automatic-men-123-10-38-21-02-002\/","og_locale":"en_US","og_type":"article","og_title":"Omega Constellation Omega Co-Axial 38 - Galli Uhren Bijouterie","og_description":"Seit Langem steht die Constellation sinnbildlich f\u00fcr OMEGAs Streben nach Pr\u00e4zision und Perfektion. Mit der Einf\u00fchrung der seidigen Zifferblattstruktur wurde das klassische Design dieses legend\u00e4ren OMEGA Zeitmessers um eine weitere Facette bereichert. Dieses Modell verf\u00fcgt \u00fcber ein weisses opalisierend-silberfarbenes Zifferblatt mit Datumsfenster bei 3 Uhr und eine einzigartige seidige Struktur, die von verschiedenen Constellation-Modellen der... Weiter &raquo;","og_url":"https:\/\/galli.ch\/uhren\/omega\/constellation\/automatic-men-123-10-38-21-02-002\/","og_site_name":"Galli Uhren Bijouterie","article_modified_time":"2026-03-30T08:17:31+00:00","og_image":[{"width":1000,"height":1400,"url":"https:\/\/galli.ch\/wp-content\/uploads\/123.10.38.png","type":"image\/png"}],"twitter_card":"summary_large_image","schema":{"@context":"https:\/\/schema.org","@graph":[{"@type":"WebPage","@id":"https:\/\/galli.ch\/uhren\/omega\/constellation\/automatic-men-123-10-38-21-02-002\/","url":"https:\/\/galli.ch\/uhren\/omega\/constellation\/automatic-men-123-10-38-21-02-002\/","name":"Omega Constellation Omega Co-Axial 38 - Galli Uhren Bijouterie","isPartOf":{"@id":"http:\/\/galli.ch\/en\/#website"},"primaryImageOfPage":{"@id":"https:\/\/galli.ch\/uhren\/omega\/constellation\/automatic-men-123-10-38-21-02-002\/#primaryimage"},"image":{"@id":"https:\/\/galli.ch\/uhren\/omega\/constellation\/automatic-men-123-10-38-21-02-002\/#primaryimage"},"thumbnailUrl":"https:\/\/galli.ch\/wp-content\/uploads\/123.10.38.png","datePublished":"2018-07-31T02:00:16+00:00","dateModified":"2026-03-30T08:17:31+00:00","breadcrumb":{"@id":"https:\/\/galli.ch\/uhren\/omega\/constellation\/automatic-men-123-10-38-21-02-002\/#breadcrumb"},"inLanguage":"en-US","potentialAction":[{"@type":"ReadAction","target":["https:\/\/galli.ch\/uhren\/omega\/constellation\/automatic-men-123-10-38-21-02-002\/"]}]},{"@type":"ImageObject","inLanguage":"en-US","@id":"https:\/\/galli.ch\/uhren\/omega\/constellation\/automatic-men-123-10-38-21-02-002\/#primaryimage","url":"https:\/\/galli.ch\/wp-content\/uploads\/123.10.38.png","contentUrl":"https:\/\/galli.ch\/wp-content\/uploads\/123.10.38.png","width":1000,"height":1400,"caption":"Omega Constellation"},{"@type":"BreadcrumbList","@id":"https:\/\/galli.ch\/uhren\/omega\/constellation\/automatic-men-123-10-38-21-02-002\/#breadcrumb","itemListElement":[{"@type":"ListItem","position":1,"name":"Home","item":"https:\/\/galli.ch\/en\/"},{"@type":"ListItem","position":2,"name":"Uhren","item":"https:\/\/galli.ch\/en\/uhren\/"},{"@type":"ListItem","position":3,"name":"Omega Constellation Omega Co-Axial 38"}]},{"@type":"WebSite","@id":"http:\/\/galli.ch\/en\/#website","url":"http:\/\/galli.ch\/en\/","name":"Galli Uhren Bijouterie","description":"","potentialAction":[{"@type":"SearchAction","target":{"@type":"EntryPoint","urlTemplate":"http:\/\/galli.ch\/en\/?s={search_term_string}"},"query-input":{"@type":"PropertyValueSpecification","valueRequired":true,"valueName":"search_term_string"}}],"inLanguage":"en-US"}]}},"_links":{"self":[{"href":"https:\/\/galli.ch\/en\/wp-json\/wp\/v2\/product\/1873","targetHints":{"allow":["GET"]}}],"collection":[{"href":"https:\/\/galli.ch\/en\/wp-json\/wp\/v2\/product"}],"about":[{"href":"https:\/\/galli.ch\/en\/wp-json\/wp\/v2\/types\/product"}],"wp:featuredmedia":[{"embeddable":true,"href":"https:\/\/galli.ch\/en\/wp-json\/wp\/v2\/media\/1867"}],"wp:attachment":[{"href":"https:\/\/galli.ch\/en\/wp-json\/wp\/v2\/media?parent=1873"}],"wp:term":[{"taxonomy":"product_brand","embeddable":true,"href":"https:\/\/galli.ch\/en\/wp-json\/wp\/v2\/product_brand?post=1873"},{"taxonomy":"product_cat","embeddable":true,"href":"https:\/\/galli.ch\/en\/wp-json\/wp\/v2\/product_cat?post=1873"},{"taxonomy":"product_tag","embeddable":true,"href":"https:\/\/galli.ch\/en\/wp-json\/wp\/v2\/product_tag?post=1873"}],"curies":[{"name":"wp","href":"https:\/\/api.w.org\/{rel}","templated":true}]}}