{"id":18987,"date":"2023-06-09T00:30:09","date_gmt":"2023-06-08T22:30:09","guid":{"rendered":"https:\/\/galli.ch\/?post_type=product&#038;p=18987"},"modified":"2026-03-30T10:10:44","modified_gmt":"2026-03-30T08:10:44","slug":"chronograph-42-p-51-mustang-a233803a1b1a1","status":"publish","type":"product","link":"https:\/\/galli.ch\/en\/uhren\/breitling\/classic-avi\/chronograph-42-p-51-mustang-a233803a1b1a1\/","title":{"rendered":"Breitling Classic AVI Chronograph 42 P-51 Mustang"},"content":{"rendered":"<p>Als echte Pilotenuhr, die daf\u00fcr konzipiert wurde, den Herausforderungen eines Vintage-Cockpits standzuhalten, verf\u00fcgt die Classic AVI\u202fP-51 Mustang \u00fcber grosse, hervorragend ablesbare arabische Ziffern auf dem Zifferblatt und der L\u00fcnette. Die geriffelte L\u00fcnette am 42-mm-Geh\u00e4use bietet auch mit Pilotenhandschuhen optimale Griffigkeit.<\/p>\n<p>Das Kalbslederarmband mit Ziernaht erinnert optisch an die klassischen Fliegerjacken, w\u00e4hrend das Edelstahlarmband eine elegante Alternative bietet. Piloten, aber auch andere Reisende werden ihre leichte Ablesbarkeit, Tragbarkeit und ihren unaufdringlichen Stil zu sch\u00e4tzen wissen. Angetrieben wird die Classic AVI von einem COSC-zertifizierten Breitling-Kaliber 23, das eine Gangreserve von etwa 48 Stunden bietet.<\/p>\n","protected":false},"excerpt":{"rendered":"<p>Als echte Pilotenuhr, die daf\u00fcr konzipiert wurde, den Herausforderungen eines Vintage-Cockpits standzuhalten, verf\u00fcgt die Classic AVI\u202fP-51 Mustang \u00fcber grosse, hervorragend ablesbare arabische Ziffern auf dem Zifferblatt und der L\u00fcnette. Die geriffelte L\u00fcnette am 42-mm-Geh\u00e4use bietet auch mit Pilotenhandschuhen optimale Griffigkeit. Das Kalbslederarmband mit Ziernaht erinnert optisch an die klassischen Fliegerjacken, w\u00e4hrend das Edelstahlarmband eine elegante&#8230;  <a class=\"excerpt-read-more\" href=\"https:\/\/galli.ch\/en\/uhren\/breitling\/classic-avi\/chronograph-42-p-51-mustang-a233803a1b1a1\/\" title=\"Read Breitling Classic AVI Chronograph 42 P-51 Mustang\">Weiter &raquo;<\/a><\/p>\n","protected":false},"featured_media":18838,"template":"","meta":{"_acf_changed":false,"inline_featured_image":false},"product_brand":[],"product_cat":[188],"product_tag":[],"class_list":{"0":"post-18987","1":"product","2":"type-product","3":"status-publish","4":"has-post-thumbnail","6":"uhrenhersteller-breitling","7":"uhrenhersteller-classic-avi","8":"product_cat-uhren","10":"first","11":"outofstock","12":"taxable","13":"shipping-taxable","14":"purchasable","15":"product-type-simple"},"acf":[],"yoast_head":"<!-- This site is optimized with the Yoast SEO plugin v25.5 - https:\/\/yoast.com\/wordpress\/plugins\/seo\/ -->\n<title>Breitling Classic AVI Chronograph 42 P-51 Mustang - Galli Uhren Bijouterie<\/title>\n<meta name=\"robots\" content=\"index, follow, max-snippet:-1, max-image-preview:large, max-video-preview:-1\" \/>\n<link rel=\"canonical\" href=\"https:\/\/galli.ch\/uhren\/breitling\/classic-avi\/chronograph-42-p-51-mustang-a233803a1b1a1\/\" \/>\n<meta property=\"og:locale\" content=\"en_US\" \/>\n<meta property=\"og:type\" content=\"article\" \/>\n<meta property=\"og:title\" content=\"Breitling Classic AVI Chronograph 42 P-51 Mustang - Galli Uhren Bijouterie\" \/>\n<meta property=\"og:description\" content=\"Als echte Pilotenuhr, die daf\u00fcr konzipiert wurde, den Herausforderungen eines Vintage-Cockpits standzuhalten, verf\u00fcgt die Classic AVI\u202fP-51 Mustang \u00fcber grosse, hervorragend ablesbare arabische Ziffern auf dem Zifferblatt und der L\u00fcnette. Die geriffelte L\u00fcnette am 42-mm-Geh\u00e4use bietet auch mit Pilotenhandschuhen optimale Griffigkeit. Das Kalbslederarmband mit Ziernaht erinnert optisch an die klassischen Fliegerjacken, w\u00e4hrend das Edelstahlarmband eine elegante... Weiter &raquo;\" \/>\n<meta property=\"og:url\" content=\"https:\/\/galli.ch\/uhren\/breitling\/classic-avi\/chronograph-42-p-51-mustang-a233803a1b1a1\/\" \/>\n<meta property=\"og:site_name\" content=\"Galli Uhren Bijouterie\" \/>\n<meta property=\"article:modified_time\" content=\"2026-03-30T08:10:44+00:00\" \/>\n<meta property=\"og:image\" content=\"https:\/\/galli.ch\/wp-content\/uploads\/a233803a1b1a1-classic-avi-chronograph-42-p-51-mustang-soldier.png\" \/>\n\t<meta property=\"og:image:width\" content=\"1000\" \/>\n\t<meta property=\"og:image:height\" content=\"1400\" \/>\n\t<meta property=\"og:image:type\" content=\"image\/png\" \/>\n<meta name=\"twitter:card\" content=\"summary_large_image\" \/>\n<script type=\"application\/ld+json\" class=\"yoast-schema-graph\">{\"@context\":\"https:\/\/schema.org\",\"@graph\":[{\"@type\":\"WebPage\",\"@id\":\"https:\/\/galli.ch\/uhren\/breitling\/classic-avi\/chronograph-42-p-51-mustang-a233803a1b1a1\/\",\"url\":\"https:\/\/galli.ch\/uhren\/breitling\/classic-avi\/chronograph-42-p-51-mustang-a233803a1b1a1\/\",\"name\":\"Breitling Classic AVI Chronograph 42 P-51 Mustang - Galli Uhren Bijouterie\",\"isPartOf\":{\"@id\":\"http:\/\/galli.ch\/en\/#website\"},\"primaryImageOfPage\":{\"@id\":\"https:\/\/galli.ch\/uhren\/breitling\/classic-avi\/chronograph-42-p-51-mustang-a233803a1b1a1\/#primaryimage\"},\"image\":{\"@id\":\"https:\/\/galli.ch\/uhren\/breitling\/classic-avi\/chronograph-42-p-51-mustang-a233803a1b1a1\/#primaryimage\"},\"thumbnailUrl\":\"https:\/\/galli.ch\/wp-content\/uploads\/a233803a1b1a1-classic-avi-chronograph-42-p-51-mustang-soldier.png\",\"datePublished\":\"2023-06-08T22:30:09+00:00\",\"dateModified\":\"2026-03-30T08:10:44+00:00\",\"breadcrumb\":{\"@id\":\"https:\/\/galli.ch\/uhren\/breitling\/classic-avi\/chronograph-42-p-51-mustang-a233803a1b1a1\/#breadcrumb\"},\"inLanguage\":\"en-US\",\"potentialAction\":[{\"@type\":\"ReadAction\",\"target\":[\"https:\/\/galli.ch\/uhren\/breitling\/classic-avi\/chronograph-42-p-51-mustang-a233803a1b1a1\/\"]}]},{\"@type\":\"ImageObject\",\"inLanguage\":\"en-US\",\"@id\":\"https:\/\/galli.ch\/uhren\/breitling\/classic-avi\/chronograph-42-p-51-mustang-a233803a1b1a1\/#primaryimage\",\"url\":\"https:\/\/galli.ch\/wp-content\/uploads\/a233803a1b1a1-classic-avi-chronograph-42-p-51-mustang-soldier.png\",\"contentUrl\":\"https:\/\/galli.ch\/wp-content\/uploads\/a233803a1b1a1-classic-avi-chronograph-42-p-51-mustang-soldier.png\",\"width\":1000,\"height\":1400,\"caption\":\"Breitling-CLASSIC AVI CHRONOGRAPH 42 P-51 MUSTANG-zurich\"},{\"@type\":\"BreadcrumbList\",\"@id\":\"https:\/\/galli.ch\/uhren\/breitling\/classic-avi\/chronograph-42-p-51-mustang-a233803a1b1a1\/#breadcrumb\",\"itemListElement\":[{\"@type\":\"ListItem\",\"position\":1,\"name\":\"Home\",\"item\":\"https:\/\/galli.ch\/en\/\"},{\"@type\":\"ListItem\",\"position\":2,\"name\":\"Uhren\",\"item\":\"https:\/\/galli.ch\/en\/uhren\/\"},{\"@type\":\"ListItem\",\"position\":3,\"name\":\"Classic AVI Chronograph 42 P-51 Mustang\"}]},{\"@type\":\"WebSite\",\"@id\":\"http:\/\/galli.ch\/en\/#website\",\"url\":\"http:\/\/galli.ch\/en\/\",\"name\":\"Galli Uhren Bijouterie\",\"description\":\"\",\"potentialAction\":[{\"@type\":\"SearchAction\",\"target\":{\"@type\":\"EntryPoint\",\"urlTemplate\":\"http:\/\/galli.ch\/en\/?s={search_term_string}\"},\"query-input\":{\"@type\":\"PropertyValueSpecification\",\"valueRequired\":true,\"valueName\":\"search_term_string\"}}],\"inLanguage\":\"en-US\"}]}<\/script>\n<!-- \/ Yoast SEO plugin. -->","yoast_head_json":{"title":"Breitling Classic AVI Chronograph 42 P-51 Mustang - Galli Uhren Bijouterie","robots":{"index":"index","follow":"follow","max-snippet":"max-snippet:-1","max-image-preview":"max-image-preview:large","max-video-preview":"max-video-preview:-1"},"canonical":"https:\/\/galli.ch\/uhren\/breitling\/classic-avi\/chronograph-42-p-51-mustang-a233803a1b1a1\/","og_locale":"en_US","og_type":"article","og_title":"Breitling Classic AVI Chronograph 42 P-51 Mustang - Galli Uhren Bijouterie","og_description":"Als echte Pilotenuhr, die daf\u00fcr konzipiert wurde, den Herausforderungen eines Vintage-Cockpits standzuhalten, verf\u00fcgt die Classic AVI\u202fP-51 Mustang \u00fcber grosse, hervorragend ablesbare arabische Ziffern auf dem Zifferblatt und der L\u00fcnette. Die geriffelte L\u00fcnette am 42-mm-Geh\u00e4use bietet auch mit Pilotenhandschuhen optimale Griffigkeit. Das Kalbslederarmband mit Ziernaht erinnert optisch an die klassischen Fliegerjacken, w\u00e4hrend das Edelstahlarmband eine elegante... Weiter &raquo;","og_url":"https:\/\/galli.ch\/uhren\/breitling\/classic-avi\/chronograph-42-p-51-mustang-a233803a1b1a1\/","og_site_name":"Galli Uhren Bijouterie","article_modified_time":"2026-03-30T08:10:44+00:00","og_image":[{"width":1000,"height":1400,"url":"https:\/\/galli.ch\/wp-content\/uploads\/a233803a1b1a1-classic-avi-chronograph-42-p-51-mustang-soldier.png","type":"image\/png"}],"twitter_card":"summary_large_image","schema":{"@context":"https:\/\/schema.org","@graph":[{"@type":"WebPage","@id":"https:\/\/galli.ch\/uhren\/breitling\/classic-avi\/chronograph-42-p-51-mustang-a233803a1b1a1\/","url":"https:\/\/galli.ch\/uhren\/breitling\/classic-avi\/chronograph-42-p-51-mustang-a233803a1b1a1\/","name":"Breitling Classic AVI Chronograph 42 P-51 Mustang - Galli Uhren Bijouterie","isPartOf":{"@id":"http:\/\/galli.ch\/en\/#website"},"primaryImageOfPage":{"@id":"https:\/\/galli.ch\/uhren\/breitling\/classic-avi\/chronograph-42-p-51-mustang-a233803a1b1a1\/#primaryimage"},"image":{"@id":"https:\/\/galli.ch\/uhren\/breitling\/classic-avi\/chronograph-42-p-51-mustang-a233803a1b1a1\/#primaryimage"},"thumbnailUrl":"https:\/\/galli.ch\/wp-content\/uploads\/a233803a1b1a1-classic-avi-chronograph-42-p-51-mustang-soldier.png","datePublished":"2023-06-08T22:30:09+00:00","dateModified":"2026-03-30T08:10:44+00:00","breadcrumb":{"@id":"https:\/\/galli.ch\/uhren\/breitling\/classic-avi\/chronograph-42-p-51-mustang-a233803a1b1a1\/#breadcrumb"},"inLanguage":"en-US","potentialAction":[{"@type":"ReadAction","target":["https:\/\/galli.ch\/uhren\/breitling\/classic-avi\/chronograph-42-p-51-mustang-a233803a1b1a1\/"]}]},{"@type":"ImageObject","inLanguage":"en-US","@id":"https:\/\/galli.ch\/uhren\/breitling\/classic-avi\/chronograph-42-p-51-mustang-a233803a1b1a1\/#primaryimage","url":"https:\/\/galli.ch\/wp-content\/uploads\/a233803a1b1a1-classic-avi-chronograph-42-p-51-mustang-soldier.png","contentUrl":"https:\/\/galli.ch\/wp-content\/uploads\/a233803a1b1a1-classic-avi-chronograph-42-p-51-mustang-soldier.png","width":1000,"height":1400,"caption":"Breitling-CLASSIC AVI CHRONOGRAPH 42 P-51 MUSTANG-zurich"},{"@type":"BreadcrumbList","@id":"https:\/\/galli.ch\/uhren\/breitling\/classic-avi\/chronograph-42-p-51-mustang-a233803a1b1a1\/#breadcrumb","itemListElement":[{"@type":"ListItem","position":1,"name":"Home","item":"https:\/\/galli.ch\/en\/"},{"@type":"ListItem","position":2,"name":"Uhren","item":"https:\/\/galli.ch\/en\/uhren\/"},{"@type":"ListItem","position":3,"name":"Classic AVI Chronograph 42 P-51 Mustang"}]},{"@type":"WebSite","@id":"http:\/\/galli.ch\/en\/#website","url":"http:\/\/galli.ch\/en\/","name":"Galli Uhren Bijouterie","description":"","potentialAction":[{"@type":"SearchAction","target":{"@type":"EntryPoint","urlTemplate":"http:\/\/galli.ch\/en\/?s={search_term_string}"},"query-input":{"@type":"PropertyValueSpecification","valueRequired":true,"valueName":"search_term_string"}}],"inLanguage":"en-US"}]}},"_links":{"self":[{"href":"https:\/\/galli.ch\/en\/wp-json\/wp\/v2\/product\/18987","targetHints":{"allow":["GET"]}}],"collection":[{"href":"https:\/\/galli.ch\/en\/wp-json\/wp\/v2\/product"}],"about":[{"href":"https:\/\/galli.ch\/en\/wp-json\/wp\/v2\/types\/product"}],"wp:featuredmedia":[{"embeddable":true,"href":"https:\/\/galli.ch\/en\/wp-json\/wp\/v2\/media\/18838"}],"wp:attachment":[{"href":"https:\/\/galli.ch\/en\/wp-json\/wp\/v2\/media?parent=18987"}],"wp:term":[{"taxonomy":"product_brand","embeddable":true,"href":"https:\/\/galli.ch\/en\/wp-json\/wp\/v2\/product_brand?post=18987"},{"taxonomy":"product_cat","embeddable":true,"href":"https:\/\/galli.ch\/en\/wp-json\/wp\/v2\/product_cat?post=18987"},{"taxonomy":"product_tag","embeddable":true,"href":"https:\/\/galli.ch\/en\/wp-json\/wp\/v2\/product_tag?post=18987"}],"curies":[{"name":"wp","href":"https:\/\/api.w.org\/{rel}","templated":true}]}}