{"id":18990,"date":"2023-06-09T00:47:12","date_gmt":"2023-06-08T22:47:12","guid":{"rendered":"https:\/\/galli.ch\/?post_type=product&#038;p=18990"},"modified":"2026-04-20T18:10:21","modified_gmt":"2026-04-20T16:10:21","slug":"aikon-quartz-40mm-ai1108-ss002-330-1","status":"publish","type":"product","link":"https:\/\/galli.ch\/en\/uhren\/maurice-lacroix\/aikon\/aikon-quartz-40mm-ai1108-ss002-330-1\/","title":{"rendered":"Maurice Lacroix AIKON Quartz 40mm"},"content":{"rendered":"<p>Ganz im Einklang mit dem Anliegen, seine Kreationen kontinuierlich zu verbessern, hat Maurice Lacroix nun die AIKON Quarz \u00fcberarbeitet. Insbesondere das Feedback von Kunden und H\u00e4ndlern half, die einzelnen Bestandteile des sportlichen Modells neu zu bewerten.<\/p>\n<p>Jede Kurve, Facette, Linie und Oberfl\u00e4che wurde verfeinert, um der Uhr ein neues, klareres Erscheinungsbild zu verleihen. Dar\u00fcber hinaus wurden die technischen Merkmale jedes einzelnen Modells verbessert, um ihren luxuri\u00f6sen Charakter zu akzentuieren.<\/p>\n","protected":false},"excerpt":{"rendered":"<p>Ganz im Einklang mit dem Anliegen, seine Kreationen kontinuierlich zu verbessern, hat Maurice Lacroix nun die AIKON Quarz \u00fcberarbeitet. Insbesondere das Feedback von Kunden und H\u00e4ndlern half, die einzelnen Bestandteile des sportlichen Modells neu zu bewerten. Jede Kurve, Facette, Linie und Oberfl\u00e4che wurde verfeinert, um der Uhr ein neues, klareres Erscheinungsbild zu verleihen. Dar\u00fcber hinaus&#8230;  <a class=\"excerpt-read-more\" href=\"https:\/\/galli.ch\/en\/uhren\/maurice-lacroix\/aikon\/aikon-quartz-40mm-ai1108-ss002-330-1\/\" title=\"Read Maurice Lacroix AIKON Quartz 40mm\">Weiter &raquo;<\/a><\/p>\n","protected":false},"featured_media":18844,"template":"","meta":{"_acf_changed":false,"inline_featured_image":false},"product_brand":[],"product_cat":[188],"product_tag":[],"class_list":{"0":"post-18990","1":"product","2":"type-product","3":"status-publish","4":"has-post-thumbnail","6":"uhrenhersteller-maurice-lacroix","7":"uhrenhersteller-aikon","8":"product_cat-uhren","10":"first","11":"instock","12":"taxable","13":"shipping-taxable","14":"purchasable","15":"product-type-simple"},"acf":[],"yoast_head":"<!-- This site is optimized with the Yoast SEO plugin v25.5 - https:\/\/yoast.com\/wordpress\/plugins\/seo\/ -->\n<title>Maurice Lacroix AIKON Quartz 40mm - Galli Uhren Bijouterie<\/title>\n<meta name=\"robots\" content=\"index, follow, max-snippet:-1, max-image-preview:large, max-video-preview:-1\" \/>\n<link rel=\"canonical\" href=\"https:\/\/galli.ch\/uhren\/maurice-lacroix\/aikon\/aikon-quartz-40mm-ai1108-ss002-330-1\/\" \/>\n<meta property=\"og:locale\" content=\"en_US\" \/>\n<meta property=\"og:type\" content=\"article\" \/>\n<meta property=\"og:title\" content=\"Maurice Lacroix AIKON Quartz 40mm - Galli Uhren Bijouterie\" \/>\n<meta property=\"og:description\" content=\"Ganz im Einklang mit dem Anliegen, seine Kreationen kontinuierlich zu verbessern, hat Maurice Lacroix nun die AIKON Quarz \u00fcberarbeitet. Insbesondere das Feedback von Kunden und H\u00e4ndlern half, die einzelnen Bestandteile des sportlichen Modells neu zu bewerten. Jede Kurve, Facette, Linie und Oberfl\u00e4che wurde verfeinert, um der Uhr ein neues, klareres Erscheinungsbild zu verleihen. Dar\u00fcber hinaus... Weiter &raquo;\" \/>\n<meta property=\"og:url\" content=\"https:\/\/galli.ch\/uhren\/maurice-lacroix\/aikon\/aikon-quartz-40mm-ai1108-ss002-330-1\/\" \/>\n<meta property=\"og:site_name\" content=\"Galli Uhren Bijouterie\" \/>\n<meta property=\"article:modified_time\" content=\"2026-04-20T16:10:21+00:00\" \/>\n<meta property=\"og:image\" content=\"https:\/\/galli.ch\/wp-content\/uploads\/ai1108_ss002_330_1_3.png\" \/>\n\t<meta property=\"og:image:width\" content=\"1000\" \/>\n\t<meta property=\"og:image:height\" content=\"1400\" \/>\n\t<meta property=\"og:image:type\" content=\"image\/png\" \/>\n<meta name=\"twitter:card\" content=\"summary_large_image\" \/>\n<script type=\"application\/ld+json\" class=\"yoast-schema-graph\">{\"@context\":\"https:\/\/schema.org\",\"@graph\":[{\"@type\":\"WebPage\",\"@id\":\"https:\/\/galli.ch\/uhren\/maurice-lacroix\/aikon\/aikon-quartz-40mm-ai1108-ss002-330-1\/\",\"url\":\"https:\/\/galli.ch\/uhren\/maurice-lacroix\/aikon\/aikon-quartz-40mm-ai1108-ss002-330-1\/\",\"name\":\"Maurice Lacroix AIKON Quartz 40mm - Galli Uhren Bijouterie\",\"isPartOf\":{\"@id\":\"http:\/\/galli.ch\/en\/#website\"},\"primaryImageOfPage\":{\"@id\":\"https:\/\/galli.ch\/uhren\/maurice-lacroix\/aikon\/aikon-quartz-40mm-ai1108-ss002-330-1\/#primaryimage\"},\"image\":{\"@id\":\"https:\/\/galli.ch\/uhren\/maurice-lacroix\/aikon\/aikon-quartz-40mm-ai1108-ss002-330-1\/#primaryimage\"},\"thumbnailUrl\":\"https:\/\/galli.ch\/wp-content\/uploads\/ai1108_ss002_330_1_3.png\",\"datePublished\":\"2023-06-08T22:47:12+00:00\",\"dateModified\":\"2026-04-20T16:10:21+00:00\",\"breadcrumb\":{\"@id\":\"https:\/\/galli.ch\/uhren\/maurice-lacroix\/aikon\/aikon-quartz-40mm-ai1108-ss002-330-1\/#breadcrumb\"},\"inLanguage\":\"en-US\",\"potentialAction\":[{\"@type\":\"ReadAction\",\"target\":[\"https:\/\/galli.ch\/uhren\/maurice-lacroix\/aikon\/aikon-quartz-40mm-ai1108-ss002-330-1\/\"]}]},{\"@type\":\"ImageObject\",\"inLanguage\":\"en-US\",\"@id\":\"https:\/\/galli.ch\/uhren\/maurice-lacroix\/aikon\/aikon-quartz-40mm-ai1108-ss002-330-1\/#primaryimage\",\"url\":\"https:\/\/galli.ch\/wp-content\/uploads\/ai1108_ss002_330_1_3.png\",\"contentUrl\":\"https:\/\/galli.ch\/wp-content\/uploads\/ai1108_ss002_330_1_3.png\",\"width\":1000,\"height\":1400,\"caption\":\"maurice-lacroix-AIKON Quartz 40mm-zurich\"},{\"@type\":\"BreadcrumbList\",\"@id\":\"https:\/\/galli.ch\/uhren\/maurice-lacroix\/aikon\/aikon-quartz-40mm-ai1108-ss002-330-1\/#breadcrumb\",\"itemListElement\":[{\"@type\":\"ListItem\",\"position\":1,\"name\":\"Home\",\"item\":\"https:\/\/galli.ch\/en\/\"},{\"@type\":\"ListItem\",\"position\":2,\"name\":\"Uhren\",\"item\":\"https:\/\/galli.ch\/en\/uhren\/\"},{\"@type\":\"ListItem\",\"position\":3,\"name\":\"AIKON Quartz 40mm\"}]},{\"@type\":\"WebSite\",\"@id\":\"http:\/\/galli.ch\/en\/#website\",\"url\":\"http:\/\/galli.ch\/en\/\",\"name\":\"Galli Uhren Bijouterie\",\"description\":\"\",\"potentialAction\":[{\"@type\":\"SearchAction\",\"target\":{\"@type\":\"EntryPoint\",\"urlTemplate\":\"http:\/\/galli.ch\/en\/?s={search_term_string}\"},\"query-input\":{\"@type\":\"PropertyValueSpecification\",\"valueRequired\":true,\"valueName\":\"search_term_string\"}}],\"inLanguage\":\"en-US\"}]}<\/script>\n<!-- \/ Yoast SEO plugin. -->","yoast_head_json":{"title":"Maurice Lacroix AIKON Quartz 40mm - Galli Uhren Bijouterie","robots":{"index":"index","follow":"follow","max-snippet":"max-snippet:-1","max-image-preview":"max-image-preview:large","max-video-preview":"max-video-preview:-1"},"canonical":"https:\/\/galli.ch\/uhren\/maurice-lacroix\/aikon\/aikon-quartz-40mm-ai1108-ss002-330-1\/","og_locale":"en_US","og_type":"article","og_title":"Maurice Lacroix AIKON Quartz 40mm - Galli Uhren Bijouterie","og_description":"Ganz im Einklang mit dem Anliegen, seine Kreationen kontinuierlich zu verbessern, hat Maurice Lacroix nun die AIKON Quarz \u00fcberarbeitet. Insbesondere das Feedback von Kunden und H\u00e4ndlern half, die einzelnen Bestandteile des sportlichen Modells neu zu bewerten. Jede Kurve, Facette, Linie und Oberfl\u00e4che wurde verfeinert, um der Uhr ein neues, klareres Erscheinungsbild zu verleihen. Dar\u00fcber hinaus... Weiter &raquo;","og_url":"https:\/\/galli.ch\/uhren\/maurice-lacroix\/aikon\/aikon-quartz-40mm-ai1108-ss002-330-1\/","og_site_name":"Galli Uhren Bijouterie","article_modified_time":"2026-04-20T16:10:21+00:00","og_image":[{"width":1000,"height":1400,"url":"https:\/\/galli.ch\/wp-content\/uploads\/ai1108_ss002_330_1_3.png","type":"image\/png"}],"twitter_card":"summary_large_image","schema":{"@context":"https:\/\/schema.org","@graph":[{"@type":"WebPage","@id":"https:\/\/galli.ch\/uhren\/maurice-lacroix\/aikon\/aikon-quartz-40mm-ai1108-ss002-330-1\/","url":"https:\/\/galli.ch\/uhren\/maurice-lacroix\/aikon\/aikon-quartz-40mm-ai1108-ss002-330-1\/","name":"Maurice Lacroix AIKON Quartz 40mm - Galli Uhren Bijouterie","isPartOf":{"@id":"http:\/\/galli.ch\/en\/#website"},"primaryImageOfPage":{"@id":"https:\/\/galli.ch\/uhren\/maurice-lacroix\/aikon\/aikon-quartz-40mm-ai1108-ss002-330-1\/#primaryimage"},"image":{"@id":"https:\/\/galli.ch\/uhren\/maurice-lacroix\/aikon\/aikon-quartz-40mm-ai1108-ss002-330-1\/#primaryimage"},"thumbnailUrl":"https:\/\/galli.ch\/wp-content\/uploads\/ai1108_ss002_330_1_3.png","datePublished":"2023-06-08T22:47:12+00:00","dateModified":"2026-04-20T16:10:21+00:00","breadcrumb":{"@id":"https:\/\/galli.ch\/uhren\/maurice-lacroix\/aikon\/aikon-quartz-40mm-ai1108-ss002-330-1\/#breadcrumb"},"inLanguage":"en-US","potentialAction":[{"@type":"ReadAction","target":["https:\/\/galli.ch\/uhren\/maurice-lacroix\/aikon\/aikon-quartz-40mm-ai1108-ss002-330-1\/"]}]},{"@type":"ImageObject","inLanguage":"en-US","@id":"https:\/\/galli.ch\/uhren\/maurice-lacroix\/aikon\/aikon-quartz-40mm-ai1108-ss002-330-1\/#primaryimage","url":"https:\/\/galli.ch\/wp-content\/uploads\/ai1108_ss002_330_1_3.png","contentUrl":"https:\/\/galli.ch\/wp-content\/uploads\/ai1108_ss002_330_1_3.png","width":1000,"height":1400,"caption":"maurice-lacroix-AIKON Quartz 40mm-zurich"},{"@type":"BreadcrumbList","@id":"https:\/\/galli.ch\/uhren\/maurice-lacroix\/aikon\/aikon-quartz-40mm-ai1108-ss002-330-1\/#breadcrumb","itemListElement":[{"@type":"ListItem","position":1,"name":"Home","item":"https:\/\/galli.ch\/en\/"},{"@type":"ListItem","position":2,"name":"Uhren","item":"https:\/\/galli.ch\/en\/uhren\/"},{"@type":"ListItem","position":3,"name":"AIKON Quartz 40mm"}]},{"@type":"WebSite","@id":"http:\/\/galli.ch\/en\/#website","url":"http:\/\/galli.ch\/en\/","name":"Galli Uhren Bijouterie","description":"","potentialAction":[{"@type":"SearchAction","target":{"@type":"EntryPoint","urlTemplate":"http:\/\/galli.ch\/en\/?s={search_term_string}"},"query-input":{"@type":"PropertyValueSpecification","valueRequired":true,"valueName":"search_term_string"}}],"inLanguage":"en-US"}]}},"_links":{"self":[{"href":"https:\/\/galli.ch\/en\/wp-json\/wp\/v2\/product\/18990","targetHints":{"allow":["GET"]}}],"collection":[{"href":"https:\/\/galli.ch\/en\/wp-json\/wp\/v2\/product"}],"about":[{"href":"https:\/\/galli.ch\/en\/wp-json\/wp\/v2\/types\/product"}],"wp:featuredmedia":[{"embeddable":true,"href":"https:\/\/galli.ch\/en\/wp-json\/wp\/v2\/media\/18844"}],"wp:attachment":[{"href":"https:\/\/galli.ch\/en\/wp-json\/wp\/v2\/media?parent=18990"}],"wp:term":[{"taxonomy":"product_brand","embeddable":true,"href":"https:\/\/galli.ch\/en\/wp-json\/wp\/v2\/product_brand?post=18990"},{"taxonomy":"product_cat","embeddable":true,"href":"https:\/\/galli.ch\/en\/wp-json\/wp\/v2\/product_cat?post=18990"},{"taxonomy":"product_tag","embeddable":true,"href":"https:\/\/galli.ch\/en\/wp-json\/wp\/v2\/product_tag?post=18990"}],"curies":[{"name":"wp","href":"https:\/\/api.w.org\/{rel}","templated":true}]}}