{"id":19126,"date":"2023-06-16T16:25:13","date_gmt":"2023-06-16T14:25:13","guid":{"rendered":"https:\/\/galli.ch\/?post_type=product&#038;p=19126"},"modified":"2025-03-13T13:45:06","modified_gmt":"2025-03-13T12:45:06","slug":"s-diver-42mm-pt6248-ss00l-330-j","status":"publish","type":"product","link":"https:\/\/galli.ch\/en\/uhren\/maurice-lacroix\/pontos\/s-diver-42mm-pt6248-ss00l-330-j\/","title":{"rendered":"Maurice Lacroix Pontos S Diver 42mm"},"content":{"rendered":"<p>Im Jahr 2013 brachte Maurice Lacroix die erste Generation der PONTOS S Diver heraus. Einige Jahre sp\u00e4ter stellte die Marke aus dem Jura die Produktion dieses Modells ein, um sich auf die Herstellung der sehr erfolgreichen AIKON zu konzentrieren.<\/p>\n<p>In der Folge erhielt das Unternehmen zahlreiche Anfragen f\u00fcr eine Neuauflage der Taucheruhr. Maurice Lacroix kommt diesen W\u00fcnschen nach und pr\u00e4sentiert eine neue Version der PONTOS S Diver, die einige Verbesserungen enth\u00e4lt, ohne den Geist des ersten Modells zu verlieren.<\/p>\n","protected":false},"excerpt":{"rendered":"<p>Im Jahr 2013 brachte Maurice Lacroix die erste Generation der PONTOS S Diver heraus. Einige Jahre sp\u00e4ter stellte die Marke aus dem Jura die Produktion dieses Modells ein, um sich auf die Herstellung der sehr erfolgreichen AIKON zu konzentrieren. In der Folge erhielt das Unternehmen zahlreiche Anfragen f\u00fcr eine Neuauflage der Taucheruhr. Maurice Lacroix kommt&#8230;  <a class=\"excerpt-read-more\" href=\"https:\/\/galli.ch\/en\/uhren\/maurice-lacroix\/pontos\/s-diver-42mm-pt6248-ss00l-330-j\/\" title=\"Read Maurice Lacroix Pontos S Diver 42mm\">Weiter &raquo;<\/a><\/p>\n","protected":false},"featured_media":19079,"template":"","meta":{"_acf_changed":false,"inline_featured_image":false},"product_brand":[],"product_cat":[188],"product_tag":[],"class_list":{"0":"post-19126","1":"product","2":"type-product","3":"status-publish","4":"has-post-thumbnail","6":"uhrenhersteller-maurice-lacroix","7":"uhrenhersteller-pontos","8":"product_cat-uhren","10":"first","11":"outofstock","12":"taxable","13":"shipping-taxable","14":"purchasable","15":"product-type-simple"},"acf":[],"yoast_head":"<!-- This site is optimized with the Yoast SEO plugin v25.5 - https:\/\/yoast.com\/wordpress\/plugins\/seo\/ -->\n<title>Maurice Lacroix Pontos S Diver 42mm - Galli Uhren Bijouterie<\/title>\n<meta name=\"robots\" content=\"index, follow, max-snippet:-1, max-image-preview:large, max-video-preview:-1\" \/>\n<link rel=\"canonical\" href=\"https:\/\/galli.ch\/uhren\/maurice-lacroix\/pontos\/s-diver-42mm-pt6248-ss00l-330-j\/\" \/>\n<meta property=\"og:locale\" content=\"en_US\" \/>\n<meta property=\"og:type\" content=\"article\" \/>\n<meta property=\"og:title\" content=\"Maurice Lacroix Pontos S Diver 42mm - Galli Uhren Bijouterie\" \/>\n<meta property=\"og:description\" content=\"Im Jahr 2013 brachte Maurice Lacroix die erste Generation der PONTOS S Diver heraus. Einige Jahre sp\u00e4ter stellte die Marke aus dem Jura die Produktion dieses Modells ein, um sich auf die Herstellung der sehr erfolgreichen AIKON zu konzentrieren. In der Folge erhielt das Unternehmen zahlreiche Anfragen f\u00fcr eine Neuauflage der Taucheruhr. Maurice Lacroix kommt... Weiter &raquo;\" \/>\n<meta property=\"og:url\" content=\"https:\/\/galli.ch\/uhren\/maurice-lacroix\/pontos\/s-diver-42mm-pt6248-ss00l-330-j\/\" \/>\n<meta property=\"og:site_name\" content=\"Galli Uhren Bijouterie\" \/>\n<meta property=\"article:modified_time\" content=\"2025-03-13T12:45:06+00:00\" \/>\n<meta property=\"og:image\" content=\"https:\/\/galli.ch\/wp-content\/uploads\/pt6248_ss00l_330_j_iii.png\" \/>\n\t<meta property=\"og:image:width\" content=\"1000\" \/>\n\t<meta property=\"og:image:height\" content=\"1400\" \/>\n\t<meta property=\"og:image:type\" content=\"image\/png\" \/>\n<meta name=\"twitter:card\" content=\"summary_large_image\" \/>\n<script type=\"application\/ld+json\" class=\"yoast-schema-graph\">{\"@context\":\"https:\/\/schema.org\",\"@graph\":[{\"@type\":\"WebPage\",\"@id\":\"https:\/\/galli.ch\/uhren\/maurice-lacroix\/pontos\/s-diver-42mm-pt6248-ss00l-330-j\/\",\"url\":\"https:\/\/galli.ch\/uhren\/maurice-lacroix\/pontos\/s-diver-42mm-pt6248-ss00l-330-j\/\",\"name\":\"Maurice Lacroix Pontos S Diver 42mm - Galli Uhren Bijouterie\",\"isPartOf\":{\"@id\":\"http:\/\/galli.ch\/en\/#website\"},\"primaryImageOfPage\":{\"@id\":\"https:\/\/galli.ch\/uhren\/maurice-lacroix\/pontos\/s-diver-42mm-pt6248-ss00l-330-j\/#primaryimage\"},\"image\":{\"@id\":\"https:\/\/galli.ch\/uhren\/maurice-lacroix\/pontos\/s-diver-42mm-pt6248-ss00l-330-j\/#primaryimage\"},\"thumbnailUrl\":\"https:\/\/galli.ch\/wp-content\/uploads\/pt6248_ss00l_330_j_iii.png\",\"datePublished\":\"2023-06-16T14:25:13+00:00\",\"dateModified\":\"2025-03-13T12:45:06+00:00\",\"breadcrumb\":{\"@id\":\"https:\/\/galli.ch\/uhren\/maurice-lacroix\/pontos\/s-diver-42mm-pt6248-ss00l-330-j\/#breadcrumb\"},\"inLanguage\":\"en-US\",\"potentialAction\":[{\"@type\":\"ReadAction\",\"target\":[\"https:\/\/galli.ch\/uhren\/maurice-lacroix\/pontos\/s-diver-42mm-pt6248-ss00l-330-j\/\"]}]},{\"@type\":\"ImageObject\",\"inLanguage\":\"en-US\",\"@id\":\"https:\/\/galli.ch\/uhren\/maurice-lacroix\/pontos\/s-diver-42mm-pt6248-ss00l-330-j\/#primaryimage\",\"url\":\"https:\/\/galli.ch\/wp-content\/uploads\/pt6248_ss00l_330_j_iii.png\",\"contentUrl\":\"https:\/\/galli.ch\/wp-content\/uploads\/pt6248_ss00l_330_j_iii.png\",\"width\":1000,\"height\":1400,\"caption\":\"mlc-pontos-s-diver-PT6248-SS00L-330-J\"},{\"@type\":\"BreadcrumbList\",\"@id\":\"https:\/\/galli.ch\/uhren\/maurice-lacroix\/pontos\/s-diver-42mm-pt6248-ss00l-330-j\/#breadcrumb\",\"itemListElement\":[{\"@type\":\"ListItem\",\"position\":1,\"name\":\"Home\",\"item\":\"https:\/\/galli.ch\/en\/\"},{\"@type\":\"ListItem\",\"position\":2,\"name\":\"Uhren\",\"item\":\"https:\/\/galli.ch\/en\/uhren\/\"},{\"@type\":\"ListItem\",\"position\":3,\"name\":\"Pontos S Diver 42mm\"}]},{\"@type\":\"WebSite\",\"@id\":\"http:\/\/galli.ch\/en\/#website\",\"url\":\"http:\/\/galli.ch\/en\/\",\"name\":\"Galli Uhren Bijouterie\",\"description\":\"\",\"potentialAction\":[{\"@type\":\"SearchAction\",\"target\":{\"@type\":\"EntryPoint\",\"urlTemplate\":\"http:\/\/galli.ch\/en\/?s={search_term_string}\"},\"query-input\":{\"@type\":\"PropertyValueSpecification\",\"valueRequired\":true,\"valueName\":\"search_term_string\"}}],\"inLanguage\":\"en-US\"}]}<\/script>\n<!-- \/ Yoast SEO plugin. -->","yoast_head_json":{"title":"Maurice Lacroix Pontos S Diver 42mm - Galli Uhren Bijouterie","robots":{"index":"index","follow":"follow","max-snippet":"max-snippet:-1","max-image-preview":"max-image-preview:large","max-video-preview":"max-video-preview:-1"},"canonical":"https:\/\/galli.ch\/uhren\/maurice-lacroix\/pontos\/s-diver-42mm-pt6248-ss00l-330-j\/","og_locale":"en_US","og_type":"article","og_title":"Maurice Lacroix Pontos S Diver 42mm - Galli Uhren Bijouterie","og_description":"Im Jahr 2013 brachte Maurice Lacroix die erste Generation der PONTOS S Diver heraus. Einige Jahre sp\u00e4ter stellte die Marke aus dem Jura die Produktion dieses Modells ein, um sich auf die Herstellung der sehr erfolgreichen AIKON zu konzentrieren. In der Folge erhielt das Unternehmen zahlreiche Anfragen f\u00fcr eine Neuauflage der Taucheruhr. Maurice Lacroix kommt... Weiter &raquo;","og_url":"https:\/\/galli.ch\/uhren\/maurice-lacroix\/pontos\/s-diver-42mm-pt6248-ss00l-330-j\/","og_site_name":"Galli Uhren Bijouterie","article_modified_time":"2025-03-13T12:45:06+00:00","og_image":[{"width":1000,"height":1400,"url":"https:\/\/galli.ch\/wp-content\/uploads\/pt6248_ss00l_330_j_iii.png","type":"image\/png"}],"twitter_card":"summary_large_image","schema":{"@context":"https:\/\/schema.org","@graph":[{"@type":"WebPage","@id":"https:\/\/galli.ch\/uhren\/maurice-lacroix\/pontos\/s-diver-42mm-pt6248-ss00l-330-j\/","url":"https:\/\/galli.ch\/uhren\/maurice-lacroix\/pontos\/s-diver-42mm-pt6248-ss00l-330-j\/","name":"Maurice Lacroix Pontos S Diver 42mm - Galli Uhren Bijouterie","isPartOf":{"@id":"http:\/\/galli.ch\/en\/#website"},"primaryImageOfPage":{"@id":"https:\/\/galli.ch\/uhren\/maurice-lacroix\/pontos\/s-diver-42mm-pt6248-ss00l-330-j\/#primaryimage"},"image":{"@id":"https:\/\/galli.ch\/uhren\/maurice-lacroix\/pontos\/s-diver-42mm-pt6248-ss00l-330-j\/#primaryimage"},"thumbnailUrl":"https:\/\/galli.ch\/wp-content\/uploads\/pt6248_ss00l_330_j_iii.png","datePublished":"2023-06-16T14:25:13+00:00","dateModified":"2025-03-13T12:45:06+00:00","breadcrumb":{"@id":"https:\/\/galli.ch\/uhren\/maurice-lacroix\/pontos\/s-diver-42mm-pt6248-ss00l-330-j\/#breadcrumb"},"inLanguage":"en-US","potentialAction":[{"@type":"ReadAction","target":["https:\/\/galli.ch\/uhren\/maurice-lacroix\/pontos\/s-diver-42mm-pt6248-ss00l-330-j\/"]}]},{"@type":"ImageObject","inLanguage":"en-US","@id":"https:\/\/galli.ch\/uhren\/maurice-lacroix\/pontos\/s-diver-42mm-pt6248-ss00l-330-j\/#primaryimage","url":"https:\/\/galli.ch\/wp-content\/uploads\/pt6248_ss00l_330_j_iii.png","contentUrl":"https:\/\/galli.ch\/wp-content\/uploads\/pt6248_ss00l_330_j_iii.png","width":1000,"height":1400,"caption":"mlc-pontos-s-diver-PT6248-SS00L-330-J"},{"@type":"BreadcrumbList","@id":"https:\/\/galli.ch\/uhren\/maurice-lacroix\/pontos\/s-diver-42mm-pt6248-ss00l-330-j\/#breadcrumb","itemListElement":[{"@type":"ListItem","position":1,"name":"Home","item":"https:\/\/galli.ch\/en\/"},{"@type":"ListItem","position":2,"name":"Uhren","item":"https:\/\/galli.ch\/en\/uhren\/"},{"@type":"ListItem","position":3,"name":"Pontos S Diver 42mm"}]},{"@type":"WebSite","@id":"http:\/\/galli.ch\/en\/#website","url":"http:\/\/galli.ch\/en\/","name":"Galli Uhren Bijouterie","description":"","potentialAction":[{"@type":"SearchAction","target":{"@type":"EntryPoint","urlTemplate":"http:\/\/galli.ch\/en\/?s={search_term_string}"},"query-input":{"@type":"PropertyValueSpecification","valueRequired":true,"valueName":"search_term_string"}}],"inLanguage":"en-US"}]}},"_links":{"self":[{"href":"https:\/\/galli.ch\/en\/wp-json\/wp\/v2\/product\/19126","targetHints":{"allow":["GET"]}}],"collection":[{"href":"https:\/\/galli.ch\/en\/wp-json\/wp\/v2\/product"}],"about":[{"href":"https:\/\/galli.ch\/en\/wp-json\/wp\/v2\/types\/product"}],"wp:featuredmedia":[{"embeddable":true,"href":"https:\/\/galli.ch\/en\/wp-json\/wp\/v2\/media\/19079"}],"wp:attachment":[{"href":"https:\/\/galli.ch\/en\/wp-json\/wp\/v2\/media?parent=19126"}],"wp:term":[{"taxonomy":"product_brand","embeddable":true,"href":"https:\/\/galli.ch\/en\/wp-json\/wp\/v2\/product_brand?post=19126"},{"taxonomy":"product_cat","embeddable":true,"href":"https:\/\/galli.ch\/en\/wp-json\/wp\/v2\/product_cat?post=19126"},{"taxonomy":"product_tag","embeddable":true,"href":"https:\/\/galli.ch\/en\/wp-json\/wp\/v2\/product_tag?post=19126"}],"curies":[{"name":"wp","href":"https:\/\/api.w.org\/{rel}","templated":true}]}}