{"id":19131,"date":"2023-06-16T18:08:13","date_gmt":"2023-06-16T16:08:13","guid":{"rendered":"https:\/\/galli.ch\/?post_type=product&#038;p=19131"},"modified":"2026-03-30T10:13:49","modified_gmt":"2026-03-30T08:13:49","slug":"mark-xx-iw328208","status":"publish","type":"product","link":"https:\/\/galli.ch\/en\/uhren\/iwc\/pilots-watches\/mark-xx-iw328208\/","title":{"rendered":"IWC Pilot&#8217;s Watch Mark XX"},"content":{"rendered":"<p class=\"text iwc-dh-text\">Die Pilot\u2019s Watch Mark XX besticht mit ihrem utilitaristischen Tool-Watch-Design und dem IWC-Manufakturkaliber 32111.<\/p>\n<p>Sie ist die Nachfolgerin der legend\u00e4ren Mark 11, einer pr\u00e4zisen amagnetischen Instrumentenuhr, die IWC 1948 f\u00fcr die Navigatoren und Piloten der British Royal Air Force entwickelt hat. Diese Variante verf\u00fcgt \u00fcber ein robustes und korrosionsbest\u00e4ndiges Geh\u00e4use aus Edelstahl in einem Durchmesser von 40 Millimetern, ein weisses Zifferblatt sowie schwarze Zeiger. \u00a0Dank des integrierten EasX-CHANGE\u00ae Systems l\u00e4sst sich das Armband einfach und ohne zus\u00e4tzliches Werkzeug gegen ein anderes wechseln.<\/p>\n","protected":false},"excerpt":{"rendered":"<p>Die Pilot\u2019s Watch Mark XX besticht mit ihrem utilitaristischen Tool-Watch-Design und dem IWC-Manufakturkaliber 32111. Sie ist die Nachfolgerin der legend\u00e4ren Mark 11, einer pr\u00e4zisen amagnetischen Instrumentenuhr, die IWC 1948 f\u00fcr die Navigatoren und Piloten der British Royal Air Force entwickelt hat. Diese Variante verf\u00fcgt \u00fcber ein robustes und korrosionsbest\u00e4ndiges Geh\u00e4use aus Edelstahl in einem Durchmesser&#8230;  <a class=\"excerpt-read-more\" href=\"https:\/\/galli.ch\/en\/uhren\/iwc\/pilots-watches\/mark-xx-iw328208\/\" title=\"Read IWC Pilot&#8217;s Watch Mark XX\">Weiter &raquo;<\/a><\/p>\n","protected":false},"featured_media":18912,"template":"","meta":{"_acf_changed":false,"inline_featured_image":false},"product_brand":[],"product_cat":[188],"product_tag":[],"class_list":{"0":"post-19131","1":"product","2":"type-product","3":"status-publish","4":"has-post-thumbnail","6":"uhrenhersteller-iwc","7":"uhrenhersteller-pilots-watches","8":"product_cat-uhren","10":"first","11":"outofstock","12":"taxable","13":"shipping-taxable","14":"purchasable","15":"product-type-simple"},"acf":[],"yoast_head":"<!-- This site is optimized with the Yoast SEO plugin v25.5 - https:\/\/yoast.com\/wordpress\/plugins\/seo\/ -->\n<title>IWC Pilot&#039;s Watch Mark XX - Galli Uhren Bijouterie<\/title>\n<meta name=\"robots\" content=\"index, follow, max-snippet:-1, max-image-preview:large, max-video-preview:-1\" \/>\n<link rel=\"canonical\" href=\"https:\/\/galli.ch\/uhren\/iwc\/pilots-watches\/mark-xx-iw328208\/\" \/>\n<meta property=\"og:locale\" content=\"en_US\" \/>\n<meta property=\"og:type\" content=\"article\" \/>\n<meta property=\"og:title\" content=\"IWC Pilot&#039;s Watch Mark XX - Galli Uhren Bijouterie\" \/>\n<meta property=\"og:description\" content=\"Die Pilot\u2019s Watch Mark XX besticht mit ihrem utilitaristischen Tool-Watch-Design und dem IWC-Manufakturkaliber 32111. Sie ist die Nachfolgerin der legend\u00e4ren Mark 11, einer pr\u00e4zisen amagnetischen Instrumentenuhr, die IWC 1948 f\u00fcr die Navigatoren und Piloten der British Royal Air Force entwickelt hat. Diese Variante verf\u00fcgt \u00fcber ein robustes und korrosionsbest\u00e4ndiges Geh\u00e4use aus Edelstahl in einem Durchmesser... Weiter &raquo;\" \/>\n<meta property=\"og:url\" content=\"https:\/\/galli.ch\/uhren\/iwc\/pilots-watches\/mark-xx-iw328208\/\" \/>\n<meta property=\"og:site_name\" content=\"Galli Uhren Bijouterie\" \/>\n<meta property=\"article:modified_time\" content=\"2026-03-30T08:13:49+00:00\" \/>\n<meta property=\"og:image\" content=\"https:\/\/galli.ch\/wp-content\/uploads\/OXwgwjj1YUuqk9roFx7o_w.png.png\" \/>\n\t<meta property=\"og:image:width\" content=\"1000\" \/>\n\t<meta property=\"og:image:height\" content=\"1400\" \/>\n\t<meta property=\"og:image:type\" content=\"image\/png\" \/>\n<meta name=\"twitter:card\" content=\"summary_large_image\" \/>\n<script type=\"application\/ld+json\" class=\"yoast-schema-graph\">{\"@context\":\"https:\/\/schema.org\",\"@graph\":[{\"@type\":\"WebPage\",\"@id\":\"https:\/\/galli.ch\/uhren\/iwc\/pilots-watches\/mark-xx-iw328208\/\",\"url\":\"https:\/\/galli.ch\/uhren\/iwc\/pilots-watches\/mark-xx-iw328208\/\",\"name\":\"IWC Pilot's Watch Mark XX - Galli Uhren Bijouterie\",\"isPartOf\":{\"@id\":\"http:\/\/galli.ch\/en\/#website\"},\"primaryImageOfPage\":{\"@id\":\"https:\/\/galli.ch\/uhren\/iwc\/pilots-watches\/mark-xx-iw328208\/#primaryimage\"},\"image\":{\"@id\":\"https:\/\/galli.ch\/uhren\/iwc\/pilots-watches\/mark-xx-iw328208\/#primaryimage\"},\"thumbnailUrl\":\"https:\/\/galli.ch\/wp-content\/uploads\/OXwgwjj1YUuqk9roFx7o_w.png.png\",\"datePublished\":\"2023-06-16T16:08:13+00:00\",\"dateModified\":\"2026-03-30T08:13:49+00:00\",\"breadcrumb\":{\"@id\":\"https:\/\/galli.ch\/uhren\/iwc\/pilots-watches\/mark-xx-iw328208\/#breadcrumb\"},\"inLanguage\":\"en-US\",\"potentialAction\":[{\"@type\":\"ReadAction\",\"target\":[\"https:\/\/galli.ch\/uhren\/iwc\/pilots-watches\/mark-xx-iw328208\/\"]}]},{\"@type\":\"ImageObject\",\"inLanguage\":\"en-US\",\"@id\":\"https:\/\/galli.ch\/uhren\/iwc\/pilots-watches\/mark-xx-iw328208\/#primaryimage\",\"url\":\"https:\/\/galli.ch\/wp-content\/uploads\/OXwgwjj1YUuqk9roFx7o_w.png.png\",\"contentUrl\":\"https:\/\/galli.ch\/wp-content\/uploads\/OXwgwjj1YUuqk9roFx7o_w.png.png\",\"width\":1000,\"height\":1400,\"caption\":\"iwc-pilots-watch-mark-20-IW328208\"},{\"@type\":\"BreadcrumbList\",\"@id\":\"https:\/\/galli.ch\/uhren\/iwc\/pilots-watches\/mark-xx-iw328208\/#breadcrumb\",\"itemListElement\":[{\"@type\":\"ListItem\",\"position\":1,\"name\":\"Home\",\"item\":\"https:\/\/galli.ch\/en\/\"},{\"@type\":\"ListItem\",\"position\":2,\"name\":\"Uhren\",\"item\":\"https:\/\/galli.ch\/en\/uhren\/\"},{\"@type\":\"ListItem\",\"position\":3,\"name\":\"IWC Pilot&#8217;s Watch Mark XX\"}]},{\"@type\":\"WebSite\",\"@id\":\"http:\/\/galli.ch\/en\/#website\",\"url\":\"http:\/\/galli.ch\/en\/\",\"name\":\"Galli Uhren Bijouterie\",\"description\":\"\",\"potentialAction\":[{\"@type\":\"SearchAction\",\"target\":{\"@type\":\"EntryPoint\",\"urlTemplate\":\"http:\/\/galli.ch\/en\/?s={search_term_string}\"},\"query-input\":{\"@type\":\"PropertyValueSpecification\",\"valueRequired\":true,\"valueName\":\"search_term_string\"}}],\"inLanguage\":\"en-US\"}]}<\/script>\n<!-- \/ Yoast SEO plugin. -->","yoast_head_json":{"title":"IWC Pilot's Watch Mark XX - Galli Uhren Bijouterie","robots":{"index":"index","follow":"follow","max-snippet":"max-snippet:-1","max-image-preview":"max-image-preview:large","max-video-preview":"max-video-preview:-1"},"canonical":"https:\/\/galli.ch\/uhren\/iwc\/pilots-watches\/mark-xx-iw328208\/","og_locale":"en_US","og_type":"article","og_title":"IWC Pilot's Watch Mark XX - Galli Uhren Bijouterie","og_description":"Die Pilot\u2019s Watch Mark XX besticht mit ihrem utilitaristischen Tool-Watch-Design und dem IWC-Manufakturkaliber 32111. Sie ist die Nachfolgerin der legend\u00e4ren Mark 11, einer pr\u00e4zisen amagnetischen Instrumentenuhr, die IWC 1948 f\u00fcr die Navigatoren und Piloten der British Royal Air Force entwickelt hat. Diese Variante verf\u00fcgt \u00fcber ein robustes und korrosionsbest\u00e4ndiges Geh\u00e4use aus Edelstahl in einem Durchmesser... Weiter &raquo;","og_url":"https:\/\/galli.ch\/uhren\/iwc\/pilots-watches\/mark-xx-iw328208\/","og_site_name":"Galli Uhren Bijouterie","article_modified_time":"2026-03-30T08:13:49+00:00","og_image":[{"width":1000,"height":1400,"url":"https:\/\/galli.ch\/wp-content\/uploads\/OXwgwjj1YUuqk9roFx7o_w.png.png","type":"image\/png"}],"twitter_card":"summary_large_image","schema":{"@context":"https:\/\/schema.org","@graph":[{"@type":"WebPage","@id":"https:\/\/galli.ch\/uhren\/iwc\/pilots-watches\/mark-xx-iw328208\/","url":"https:\/\/galli.ch\/uhren\/iwc\/pilots-watches\/mark-xx-iw328208\/","name":"IWC Pilot's Watch Mark XX - Galli Uhren Bijouterie","isPartOf":{"@id":"http:\/\/galli.ch\/en\/#website"},"primaryImageOfPage":{"@id":"https:\/\/galli.ch\/uhren\/iwc\/pilots-watches\/mark-xx-iw328208\/#primaryimage"},"image":{"@id":"https:\/\/galli.ch\/uhren\/iwc\/pilots-watches\/mark-xx-iw328208\/#primaryimage"},"thumbnailUrl":"https:\/\/galli.ch\/wp-content\/uploads\/OXwgwjj1YUuqk9roFx7o_w.png.png","datePublished":"2023-06-16T16:08:13+00:00","dateModified":"2026-03-30T08:13:49+00:00","breadcrumb":{"@id":"https:\/\/galli.ch\/uhren\/iwc\/pilots-watches\/mark-xx-iw328208\/#breadcrumb"},"inLanguage":"en-US","potentialAction":[{"@type":"ReadAction","target":["https:\/\/galli.ch\/uhren\/iwc\/pilots-watches\/mark-xx-iw328208\/"]}]},{"@type":"ImageObject","inLanguage":"en-US","@id":"https:\/\/galli.ch\/uhren\/iwc\/pilots-watches\/mark-xx-iw328208\/#primaryimage","url":"https:\/\/galli.ch\/wp-content\/uploads\/OXwgwjj1YUuqk9roFx7o_w.png.png","contentUrl":"https:\/\/galli.ch\/wp-content\/uploads\/OXwgwjj1YUuqk9roFx7o_w.png.png","width":1000,"height":1400,"caption":"iwc-pilots-watch-mark-20-IW328208"},{"@type":"BreadcrumbList","@id":"https:\/\/galli.ch\/uhren\/iwc\/pilots-watches\/mark-xx-iw328208\/#breadcrumb","itemListElement":[{"@type":"ListItem","position":1,"name":"Home","item":"https:\/\/galli.ch\/en\/"},{"@type":"ListItem","position":2,"name":"Uhren","item":"https:\/\/galli.ch\/en\/uhren\/"},{"@type":"ListItem","position":3,"name":"IWC Pilot&#8217;s Watch Mark XX"}]},{"@type":"WebSite","@id":"http:\/\/galli.ch\/en\/#website","url":"http:\/\/galli.ch\/en\/","name":"Galli Uhren Bijouterie","description":"","potentialAction":[{"@type":"SearchAction","target":{"@type":"EntryPoint","urlTemplate":"http:\/\/galli.ch\/en\/?s={search_term_string}"},"query-input":{"@type":"PropertyValueSpecification","valueRequired":true,"valueName":"search_term_string"}}],"inLanguage":"en-US"}]}},"_links":{"self":[{"href":"https:\/\/galli.ch\/en\/wp-json\/wp\/v2\/product\/19131","targetHints":{"allow":["GET"]}}],"collection":[{"href":"https:\/\/galli.ch\/en\/wp-json\/wp\/v2\/product"}],"about":[{"href":"https:\/\/galli.ch\/en\/wp-json\/wp\/v2\/types\/product"}],"wp:featuredmedia":[{"embeddable":true,"href":"https:\/\/galli.ch\/en\/wp-json\/wp\/v2\/media\/18912"}],"wp:attachment":[{"href":"https:\/\/galli.ch\/en\/wp-json\/wp\/v2\/media?parent=19131"}],"wp:term":[{"taxonomy":"product_brand","embeddable":true,"href":"https:\/\/galli.ch\/en\/wp-json\/wp\/v2\/product_brand?post=19131"},{"taxonomy":"product_cat","embeddable":true,"href":"https:\/\/galli.ch\/en\/wp-json\/wp\/v2\/product_cat?post=19131"},{"taxonomy":"product_tag","embeddable":true,"href":"https:\/\/galli.ch\/en\/wp-json\/wp\/v2\/product_tag?post=19131"}],"curies":[{"name":"wp","href":"https:\/\/api.w.org\/{rel}","templated":true}]}}