{"id":19328,"date":"2023-06-27T13:18:44","date_gmt":"2023-06-27T11:18:44","guid":{"rendered":"https:\/\/galli.ch\/?post_type=product&#038;p=19328"},"modified":"2026-03-30T10:13:53","modified_gmt":"2026-03-30T08:13:53","slug":"big-pilots-watch-43-spitfire-iw329701","status":"publish","type":"product","link":"https:\/\/galli.ch\/en\/uhren\/iwc\/pilots-watches\/big-pilots-watch-43-spitfire-iw329701\/","title":{"rendered":"IWC Big Pilot&#8217;s Watch 43 Spitfire"},"content":{"rendered":"<p>Die Big Pilot&#8217;s Watch 43 Spitfire besticht durch ihre milit\u00e4rische \u00c4sthetik mit einem mattgrauen Geh\u00e4use und einer Krone aus Titan sowie einem schwarzen Zifferblatt im Stil von historischen Beobachtungsuhren. Das Geh\u00e4use, der Geh\u00e4useboden und die Krone wurden aus leichtem und robustem Grad 5 Titan gefertigt. Die dunkelgraue, matte Farbe ist das Resultat einer aufwendigen Oberfl\u00e4chenbehandlung, bei der die Komponenten zun\u00e4chst poliert und anschliessend sandgestrahlt werden.<\/p>\n<p>Dieses Spitfire-Modelle verf\u00fcgen \u00fcber das neue EasX-CHANGE System von IWC. Es erlaubt dem Tr\u00e4ger, das Armband schnell und einfach mit einem simplen Knopfdruck zu wechseln.<\/p>\n","protected":false},"excerpt":{"rendered":"<p>Die Big Pilot&#8217;s Watch 43 Spitfire besticht durch ihre milit\u00e4rische \u00c4sthetik mit einem mattgrauen Geh\u00e4use und einer Krone aus Titan sowie einem schwarzen Zifferblatt im Stil von historischen Beobachtungsuhren. Das Geh\u00e4use, der Geh\u00e4useboden und die Krone wurden aus leichtem und robustem Grad 5 Titan gefertigt. Die dunkelgraue, matte Farbe ist das Resultat einer aufwendigen Oberfl\u00e4chenbehandlung,&#8230;  <a class=\"excerpt-read-more\" href=\"https:\/\/galli.ch\/en\/uhren\/iwc\/pilots-watches\/big-pilots-watch-43-spitfire-iw329701\/\" title=\"Read IWC Big Pilot&#8217;s Watch 43 Spitfire\">Weiter &raquo;<\/a><\/p>\n","protected":false},"featured_media":18699,"template":"","meta":{"_acf_changed":false,"inline_featured_image":false},"product_brand":[],"product_cat":[188],"product_tag":[],"class_list":{"0":"post-19328","1":"product","2":"type-product","3":"status-publish","4":"has-post-thumbnail","6":"uhrenhersteller-iwc","7":"uhrenhersteller-pilots-watches","8":"product_cat-uhren","10":"first","11":"instock","12":"taxable","13":"shipping-taxable","14":"purchasable","15":"product-type-simple"},"acf":[],"yoast_head":"<!-- This site is optimized with the Yoast SEO plugin v25.5 - https:\/\/yoast.com\/wordpress\/plugins\/seo\/ -->\n<title>IWC Big Pilot&#039;s Watch 43 Spitfire - Galli Uhren Bijouterie<\/title>\n<meta name=\"robots\" content=\"index, follow, max-snippet:-1, max-image-preview:large, max-video-preview:-1\" \/>\n<link rel=\"canonical\" href=\"https:\/\/galli.ch\/uhren\/iwc\/pilots-watches\/big-pilots-watch-43-spitfire-iw329701\/\" \/>\n<meta property=\"og:locale\" content=\"en_US\" \/>\n<meta property=\"og:type\" content=\"article\" \/>\n<meta property=\"og:title\" content=\"IWC Big Pilot&#039;s Watch 43 Spitfire - Galli Uhren Bijouterie\" \/>\n<meta property=\"og:description\" content=\"Die Big Pilot&#8217;s Watch 43 Spitfire besticht durch ihre milit\u00e4rische \u00c4sthetik mit einem mattgrauen Geh\u00e4use und einer Krone aus Titan sowie einem schwarzen Zifferblatt im Stil von historischen Beobachtungsuhren. Das Geh\u00e4use, der Geh\u00e4useboden und die Krone wurden aus leichtem und robustem Grad 5 Titan gefertigt. Die dunkelgraue, matte Farbe ist das Resultat einer aufwendigen Oberfl\u00e4chenbehandlung,... Weiter &raquo;\" \/>\n<meta property=\"og:url\" content=\"https:\/\/galli.ch\/uhren\/iwc\/pilots-watches\/big-pilots-watch-43-spitfire-iw329701\/\" \/>\n<meta property=\"og:site_name\" content=\"Galli Uhren Bijouterie\" \/>\n<meta property=\"article:modified_time\" content=\"2026-03-30T08:13:53+00:00\" \/>\n<meta property=\"og:image\" content=\"https:\/\/galli.ch\/wp-content\/uploads\/2230721-1.png\" \/>\n\t<meta property=\"og:image:width\" content=\"1000\" \/>\n\t<meta property=\"og:image:height\" content=\"1400\" \/>\n\t<meta property=\"og:image:type\" content=\"image\/png\" \/>\n<meta name=\"twitter:card\" content=\"summary_large_image\" \/>\n<script type=\"application\/ld+json\" class=\"yoast-schema-graph\">{\"@context\":\"https:\/\/schema.org\",\"@graph\":[{\"@type\":\"WebPage\",\"@id\":\"https:\/\/galli.ch\/uhren\/iwc\/pilots-watches\/big-pilots-watch-43-spitfire-iw329701\/\",\"url\":\"https:\/\/galli.ch\/uhren\/iwc\/pilots-watches\/big-pilots-watch-43-spitfire-iw329701\/\",\"name\":\"IWC Big Pilot's Watch 43 Spitfire - Galli Uhren Bijouterie\",\"isPartOf\":{\"@id\":\"http:\/\/galli.ch\/en\/#website\"},\"primaryImageOfPage\":{\"@id\":\"https:\/\/galli.ch\/uhren\/iwc\/pilots-watches\/big-pilots-watch-43-spitfire-iw329701\/#primaryimage\"},\"image\":{\"@id\":\"https:\/\/galli.ch\/uhren\/iwc\/pilots-watches\/big-pilots-watch-43-spitfire-iw329701\/#primaryimage\"},\"thumbnailUrl\":\"https:\/\/galli.ch\/wp-content\/uploads\/2230721-1.png\",\"datePublished\":\"2023-06-27T11:18:44+00:00\",\"dateModified\":\"2026-03-30T08:13:53+00:00\",\"breadcrumb\":{\"@id\":\"https:\/\/galli.ch\/uhren\/iwc\/pilots-watches\/big-pilots-watch-43-spitfire-iw329701\/#breadcrumb\"},\"inLanguage\":\"en-US\",\"potentialAction\":[{\"@type\":\"ReadAction\",\"target\":[\"https:\/\/galli.ch\/uhren\/iwc\/pilots-watches\/big-pilots-watch-43-spitfire-iw329701\/\"]}]},{\"@type\":\"ImageObject\",\"inLanguage\":\"en-US\",\"@id\":\"https:\/\/galli.ch\/uhren\/iwc\/pilots-watches\/big-pilots-watch-43-spitfire-iw329701\/#primaryimage\",\"url\":\"https:\/\/galli.ch\/wp-content\/uploads\/2230721-1.png\",\"contentUrl\":\"https:\/\/galli.ch\/wp-content\/uploads\/2230721-1.png\",\"width\":1000,\"height\":1400,\"caption\":\"iwc-big-pilots-watch-43-spitfire\"},{\"@type\":\"BreadcrumbList\",\"@id\":\"https:\/\/galli.ch\/uhren\/iwc\/pilots-watches\/big-pilots-watch-43-spitfire-iw329701\/#breadcrumb\",\"itemListElement\":[{\"@type\":\"ListItem\",\"position\":1,\"name\":\"Home\",\"item\":\"https:\/\/galli.ch\/en\/\"},{\"@type\":\"ListItem\",\"position\":2,\"name\":\"Uhren\",\"item\":\"https:\/\/galli.ch\/en\/uhren\/\"},{\"@type\":\"ListItem\",\"position\":3,\"name\":\"IWC Big Pilot&#8217;s Watch 43 Spitfire\"}]},{\"@type\":\"WebSite\",\"@id\":\"http:\/\/galli.ch\/en\/#website\",\"url\":\"http:\/\/galli.ch\/en\/\",\"name\":\"Galli Uhren Bijouterie\",\"description\":\"\",\"potentialAction\":[{\"@type\":\"SearchAction\",\"target\":{\"@type\":\"EntryPoint\",\"urlTemplate\":\"http:\/\/galli.ch\/en\/?s={search_term_string}\"},\"query-input\":{\"@type\":\"PropertyValueSpecification\",\"valueRequired\":true,\"valueName\":\"search_term_string\"}}],\"inLanguage\":\"en-US\"}]}<\/script>\n<!-- \/ Yoast SEO plugin. -->","yoast_head_json":{"title":"IWC Big Pilot's Watch 43 Spitfire - Galli Uhren Bijouterie","robots":{"index":"index","follow":"follow","max-snippet":"max-snippet:-1","max-image-preview":"max-image-preview:large","max-video-preview":"max-video-preview:-1"},"canonical":"https:\/\/galli.ch\/uhren\/iwc\/pilots-watches\/big-pilots-watch-43-spitfire-iw329701\/","og_locale":"en_US","og_type":"article","og_title":"IWC Big Pilot's Watch 43 Spitfire - Galli Uhren Bijouterie","og_description":"Die Big Pilot&#8217;s Watch 43 Spitfire besticht durch ihre milit\u00e4rische \u00c4sthetik mit einem mattgrauen Geh\u00e4use und einer Krone aus Titan sowie einem schwarzen Zifferblatt im Stil von historischen Beobachtungsuhren. Das Geh\u00e4use, der Geh\u00e4useboden und die Krone wurden aus leichtem und robustem Grad 5 Titan gefertigt. Die dunkelgraue, matte Farbe ist das Resultat einer aufwendigen Oberfl\u00e4chenbehandlung,... Weiter &raquo;","og_url":"https:\/\/galli.ch\/uhren\/iwc\/pilots-watches\/big-pilots-watch-43-spitfire-iw329701\/","og_site_name":"Galli Uhren Bijouterie","article_modified_time":"2026-03-30T08:13:53+00:00","og_image":[{"width":1000,"height":1400,"url":"https:\/\/galli.ch\/wp-content\/uploads\/2230721-1.png","type":"image\/png"}],"twitter_card":"summary_large_image","schema":{"@context":"https:\/\/schema.org","@graph":[{"@type":"WebPage","@id":"https:\/\/galli.ch\/uhren\/iwc\/pilots-watches\/big-pilots-watch-43-spitfire-iw329701\/","url":"https:\/\/galli.ch\/uhren\/iwc\/pilots-watches\/big-pilots-watch-43-spitfire-iw329701\/","name":"IWC Big Pilot's Watch 43 Spitfire - Galli Uhren Bijouterie","isPartOf":{"@id":"http:\/\/galli.ch\/en\/#website"},"primaryImageOfPage":{"@id":"https:\/\/galli.ch\/uhren\/iwc\/pilots-watches\/big-pilots-watch-43-spitfire-iw329701\/#primaryimage"},"image":{"@id":"https:\/\/galli.ch\/uhren\/iwc\/pilots-watches\/big-pilots-watch-43-spitfire-iw329701\/#primaryimage"},"thumbnailUrl":"https:\/\/galli.ch\/wp-content\/uploads\/2230721-1.png","datePublished":"2023-06-27T11:18:44+00:00","dateModified":"2026-03-30T08:13:53+00:00","breadcrumb":{"@id":"https:\/\/galli.ch\/uhren\/iwc\/pilots-watches\/big-pilots-watch-43-spitfire-iw329701\/#breadcrumb"},"inLanguage":"en-US","potentialAction":[{"@type":"ReadAction","target":["https:\/\/galli.ch\/uhren\/iwc\/pilots-watches\/big-pilots-watch-43-spitfire-iw329701\/"]}]},{"@type":"ImageObject","inLanguage":"en-US","@id":"https:\/\/galli.ch\/uhren\/iwc\/pilots-watches\/big-pilots-watch-43-spitfire-iw329701\/#primaryimage","url":"https:\/\/galli.ch\/wp-content\/uploads\/2230721-1.png","contentUrl":"https:\/\/galli.ch\/wp-content\/uploads\/2230721-1.png","width":1000,"height":1400,"caption":"iwc-big-pilots-watch-43-spitfire"},{"@type":"BreadcrumbList","@id":"https:\/\/galli.ch\/uhren\/iwc\/pilots-watches\/big-pilots-watch-43-spitfire-iw329701\/#breadcrumb","itemListElement":[{"@type":"ListItem","position":1,"name":"Home","item":"https:\/\/galli.ch\/en\/"},{"@type":"ListItem","position":2,"name":"Uhren","item":"https:\/\/galli.ch\/en\/uhren\/"},{"@type":"ListItem","position":3,"name":"IWC Big Pilot&#8217;s Watch 43 Spitfire"}]},{"@type":"WebSite","@id":"http:\/\/galli.ch\/en\/#website","url":"http:\/\/galli.ch\/en\/","name":"Galli Uhren Bijouterie","description":"","potentialAction":[{"@type":"SearchAction","target":{"@type":"EntryPoint","urlTemplate":"http:\/\/galli.ch\/en\/?s={search_term_string}"},"query-input":{"@type":"PropertyValueSpecification","valueRequired":true,"valueName":"search_term_string"}}],"inLanguage":"en-US"}]}},"_links":{"self":[{"href":"https:\/\/galli.ch\/en\/wp-json\/wp\/v2\/product\/19328","targetHints":{"allow":["GET"]}}],"collection":[{"href":"https:\/\/galli.ch\/en\/wp-json\/wp\/v2\/product"}],"about":[{"href":"https:\/\/galli.ch\/en\/wp-json\/wp\/v2\/types\/product"}],"wp:featuredmedia":[{"embeddable":true,"href":"https:\/\/galli.ch\/en\/wp-json\/wp\/v2\/media\/18699"}],"wp:attachment":[{"href":"https:\/\/galli.ch\/en\/wp-json\/wp\/v2\/media?parent=19328"}],"wp:term":[{"taxonomy":"product_brand","embeddable":true,"href":"https:\/\/galli.ch\/en\/wp-json\/wp\/v2\/product_brand?post=19328"},{"taxonomy":"product_cat","embeddable":true,"href":"https:\/\/galli.ch\/en\/wp-json\/wp\/v2\/product_cat?post=19328"},{"taxonomy":"product_tag","embeddable":true,"href":"https:\/\/galli.ch\/en\/wp-json\/wp\/v2\/product_tag?post=19328"}],"curies":[{"name":"wp","href":"https:\/\/api.w.org\/{rel}","templated":true}]}}