{"id":19360,"date":"2023-06-29T00:36:40","date_gmt":"2023-06-28T22:36:40","guid":{"rendered":"https:\/\/galli.ch\/?post_type=product&#038;p=19360"},"modified":"2026-03-30T10:12:59","modified_gmt":"2026-03-30T08:12:59","slug":"aikon-quartz-35mm-ai1106-ss002-150-1","status":"publish","type":"product","link":"https:\/\/galli.ch\/en\/uhren\/maurice-lacroix\/aikon\/aikon-quartz-35mm-ai1106-ss002-150-1\/","title":{"rendered":"Maurice Lacroix AIKON Quartz 35mm"},"content":{"rendered":"<p>Im Jahr 2016 eroberte Maurice Lacroix die Uhrenszene mit der neuen AIKON. Das Modell vereint einen urbanen Lebensstil und Schweizer Pr\u00e4zision und gew\u00e4hrleistet dabei eine hohe Wertsteigerung. Die vom Gro\u00dfstadtleben inspirierte Uhr spricht sowohl Millennials als auch Mitglieder der Generation Z an und hat sich als bemerkenswerter Erfolg der Brand Maurice Lacroix erwiesen.<\/p>\n<p>Doch Stillstand ist f\u00fcr die zukunftsorientierte Uhrenmarke keine Option, die stets danach strebt, die Standards der Uhrmacherkunst hochzuhalten. Das gelingt Maurice Lacroix mit der neuen AIKON Quartz. Die Linie umfasst vier neue 35-mm-Modelle sowie ein zweifarbiges Modell mit einem 40-mm-Geh\u00e4use.<\/p>\n","protected":false},"excerpt":{"rendered":"<p>Im Jahr 2016 eroberte Maurice Lacroix die Uhrenszene mit der neuen AIKON. Das Modell vereint einen urbanen Lebensstil und Schweizer Pr\u00e4zision und gew\u00e4hrleistet dabei eine hohe Wertsteigerung. Die vom Gro\u00dfstadtleben inspirierte Uhr spricht sowohl Millennials als auch Mitglieder der Generation Z an und hat sich als bemerkenswerter Erfolg der Brand Maurice Lacroix erwiesen. Doch Stillstand&#8230;  <a class=\"excerpt-read-more\" href=\"https:\/\/galli.ch\/en\/uhren\/maurice-lacroix\/aikon\/aikon-quartz-35mm-ai1106-ss002-150-1\/\" title=\"Read Maurice Lacroix AIKON Quartz 35mm\">Weiter &raquo;<\/a><\/p>\n","protected":false},"featured_media":18897,"template":"","meta":{"_acf_changed":false,"inline_featured_image":false},"product_brand":[],"product_cat":[188],"product_tag":[],"class_list":{"0":"post-19360","1":"product","2":"type-product","3":"status-publish","4":"has-post-thumbnail","6":"uhrenhersteller-aikon","7":"uhrenhersteller-maurice-lacroix","8":"product_cat-uhren","10":"first","11":"outofstock","12":"taxable","13":"shipping-taxable","14":"purchasable","15":"product-type-simple"},"acf":[],"yoast_head":"<!-- This site is optimized with the Yoast SEO plugin v25.5 - https:\/\/yoast.com\/wordpress\/plugins\/seo\/ -->\n<title>Maurice Lacroix AIKON Quartz 35mm - Galli Uhren Bijouterie<\/title>\n<meta name=\"robots\" content=\"index, follow, max-snippet:-1, max-image-preview:large, max-video-preview:-1\" \/>\n<link rel=\"canonical\" href=\"https:\/\/galli.ch\/uhren\/maurice-lacroix\/aikon\/aikon-quartz-35mm-ai1106-ss002-150-1\/\" \/>\n<meta property=\"og:locale\" content=\"en_US\" \/>\n<meta property=\"og:type\" content=\"article\" \/>\n<meta property=\"og:title\" content=\"Maurice Lacroix AIKON Quartz 35mm - Galli Uhren Bijouterie\" \/>\n<meta property=\"og:description\" content=\"Im Jahr 2016 eroberte Maurice Lacroix die Uhrenszene mit der neuen AIKON. Das Modell vereint einen urbanen Lebensstil und Schweizer Pr\u00e4zision und gew\u00e4hrleistet dabei eine hohe Wertsteigerung. Die vom Gro\u00dfstadtleben inspirierte Uhr spricht sowohl Millennials als auch Mitglieder der Generation Z an und hat sich als bemerkenswerter Erfolg der Brand Maurice Lacroix erwiesen. Doch Stillstand... Weiter &raquo;\" \/>\n<meta property=\"og:url\" content=\"https:\/\/galli.ch\/uhren\/maurice-lacroix\/aikon\/aikon-quartz-35mm-ai1106-ss002-150-1\/\" \/>\n<meta property=\"og:site_name\" content=\"Galli Uhren Bijouterie\" \/>\n<meta property=\"article:modified_time\" content=\"2026-03-30T08:12:59+00:00\" \/>\n<meta property=\"og:image\" content=\"https:\/\/galli.ch\/wp-content\/uploads\/ai1106_ss002_150_1_2.png\" \/>\n\t<meta property=\"og:image:width\" content=\"1000\" \/>\n\t<meta property=\"og:image:height\" content=\"1400\" \/>\n\t<meta property=\"og:image:type\" content=\"image\/png\" \/>\n<meta name=\"twitter:card\" content=\"summary_large_image\" \/>\n<script type=\"application\/ld+json\" class=\"yoast-schema-graph\">{\"@context\":\"https:\/\/schema.org\",\"@graph\":[{\"@type\":\"WebPage\",\"@id\":\"https:\/\/galli.ch\/uhren\/maurice-lacroix\/aikon\/aikon-quartz-35mm-ai1106-ss002-150-1\/\",\"url\":\"https:\/\/galli.ch\/uhren\/maurice-lacroix\/aikon\/aikon-quartz-35mm-ai1106-ss002-150-1\/\",\"name\":\"Maurice Lacroix AIKON Quartz 35mm - Galli Uhren Bijouterie\",\"isPartOf\":{\"@id\":\"http:\/\/galli.ch\/en\/#website\"},\"primaryImageOfPage\":{\"@id\":\"https:\/\/galli.ch\/uhren\/maurice-lacroix\/aikon\/aikon-quartz-35mm-ai1106-ss002-150-1\/#primaryimage\"},\"image\":{\"@id\":\"https:\/\/galli.ch\/uhren\/maurice-lacroix\/aikon\/aikon-quartz-35mm-ai1106-ss002-150-1\/#primaryimage\"},\"thumbnailUrl\":\"https:\/\/galli.ch\/wp-content\/uploads\/ai1106_ss002_150_1_2.png\",\"datePublished\":\"2023-06-28T22:36:40+00:00\",\"dateModified\":\"2026-03-30T08:12:59+00:00\",\"breadcrumb\":{\"@id\":\"https:\/\/galli.ch\/uhren\/maurice-lacroix\/aikon\/aikon-quartz-35mm-ai1106-ss002-150-1\/#breadcrumb\"},\"inLanguage\":\"en-US\",\"potentialAction\":[{\"@type\":\"ReadAction\",\"target\":[\"https:\/\/galli.ch\/uhren\/maurice-lacroix\/aikon\/aikon-quartz-35mm-ai1106-ss002-150-1\/\"]}]},{\"@type\":\"ImageObject\",\"inLanguage\":\"en-US\",\"@id\":\"https:\/\/galli.ch\/uhren\/maurice-lacroix\/aikon\/aikon-quartz-35mm-ai1106-ss002-150-1\/#primaryimage\",\"url\":\"https:\/\/galli.ch\/wp-content\/uploads\/ai1106_ss002_150_1_2.png\",\"contentUrl\":\"https:\/\/galli.ch\/wp-content\/uploads\/ai1106_ss002_150_1_2.png\",\"width\":1000,\"height\":1400,\"caption\":\"maurice_lacroix-AIKON Quartz 35mm-zurich\"},{\"@type\":\"BreadcrumbList\",\"@id\":\"https:\/\/galli.ch\/uhren\/maurice-lacroix\/aikon\/aikon-quartz-35mm-ai1106-ss002-150-1\/#breadcrumb\",\"itemListElement\":[{\"@type\":\"ListItem\",\"position\":1,\"name\":\"Home\",\"item\":\"https:\/\/galli.ch\/en\/\"},{\"@type\":\"ListItem\",\"position\":2,\"name\":\"Uhren\",\"item\":\"https:\/\/galli.ch\/en\/uhren\/\"},{\"@type\":\"ListItem\",\"position\":3,\"name\":\"AIKON Quartz 35mm\"}]},{\"@type\":\"WebSite\",\"@id\":\"http:\/\/galli.ch\/en\/#website\",\"url\":\"http:\/\/galli.ch\/en\/\",\"name\":\"Galli Uhren Bijouterie\",\"description\":\"\",\"potentialAction\":[{\"@type\":\"SearchAction\",\"target\":{\"@type\":\"EntryPoint\",\"urlTemplate\":\"http:\/\/galli.ch\/en\/?s={search_term_string}\"},\"query-input\":{\"@type\":\"PropertyValueSpecification\",\"valueRequired\":true,\"valueName\":\"search_term_string\"}}],\"inLanguage\":\"en-US\"}]}<\/script>\n<!-- \/ Yoast SEO plugin. -->","yoast_head_json":{"title":"Maurice Lacroix AIKON Quartz 35mm - Galli Uhren Bijouterie","robots":{"index":"index","follow":"follow","max-snippet":"max-snippet:-1","max-image-preview":"max-image-preview:large","max-video-preview":"max-video-preview:-1"},"canonical":"https:\/\/galli.ch\/uhren\/maurice-lacroix\/aikon\/aikon-quartz-35mm-ai1106-ss002-150-1\/","og_locale":"en_US","og_type":"article","og_title":"Maurice Lacroix AIKON Quartz 35mm - Galli Uhren Bijouterie","og_description":"Im Jahr 2016 eroberte Maurice Lacroix die Uhrenszene mit der neuen AIKON. Das Modell vereint einen urbanen Lebensstil und Schweizer Pr\u00e4zision und gew\u00e4hrleistet dabei eine hohe Wertsteigerung. Die vom Gro\u00dfstadtleben inspirierte Uhr spricht sowohl Millennials als auch Mitglieder der Generation Z an und hat sich als bemerkenswerter Erfolg der Brand Maurice Lacroix erwiesen. Doch Stillstand... Weiter &raquo;","og_url":"https:\/\/galli.ch\/uhren\/maurice-lacroix\/aikon\/aikon-quartz-35mm-ai1106-ss002-150-1\/","og_site_name":"Galli Uhren Bijouterie","article_modified_time":"2026-03-30T08:12:59+00:00","og_image":[{"width":1000,"height":1400,"url":"https:\/\/galli.ch\/wp-content\/uploads\/ai1106_ss002_150_1_2.png","type":"image\/png"}],"twitter_card":"summary_large_image","schema":{"@context":"https:\/\/schema.org","@graph":[{"@type":"WebPage","@id":"https:\/\/galli.ch\/uhren\/maurice-lacroix\/aikon\/aikon-quartz-35mm-ai1106-ss002-150-1\/","url":"https:\/\/galli.ch\/uhren\/maurice-lacroix\/aikon\/aikon-quartz-35mm-ai1106-ss002-150-1\/","name":"Maurice Lacroix AIKON Quartz 35mm - Galli Uhren Bijouterie","isPartOf":{"@id":"http:\/\/galli.ch\/en\/#website"},"primaryImageOfPage":{"@id":"https:\/\/galli.ch\/uhren\/maurice-lacroix\/aikon\/aikon-quartz-35mm-ai1106-ss002-150-1\/#primaryimage"},"image":{"@id":"https:\/\/galli.ch\/uhren\/maurice-lacroix\/aikon\/aikon-quartz-35mm-ai1106-ss002-150-1\/#primaryimage"},"thumbnailUrl":"https:\/\/galli.ch\/wp-content\/uploads\/ai1106_ss002_150_1_2.png","datePublished":"2023-06-28T22:36:40+00:00","dateModified":"2026-03-30T08:12:59+00:00","breadcrumb":{"@id":"https:\/\/galli.ch\/uhren\/maurice-lacroix\/aikon\/aikon-quartz-35mm-ai1106-ss002-150-1\/#breadcrumb"},"inLanguage":"en-US","potentialAction":[{"@type":"ReadAction","target":["https:\/\/galli.ch\/uhren\/maurice-lacroix\/aikon\/aikon-quartz-35mm-ai1106-ss002-150-1\/"]}]},{"@type":"ImageObject","inLanguage":"en-US","@id":"https:\/\/galli.ch\/uhren\/maurice-lacroix\/aikon\/aikon-quartz-35mm-ai1106-ss002-150-1\/#primaryimage","url":"https:\/\/galli.ch\/wp-content\/uploads\/ai1106_ss002_150_1_2.png","contentUrl":"https:\/\/galli.ch\/wp-content\/uploads\/ai1106_ss002_150_1_2.png","width":1000,"height":1400,"caption":"maurice_lacroix-AIKON Quartz 35mm-zurich"},{"@type":"BreadcrumbList","@id":"https:\/\/galli.ch\/uhren\/maurice-lacroix\/aikon\/aikon-quartz-35mm-ai1106-ss002-150-1\/#breadcrumb","itemListElement":[{"@type":"ListItem","position":1,"name":"Home","item":"https:\/\/galli.ch\/en\/"},{"@type":"ListItem","position":2,"name":"Uhren","item":"https:\/\/galli.ch\/en\/uhren\/"},{"@type":"ListItem","position":3,"name":"AIKON Quartz 35mm"}]},{"@type":"WebSite","@id":"http:\/\/galli.ch\/en\/#website","url":"http:\/\/galli.ch\/en\/","name":"Galli Uhren Bijouterie","description":"","potentialAction":[{"@type":"SearchAction","target":{"@type":"EntryPoint","urlTemplate":"http:\/\/galli.ch\/en\/?s={search_term_string}"},"query-input":{"@type":"PropertyValueSpecification","valueRequired":true,"valueName":"search_term_string"}}],"inLanguage":"en-US"}]}},"_links":{"self":[{"href":"https:\/\/galli.ch\/en\/wp-json\/wp\/v2\/product\/19360","targetHints":{"allow":["GET"]}}],"collection":[{"href":"https:\/\/galli.ch\/en\/wp-json\/wp\/v2\/product"}],"about":[{"href":"https:\/\/galli.ch\/en\/wp-json\/wp\/v2\/types\/product"}],"wp:featuredmedia":[{"embeddable":true,"href":"https:\/\/galli.ch\/en\/wp-json\/wp\/v2\/media\/18897"}],"wp:attachment":[{"href":"https:\/\/galli.ch\/en\/wp-json\/wp\/v2\/media?parent=19360"}],"wp:term":[{"taxonomy":"product_brand","embeddable":true,"href":"https:\/\/galli.ch\/en\/wp-json\/wp\/v2\/product_brand?post=19360"},{"taxonomy":"product_cat","embeddable":true,"href":"https:\/\/galli.ch\/en\/wp-json\/wp\/v2\/product_cat?post=19360"},{"taxonomy":"product_tag","embeddable":true,"href":"https:\/\/galli.ch\/en\/wp-json\/wp\/v2\/product_tag?post=19360"}],"curies":[{"name":"wp","href":"https:\/\/api.w.org\/{rel}","templated":true}]}}