{"id":19396,"date":"2023-06-29T17:01:59","date_gmt":"2023-06-29T15:01:59","guid":{"rendered":"https:\/\/galli.ch\/?post_type=product&#038;p=19396"},"modified":"2025-03-13T13:45:08","modified_gmt":"2025-03-13T12:45:08","slug":"spirit-zulu-time-39-l3-802-4-53-6","status":"publish","type":"product","link":"https:\/\/galli.ch\/en\/uhren\/longines\/avigation\/spirit-zulu-time-39-l3-802-4-53-6\/","title":{"rendered":"Longines Spirit Zulu Time 39"},"content":{"rendered":"<div class=\"MuiGrid-root MuiGrid-item MuiGrid-grid-xs-8 MuiGrid-grid-sm-12 MuiGrid-grid-md-6 MuiGrid-grid-lg-5 css-13k9xyv\">\n<div class=\"MuiTypography-root MuiTypography-body1 Typography_Container__MrWZd Typography_Color_mediumGrey___tE24 css-1nsau0k\">\n<p>Mit der Lancierung der Longines Spirit Zulu Time im Jahr 2022 hat die Marke mit der gefl\u00fcgelten Sanduhr ein neues Kapitel in ihrer bereits ereignisreichen Geschichte geschrieben. Dieser Zeitmesser mit mehreren Zeitzonen ist eine Fortsetzung der Pr\u00e4zisionsinstrumente von Longines, die von den gr\u00f6\u00dften Pionieren der Welt bei ihren legend\u00e4ren Heldentaten getragen werden. Diese moderne Legende wird nun durch die neue Longines Spirit Zulu Time in einem ergonomisch angenehmen und eleganten 39-mm-Geh\u00e4use fortgeschrieben.<\/p>\n<p>Dieses Modell verf\u00fcgt \u00fcber eine L\u00fcnette in Gelbgold mit einem schokobraunen Keramikeinsatz und ist mit einem anthrazitfarbenen sandgestrahlten Zifferblatt mit einem Datumsfenster erh\u00e4ltlich, das auf der 6-Uhr-Position zentriert ist. Das 39-mm-Stahlgeh\u00e4use hat ein elegantes austauschbares Edelstahlarmband.<\/p>\n<\/div>\n<\/div>\n","protected":false},"excerpt":{"rendered":"<p>Mit der Lancierung der Longines Spirit Zulu Time im Jahr 2022 hat die Marke mit der gefl\u00fcgelten Sanduhr ein neues Kapitel in ihrer bereits ereignisreichen Geschichte geschrieben. Dieser Zeitmesser mit mehreren Zeitzonen ist eine Fortsetzung der Pr\u00e4zisionsinstrumente von Longines, die von den gr\u00f6\u00dften Pionieren der Welt bei ihren legend\u00e4ren Heldentaten getragen werden. Diese moderne Legende&#8230;  <a class=\"excerpt-read-more\" href=\"https:\/\/galli.ch\/en\/uhren\/longines\/avigation\/spirit-zulu-time-39-l3-802-4-53-6\/\" title=\"Read Longines Spirit Zulu Time 39\">Weiter &raquo;<\/a><\/p>\n","protected":false},"featured_media":19198,"template":"","meta":{"_acf_changed":false,"inline_featured_image":false},"product_brand":[],"product_cat":[188],"product_tag":[],"class_list":{"0":"post-19396","1":"product","2":"type-product","3":"status-publish","4":"has-post-thumbnail","6":"uhrenhersteller-longines","7":"uhrenhersteller-avigation","8":"product_cat-uhren","10":"first","11":"outofstock","12":"taxable","13":"shipping-taxable","14":"purchasable","15":"product-type-simple"},"acf":[],"yoast_head":"<!-- This site is optimized with the Yoast SEO plugin v25.5 - https:\/\/yoast.com\/wordpress\/plugins\/seo\/ -->\n<title>Longines Spirit Zulu Time 39 - Galli Uhren Bijouterie<\/title>\n<meta name=\"robots\" content=\"index, follow, max-snippet:-1, max-image-preview:large, max-video-preview:-1\" \/>\n<link rel=\"canonical\" href=\"https:\/\/galli.ch\/uhren\/longines\/avigation\/spirit-zulu-time-39-l3-802-4-53-6\/\" \/>\n<meta property=\"og:locale\" content=\"en_US\" \/>\n<meta property=\"og:type\" content=\"article\" \/>\n<meta property=\"og:title\" content=\"Longines Spirit Zulu Time 39 - Galli Uhren Bijouterie\" \/>\n<meta property=\"og:description\" content=\"Mit der Lancierung der Longines Spirit Zulu Time im Jahr 2022 hat die Marke mit der gefl\u00fcgelten Sanduhr ein neues Kapitel in ihrer bereits ereignisreichen Geschichte geschrieben. Dieser Zeitmesser mit mehreren Zeitzonen ist eine Fortsetzung der Pr\u00e4zisionsinstrumente von Longines, die von den gr\u00f6\u00dften Pionieren der Welt bei ihren legend\u00e4ren Heldentaten getragen werden. Diese moderne Legende... Weiter &raquo;\" \/>\n<meta property=\"og:url\" content=\"https:\/\/galli.ch\/uhren\/longines\/avigation\/spirit-zulu-time-39-l3-802-4-53-6\/\" \/>\n<meta property=\"og:site_name\" content=\"Galli Uhren Bijouterie\" \/>\n<meta property=\"article:modified_time\" content=\"2025-03-13T12:45:08+00:00\" \/>\n<meta property=\"og:image\" content=\"https:\/\/galli.ch\/wp-content\/uploads\/2420718.png\" \/>\n\t<meta property=\"og:image:width\" content=\"1000\" \/>\n\t<meta property=\"og:image:height\" content=\"1400\" \/>\n\t<meta property=\"og:image:type\" content=\"image\/png\" \/>\n<meta name=\"twitter:card\" content=\"summary_large_image\" \/>\n<script type=\"application\/ld+json\" class=\"yoast-schema-graph\">{\"@context\":\"https:\/\/schema.org\",\"@graph\":[{\"@type\":\"WebPage\",\"@id\":\"https:\/\/galli.ch\/uhren\/longines\/avigation\/spirit-zulu-time-39-l3-802-4-53-6\/\",\"url\":\"https:\/\/galli.ch\/uhren\/longines\/avigation\/spirit-zulu-time-39-l3-802-4-53-6\/\",\"name\":\"Longines Spirit Zulu Time 39 - Galli Uhren Bijouterie\",\"isPartOf\":{\"@id\":\"http:\/\/galli.ch\/en\/#website\"},\"primaryImageOfPage\":{\"@id\":\"https:\/\/galli.ch\/uhren\/longines\/avigation\/spirit-zulu-time-39-l3-802-4-53-6\/#primaryimage\"},\"image\":{\"@id\":\"https:\/\/galli.ch\/uhren\/longines\/avigation\/spirit-zulu-time-39-l3-802-4-53-6\/#primaryimage\"},\"thumbnailUrl\":\"https:\/\/galli.ch\/wp-content\/uploads\/2420718.png\",\"datePublished\":\"2023-06-29T15:01:59+00:00\",\"dateModified\":\"2025-03-13T12:45:08+00:00\",\"breadcrumb\":{\"@id\":\"https:\/\/galli.ch\/uhren\/longines\/avigation\/spirit-zulu-time-39-l3-802-4-53-6\/#breadcrumb\"},\"inLanguage\":\"en-US\",\"potentialAction\":[{\"@type\":\"ReadAction\",\"target\":[\"https:\/\/galli.ch\/uhren\/longines\/avigation\/spirit-zulu-time-39-l3-802-4-53-6\/\"]}]},{\"@type\":\"ImageObject\",\"inLanguage\":\"en-US\",\"@id\":\"https:\/\/galli.ch\/uhren\/longines\/avigation\/spirit-zulu-time-39-l3-802-4-53-6\/#primaryimage\",\"url\":\"https:\/\/galli.ch\/wp-content\/uploads\/2420718.png\",\"contentUrl\":\"https:\/\/galli.ch\/wp-content\/uploads\/2420718.png\",\"width\":1000,\"height\":1400,\"caption\":\"LONGINES-SPIRIT-ZULU-TIME-39mm-zurich\"},{\"@type\":\"BreadcrumbList\",\"@id\":\"https:\/\/galli.ch\/uhren\/longines\/avigation\/spirit-zulu-time-39-l3-802-4-53-6\/#breadcrumb\",\"itemListElement\":[{\"@type\":\"ListItem\",\"position\":1,\"name\":\"Home\",\"item\":\"https:\/\/galli.ch\/en\/\"},{\"@type\":\"ListItem\",\"position\":2,\"name\":\"Uhren\",\"item\":\"https:\/\/galli.ch\/en\/uhren\/\"},{\"@type\":\"ListItem\",\"position\":3,\"name\":\"Spirit Zulu Time 39\"}]},{\"@type\":\"WebSite\",\"@id\":\"http:\/\/galli.ch\/en\/#website\",\"url\":\"http:\/\/galli.ch\/en\/\",\"name\":\"Galli Uhren Bijouterie\",\"description\":\"\",\"potentialAction\":[{\"@type\":\"SearchAction\",\"target\":{\"@type\":\"EntryPoint\",\"urlTemplate\":\"http:\/\/galli.ch\/en\/?s={search_term_string}\"},\"query-input\":{\"@type\":\"PropertyValueSpecification\",\"valueRequired\":true,\"valueName\":\"search_term_string\"}}],\"inLanguage\":\"en-US\"}]}<\/script>\n<!-- \/ Yoast SEO plugin. -->","yoast_head_json":{"title":"Longines Spirit Zulu Time 39 - Galli Uhren Bijouterie","robots":{"index":"index","follow":"follow","max-snippet":"max-snippet:-1","max-image-preview":"max-image-preview:large","max-video-preview":"max-video-preview:-1"},"canonical":"https:\/\/galli.ch\/uhren\/longines\/avigation\/spirit-zulu-time-39-l3-802-4-53-6\/","og_locale":"en_US","og_type":"article","og_title":"Longines Spirit Zulu Time 39 - Galli Uhren Bijouterie","og_description":"Mit der Lancierung der Longines Spirit Zulu Time im Jahr 2022 hat die Marke mit der gefl\u00fcgelten Sanduhr ein neues Kapitel in ihrer bereits ereignisreichen Geschichte geschrieben. Dieser Zeitmesser mit mehreren Zeitzonen ist eine Fortsetzung der Pr\u00e4zisionsinstrumente von Longines, die von den gr\u00f6\u00dften Pionieren der Welt bei ihren legend\u00e4ren Heldentaten getragen werden. Diese moderne Legende... Weiter &raquo;","og_url":"https:\/\/galli.ch\/uhren\/longines\/avigation\/spirit-zulu-time-39-l3-802-4-53-6\/","og_site_name":"Galli Uhren Bijouterie","article_modified_time":"2025-03-13T12:45:08+00:00","og_image":[{"width":1000,"height":1400,"url":"https:\/\/galli.ch\/wp-content\/uploads\/2420718.png","type":"image\/png"}],"twitter_card":"summary_large_image","schema":{"@context":"https:\/\/schema.org","@graph":[{"@type":"WebPage","@id":"https:\/\/galli.ch\/uhren\/longines\/avigation\/spirit-zulu-time-39-l3-802-4-53-6\/","url":"https:\/\/galli.ch\/uhren\/longines\/avigation\/spirit-zulu-time-39-l3-802-4-53-6\/","name":"Longines Spirit Zulu Time 39 - Galli Uhren Bijouterie","isPartOf":{"@id":"http:\/\/galli.ch\/en\/#website"},"primaryImageOfPage":{"@id":"https:\/\/galli.ch\/uhren\/longines\/avigation\/spirit-zulu-time-39-l3-802-4-53-6\/#primaryimage"},"image":{"@id":"https:\/\/galli.ch\/uhren\/longines\/avigation\/spirit-zulu-time-39-l3-802-4-53-6\/#primaryimage"},"thumbnailUrl":"https:\/\/galli.ch\/wp-content\/uploads\/2420718.png","datePublished":"2023-06-29T15:01:59+00:00","dateModified":"2025-03-13T12:45:08+00:00","breadcrumb":{"@id":"https:\/\/galli.ch\/uhren\/longines\/avigation\/spirit-zulu-time-39-l3-802-4-53-6\/#breadcrumb"},"inLanguage":"en-US","potentialAction":[{"@type":"ReadAction","target":["https:\/\/galli.ch\/uhren\/longines\/avigation\/spirit-zulu-time-39-l3-802-4-53-6\/"]}]},{"@type":"ImageObject","inLanguage":"en-US","@id":"https:\/\/galli.ch\/uhren\/longines\/avigation\/spirit-zulu-time-39-l3-802-4-53-6\/#primaryimage","url":"https:\/\/galli.ch\/wp-content\/uploads\/2420718.png","contentUrl":"https:\/\/galli.ch\/wp-content\/uploads\/2420718.png","width":1000,"height":1400,"caption":"LONGINES-SPIRIT-ZULU-TIME-39mm-zurich"},{"@type":"BreadcrumbList","@id":"https:\/\/galli.ch\/uhren\/longines\/avigation\/spirit-zulu-time-39-l3-802-4-53-6\/#breadcrumb","itemListElement":[{"@type":"ListItem","position":1,"name":"Home","item":"https:\/\/galli.ch\/en\/"},{"@type":"ListItem","position":2,"name":"Uhren","item":"https:\/\/galli.ch\/en\/uhren\/"},{"@type":"ListItem","position":3,"name":"Spirit Zulu Time 39"}]},{"@type":"WebSite","@id":"http:\/\/galli.ch\/en\/#website","url":"http:\/\/galli.ch\/en\/","name":"Galli Uhren Bijouterie","description":"","potentialAction":[{"@type":"SearchAction","target":{"@type":"EntryPoint","urlTemplate":"http:\/\/galli.ch\/en\/?s={search_term_string}"},"query-input":{"@type":"PropertyValueSpecification","valueRequired":true,"valueName":"search_term_string"}}],"inLanguage":"en-US"}]}},"_links":{"self":[{"href":"https:\/\/galli.ch\/en\/wp-json\/wp\/v2\/product\/19396","targetHints":{"allow":["GET"]}}],"collection":[{"href":"https:\/\/galli.ch\/en\/wp-json\/wp\/v2\/product"}],"about":[{"href":"https:\/\/galli.ch\/en\/wp-json\/wp\/v2\/types\/product"}],"wp:featuredmedia":[{"embeddable":true,"href":"https:\/\/galli.ch\/en\/wp-json\/wp\/v2\/media\/19198"}],"wp:attachment":[{"href":"https:\/\/galli.ch\/en\/wp-json\/wp\/v2\/media?parent=19396"}],"wp:term":[{"taxonomy":"product_brand","embeddable":true,"href":"https:\/\/galli.ch\/en\/wp-json\/wp\/v2\/product_brand?post=19396"},{"taxonomy":"product_cat","embeddable":true,"href":"https:\/\/galli.ch\/en\/wp-json\/wp\/v2\/product_cat?post=19396"},{"taxonomy":"product_tag","embeddable":true,"href":"https:\/\/galli.ch\/en\/wp-json\/wp\/v2\/product_tag?post=19396"}],"curies":[{"name":"wp","href":"https:\/\/api.w.org\/{rel}","templated":true}]}}