{"id":19401,"date":"2023-06-29T17:26:47","date_gmt":"2023-06-29T15:26:47","guid":{"rendered":"https:\/\/galli.ch\/?post_type=product&#038;p=19401"},"modified":"2026-04-20T18:17:31","modified_gmt":"2026-04-20T16:17:31","slug":"diver-300m-master-chronometer-42-210-30-42-20-03-003","status":"publish","type":"product","link":"https:\/\/galli.ch\/en\/uhren\/omega\/seamaster\/diver-300m-master-chronometer-42-210-30-42-20-03-003\/","title":{"rendered":"Omega Seamaster Diver 300m Master Chronometer 42"},"content":{"rendered":"<p>Die Seamaster Diver 300M hat ein Geh\u00e4use und Armband aus Edelstahl. Das Keramikzifferblatt in OMEGAs eigenem Summer Blue ist PVD-behandelt und mit einem Farbverlauf versehen, der die Wasserdichtigkeit der Uhr widerspiegelt. Es weist ausserdem das ber\u00fchmte Wellenmuster der 300M auf.<\/p>\n<p>Wenn man die Uhr umdreht, kommt ein gepr\u00e4gtes Seamaster-Gedenklogo zum Vorschein, das einen dreizacktragenden Poseidon und zwei Seepferdchen zeigt: OMEGAs Original von 1956 und das aktuelle Design der Marke. Dahinter verbirgt sich das Co-Axial Master Chronometer Kaliber 8800 von OMEGA, das vom Eidgen\u00f6ssischen Institut f\u00fcr Metrologie (METAS) auf h\u00f6chstem Niveau zertifiziert wurde.<\/p>\n","protected":false},"excerpt":{"rendered":"<p>Die Seamaster Diver 300M hat ein Geh\u00e4use und Armband aus Edelstahl. Das Keramikzifferblatt in OMEGAs eigenem Summer Blue ist PVD-behandelt und mit einem Farbverlauf versehen, der die Wasserdichtigkeit der Uhr widerspiegelt. Es weist ausserdem das ber\u00fchmte Wellenmuster der 300M auf. Wenn man die Uhr umdreht, kommt ein gepr\u00e4gtes Seamaster-Gedenklogo zum Vorschein, das einen dreizacktragenden Poseidon&#8230;  <a class=\"excerpt-read-more\" href=\"https:\/\/galli.ch\/en\/uhren\/omega\/seamaster\/diver-300m-master-chronometer-42-210-30-42-20-03-003\/\" title=\"Read Omega Seamaster Diver 300m Master Chronometer 42\">Weiter &raquo;<\/a><\/p>\n","protected":false},"featured_media":19379,"template":"","meta":{"_acf_changed":false,"inline_featured_image":false},"product_brand":[],"product_cat":[188],"product_tag":[],"class_list":{"0":"post-19401","1":"product","2":"type-product","3":"status-publish","4":"has-post-thumbnail","6":"uhrenhersteller-omega","7":"uhrenhersteller-seamaster","8":"product_cat-uhren","10":"first","11":"outofstock","12":"taxable","13":"shipping-taxable","14":"purchasable","15":"product-type-simple"},"acf":[],"yoast_head":"<!-- This site is optimized with the Yoast SEO plugin v25.5 - https:\/\/yoast.com\/wordpress\/plugins\/seo\/ -->\n<title>Omega Seamaster Diver 300m Master Chronometer 42 - Galli Uhren Bijouterie<\/title>\n<meta name=\"robots\" content=\"index, follow, max-snippet:-1, max-image-preview:large, max-video-preview:-1\" \/>\n<link rel=\"canonical\" href=\"https:\/\/galli.ch\/uhren\/omega\/seamaster\/diver-300m-master-chronometer-42-210-30-42-20-03-003\/\" \/>\n<meta property=\"og:locale\" content=\"en_US\" \/>\n<meta property=\"og:type\" content=\"article\" \/>\n<meta property=\"og:title\" content=\"Omega Seamaster Diver 300m Master Chronometer 42 - Galli Uhren Bijouterie\" \/>\n<meta property=\"og:description\" content=\"Die Seamaster Diver 300M hat ein Geh\u00e4use und Armband aus Edelstahl. Das Keramikzifferblatt in OMEGAs eigenem Summer Blue ist PVD-behandelt und mit einem Farbverlauf versehen, der die Wasserdichtigkeit der Uhr widerspiegelt. Es weist ausserdem das ber\u00fchmte Wellenmuster der 300M auf. Wenn man die Uhr umdreht, kommt ein gepr\u00e4gtes Seamaster-Gedenklogo zum Vorschein, das einen dreizacktragenden Poseidon... Weiter &raquo;\" \/>\n<meta property=\"og:url\" content=\"https:\/\/galli.ch\/uhren\/omega\/seamaster\/diver-300m-master-chronometer-42-210-30-42-20-03-003\/\" \/>\n<meta property=\"og:site_name\" content=\"Galli Uhren Bijouterie\" \/>\n<meta property=\"article:modified_time\" content=\"2026-04-20T16:17:31+00:00\" \/>\n<meta property=\"og:image\" content=\"https:\/\/galli.ch\/wp-content\/uploads\/omega-seamaster-diver-300m-co-axial-master-chronometer-42-mm-21030422003003-1-product-zoom.png\" \/>\n\t<meta property=\"og:image:width\" content=\"1000\" \/>\n\t<meta property=\"og:image:height\" content=\"1400\" \/>\n\t<meta property=\"og:image:type\" content=\"image\/png\" \/>\n<meta name=\"twitter:card\" content=\"summary_large_image\" \/>\n<script type=\"application\/ld+json\" class=\"yoast-schema-graph\">{\"@context\":\"https:\/\/schema.org\",\"@graph\":[{\"@type\":\"WebPage\",\"@id\":\"https:\/\/galli.ch\/uhren\/omega\/seamaster\/diver-300m-master-chronometer-42-210-30-42-20-03-003\/\",\"url\":\"https:\/\/galli.ch\/uhren\/omega\/seamaster\/diver-300m-master-chronometer-42-210-30-42-20-03-003\/\",\"name\":\"Omega Seamaster Diver 300m Master Chronometer 42 - Galli Uhren Bijouterie\",\"isPartOf\":{\"@id\":\"http:\/\/galli.ch\/en\/#website\"},\"primaryImageOfPage\":{\"@id\":\"https:\/\/galli.ch\/uhren\/omega\/seamaster\/diver-300m-master-chronometer-42-210-30-42-20-03-003\/#primaryimage\"},\"image\":{\"@id\":\"https:\/\/galli.ch\/uhren\/omega\/seamaster\/diver-300m-master-chronometer-42-210-30-42-20-03-003\/#primaryimage\"},\"thumbnailUrl\":\"https:\/\/galli.ch\/wp-content\/uploads\/omega-seamaster-diver-300m-co-axial-master-chronometer-42-mm-21030422003003-1-product-zoom.png\",\"datePublished\":\"2023-06-29T15:26:47+00:00\",\"dateModified\":\"2026-04-20T16:17:31+00:00\",\"breadcrumb\":{\"@id\":\"https:\/\/galli.ch\/uhren\/omega\/seamaster\/diver-300m-master-chronometer-42-210-30-42-20-03-003\/#breadcrumb\"},\"inLanguage\":\"en-US\",\"potentialAction\":[{\"@type\":\"ReadAction\",\"target\":[\"https:\/\/galli.ch\/uhren\/omega\/seamaster\/diver-300m-master-chronometer-42-210-30-42-20-03-003\/\"]}]},{\"@type\":\"ImageObject\",\"inLanguage\":\"en-US\",\"@id\":\"https:\/\/galli.ch\/uhren\/omega\/seamaster\/diver-300m-master-chronometer-42-210-30-42-20-03-003\/#primaryimage\",\"url\":\"https:\/\/galli.ch\/wp-content\/uploads\/omega-seamaster-diver-300m-co-axial-master-chronometer-42-mm-21030422003003-1-product-zoom.png\",\"contentUrl\":\"https:\/\/galli.ch\/wp-content\/uploads\/omega-seamaster-diver-300m-co-axial-master-chronometer-42-mm-21030422003003-1-product-zoom.png\",\"width\":1000,\"height\":1400,\"caption\":\"omega-seamaster-diver-300m-co-axial-master-chronometer-42-mm\"},{\"@type\":\"BreadcrumbList\",\"@id\":\"https:\/\/galli.ch\/uhren\/omega\/seamaster\/diver-300m-master-chronometer-42-210-30-42-20-03-003\/#breadcrumb\",\"itemListElement\":[{\"@type\":\"ListItem\",\"position\":1,\"name\":\"Home\",\"item\":\"https:\/\/galli.ch\/en\/\"},{\"@type\":\"ListItem\",\"position\":2,\"name\":\"Uhren\",\"item\":\"https:\/\/galli.ch\/en\/uhren\/\"},{\"@type\":\"ListItem\",\"position\":3,\"name\":\"Omega Seamaster Diver 300m Master Chronometer 42\"}]},{\"@type\":\"WebSite\",\"@id\":\"http:\/\/galli.ch\/en\/#website\",\"url\":\"http:\/\/galli.ch\/en\/\",\"name\":\"Galli Uhren Bijouterie\",\"description\":\"\",\"potentialAction\":[{\"@type\":\"SearchAction\",\"target\":{\"@type\":\"EntryPoint\",\"urlTemplate\":\"http:\/\/galli.ch\/en\/?s={search_term_string}\"},\"query-input\":{\"@type\":\"PropertyValueSpecification\",\"valueRequired\":true,\"valueName\":\"search_term_string\"}}],\"inLanguage\":\"en-US\"}]}<\/script>\n<!-- \/ Yoast SEO plugin. -->","yoast_head_json":{"title":"Omega Seamaster Diver 300m Master Chronometer 42 - Galli Uhren Bijouterie","robots":{"index":"index","follow":"follow","max-snippet":"max-snippet:-1","max-image-preview":"max-image-preview:large","max-video-preview":"max-video-preview:-1"},"canonical":"https:\/\/galli.ch\/uhren\/omega\/seamaster\/diver-300m-master-chronometer-42-210-30-42-20-03-003\/","og_locale":"en_US","og_type":"article","og_title":"Omega Seamaster Diver 300m Master Chronometer 42 - Galli Uhren Bijouterie","og_description":"Die Seamaster Diver 300M hat ein Geh\u00e4use und Armband aus Edelstahl. Das Keramikzifferblatt in OMEGAs eigenem Summer Blue ist PVD-behandelt und mit einem Farbverlauf versehen, der die Wasserdichtigkeit der Uhr widerspiegelt. Es weist ausserdem das ber\u00fchmte Wellenmuster der 300M auf. Wenn man die Uhr umdreht, kommt ein gepr\u00e4gtes Seamaster-Gedenklogo zum Vorschein, das einen dreizacktragenden Poseidon... Weiter &raquo;","og_url":"https:\/\/galli.ch\/uhren\/omega\/seamaster\/diver-300m-master-chronometer-42-210-30-42-20-03-003\/","og_site_name":"Galli Uhren Bijouterie","article_modified_time":"2026-04-20T16:17:31+00:00","og_image":[{"width":1000,"height":1400,"url":"https:\/\/galli.ch\/wp-content\/uploads\/omega-seamaster-diver-300m-co-axial-master-chronometer-42-mm-21030422003003-1-product-zoom.png","type":"image\/png"}],"twitter_card":"summary_large_image","schema":{"@context":"https:\/\/schema.org","@graph":[{"@type":"WebPage","@id":"https:\/\/galli.ch\/uhren\/omega\/seamaster\/diver-300m-master-chronometer-42-210-30-42-20-03-003\/","url":"https:\/\/galli.ch\/uhren\/omega\/seamaster\/diver-300m-master-chronometer-42-210-30-42-20-03-003\/","name":"Omega Seamaster Diver 300m Master Chronometer 42 - Galli Uhren Bijouterie","isPartOf":{"@id":"http:\/\/galli.ch\/en\/#website"},"primaryImageOfPage":{"@id":"https:\/\/galli.ch\/uhren\/omega\/seamaster\/diver-300m-master-chronometer-42-210-30-42-20-03-003\/#primaryimage"},"image":{"@id":"https:\/\/galli.ch\/uhren\/omega\/seamaster\/diver-300m-master-chronometer-42-210-30-42-20-03-003\/#primaryimage"},"thumbnailUrl":"https:\/\/galli.ch\/wp-content\/uploads\/omega-seamaster-diver-300m-co-axial-master-chronometer-42-mm-21030422003003-1-product-zoom.png","datePublished":"2023-06-29T15:26:47+00:00","dateModified":"2026-04-20T16:17:31+00:00","breadcrumb":{"@id":"https:\/\/galli.ch\/uhren\/omega\/seamaster\/diver-300m-master-chronometer-42-210-30-42-20-03-003\/#breadcrumb"},"inLanguage":"en-US","potentialAction":[{"@type":"ReadAction","target":["https:\/\/galli.ch\/uhren\/omega\/seamaster\/diver-300m-master-chronometer-42-210-30-42-20-03-003\/"]}]},{"@type":"ImageObject","inLanguage":"en-US","@id":"https:\/\/galli.ch\/uhren\/omega\/seamaster\/diver-300m-master-chronometer-42-210-30-42-20-03-003\/#primaryimage","url":"https:\/\/galli.ch\/wp-content\/uploads\/omega-seamaster-diver-300m-co-axial-master-chronometer-42-mm-21030422003003-1-product-zoom.png","contentUrl":"https:\/\/galli.ch\/wp-content\/uploads\/omega-seamaster-diver-300m-co-axial-master-chronometer-42-mm-21030422003003-1-product-zoom.png","width":1000,"height":1400,"caption":"omega-seamaster-diver-300m-co-axial-master-chronometer-42-mm"},{"@type":"BreadcrumbList","@id":"https:\/\/galli.ch\/uhren\/omega\/seamaster\/diver-300m-master-chronometer-42-210-30-42-20-03-003\/#breadcrumb","itemListElement":[{"@type":"ListItem","position":1,"name":"Home","item":"https:\/\/galli.ch\/en\/"},{"@type":"ListItem","position":2,"name":"Uhren","item":"https:\/\/galli.ch\/en\/uhren\/"},{"@type":"ListItem","position":3,"name":"Omega Seamaster Diver 300m Master Chronometer 42"}]},{"@type":"WebSite","@id":"http:\/\/galli.ch\/en\/#website","url":"http:\/\/galli.ch\/en\/","name":"Galli Uhren Bijouterie","description":"","potentialAction":[{"@type":"SearchAction","target":{"@type":"EntryPoint","urlTemplate":"http:\/\/galli.ch\/en\/?s={search_term_string}"},"query-input":{"@type":"PropertyValueSpecification","valueRequired":true,"valueName":"search_term_string"}}],"inLanguage":"en-US"}]}},"_links":{"self":[{"href":"https:\/\/galli.ch\/en\/wp-json\/wp\/v2\/product\/19401","targetHints":{"allow":["GET"]}}],"collection":[{"href":"https:\/\/galli.ch\/en\/wp-json\/wp\/v2\/product"}],"about":[{"href":"https:\/\/galli.ch\/en\/wp-json\/wp\/v2\/types\/product"}],"wp:featuredmedia":[{"embeddable":true,"href":"https:\/\/galli.ch\/en\/wp-json\/wp\/v2\/media\/19379"}],"wp:attachment":[{"href":"https:\/\/galli.ch\/en\/wp-json\/wp\/v2\/media?parent=19401"}],"wp:term":[{"taxonomy":"product_brand","embeddable":true,"href":"https:\/\/galli.ch\/en\/wp-json\/wp\/v2\/product_brand?post=19401"},{"taxonomy":"product_cat","embeddable":true,"href":"https:\/\/galli.ch\/en\/wp-json\/wp\/v2\/product_cat?post=19401"},{"taxonomy":"product_tag","embeddable":true,"href":"https:\/\/galli.ch\/en\/wp-json\/wp\/v2\/product_tag?post=19401"}],"curies":[{"name":"wp","href":"https:\/\/api.w.org\/{rel}","templated":true}]}}