{"id":19414,"date":"2023-06-29T18:32:30","date_gmt":"2023-06-29T16:32:30","guid":{"rendered":"https:\/\/galli.ch\/?post_type=product&#038;p=19414"},"modified":"2026-03-30T10:13:24","modified_gmt":"2026-03-30T08:13:24","slug":"fxd-alinghi-red-bull-racing-edition-m25707kn-0001","status":"publish","type":"product","link":"https:\/\/galli.ch\/en\/uhren\/tudor\/pelagos\/fxd-alinghi-red-bull-racing-edition-m25707kn-0001\/","title":{"rendered":"Tudor Pelagos FXD"},"content":{"rendered":"<p>Die Pelagos FXD &#8220;Alinghi Red Bull Racing Edition&#8221; verf\u00fcgt \u00fcber mehrere innovative Neuerungen f\u00fcr Tudor, die \u00fcber die eingentlichen Uhren hinausreichen.\u00a02022 ging Tudor eine langfristige Partnerschaft mit Alinghi Red Bull Racing ein und wagte somit seine ersten Schritte in der Welt des professionellen Segelsports.<\/p>\n<p>Mit einer eigenen Mischung aus Carbon, Titan und Edelstahl, aus welcher der Rumpf, der bei hoher Geschwindigkeit aus dem Wasser ragt, gefertigt wird, verk\u00f6rpert die Alinghi Red Bull Racing AC75 das Beste der hochmodernen Schiffstechnik.<\/p>\n","protected":false},"excerpt":{"rendered":"<p>Die Pelagos FXD &#8220;Alinghi Red Bull Racing Edition&#8221; verf\u00fcgt \u00fcber mehrere innovative Neuerungen f\u00fcr Tudor, die \u00fcber die eingentlichen Uhren hinausreichen.\u00a02022 ging Tudor eine langfristige Partnerschaft mit Alinghi Red Bull Racing ein und wagte somit seine ersten Schritte in der Welt des professionellen Segelsports. Mit einer eigenen Mischung aus Carbon, Titan und Edelstahl, aus welcher&#8230;  <a class=\"excerpt-read-more\" href=\"https:\/\/galli.ch\/en\/uhren\/tudor\/pelagos\/fxd-alinghi-red-bull-racing-edition-m25707kn-0001\/\" title=\"Read Tudor Pelagos FXD\">Weiter &raquo;<\/a><\/p>\n","protected":false},"featured_media":19409,"template":"","meta":{"_acf_changed":false,"inline_featured_image":false},"product_brand":[],"product_cat":[188],"product_tag":[],"class_list":{"0":"post-19414","1":"product","2":"type-product","3":"status-publish","4":"has-post-thumbnail","6":"uhrenhersteller-tudor","7":"uhrenhersteller-pelagos","8":"product_cat-uhren","10":"first","11":"instock","12":"taxable","13":"shipping-taxable","14":"purchasable","15":"product-type-simple"},"acf":[],"yoast_head":"<!-- This site is optimized with the Yoast SEO plugin v25.5 - https:\/\/yoast.com\/wordpress\/plugins\/seo\/ -->\n<title>Tudor Tudor Pelagos FXD - Galli Uhren Bijouterie<\/title>\n<meta name=\"robots\" content=\"index, follow, max-snippet:-1, max-image-preview:large, max-video-preview:-1\" \/>\n<link rel=\"canonical\" href=\"https:\/\/galli.ch\/uhren\/tudor\/pelagos\/fxd-alinghi-red-bull-racing-edition-m25707kn-0001\/\" \/>\n<meta property=\"og:locale\" content=\"en_US\" \/>\n<meta property=\"og:type\" content=\"article\" \/>\n<meta property=\"og:title\" content=\"Tudor Tudor Pelagos FXD - Galli Uhren Bijouterie\" \/>\n<meta property=\"og:description\" content=\"Die Pelagos FXD &#8220;Alinghi Red Bull Racing Edition&#8221; verf\u00fcgt \u00fcber mehrere innovative Neuerungen f\u00fcr Tudor, die \u00fcber die eingentlichen Uhren hinausreichen.\u00a02022 ging Tudor eine langfristige Partnerschaft mit Alinghi Red Bull Racing ein und wagte somit seine ersten Schritte in der Welt des professionellen Segelsports. Mit einer eigenen Mischung aus Carbon, Titan und Edelstahl, aus welcher... Weiter &raquo;\" \/>\n<meta property=\"og:url\" content=\"https:\/\/galli.ch\/uhren\/tudor\/pelagos\/fxd-alinghi-red-bull-racing-edition-m25707kn-0001\/\" \/>\n<meta property=\"og:site_name\" content=\"Galli Uhren Bijouterie\" \/>\n<meta property=\"article:modified_time\" content=\"2026-03-30T08:13:24+00:00\" \/>\n<meta property=\"og:image\" content=\"https:\/\/galli.ch\/wp-content\/uploads\/tudor-m25707kn-0001.png\" \/>\n\t<meta property=\"og:image:width\" content=\"1000\" \/>\n\t<meta property=\"og:image:height\" content=\"1400\" \/>\n\t<meta property=\"og:image:type\" content=\"image\/png\" \/>\n<meta name=\"twitter:card\" content=\"summary_large_image\" \/>\n<script type=\"application\/ld+json\" class=\"yoast-schema-graph\">{\"@context\":\"https:\/\/schema.org\",\"@graph\":[{\"@type\":\"WebPage\",\"@id\":\"https:\/\/galli.ch\/uhren\/tudor\/pelagos\/fxd-alinghi-red-bull-racing-edition-m25707kn-0001\/\",\"url\":\"https:\/\/galli.ch\/uhren\/tudor\/pelagos\/fxd-alinghi-red-bull-racing-edition-m25707kn-0001\/\",\"name\":\"Tudor Tudor Pelagos FXD - Galli Uhren Bijouterie\",\"isPartOf\":{\"@id\":\"http:\/\/galli.ch\/en\/#website\"},\"primaryImageOfPage\":{\"@id\":\"https:\/\/galli.ch\/uhren\/tudor\/pelagos\/fxd-alinghi-red-bull-racing-edition-m25707kn-0001\/#primaryimage\"},\"image\":{\"@id\":\"https:\/\/galli.ch\/uhren\/tudor\/pelagos\/fxd-alinghi-red-bull-racing-edition-m25707kn-0001\/#primaryimage\"},\"thumbnailUrl\":\"https:\/\/galli.ch\/wp-content\/uploads\/tudor-m25707kn-0001.png\",\"datePublished\":\"2023-06-29T16:32:30+00:00\",\"dateModified\":\"2026-03-30T08:13:24+00:00\",\"breadcrumb\":{\"@id\":\"https:\/\/galli.ch\/uhren\/tudor\/pelagos\/fxd-alinghi-red-bull-racing-edition-m25707kn-0001\/#breadcrumb\"},\"inLanguage\":\"en-US\",\"potentialAction\":[{\"@type\":\"ReadAction\",\"target\":[\"https:\/\/galli.ch\/uhren\/tudor\/pelagos\/fxd-alinghi-red-bull-racing-edition-m25707kn-0001\/\"]}]},{\"@type\":\"ImageObject\",\"inLanguage\":\"en-US\",\"@id\":\"https:\/\/galli.ch\/uhren\/tudor\/pelagos\/fxd-alinghi-red-bull-racing-edition-m25707kn-0001\/#primaryimage\",\"url\":\"https:\/\/galli.ch\/wp-content\/uploads\/tudor-m25707kn-0001.png\",\"contentUrl\":\"https:\/\/galli.ch\/wp-content\/uploads\/tudor-m25707kn-0001.png\",\"width\":1000,\"height\":1400,\"caption\":\"tudor-pelagos-fxd-alinghi\"},{\"@type\":\"BreadcrumbList\",\"@id\":\"https:\/\/galli.ch\/uhren\/tudor\/pelagos\/fxd-alinghi-red-bull-racing-edition-m25707kn-0001\/#breadcrumb\",\"itemListElement\":[{\"@type\":\"ListItem\",\"position\":1,\"name\":\"Home\",\"item\":\"https:\/\/galli.ch\/en\/\"},{\"@type\":\"ListItem\",\"position\":2,\"name\":\"Uhren\",\"item\":\"https:\/\/galli.ch\/en\/uhren\/\"},{\"@type\":\"ListItem\",\"position\":3,\"name\":\"Pelagos FXD\"}]},{\"@type\":\"WebSite\",\"@id\":\"http:\/\/galli.ch\/en\/#website\",\"url\":\"http:\/\/galli.ch\/en\/\",\"name\":\"Galli Uhren Bijouterie\",\"description\":\"\",\"potentialAction\":[{\"@type\":\"SearchAction\",\"target\":{\"@type\":\"EntryPoint\",\"urlTemplate\":\"http:\/\/galli.ch\/en\/?s={search_term_string}\"},\"query-input\":{\"@type\":\"PropertyValueSpecification\",\"valueRequired\":true,\"valueName\":\"search_term_string\"}}],\"inLanguage\":\"en-US\"}]}<\/script>\n<!-- \/ Yoast SEO plugin. -->","yoast_head_json":{"title":"Tudor Tudor Pelagos FXD - Galli Uhren Bijouterie","robots":{"index":"index","follow":"follow","max-snippet":"max-snippet:-1","max-image-preview":"max-image-preview:large","max-video-preview":"max-video-preview:-1"},"canonical":"https:\/\/galli.ch\/uhren\/tudor\/pelagos\/fxd-alinghi-red-bull-racing-edition-m25707kn-0001\/","og_locale":"en_US","og_type":"article","og_title":"Tudor Tudor Pelagos FXD - Galli Uhren Bijouterie","og_description":"Die Pelagos FXD &#8220;Alinghi Red Bull Racing Edition&#8221; verf\u00fcgt \u00fcber mehrere innovative Neuerungen f\u00fcr Tudor, die \u00fcber die eingentlichen Uhren hinausreichen.\u00a02022 ging Tudor eine langfristige Partnerschaft mit Alinghi Red Bull Racing ein und wagte somit seine ersten Schritte in der Welt des professionellen Segelsports. Mit einer eigenen Mischung aus Carbon, Titan und Edelstahl, aus welcher... Weiter &raquo;","og_url":"https:\/\/galli.ch\/uhren\/tudor\/pelagos\/fxd-alinghi-red-bull-racing-edition-m25707kn-0001\/","og_site_name":"Galli Uhren Bijouterie","article_modified_time":"2026-03-30T08:13:24+00:00","og_image":[{"width":1000,"height":1400,"url":"https:\/\/galli.ch\/wp-content\/uploads\/tudor-m25707kn-0001.png","type":"image\/png"}],"twitter_card":"summary_large_image","schema":{"@context":"https:\/\/schema.org","@graph":[{"@type":"WebPage","@id":"https:\/\/galli.ch\/uhren\/tudor\/pelagos\/fxd-alinghi-red-bull-racing-edition-m25707kn-0001\/","url":"https:\/\/galli.ch\/uhren\/tudor\/pelagos\/fxd-alinghi-red-bull-racing-edition-m25707kn-0001\/","name":"Tudor Tudor Pelagos FXD - Galli Uhren Bijouterie","isPartOf":{"@id":"http:\/\/galli.ch\/en\/#website"},"primaryImageOfPage":{"@id":"https:\/\/galli.ch\/uhren\/tudor\/pelagos\/fxd-alinghi-red-bull-racing-edition-m25707kn-0001\/#primaryimage"},"image":{"@id":"https:\/\/galli.ch\/uhren\/tudor\/pelagos\/fxd-alinghi-red-bull-racing-edition-m25707kn-0001\/#primaryimage"},"thumbnailUrl":"https:\/\/galli.ch\/wp-content\/uploads\/tudor-m25707kn-0001.png","datePublished":"2023-06-29T16:32:30+00:00","dateModified":"2026-03-30T08:13:24+00:00","breadcrumb":{"@id":"https:\/\/galli.ch\/uhren\/tudor\/pelagos\/fxd-alinghi-red-bull-racing-edition-m25707kn-0001\/#breadcrumb"},"inLanguage":"en-US","potentialAction":[{"@type":"ReadAction","target":["https:\/\/galli.ch\/uhren\/tudor\/pelagos\/fxd-alinghi-red-bull-racing-edition-m25707kn-0001\/"]}]},{"@type":"ImageObject","inLanguage":"en-US","@id":"https:\/\/galli.ch\/uhren\/tudor\/pelagos\/fxd-alinghi-red-bull-racing-edition-m25707kn-0001\/#primaryimage","url":"https:\/\/galli.ch\/wp-content\/uploads\/tudor-m25707kn-0001.png","contentUrl":"https:\/\/galli.ch\/wp-content\/uploads\/tudor-m25707kn-0001.png","width":1000,"height":1400,"caption":"tudor-pelagos-fxd-alinghi"},{"@type":"BreadcrumbList","@id":"https:\/\/galli.ch\/uhren\/tudor\/pelagos\/fxd-alinghi-red-bull-racing-edition-m25707kn-0001\/#breadcrumb","itemListElement":[{"@type":"ListItem","position":1,"name":"Home","item":"https:\/\/galli.ch\/en\/"},{"@type":"ListItem","position":2,"name":"Uhren","item":"https:\/\/galli.ch\/en\/uhren\/"},{"@type":"ListItem","position":3,"name":"Pelagos FXD"}]},{"@type":"WebSite","@id":"http:\/\/galli.ch\/en\/#website","url":"http:\/\/galli.ch\/en\/","name":"Galli Uhren Bijouterie","description":"","potentialAction":[{"@type":"SearchAction","target":{"@type":"EntryPoint","urlTemplate":"http:\/\/galli.ch\/en\/?s={search_term_string}"},"query-input":{"@type":"PropertyValueSpecification","valueRequired":true,"valueName":"search_term_string"}}],"inLanguage":"en-US"}]}},"_links":{"self":[{"href":"https:\/\/galli.ch\/en\/wp-json\/wp\/v2\/product\/19414","targetHints":{"allow":["GET"]}}],"collection":[{"href":"https:\/\/galli.ch\/en\/wp-json\/wp\/v2\/product"}],"about":[{"href":"https:\/\/galli.ch\/en\/wp-json\/wp\/v2\/types\/product"}],"wp:featuredmedia":[{"embeddable":true,"href":"https:\/\/galli.ch\/en\/wp-json\/wp\/v2\/media\/19409"}],"wp:attachment":[{"href":"https:\/\/galli.ch\/en\/wp-json\/wp\/v2\/media?parent=19414"}],"wp:term":[{"taxonomy":"product_brand","embeddable":true,"href":"https:\/\/galli.ch\/en\/wp-json\/wp\/v2\/product_brand?post=19414"},{"taxonomy":"product_cat","embeddable":true,"href":"https:\/\/galli.ch\/en\/wp-json\/wp\/v2\/product_cat?post=19414"},{"taxonomy":"product_tag","embeddable":true,"href":"https:\/\/galli.ch\/en\/wp-json\/wp\/v2\/product_tag?post=19414"}],"curies":[{"name":"wp","href":"https:\/\/api.w.org\/{rel}","templated":true}]}}