{"id":1945,"date":"2018-07-31T02:13:12","date_gmt":"2018-07-31T02:13:12","guid":{"rendered":"http:\/\/galli.ch\/?post_type=uhren&#038;p=1945"},"modified":"2026-04-20T18:18:11","modified_gmt":"2026-04-20T16:18:11","slug":"tresor-quartz-428-17-39-60-02-001","status":"publish","type":"product","link":"https:\/\/galli.ch\/en\/uhren\/omega\/de-ville\/tresor-quartz-428-17-39-60-02-001\/","title":{"rendered":"Omega Tr\u00e9sor Quartz 39"},"content":{"rendered":"<p>Die Herstellung wundersch\u00f6ner Zeitmesser f\u00fcr Damen hat bei OMEGA eine lange Tradition. Jede Uhr dieser zeitgen\u00f6ssischen Kollektion zeichnet sich durch ein reines Design und eine wahrhaft moderne Note aus.<\/p>\n<p>Das schlanke 39 mm grosse Geh\u00e4use besteht aus Edelstahl und ist mit einem Diamantbesatz, der sich an den beiden \u00e4usseren Seiten an das Geh\u00e4use schmiegt, sowie einer Krone, die mit roter \u201eHyCeram\u201c poliert und mit einem Diamanten besetzt ist, versehen. Das opalisierend-silbern lackierte Zifferblatt verf\u00fcgt \u00fcber eingepr\u00e4gte r\u00f6mische Ziffern, die ebenso wie die Zeiger aus 18 K Sedna\u2122-Gold gefertigt sind.<\/p>\n<p>Die Uhr wird von OMEGAs Kaliber 4061 angetrieben, das sich hinter einem Geh\u00e4useboden aus speziellem Glas mit \u201eHer Time\u201c-Dekor befindet. Abgerundet wird das Ensemble durch ein graues Textilarmband.<\/p>\n","protected":false},"excerpt":{"rendered":"<p>Die Herstellung wundersch\u00f6ner Zeitmesser f\u00fcr Damen hat bei OMEGA eine lange Tradition. Jede Uhr dieser zeitgen\u00f6ssischen Kollektion zeichnet sich durch ein reines Design und eine wahrhaft moderne Note aus. Das schlanke 39 mm grosse Geh\u00e4use besteht aus Edelstahl und ist mit einem Diamantbesatz, der sich an den beiden \u00e4usseren Seiten an das Geh\u00e4use schmiegt, sowie&#8230;  <a class=\"excerpt-read-more\" href=\"https:\/\/galli.ch\/en\/uhren\/omega\/de-ville\/tresor-quartz-428-17-39-60-02-001\/\" title=\"Read Omega Tr\u00e9sor Quartz 39\">Weiter &raquo;<\/a><\/p>\n","protected":false},"featured_media":1934,"template":"","meta":{"_acf_changed":false,"inline_featured_image":false},"product_brand":[],"product_cat":[188],"product_tag":[],"class_list":{"0":"post-1945","1":"product","2":"type-product","3":"status-publish","4":"has-post-thumbnail","6":"uhrenhersteller-omega","7":"uhrenhersteller-de-ville","8":"product_cat-uhren","10":"first","11":"outofstock","12":"taxable","13":"shipping-taxable","14":"purchasable","15":"product-type-simple"},"acf":[],"yoast_head":"<!-- This site is optimized with the Yoast SEO plugin v25.5 - https:\/\/yoast.com\/wordpress\/plugins\/seo\/ -->\n<title>Omega Tr\u00e9sor Quartz 39 - Galli Uhren Bijouterie<\/title>\n<meta name=\"robots\" content=\"index, follow, max-snippet:-1, max-image-preview:large, max-video-preview:-1\" \/>\n<link rel=\"canonical\" href=\"https:\/\/galli.ch\/uhren\/omega\/de-ville\/tresor-quartz-428-17-39-60-02-001\/\" \/>\n<meta property=\"og:locale\" content=\"en_US\" \/>\n<meta property=\"og:type\" content=\"article\" \/>\n<meta property=\"og:title\" content=\"Omega Tr\u00e9sor Quartz 39 - Galli Uhren Bijouterie\" \/>\n<meta property=\"og:description\" content=\"Die Herstellung wundersch\u00f6ner Zeitmesser f\u00fcr Damen hat bei OMEGA eine lange Tradition. Jede Uhr dieser zeitgen\u00f6ssischen Kollektion zeichnet sich durch ein reines Design und eine wahrhaft moderne Note aus. Das schlanke 39 mm grosse Geh\u00e4use besteht aus Edelstahl und ist mit einem Diamantbesatz, der sich an den beiden \u00e4usseren Seiten an das Geh\u00e4use schmiegt, sowie... Weiter &raquo;\" \/>\n<meta property=\"og:url\" content=\"https:\/\/galli.ch\/uhren\/omega\/de-ville\/tresor-quartz-428-17-39-60-02-001\/\" \/>\n<meta property=\"og:site_name\" content=\"Galli Uhren Bijouterie\" \/>\n<meta property=\"article:modified_time\" content=\"2026-04-20T16:18:11+00:00\" \/>\n<meta property=\"og:image\" content=\"https:\/\/galli.ch\/wp-content\/uploads\/428_17_39_60_02_001.png\" \/>\n\t<meta property=\"og:image:width\" content=\"1000\" \/>\n\t<meta property=\"og:image:height\" content=\"1400\" \/>\n\t<meta property=\"og:image:type\" content=\"image\/png\" \/>\n<meta name=\"twitter:card\" content=\"summary_large_image\" \/>\n<script type=\"application\/ld+json\" class=\"yoast-schema-graph\">{\"@context\":\"https:\/\/schema.org\",\"@graph\":[{\"@type\":\"WebPage\",\"@id\":\"https:\/\/galli.ch\/uhren\/omega\/de-ville\/tresor-quartz-428-17-39-60-02-001\/\",\"url\":\"https:\/\/galli.ch\/uhren\/omega\/de-ville\/tresor-quartz-428-17-39-60-02-001\/\",\"name\":\"Omega Tr\u00e9sor Quartz 39 - Galli Uhren Bijouterie\",\"isPartOf\":{\"@id\":\"http:\/\/galli.ch\/en\/#website\"},\"primaryImageOfPage\":{\"@id\":\"https:\/\/galli.ch\/uhren\/omega\/de-ville\/tresor-quartz-428-17-39-60-02-001\/#primaryimage\"},\"image\":{\"@id\":\"https:\/\/galli.ch\/uhren\/omega\/de-ville\/tresor-quartz-428-17-39-60-02-001\/#primaryimage\"},\"thumbnailUrl\":\"https:\/\/galli.ch\/wp-content\/uploads\/428_17_39_60_02_001.png\",\"datePublished\":\"2018-07-31T02:13:12+00:00\",\"dateModified\":\"2026-04-20T16:18:11+00:00\",\"breadcrumb\":{\"@id\":\"https:\/\/galli.ch\/uhren\/omega\/de-ville\/tresor-quartz-428-17-39-60-02-001\/#breadcrumb\"},\"inLanguage\":\"en-US\",\"potentialAction\":[{\"@type\":\"ReadAction\",\"target\":[\"https:\/\/galli.ch\/uhren\/omega\/de-ville\/tresor-quartz-428-17-39-60-02-001\/\"]}]},{\"@type\":\"ImageObject\",\"inLanguage\":\"en-US\",\"@id\":\"https:\/\/galli.ch\/uhren\/omega\/de-ville\/tresor-quartz-428-17-39-60-02-001\/#primaryimage\",\"url\":\"https:\/\/galli.ch\/wp-content\/uploads\/428_17_39_60_02_001.png\",\"contentUrl\":\"https:\/\/galli.ch\/wp-content\/uploads\/428_17_39_60_02_001.png\",\"width\":1000,\"height\":1400,\"caption\":\"Omega Uhr\"},{\"@type\":\"BreadcrumbList\",\"@id\":\"https:\/\/galli.ch\/uhren\/omega\/de-ville\/tresor-quartz-428-17-39-60-02-001\/#breadcrumb\",\"itemListElement\":[{\"@type\":\"ListItem\",\"position\":1,\"name\":\"Home\",\"item\":\"https:\/\/galli.ch\/en\/\"},{\"@type\":\"ListItem\",\"position\":2,\"name\":\"Uhren\",\"item\":\"https:\/\/galli.ch\/en\/uhren\/\"},{\"@type\":\"ListItem\",\"position\":3,\"name\":\"Omega Tr\u00e9sor Quartz 39\"}]},{\"@type\":\"WebSite\",\"@id\":\"http:\/\/galli.ch\/en\/#website\",\"url\":\"http:\/\/galli.ch\/en\/\",\"name\":\"Galli Uhren Bijouterie\",\"description\":\"\",\"potentialAction\":[{\"@type\":\"SearchAction\",\"target\":{\"@type\":\"EntryPoint\",\"urlTemplate\":\"http:\/\/galli.ch\/en\/?s={search_term_string}\"},\"query-input\":{\"@type\":\"PropertyValueSpecification\",\"valueRequired\":true,\"valueName\":\"search_term_string\"}}],\"inLanguage\":\"en-US\"}]}<\/script>\n<!-- \/ Yoast SEO plugin. -->","yoast_head_json":{"title":"Omega Tr\u00e9sor Quartz 39 - Galli Uhren Bijouterie","robots":{"index":"index","follow":"follow","max-snippet":"max-snippet:-1","max-image-preview":"max-image-preview:large","max-video-preview":"max-video-preview:-1"},"canonical":"https:\/\/galli.ch\/uhren\/omega\/de-ville\/tresor-quartz-428-17-39-60-02-001\/","og_locale":"en_US","og_type":"article","og_title":"Omega Tr\u00e9sor Quartz 39 - Galli Uhren Bijouterie","og_description":"Die Herstellung wundersch\u00f6ner Zeitmesser f\u00fcr Damen hat bei OMEGA eine lange Tradition. Jede Uhr dieser zeitgen\u00f6ssischen Kollektion zeichnet sich durch ein reines Design und eine wahrhaft moderne Note aus. Das schlanke 39 mm grosse Geh\u00e4use besteht aus Edelstahl und ist mit einem Diamantbesatz, der sich an den beiden \u00e4usseren Seiten an das Geh\u00e4use schmiegt, sowie... Weiter &raquo;","og_url":"https:\/\/galli.ch\/uhren\/omega\/de-ville\/tresor-quartz-428-17-39-60-02-001\/","og_site_name":"Galli Uhren Bijouterie","article_modified_time":"2026-04-20T16:18:11+00:00","og_image":[{"width":1000,"height":1400,"url":"https:\/\/galli.ch\/wp-content\/uploads\/428_17_39_60_02_001.png","type":"image\/png"}],"twitter_card":"summary_large_image","schema":{"@context":"https:\/\/schema.org","@graph":[{"@type":"WebPage","@id":"https:\/\/galli.ch\/uhren\/omega\/de-ville\/tresor-quartz-428-17-39-60-02-001\/","url":"https:\/\/galli.ch\/uhren\/omega\/de-ville\/tresor-quartz-428-17-39-60-02-001\/","name":"Omega Tr\u00e9sor Quartz 39 - Galli Uhren Bijouterie","isPartOf":{"@id":"http:\/\/galli.ch\/en\/#website"},"primaryImageOfPage":{"@id":"https:\/\/galli.ch\/uhren\/omega\/de-ville\/tresor-quartz-428-17-39-60-02-001\/#primaryimage"},"image":{"@id":"https:\/\/galli.ch\/uhren\/omega\/de-ville\/tresor-quartz-428-17-39-60-02-001\/#primaryimage"},"thumbnailUrl":"https:\/\/galli.ch\/wp-content\/uploads\/428_17_39_60_02_001.png","datePublished":"2018-07-31T02:13:12+00:00","dateModified":"2026-04-20T16:18:11+00:00","breadcrumb":{"@id":"https:\/\/galli.ch\/uhren\/omega\/de-ville\/tresor-quartz-428-17-39-60-02-001\/#breadcrumb"},"inLanguage":"en-US","potentialAction":[{"@type":"ReadAction","target":["https:\/\/galli.ch\/uhren\/omega\/de-ville\/tresor-quartz-428-17-39-60-02-001\/"]}]},{"@type":"ImageObject","inLanguage":"en-US","@id":"https:\/\/galli.ch\/uhren\/omega\/de-ville\/tresor-quartz-428-17-39-60-02-001\/#primaryimage","url":"https:\/\/galli.ch\/wp-content\/uploads\/428_17_39_60_02_001.png","contentUrl":"https:\/\/galli.ch\/wp-content\/uploads\/428_17_39_60_02_001.png","width":1000,"height":1400,"caption":"Omega Uhr"},{"@type":"BreadcrumbList","@id":"https:\/\/galli.ch\/uhren\/omega\/de-ville\/tresor-quartz-428-17-39-60-02-001\/#breadcrumb","itemListElement":[{"@type":"ListItem","position":1,"name":"Home","item":"https:\/\/galli.ch\/en\/"},{"@type":"ListItem","position":2,"name":"Uhren","item":"https:\/\/galli.ch\/en\/uhren\/"},{"@type":"ListItem","position":3,"name":"Omega Tr\u00e9sor Quartz 39"}]},{"@type":"WebSite","@id":"http:\/\/galli.ch\/en\/#website","url":"http:\/\/galli.ch\/en\/","name":"Galli Uhren Bijouterie","description":"","potentialAction":[{"@type":"SearchAction","target":{"@type":"EntryPoint","urlTemplate":"http:\/\/galli.ch\/en\/?s={search_term_string}"},"query-input":{"@type":"PropertyValueSpecification","valueRequired":true,"valueName":"search_term_string"}}],"inLanguage":"en-US"}]}},"_links":{"self":[{"href":"https:\/\/galli.ch\/en\/wp-json\/wp\/v2\/product\/1945","targetHints":{"allow":["GET"]}}],"collection":[{"href":"https:\/\/galli.ch\/en\/wp-json\/wp\/v2\/product"}],"about":[{"href":"https:\/\/galli.ch\/en\/wp-json\/wp\/v2\/types\/product"}],"wp:featuredmedia":[{"embeddable":true,"href":"https:\/\/galli.ch\/en\/wp-json\/wp\/v2\/media\/1934"}],"wp:attachment":[{"href":"https:\/\/galli.ch\/en\/wp-json\/wp\/v2\/media?parent=1945"}],"wp:term":[{"taxonomy":"product_brand","embeddable":true,"href":"https:\/\/galli.ch\/en\/wp-json\/wp\/v2\/product_brand?post=1945"},{"taxonomy":"product_cat","embeddable":true,"href":"https:\/\/galli.ch\/en\/wp-json\/wp\/v2\/product_cat?post=1945"},{"taxonomy":"product_tag","embeddable":true,"href":"https:\/\/galli.ch\/en\/wp-json\/wp\/v2\/product_tag?post=1945"}],"curies":[{"name":"wp","href":"https:\/\/api.w.org\/{rel}","templated":true}]}}