{"id":1949,"date":"2018-07-31T02:13:41","date_gmt":"2018-07-31T02:13:41","guid":{"rendered":"http:\/\/galli.ch\/?post_type=uhren&#038;p=1949"},"modified":"2026-04-20T18:18:09","modified_gmt":"2026-04-20T16:18:09","slug":"prestige-424-13-33-20-52-002","status":"publish","type":"product","link":"https:\/\/galli.ch\/en\/uhren\/omega\/de-ville\/prestige-424-13-33-20-52-002\/","title":{"rendered":"Omega Prestige Co-Axial 32.7"},"content":{"rendered":"<p>Die OMEGA De Ville Prestige-Kollektion konnte sich im Laufe der Jahre dank ihres klassisch-eleganten Designs eine grosse und treue Anh\u00e4ngerschaft sichern. Diese Zeitmesser zeichnen sich durch ihren reinen Stil mit zeitloser luxuri\u00f6ser Endverarbeitung aus.<\/p>\n<p>Dieses Modell hat ein weisses, versilbertes Zifferblatt mit einem seiden\u00e4hnlichen Muster und einem opalisierenden Finish. Die Zeiger sind geschw\u00e4rzt, die Indexe mit sechs geschw\u00e4rzten Diamantfassungen sowie geschw\u00e4rzten r\u00f6mischen Ziffern versehen. Bei 6 Uhr befindet sich ein Datumsfenster.<\/p>\n<p>Das 32,7 mm grosse Geh\u00e4use aus Edelstahl ist mit einem j\u00e4gergr\u00fcnen Lederarmband ausgestattet. Das Herzst\u00fcck dieses Zeitmessers bildet das Co-Axial Kaliber 2500.<\/p>\n","protected":false},"excerpt":{"rendered":"<p>Die OMEGA De Ville Prestige-Kollektion konnte sich im Laufe der Jahre dank ihres klassisch-eleganten Designs eine grosse und treue Anh\u00e4ngerschaft sichern. Diese Zeitmesser zeichnen sich durch ihren reinen Stil mit zeitloser luxuri\u00f6ser Endverarbeitung aus. Dieses Modell hat ein weisses, versilbertes Zifferblatt mit einem seiden\u00e4hnlichen Muster und einem opalisierenden Finish. Die Zeiger sind geschw\u00e4rzt, die Indexe&#8230;  <a class=\"excerpt-read-more\" href=\"https:\/\/galli.ch\/en\/uhren\/omega\/de-ville\/prestige-424-13-33-20-52-002\/\" title=\"Read Omega Prestige Co-Axial 32.7\">Weiter &raquo;<\/a><\/p>\n","protected":false},"featured_media":1924,"template":"","meta":{"_acf_changed":false,"inline_featured_image":false},"product_brand":[],"product_cat":[188],"product_tag":[],"class_list":{"0":"post-1949","1":"product","2":"type-product","3":"status-publish","4":"has-post-thumbnail","6":"uhrenhersteller-omega","7":"uhrenhersteller-de-ville","8":"product_cat-uhren","10":"first","11":"outofstock","12":"taxable","13":"shipping-taxable","14":"purchasable","15":"product-type-simple"},"acf":[],"yoast_head":"<!-- This site is optimized with the Yoast SEO plugin v25.5 - https:\/\/yoast.com\/wordpress\/plugins\/seo\/ -->\n<title>Omega Prestige Co-Axial 32.7 - Galli Uhren Bijouterie<\/title>\n<meta name=\"robots\" content=\"index, follow, max-snippet:-1, max-image-preview:large, max-video-preview:-1\" \/>\n<link rel=\"canonical\" href=\"https:\/\/galli.ch\/uhren\/omega\/de-ville\/prestige-424-13-33-20-52-002\/\" \/>\n<meta property=\"og:locale\" content=\"en_US\" \/>\n<meta property=\"og:type\" content=\"article\" \/>\n<meta property=\"og:title\" content=\"Omega Prestige Co-Axial 32.7 - Galli Uhren Bijouterie\" \/>\n<meta property=\"og:description\" content=\"Die OMEGA De Ville Prestige-Kollektion konnte sich im Laufe der Jahre dank ihres klassisch-eleganten Designs eine grosse und treue Anh\u00e4ngerschaft sichern. Diese Zeitmesser zeichnen sich durch ihren reinen Stil mit zeitloser luxuri\u00f6ser Endverarbeitung aus. Dieses Modell hat ein weisses, versilbertes Zifferblatt mit einem seiden\u00e4hnlichen Muster und einem opalisierenden Finish. Die Zeiger sind geschw\u00e4rzt, die Indexe... Weiter &raquo;\" \/>\n<meta property=\"og:url\" content=\"https:\/\/galli.ch\/uhren\/omega\/de-ville\/prestige-424-13-33-20-52-002\/\" \/>\n<meta property=\"og:site_name\" content=\"Galli Uhren Bijouterie\" \/>\n<meta property=\"article:modified_time\" content=\"2026-04-20T16:18:09+00:00\" \/>\n<meta property=\"og:image\" content=\"https:\/\/galli.ch\/wp-content\/uploads\/424_13_33_20_52_002.png\" \/>\n\t<meta property=\"og:image:width\" content=\"1000\" \/>\n\t<meta property=\"og:image:height\" content=\"1400\" \/>\n\t<meta property=\"og:image:type\" content=\"image\/png\" \/>\n<meta name=\"twitter:card\" content=\"summary_large_image\" \/>\n<script type=\"application\/ld+json\" class=\"yoast-schema-graph\">{\"@context\":\"https:\/\/schema.org\",\"@graph\":[{\"@type\":\"WebPage\",\"@id\":\"https:\/\/galli.ch\/uhren\/omega\/de-ville\/prestige-424-13-33-20-52-002\/\",\"url\":\"https:\/\/galli.ch\/uhren\/omega\/de-ville\/prestige-424-13-33-20-52-002\/\",\"name\":\"Omega Prestige Co-Axial 32.7 - Galli Uhren Bijouterie\",\"isPartOf\":{\"@id\":\"http:\/\/galli.ch\/en\/#website\"},\"primaryImageOfPage\":{\"@id\":\"https:\/\/galli.ch\/uhren\/omega\/de-ville\/prestige-424-13-33-20-52-002\/#primaryimage\"},\"image\":{\"@id\":\"https:\/\/galli.ch\/uhren\/omega\/de-ville\/prestige-424-13-33-20-52-002\/#primaryimage\"},\"thumbnailUrl\":\"https:\/\/galli.ch\/wp-content\/uploads\/424_13_33_20_52_002.png\",\"datePublished\":\"2018-07-31T02:13:41+00:00\",\"dateModified\":\"2026-04-20T16:18:09+00:00\",\"breadcrumb\":{\"@id\":\"https:\/\/galli.ch\/uhren\/omega\/de-ville\/prestige-424-13-33-20-52-002\/#breadcrumb\"},\"inLanguage\":\"en-US\",\"potentialAction\":[{\"@type\":\"ReadAction\",\"target\":[\"https:\/\/galli.ch\/uhren\/omega\/de-ville\/prestige-424-13-33-20-52-002\/\"]}]},{\"@type\":\"ImageObject\",\"inLanguage\":\"en-US\",\"@id\":\"https:\/\/galli.ch\/uhren\/omega\/de-ville\/prestige-424-13-33-20-52-002\/#primaryimage\",\"url\":\"https:\/\/galli.ch\/wp-content\/uploads\/424_13_33_20_52_002.png\",\"contentUrl\":\"https:\/\/galli.ch\/wp-content\/uploads\/424_13_33_20_52_002.png\",\"width\":1000,\"height\":1400,\"caption\":\"Omega De Ville\"},{\"@type\":\"BreadcrumbList\",\"@id\":\"https:\/\/galli.ch\/uhren\/omega\/de-ville\/prestige-424-13-33-20-52-002\/#breadcrumb\",\"itemListElement\":[{\"@type\":\"ListItem\",\"position\":1,\"name\":\"Home\",\"item\":\"https:\/\/galli.ch\/en\/\"},{\"@type\":\"ListItem\",\"position\":2,\"name\":\"Uhren\",\"item\":\"https:\/\/galli.ch\/en\/uhren\/\"},{\"@type\":\"ListItem\",\"position\":3,\"name\":\"Omega Prestige Co-Axial 32.7\"}]},{\"@type\":\"WebSite\",\"@id\":\"http:\/\/galli.ch\/en\/#website\",\"url\":\"http:\/\/galli.ch\/en\/\",\"name\":\"Galli Uhren Bijouterie\",\"description\":\"\",\"potentialAction\":[{\"@type\":\"SearchAction\",\"target\":{\"@type\":\"EntryPoint\",\"urlTemplate\":\"http:\/\/galli.ch\/en\/?s={search_term_string}\"},\"query-input\":{\"@type\":\"PropertyValueSpecification\",\"valueRequired\":true,\"valueName\":\"search_term_string\"}}],\"inLanguage\":\"en-US\"}]}<\/script>\n<!-- \/ Yoast SEO plugin. -->","yoast_head_json":{"title":"Omega Prestige Co-Axial 32.7 - Galli Uhren Bijouterie","robots":{"index":"index","follow":"follow","max-snippet":"max-snippet:-1","max-image-preview":"max-image-preview:large","max-video-preview":"max-video-preview:-1"},"canonical":"https:\/\/galli.ch\/uhren\/omega\/de-ville\/prestige-424-13-33-20-52-002\/","og_locale":"en_US","og_type":"article","og_title":"Omega Prestige Co-Axial 32.7 - Galli Uhren Bijouterie","og_description":"Die OMEGA De Ville Prestige-Kollektion konnte sich im Laufe der Jahre dank ihres klassisch-eleganten Designs eine grosse und treue Anh\u00e4ngerschaft sichern. Diese Zeitmesser zeichnen sich durch ihren reinen Stil mit zeitloser luxuri\u00f6ser Endverarbeitung aus. Dieses Modell hat ein weisses, versilbertes Zifferblatt mit einem seiden\u00e4hnlichen Muster und einem opalisierenden Finish. Die Zeiger sind geschw\u00e4rzt, die Indexe... Weiter &raquo;","og_url":"https:\/\/galli.ch\/uhren\/omega\/de-ville\/prestige-424-13-33-20-52-002\/","og_site_name":"Galli Uhren Bijouterie","article_modified_time":"2026-04-20T16:18:09+00:00","og_image":[{"width":1000,"height":1400,"url":"https:\/\/galli.ch\/wp-content\/uploads\/424_13_33_20_52_002.png","type":"image\/png"}],"twitter_card":"summary_large_image","schema":{"@context":"https:\/\/schema.org","@graph":[{"@type":"WebPage","@id":"https:\/\/galli.ch\/uhren\/omega\/de-ville\/prestige-424-13-33-20-52-002\/","url":"https:\/\/galli.ch\/uhren\/omega\/de-ville\/prestige-424-13-33-20-52-002\/","name":"Omega Prestige Co-Axial 32.7 - Galli Uhren Bijouterie","isPartOf":{"@id":"http:\/\/galli.ch\/en\/#website"},"primaryImageOfPage":{"@id":"https:\/\/galli.ch\/uhren\/omega\/de-ville\/prestige-424-13-33-20-52-002\/#primaryimage"},"image":{"@id":"https:\/\/galli.ch\/uhren\/omega\/de-ville\/prestige-424-13-33-20-52-002\/#primaryimage"},"thumbnailUrl":"https:\/\/galli.ch\/wp-content\/uploads\/424_13_33_20_52_002.png","datePublished":"2018-07-31T02:13:41+00:00","dateModified":"2026-04-20T16:18:09+00:00","breadcrumb":{"@id":"https:\/\/galli.ch\/uhren\/omega\/de-ville\/prestige-424-13-33-20-52-002\/#breadcrumb"},"inLanguage":"en-US","potentialAction":[{"@type":"ReadAction","target":["https:\/\/galli.ch\/uhren\/omega\/de-ville\/prestige-424-13-33-20-52-002\/"]}]},{"@type":"ImageObject","inLanguage":"en-US","@id":"https:\/\/galli.ch\/uhren\/omega\/de-ville\/prestige-424-13-33-20-52-002\/#primaryimage","url":"https:\/\/galli.ch\/wp-content\/uploads\/424_13_33_20_52_002.png","contentUrl":"https:\/\/galli.ch\/wp-content\/uploads\/424_13_33_20_52_002.png","width":1000,"height":1400,"caption":"Omega De Ville"},{"@type":"BreadcrumbList","@id":"https:\/\/galli.ch\/uhren\/omega\/de-ville\/prestige-424-13-33-20-52-002\/#breadcrumb","itemListElement":[{"@type":"ListItem","position":1,"name":"Home","item":"https:\/\/galli.ch\/en\/"},{"@type":"ListItem","position":2,"name":"Uhren","item":"https:\/\/galli.ch\/en\/uhren\/"},{"@type":"ListItem","position":3,"name":"Omega Prestige Co-Axial 32.7"}]},{"@type":"WebSite","@id":"http:\/\/galli.ch\/en\/#website","url":"http:\/\/galli.ch\/en\/","name":"Galli Uhren Bijouterie","description":"","potentialAction":[{"@type":"SearchAction","target":{"@type":"EntryPoint","urlTemplate":"http:\/\/galli.ch\/en\/?s={search_term_string}"},"query-input":{"@type":"PropertyValueSpecification","valueRequired":true,"valueName":"search_term_string"}}],"inLanguage":"en-US"}]}},"_links":{"self":[{"href":"https:\/\/galli.ch\/en\/wp-json\/wp\/v2\/product\/1949","targetHints":{"allow":["GET"]}}],"collection":[{"href":"https:\/\/galli.ch\/en\/wp-json\/wp\/v2\/product"}],"about":[{"href":"https:\/\/galli.ch\/en\/wp-json\/wp\/v2\/types\/product"}],"wp:featuredmedia":[{"embeddable":true,"href":"https:\/\/galli.ch\/en\/wp-json\/wp\/v2\/media\/1924"}],"wp:attachment":[{"href":"https:\/\/galli.ch\/en\/wp-json\/wp\/v2\/media?parent=1949"}],"wp:term":[{"taxonomy":"product_brand","embeddable":true,"href":"https:\/\/galli.ch\/en\/wp-json\/wp\/v2\/product_brand?post=1949"},{"taxonomy":"product_cat","embeddable":true,"href":"https:\/\/galli.ch\/en\/wp-json\/wp\/v2\/product_cat?post=1949"},{"taxonomy":"product_tag","embeddable":true,"href":"https:\/\/galli.ch\/en\/wp-json\/wp\/v2\/product_tag?post=1949"}],"curies":[{"name":"wp","href":"https:\/\/api.w.org\/{rel}","templated":true}]}}