{"id":1952,"date":"2018-07-31T02:14:00","date_gmt":"2018-07-31T02:14:00","guid":{"rendered":"http:\/\/galli.ch\/?post_type=uhren&#038;p=1952"},"modified":"2026-04-20T18:18:09","modified_gmt":"2026-04-20T16:18:09","slug":"prestige-424-10-40-20-02-004","status":"publish","type":"product","link":"https:\/\/galli.ch\/en\/uhren\/omega\/de-ville\/prestige-424-10-40-20-02-004\/","title":{"rendered":"Omega Prestige Co-Axial 39,5"},"content":{"rendered":"<p>Ein von den Constellation-Zifferbl\u00e4ttern der 60er-Jahre inspiriertes Seidenmuster verleiht den weissen opalisierenden silbergl\u00e4nzenden Zifferbl\u00e4ttern dieser neuen 39,5-mm-Linie eine ganz besondere Struktur.<\/p>\n<p>Dieses Modell besitzt ein Geh\u00e4use aus Edelstahl, elegante Stundenindizes in Form von vergoldeten Cabochons und polierten, gew\u00f6lbten r\u00f6mischen Ziffern sowie ein Datumsfenster bei 3 Uhr. Die facettierten Zeiger f\u00fcr die Stunden und die Minuten sind vergoldet und diamantpoliert.<\/p>\n<p>Auf dem vertikal geb\u00fcrsteten Geh\u00e4useboden auf der R\u00fcckseite der Uhr ist ein Medaillon zu sehen, das den Gott Chronos zeigt. Diese De Ville Prestige wird von einem Armband aus Edelstahl am Handgelenk gehalten und durch das OMEGA Co-Axial Chronometerkaliber 2500 angetrieben.<\/p>\n","protected":false},"excerpt":{"rendered":"<p>Ein von den Constellation-Zifferbl\u00e4ttern der 60er-Jahre inspiriertes Seidenmuster verleiht den weissen opalisierenden silbergl\u00e4nzenden Zifferbl\u00e4ttern dieser neuen 39,5-mm-Linie eine ganz besondere Struktur. Dieses Modell besitzt ein Geh\u00e4use aus Edelstahl, elegante Stundenindizes in Form von vergoldeten Cabochons und polierten, gew\u00f6lbten r\u00f6mischen Ziffern sowie ein Datumsfenster bei 3 Uhr. Die facettierten Zeiger f\u00fcr die Stunden und die Minuten&#8230;  <a class=\"excerpt-read-more\" href=\"https:\/\/galli.ch\/en\/uhren\/omega\/de-ville\/prestige-424-10-40-20-02-004\/\" title=\"Read Omega Prestige Co-Axial 39,5\">Weiter &raquo;<\/a><\/p>\n","protected":false},"featured_media":1918,"template":"","meta":{"_acf_changed":false,"inline_featured_image":false},"product_brand":[],"product_cat":[188],"product_tag":[],"class_list":{"0":"post-1952","1":"product","2":"type-product","3":"status-publish","4":"has-post-thumbnail","6":"uhrenhersteller-omega","7":"uhrenhersteller-de-ville","8":"product_cat-uhren","10":"first","11":"outofstock","12":"taxable","13":"shipping-taxable","14":"purchasable","15":"product-type-simple"},"acf":[],"yoast_head":"<!-- This site is optimized with the Yoast SEO plugin v25.5 - https:\/\/yoast.com\/wordpress\/plugins\/seo\/ -->\n<title>Omega Prestige Co-Axial 39,5 - Galli Uhren Bijouterie<\/title>\n<meta name=\"robots\" content=\"index, follow, max-snippet:-1, max-image-preview:large, max-video-preview:-1\" \/>\n<link rel=\"canonical\" href=\"https:\/\/galli.ch\/uhren\/omega\/de-ville\/prestige-424-10-40-20-02-004\/\" \/>\n<meta property=\"og:locale\" content=\"en_US\" \/>\n<meta property=\"og:type\" content=\"article\" \/>\n<meta property=\"og:title\" content=\"Omega Prestige Co-Axial 39,5 - Galli Uhren Bijouterie\" \/>\n<meta property=\"og:description\" content=\"Ein von den Constellation-Zifferbl\u00e4ttern der 60er-Jahre inspiriertes Seidenmuster verleiht den weissen opalisierenden silbergl\u00e4nzenden Zifferbl\u00e4ttern dieser neuen 39,5-mm-Linie eine ganz besondere Struktur. Dieses Modell besitzt ein Geh\u00e4use aus Edelstahl, elegante Stundenindizes in Form von vergoldeten Cabochons und polierten, gew\u00f6lbten r\u00f6mischen Ziffern sowie ein Datumsfenster bei 3 Uhr. Die facettierten Zeiger f\u00fcr die Stunden und die Minuten... Weiter &raquo;\" \/>\n<meta property=\"og:url\" content=\"https:\/\/galli.ch\/uhren\/omega\/de-ville\/prestige-424-10-40-20-02-004\/\" \/>\n<meta property=\"og:site_name\" content=\"Galli Uhren Bijouterie\" \/>\n<meta property=\"article:modified_time\" content=\"2026-04-20T16:18:09+00:00\" \/>\n<meta property=\"og:image\" content=\"https:\/\/galli.ch\/wp-content\/uploads\/424_10_40_20_02_004.png\" \/>\n\t<meta property=\"og:image:width\" content=\"1000\" \/>\n\t<meta property=\"og:image:height\" content=\"1400\" \/>\n\t<meta property=\"og:image:type\" content=\"image\/png\" \/>\n<meta name=\"twitter:card\" content=\"summary_large_image\" \/>\n<script type=\"application\/ld+json\" class=\"yoast-schema-graph\">{\"@context\":\"https:\/\/schema.org\",\"@graph\":[{\"@type\":\"WebPage\",\"@id\":\"https:\/\/galli.ch\/uhren\/omega\/de-ville\/prestige-424-10-40-20-02-004\/\",\"url\":\"https:\/\/galli.ch\/uhren\/omega\/de-ville\/prestige-424-10-40-20-02-004\/\",\"name\":\"Omega Prestige Co-Axial 39,5 - Galli Uhren Bijouterie\",\"isPartOf\":{\"@id\":\"http:\/\/galli.ch\/en\/#website\"},\"primaryImageOfPage\":{\"@id\":\"https:\/\/galli.ch\/uhren\/omega\/de-ville\/prestige-424-10-40-20-02-004\/#primaryimage\"},\"image\":{\"@id\":\"https:\/\/galli.ch\/uhren\/omega\/de-ville\/prestige-424-10-40-20-02-004\/#primaryimage\"},\"thumbnailUrl\":\"https:\/\/galli.ch\/wp-content\/uploads\/424_10_40_20_02_004.png\",\"datePublished\":\"2018-07-31T02:14:00+00:00\",\"dateModified\":\"2026-04-20T16:18:09+00:00\",\"breadcrumb\":{\"@id\":\"https:\/\/galli.ch\/uhren\/omega\/de-ville\/prestige-424-10-40-20-02-004\/#breadcrumb\"},\"inLanguage\":\"en-US\",\"potentialAction\":[{\"@type\":\"ReadAction\",\"target\":[\"https:\/\/galli.ch\/uhren\/omega\/de-ville\/prestige-424-10-40-20-02-004\/\"]}]},{\"@type\":\"ImageObject\",\"inLanguage\":\"en-US\",\"@id\":\"https:\/\/galli.ch\/uhren\/omega\/de-ville\/prestige-424-10-40-20-02-004\/#primaryimage\",\"url\":\"https:\/\/galli.ch\/wp-content\/uploads\/424_10_40_20_02_004.png\",\"contentUrl\":\"https:\/\/galli.ch\/wp-content\/uploads\/424_10_40_20_02_004.png\",\"width\":1000,\"height\":1400,\"caption\":\"Omega De Ville\"},{\"@type\":\"BreadcrumbList\",\"@id\":\"https:\/\/galli.ch\/uhren\/omega\/de-ville\/prestige-424-10-40-20-02-004\/#breadcrumb\",\"itemListElement\":[{\"@type\":\"ListItem\",\"position\":1,\"name\":\"Home\",\"item\":\"https:\/\/galli.ch\/en\/\"},{\"@type\":\"ListItem\",\"position\":2,\"name\":\"Uhren\",\"item\":\"https:\/\/galli.ch\/en\/uhren\/\"},{\"@type\":\"ListItem\",\"position\":3,\"name\":\"Omega Prestige Co-Axial 39,5\"}]},{\"@type\":\"WebSite\",\"@id\":\"http:\/\/galli.ch\/en\/#website\",\"url\":\"http:\/\/galli.ch\/en\/\",\"name\":\"Galli Uhren Bijouterie\",\"description\":\"\",\"potentialAction\":[{\"@type\":\"SearchAction\",\"target\":{\"@type\":\"EntryPoint\",\"urlTemplate\":\"http:\/\/galli.ch\/en\/?s={search_term_string}\"},\"query-input\":{\"@type\":\"PropertyValueSpecification\",\"valueRequired\":true,\"valueName\":\"search_term_string\"}}],\"inLanguage\":\"en-US\"}]}<\/script>\n<!-- \/ Yoast SEO plugin. -->","yoast_head_json":{"title":"Omega Prestige Co-Axial 39,5 - Galli Uhren Bijouterie","robots":{"index":"index","follow":"follow","max-snippet":"max-snippet:-1","max-image-preview":"max-image-preview:large","max-video-preview":"max-video-preview:-1"},"canonical":"https:\/\/galli.ch\/uhren\/omega\/de-ville\/prestige-424-10-40-20-02-004\/","og_locale":"en_US","og_type":"article","og_title":"Omega Prestige Co-Axial 39,5 - Galli Uhren Bijouterie","og_description":"Ein von den Constellation-Zifferbl\u00e4ttern der 60er-Jahre inspiriertes Seidenmuster verleiht den weissen opalisierenden silbergl\u00e4nzenden Zifferbl\u00e4ttern dieser neuen 39,5-mm-Linie eine ganz besondere Struktur. Dieses Modell besitzt ein Geh\u00e4use aus Edelstahl, elegante Stundenindizes in Form von vergoldeten Cabochons und polierten, gew\u00f6lbten r\u00f6mischen Ziffern sowie ein Datumsfenster bei 3 Uhr. Die facettierten Zeiger f\u00fcr die Stunden und die Minuten... Weiter &raquo;","og_url":"https:\/\/galli.ch\/uhren\/omega\/de-ville\/prestige-424-10-40-20-02-004\/","og_site_name":"Galli Uhren Bijouterie","article_modified_time":"2026-04-20T16:18:09+00:00","og_image":[{"width":1000,"height":1400,"url":"https:\/\/galli.ch\/wp-content\/uploads\/424_10_40_20_02_004.png","type":"image\/png"}],"twitter_card":"summary_large_image","schema":{"@context":"https:\/\/schema.org","@graph":[{"@type":"WebPage","@id":"https:\/\/galli.ch\/uhren\/omega\/de-ville\/prestige-424-10-40-20-02-004\/","url":"https:\/\/galli.ch\/uhren\/omega\/de-ville\/prestige-424-10-40-20-02-004\/","name":"Omega Prestige Co-Axial 39,5 - Galli Uhren Bijouterie","isPartOf":{"@id":"http:\/\/galli.ch\/en\/#website"},"primaryImageOfPage":{"@id":"https:\/\/galli.ch\/uhren\/omega\/de-ville\/prestige-424-10-40-20-02-004\/#primaryimage"},"image":{"@id":"https:\/\/galli.ch\/uhren\/omega\/de-ville\/prestige-424-10-40-20-02-004\/#primaryimage"},"thumbnailUrl":"https:\/\/galli.ch\/wp-content\/uploads\/424_10_40_20_02_004.png","datePublished":"2018-07-31T02:14:00+00:00","dateModified":"2026-04-20T16:18:09+00:00","breadcrumb":{"@id":"https:\/\/galli.ch\/uhren\/omega\/de-ville\/prestige-424-10-40-20-02-004\/#breadcrumb"},"inLanguage":"en-US","potentialAction":[{"@type":"ReadAction","target":["https:\/\/galli.ch\/uhren\/omega\/de-ville\/prestige-424-10-40-20-02-004\/"]}]},{"@type":"ImageObject","inLanguage":"en-US","@id":"https:\/\/galli.ch\/uhren\/omega\/de-ville\/prestige-424-10-40-20-02-004\/#primaryimage","url":"https:\/\/galli.ch\/wp-content\/uploads\/424_10_40_20_02_004.png","contentUrl":"https:\/\/galli.ch\/wp-content\/uploads\/424_10_40_20_02_004.png","width":1000,"height":1400,"caption":"Omega De Ville"},{"@type":"BreadcrumbList","@id":"https:\/\/galli.ch\/uhren\/omega\/de-ville\/prestige-424-10-40-20-02-004\/#breadcrumb","itemListElement":[{"@type":"ListItem","position":1,"name":"Home","item":"https:\/\/galli.ch\/en\/"},{"@type":"ListItem","position":2,"name":"Uhren","item":"https:\/\/galli.ch\/en\/uhren\/"},{"@type":"ListItem","position":3,"name":"Omega Prestige Co-Axial 39,5"}]},{"@type":"WebSite","@id":"http:\/\/galli.ch\/en\/#website","url":"http:\/\/galli.ch\/en\/","name":"Galli Uhren Bijouterie","description":"","potentialAction":[{"@type":"SearchAction","target":{"@type":"EntryPoint","urlTemplate":"http:\/\/galli.ch\/en\/?s={search_term_string}"},"query-input":{"@type":"PropertyValueSpecification","valueRequired":true,"valueName":"search_term_string"}}],"inLanguage":"en-US"}]}},"_links":{"self":[{"href":"https:\/\/galli.ch\/en\/wp-json\/wp\/v2\/product\/1952","targetHints":{"allow":["GET"]}}],"collection":[{"href":"https:\/\/galli.ch\/en\/wp-json\/wp\/v2\/product"}],"about":[{"href":"https:\/\/galli.ch\/en\/wp-json\/wp\/v2\/types\/product"}],"wp:featuredmedia":[{"embeddable":true,"href":"https:\/\/galli.ch\/en\/wp-json\/wp\/v2\/media\/1918"}],"wp:attachment":[{"href":"https:\/\/galli.ch\/en\/wp-json\/wp\/v2\/media?parent=1952"}],"wp:term":[{"taxonomy":"product_brand","embeddable":true,"href":"https:\/\/galli.ch\/en\/wp-json\/wp\/v2\/product_brand?post=1952"},{"taxonomy":"product_cat","embeddable":true,"href":"https:\/\/galli.ch\/en\/wp-json\/wp\/v2\/product_cat?post=1952"},{"taxonomy":"product_tag","embeddable":true,"href":"https:\/\/galli.ch\/en\/wp-json\/wp\/v2\/product_tag?post=1952"}],"curies":[{"name":"wp","href":"https:\/\/api.w.org\/{rel}","templated":true}]}}