{"id":19532,"date":"2023-07-05T10:55:06","date_gmt":"2023-07-05T08:55:06","guid":{"rendered":"https:\/\/galli.ch\/?post_type=product&#038;p=19532"},"modified":"2026-04-20T18:17:38","modified_gmt":"2026-04-20T16:17:38","slug":"planet-ocean-6000m-master-chronometer-215-30-46-21-03-002","status":"publish","type":"product","link":"https:\/\/galli.ch\/en\/uhren\/omega\/seamaster\/planet-ocean-6000m-master-chronometer-215-30-46-21-03-002\/","title":{"rendered":"Omega Planet Ocean 6000m Master Chronometer"},"content":{"rendered":"<p>Im Rahmen der Five Deeps-Expedition hat die Konzeptuhr Ultra Deep mit ihrer Reise zum tiefsten Punkt der Erde im Jahr 2019 Geschichte geschrieben. Nach diesem Weltrekordtauchgang produzierte OMEGA eine Kollektion f\u00fcr allt\u00e4gliche Abenteurer. Eine Uhr, die w\u00e4hrend der Entwicklungsphase unter realen Unterwasserbedingungen getestet wurde, eine Wasserdichtigkeit bis 6.000 Meter (20.000 Fuss) aufweist und der Norm ISO 6425:2018, dem Standard f\u00fcr Uhren von S\u00e4ttigungstauchern, gerecht wird \u2013 zertifiziert vom Eidgen\u00f6ssischen Institut f\u00fcr Metrologie (METAS).<\/p>\n<p>Das Muster ist ein genaues Abbild des Bodens des Challengertiefs, der tiefsten Stelle des Marianengrabens, die vom Five Deeps-Team mit fast einer Million Sonarpunkten kartiert wurde. Die Lackierung, bei der ein Meer von Lack das Zifferblatt \u00fcberzieht, verleiht der Uhr eine wundersch\u00f6ne Tiefe. Das Zifferblatt hat zudem eine etwas verspielte Seite. Bei UV-Licht ist der Schriftzug OMEGA WAS HERE zu sehen.<\/p>\n","protected":false},"excerpt":{"rendered":"<p>Im Rahmen der Five Deeps-Expedition hat die Konzeptuhr Ultra Deep mit ihrer Reise zum tiefsten Punkt der Erde im Jahr 2019 Geschichte geschrieben. Nach diesem Weltrekordtauchgang produzierte OMEGA eine Kollektion f\u00fcr allt\u00e4gliche Abenteurer. Eine Uhr, die w\u00e4hrend der Entwicklungsphase unter realen Unterwasserbedingungen getestet wurde, eine Wasserdichtigkeit bis 6.000 Meter (20.000 Fuss) aufweist und der Norm&#8230;  <a class=\"excerpt-read-more\" href=\"https:\/\/galli.ch\/en\/uhren\/omega\/seamaster\/planet-ocean-6000m-master-chronometer-215-30-46-21-03-002\/\" title=\"Read Omega Planet Ocean 6000m Master Chronometer\">Weiter &raquo;<\/a><\/p>\n","protected":false},"featured_media":19385,"template":"","meta":{"_acf_changed":false,"inline_featured_image":false},"product_brand":[],"product_cat":[188],"product_tag":[],"class_list":{"0":"post-19532","1":"product","2":"type-product","3":"status-publish","4":"has-post-thumbnail","6":"uhrenhersteller-omega","7":"uhrenhersteller-seamaster","8":"product_cat-uhren","10":"first","11":"outofstock","12":"taxable","13":"shipping-taxable","14":"purchasable","15":"product-type-simple"},"acf":[],"yoast_head":"<!-- This site is optimized with the Yoast SEO plugin v25.5 - https:\/\/yoast.com\/wordpress\/plugins\/seo\/ -->\n<title>Omega Planet Ocean 6000m Master Chronometer - Galli Uhren Bijouterie<\/title>\n<meta name=\"robots\" content=\"index, follow, max-snippet:-1, max-image-preview:large, max-video-preview:-1\" \/>\n<link rel=\"canonical\" href=\"https:\/\/galli.ch\/uhren\/omega\/seamaster\/planet-ocean-6000m-master-chronometer-215-30-46-21-03-002\/\" \/>\n<meta property=\"og:locale\" content=\"en_US\" \/>\n<meta property=\"og:type\" content=\"article\" \/>\n<meta property=\"og:title\" content=\"Omega Planet Ocean 6000m Master Chronometer - Galli Uhren Bijouterie\" \/>\n<meta property=\"og:description\" content=\"Im Rahmen der Five Deeps-Expedition hat die Konzeptuhr Ultra Deep mit ihrer Reise zum tiefsten Punkt der Erde im Jahr 2019 Geschichte geschrieben. Nach diesem Weltrekordtauchgang produzierte OMEGA eine Kollektion f\u00fcr allt\u00e4gliche Abenteurer. Eine Uhr, die w\u00e4hrend der Entwicklungsphase unter realen Unterwasserbedingungen getestet wurde, eine Wasserdichtigkeit bis 6.000 Meter (20.000 Fuss) aufweist und der Norm... Weiter &raquo;\" \/>\n<meta property=\"og:url\" content=\"https:\/\/galli.ch\/uhren\/omega\/seamaster\/planet-ocean-6000m-master-chronometer-215-30-46-21-03-002\/\" \/>\n<meta property=\"og:site_name\" content=\"Galli Uhren Bijouterie\" \/>\n<meta property=\"article:modified_time\" content=\"2026-04-20T16:17:38+00:00\" \/>\n<meta property=\"og:image\" content=\"https:\/\/galli.ch\/wp-content\/uploads\/omega-seamaster-planet-ocean-6000m-co-axial-master-chronometer-45-5-mm-21530462103002-1-product-zoom.png\" \/>\n\t<meta property=\"og:image:width\" content=\"1000\" \/>\n\t<meta property=\"og:image:height\" content=\"1400\" \/>\n\t<meta property=\"og:image:type\" content=\"image\/png\" \/>\n<meta name=\"twitter:card\" content=\"summary_large_image\" \/>\n<script type=\"application\/ld+json\" class=\"yoast-schema-graph\">{\"@context\":\"https:\/\/schema.org\",\"@graph\":[{\"@type\":\"WebPage\",\"@id\":\"https:\/\/galli.ch\/uhren\/omega\/seamaster\/planet-ocean-6000m-master-chronometer-215-30-46-21-03-002\/\",\"url\":\"https:\/\/galli.ch\/uhren\/omega\/seamaster\/planet-ocean-6000m-master-chronometer-215-30-46-21-03-002\/\",\"name\":\"Omega Planet Ocean 6000m Master Chronometer - Galli Uhren Bijouterie\",\"isPartOf\":{\"@id\":\"http:\/\/galli.ch\/en\/#website\"},\"primaryImageOfPage\":{\"@id\":\"https:\/\/galli.ch\/uhren\/omega\/seamaster\/planet-ocean-6000m-master-chronometer-215-30-46-21-03-002\/#primaryimage\"},\"image\":{\"@id\":\"https:\/\/galli.ch\/uhren\/omega\/seamaster\/planet-ocean-6000m-master-chronometer-215-30-46-21-03-002\/#primaryimage\"},\"thumbnailUrl\":\"https:\/\/galli.ch\/wp-content\/uploads\/omega-seamaster-planet-ocean-6000m-co-axial-master-chronometer-45-5-mm-21530462103002-1-product-zoom.png\",\"datePublished\":\"2023-07-05T08:55:06+00:00\",\"dateModified\":\"2026-04-20T16:17:38+00:00\",\"breadcrumb\":{\"@id\":\"https:\/\/galli.ch\/uhren\/omega\/seamaster\/planet-ocean-6000m-master-chronometer-215-30-46-21-03-002\/#breadcrumb\"},\"inLanguage\":\"en-US\",\"potentialAction\":[{\"@type\":\"ReadAction\",\"target\":[\"https:\/\/galli.ch\/uhren\/omega\/seamaster\/planet-ocean-6000m-master-chronometer-215-30-46-21-03-002\/\"]}]},{\"@type\":\"ImageObject\",\"inLanguage\":\"en-US\",\"@id\":\"https:\/\/galli.ch\/uhren\/omega\/seamaster\/planet-ocean-6000m-master-chronometer-215-30-46-21-03-002\/#primaryimage\",\"url\":\"https:\/\/galli.ch\/wp-content\/uploads\/omega-seamaster-planet-ocean-6000m-co-axial-master-chronometer-45-5-mm-21530462103002-1-product-zoom.png\",\"contentUrl\":\"https:\/\/galli.ch\/wp-content\/uploads\/omega-seamaster-planet-ocean-6000m-co-axial-master-chronometer-45-5-mm-21530462103002-1-product-zoom.png\",\"width\":1000,\"height\":1400,\"caption\":\"omega-seamaster-planet-ocean-6000m-co-axial-master-chronometer-45\"},{\"@type\":\"BreadcrumbList\",\"@id\":\"https:\/\/galli.ch\/uhren\/omega\/seamaster\/planet-ocean-6000m-master-chronometer-215-30-46-21-03-002\/#breadcrumb\",\"itemListElement\":[{\"@type\":\"ListItem\",\"position\":1,\"name\":\"Home\",\"item\":\"https:\/\/galli.ch\/en\/\"},{\"@type\":\"ListItem\",\"position\":2,\"name\":\"Uhren\",\"item\":\"https:\/\/galli.ch\/en\/uhren\/\"},{\"@type\":\"ListItem\",\"position\":3,\"name\":\"Omega Planet Ocean 6000m Master Chronometer\"}]},{\"@type\":\"WebSite\",\"@id\":\"http:\/\/galli.ch\/en\/#website\",\"url\":\"http:\/\/galli.ch\/en\/\",\"name\":\"Galli Uhren Bijouterie\",\"description\":\"\",\"potentialAction\":[{\"@type\":\"SearchAction\",\"target\":{\"@type\":\"EntryPoint\",\"urlTemplate\":\"http:\/\/galli.ch\/en\/?s={search_term_string}\"},\"query-input\":{\"@type\":\"PropertyValueSpecification\",\"valueRequired\":true,\"valueName\":\"search_term_string\"}}],\"inLanguage\":\"en-US\"}]}<\/script>\n<!-- \/ Yoast SEO plugin. -->","yoast_head_json":{"title":"Omega Planet Ocean 6000m Master Chronometer - Galli Uhren Bijouterie","robots":{"index":"index","follow":"follow","max-snippet":"max-snippet:-1","max-image-preview":"max-image-preview:large","max-video-preview":"max-video-preview:-1"},"canonical":"https:\/\/galli.ch\/uhren\/omega\/seamaster\/planet-ocean-6000m-master-chronometer-215-30-46-21-03-002\/","og_locale":"en_US","og_type":"article","og_title":"Omega Planet Ocean 6000m Master Chronometer - Galli Uhren Bijouterie","og_description":"Im Rahmen der Five Deeps-Expedition hat die Konzeptuhr Ultra Deep mit ihrer Reise zum tiefsten Punkt der Erde im Jahr 2019 Geschichte geschrieben. Nach diesem Weltrekordtauchgang produzierte OMEGA eine Kollektion f\u00fcr allt\u00e4gliche Abenteurer. Eine Uhr, die w\u00e4hrend der Entwicklungsphase unter realen Unterwasserbedingungen getestet wurde, eine Wasserdichtigkeit bis 6.000 Meter (20.000 Fuss) aufweist und der Norm... Weiter &raquo;","og_url":"https:\/\/galli.ch\/uhren\/omega\/seamaster\/planet-ocean-6000m-master-chronometer-215-30-46-21-03-002\/","og_site_name":"Galli Uhren Bijouterie","article_modified_time":"2026-04-20T16:17:38+00:00","og_image":[{"width":1000,"height":1400,"url":"https:\/\/galli.ch\/wp-content\/uploads\/omega-seamaster-planet-ocean-6000m-co-axial-master-chronometer-45-5-mm-21530462103002-1-product-zoom.png","type":"image\/png"}],"twitter_card":"summary_large_image","schema":{"@context":"https:\/\/schema.org","@graph":[{"@type":"WebPage","@id":"https:\/\/galli.ch\/uhren\/omega\/seamaster\/planet-ocean-6000m-master-chronometer-215-30-46-21-03-002\/","url":"https:\/\/galli.ch\/uhren\/omega\/seamaster\/planet-ocean-6000m-master-chronometer-215-30-46-21-03-002\/","name":"Omega Planet Ocean 6000m Master Chronometer - Galli Uhren Bijouterie","isPartOf":{"@id":"http:\/\/galli.ch\/en\/#website"},"primaryImageOfPage":{"@id":"https:\/\/galli.ch\/uhren\/omega\/seamaster\/planet-ocean-6000m-master-chronometer-215-30-46-21-03-002\/#primaryimage"},"image":{"@id":"https:\/\/galli.ch\/uhren\/omega\/seamaster\/planet-ocean-6000m-master-chronometer-215-30-46-21-03-002\/#primaryimage"},"thumbnailUrl":"https:\/\/galli.ch\/wp-content\/uploads\/omega-seamaster-planet-ocean-6000m-co-axial-master-chronometer-45-5-mm-21530462103002-1-product-zoom.png","datePublished":"2023-07-05T08:55:06+00:00","dateModified":"2026-04-20T16:17:38+00:00","breadcrumb":{"@id":"https:\/\/galli.ch\/uhren\/omega\/seamaster\/planet-ocean-6000m-master-chronometer-215-30-46-21-03-002\/#breadcrumb"},"inLanguage":"en-US","potentialAction":[{"@type":"ReadAction","target":["https:\/\/galli.ch\/uhren\/omega\/seamaster\/planet-ocean-6000m-master-chronometer-215-30-46-21-03-002\/"]}]},{"@type":"ImageObject","inLanguage":"en-US","@id":"https:\/\/galli.ch\/uhren\/omega\/seamaster\/planet-ocean-6000m-master-chronometer-215-30-46-21-03-002\/#primaryimage","url":"https:\/\/galli.ch\/wp-content\/uploads\/omega-seamaster-planet-ocean-6000m-co-axial-master-chronometer-45-5-mm-21530462103002-1-product-zoom.png","contentUrl":"https:\/\/galli.ch\/wp-content\/uploads\/omega-seamaster-planet-ocean-6000m-co-axial-master-chronometer-45-5-mm-21530462103002-1-product-zoom.png","width":1000,"height":1400,"caption":"omega-seamaster-planet-ocean-6000m-co-axial-master-chronometer-45"},{"@type":"BreadcrumbList","@id":"https:\/\/galli.ch\/uhren\/omega\/seamaster\/planet-ocean-6000m-master-chronometer-215-30-46-21-03-002\/#breadcrumb","itemListElement":[{"@type":"ListItem","position":1,"name":"Home","item":"https:\/\/galli.ch\/en\/"},{"@type":"ListItem","position":2,"name":"Uhren","item":"https:\/\/galli.ch\/en\/uhren\/"},{"@type":"ListItem","position":3,"name":"Omega Planet Ocean 6000m Master Chronometer"}]},{"@type":"WebSite","@id":"http:\/\/galli.ch\/en\/#website","url":"http:\/\/galli.ch\/en\/","name":"Galli Uhren Bijouterie","description":"","potentialAction":[{"@type":"SearchAction","target":{"@type":"EntryPoint","urlTemplate":"http:\/\/galli.ch\/en\/?s={search_term_string}"},"query-input":{"@type":"PropertyValueSpecification","valueRequired":true,"valueName":"search_term_string"}}],"inLanguage":"en-US"}]}},"_links":{"self":[{"href":"https:\/\/galli.ch\/en\/wp-json\/wp\/v2\/product\/19532","targetHints":{"allow":["GET"]}}],"collection":[{"href":"https:\/\/galli.ch\/en\/wp-json\/wp\/v2\/product"}],"about":[{"href":"https:\/\/galli.ch\/en\/wp-json\/wp\/v2\/types\/product"}],"wp:featuredmedia":[{"embeddable":true,"href":"https:\/\/galli.ch\/en\/wp-json\/wp\/v2\/media\/19385"}],"wp:attachment":[{"href":"https:\/\/galli.ch\/en\/wp-json\/wp\/v2\/media?parent=19532"}],"wp:term":[{"taxonomy":"product_brand","embeddable":true,"href":"https:\/\/galli.ch\/en\/wp-json\/wp\/v2\/product_brand?post=19532"},{"taxonomy":"product_cat","embeddable":true,"href":"https:\/\/galli.ch\/en\/wp-json\/wp\/v2\/product_cat?post=19532"},{"taxonomy":"product_tag","embeddable":true,"href":"https:\/\/galli.ch\/en\/wp-json\/wp\/v2\/product_tag?post=19532"}],"curies":[{"name":"wp","href":"https:\/\/api.w.org\/{rel}","templated":true}]}}