{"id":19533,"date":"2023-07-05T11:01:50","date_gmt":"2023-07-05T09:01:50","guid":{"rendered":"https:\/\/galli.ch\/?post_type=product&#038;p=19533"},"modified":"2026-04-20T18:17:53","modified_gmt":"2026-04-20T16:17:53","slug":"300-master-chronometer-234-30-41-21-03-002","status":"publish","type":"product","link":"https:\/\/galli.ch\/en\/uhren\/omega\/seamaster\/300-master-chronometer-234-30-41-21-03-002\/","title":{"rendered":"Omega Seamaster 300 Master Chronometer"},"content":{"rendered":"<p>Das lackierte Zifferblatt in OMEGAs eigenem Summer Blue verf\u00fcgt \u00fcber einen Farbverlauf, der die Wasserdichtigkeit der Uhr symbolisiert. Im Sinne einer farblichen Koh\u00e4renz hat OMEGA die rhodinierten Zeiger, die vertieften Stundenindizes und die offenen Ziffern mit einer einzigartigen hellblauen Super-LumiNova gef\u00fcllt.<\/p>\n<p>Auf der R\u00fcckseite der Uhr ist ein gepr\u00e4gtes Seamaster Gedenklogo zu sehen, das einen Poseidon mit Dreizack und zwei Seepferdchen zeigt: OMEGAs urspr\u00fcngliches Design von 1956 und aktuelles Markenemblem. Dahinter befindet sich OMEGAs Co-Axial Master Chronometer Kaliber 8912, das vom Eidgen\u00f6ssischen Institut f\u00fcr Metrologie (METAS) gem\u00e4ss den h\u00f6chsten Normen der Branche zertifiziert wurde.<\/p>\n","protected":false},"excerpt":{"rendered":"<p>Das lackierte Zifferblatt in OMEGAs eigenem Summer Blue verf\u00fcgt \u00fcber einen Farbverlauf, der die Wasserdichtigkeit der Uhr symbolisiert. Im Sinne einer farblichen Koh\u00e4renz hat OMEGA die rhodinierten Zeiger, die vertieften Stundenindizes und die offenen Ziffern mit einer einzigartigen hellblauen Super-LumiNova gef\u00fcllt. Auf der R\u00fcckseite der Uhr ist ein gepr\u00e4gtes Seamaster Gedenklogo zu sehen, das einen&#8230;  <a class=\"excerpt-read-more\" href=\"https:\/\/galli.ch\/en\/uhren\/omega\/seamaster\/300-master-chronometer-234-30-41-21-03-002\/\" title=\"Read Omega Seamaster 300 Master Chronometer\">Weiter &raquo;<\/a><\/p>\n","protected":false},"featured_media":19389,"template":"","meta":{"_acf_changed":false,"inline_featured_image":false},"product_brand":[],"product_cat":[188],"product_tag":[],"class_list":{"0":"post-19533","1":"product","2":"type-product","3":"status-publish","4":"has-post-thumbnail","6":"uhrenhersteller-omega","7":"uhrenhersteller-seamaster","8":"product_cat-uhren","10":"first","11":"outofstock","12":"taxable","13":"shipping-taxable","14":"purchasable","15":"product-type-simple"},"acf":[],"yoast_head":"<!-- This site is optimized with the Yoast SEO plugin v25.5 - https:\/\/yoast.com\/wordpress\/plugins\/seo\/ -->\n<title>Omega Omega Seamaster 300 Master Chronometer - Galli Uhren Bijouterie<\/title>\n<meta name=\"robots\" content=\"index, follow, max-snippet:-1, max-image-preview:large, max-video-preview:-1\" \/>\n<link rel=\"canonical\" href=\"https:\/\/galli.ch\/uhren\/omega\/seamaster\/300-master-chronometer-234-30-41-21-03-002\/\" \/>\n<meta property=\"og:locale\" content=\"en_US\" \/>\n<meta property=\"og:type\" content=\"article\" \/>\n<meta property=\"og:title\" content=\"Omega Omega Seamaster 300 Master Chronometer - Galli Uhren Bijouterie\" \/>\n<meta property=\"og:description\" content=\"Das lackierte Zifferblatt in OMEGAs eigenem Summer Blue verf\u00fcgt \u00fcber einen Farbverlauf, der die Wasserdichtigkeit der Uhr symbolisiert. Im Sinne einer farblichen Koh\u00e4renz hat OMEGA die rhodinierten Zeiger, die vertieften Stundenindizes und die offenen Ziffern mit einer einzigartigen hellblauen Super-LumiNova gef\u00fcllt. Auf der R\u00fcckseite der Uhr ist ein gepr\u00e4gtes Seamaster Gedenklogo zu sehen, das einen... Weiter &raquo;\" \/>\n<meta property=\"og:url\" content=\"https:\/\/galli.ch\/uhren\/omega\/seamaster\/300-master-chronometer-234-30-41-21-03-002\/\" \/>\n<meta property=\"og:site_name\" content=\"Galli Uhren Bijouterie\" \/>\n<meta property=\"article:modified_time\" content=\"2026-04-20T16:17:53+00:00\" \/>\n<meta property=\"og:image\" content=\"https:\/\/galli.ch\/wp-content\/uploads\/omega-seamaster-seamaster-300-co-axial-master-chronometer-41-mm-23430412103002-1-product-zoom.png\" \/>\n\t<meta property=\"og:image:width\" content=\"1000\" \/>\n\t<meta property=\"og:image:height\" content=\"1400\" \/>\n\t<meta property=\"og:image:type\" content=\"image\/png\" \/>\n<meta name=\"twitter:card\" content=\"summary_large_image\" \/>\n<script type=\"application\/ld+json\" class=\"yoast-schema-graph\">{\"@context\":\"https:\/\/schema.org\",\"@graph\":[{\"@type\":\"WebPage\",\"@id\":\"https:\/\/galli.ch\/uhren\/omega\/seamaster\/300-master-chronometer-234-30-41-21-03-002\/\",\"url\":\"https:\/\/galli.ch\/uhren\/omega\/seamaster\/300-master-chronometer-234-30-41-21-03-002\/\",\"name\":\"Omega Omega Seamaster 300 Master Chronometer - Galli Uhren Bijouterie\",\"isPartOf\":{\"@id\":\"http:\/\/galli.ch\/en\/#website\"},\"primaryImageOfPage\":{\"@id\":\"https:\/\/galli.ch\/uhren\/omega\/seamaster\/300-master-chronometer-234-30-41-21-03-002\/#primaryimage\"},\"image\":{\"@id\":\"https:\/\/galli.ch\/uhren\/omega\/seamaster\/300-master-chronometer-234-30-41-21-03-002\/#primaryimage\"},\"thumbnailUrl\":\"https:\/\/galli.ch\/wp-content\/uploads\/omega-seamaster-seamaster-300-co-axial-master-chronometer-41-mm-23430412103002-1-product-zoom.png\",\"datePublished\":\"2023-07-05T09:01:50+00:00\",\"dateModified\":\"2026-04-20T16:17:53+00:00\",\"breadcrumb\":{\"@id\":\"https:\/\/galli.ch\/uhren\/omega\/seamaster\/300-master-chronometer-234-30-41-21-03-002\/#breadcrumb\"},\"inLanguage\":\"en-US\",\"potentialAction\":[{\"@type\":\"ReadAction\",\"target\":[\"https:\/\/galli.ch\/uhren\/omega\/seamaster\/300-master-chronometer-234-30-41-21-03-002\/\"]}]},{\"@type\":\"ImageObject\",\"inLanguage\":\"en-US\",\"@id\":\"https:\/\/galli.ch\/uhren\/omega\/seamaster\/300-master-chronometer-234-30-41-21-03-002\/#primaryimage\",\"url\":\"https:\/\/galli.ch\/wp-content\/uploads\/omega-seamaster-seamaster-300-co-axial-master-chronometer-41-mm-23430412103002-1-product-zoom.png\",\"contentUrl\":\"https:\/\/galli.ch\/wp-content\/uploads\/omega-seamaster-seamaster-300-co-axial-master-chronometer-41-mm-23430412103002-1-product-zoom.png\",\"width\":1000,\"height\":1400,\"caption\":\"Omega Seamaster 300 Master Chronometer Summer Blue Edition\"},{\"@type\":\"BreadcrumbList\",\"@id\":\"https:\/\/galli.ch\/uhren\/omega\/seamaster\/300-master-chronometer-234-30-41-21-03-002\/#breadcrumb\",\"itemListElement\":[{\"@type\":\"ListItem\",\"position\":1,\"name\":\"Home\",\"item\":\"https:\/\/galli.ch\/en\/\"},{\"@type\":\"ListItem\",\"position\":2,\"name\":\"Uhren\",\"item\":\"https:\/\/galli.ch\/en\/uhren\/\"},{\"@type\":\"ListItem\",\"position\":3,\"name\":\"Omega Seamaster 300 Master Chronometer\"}]},{\"@type\":\"WebSite\",\"@id\":\"http:\/\/galli.ch\/en\/#website\",\"url\":\"http:\/\/galli.ch\/en\/\",\"name\":\"Galli Uhren Bijouterie\",\"description\":\"\",\"potentialAction\":[{\"@type\":\"SearchAction\",\"target\":{\"@type\":\"EntryPoint\",\"urlTemplate\":\"http:\/\/galli.ch\/en\/?s={search_term_string}\"},\"query-input\":{\"@type\":\"PropertyValueSpecification\",\"valueRequired\":true,\"valueName\":\"search_term_string\"}}],\"inLanguage\":\"en-US\"}]}<\/script>\n<!-- \/ Yoast SEO plugin. -->","yoast_head_json":{"title":"Omega Omega Seamaster 300 Master Chronometer - Galli Uhren Bijouterie","robots":{"index":"index","follow":"follow","max-snippet":"max-snippet:-1","max-image-preview":"max-image-preview:large","max-video-preview":"max-video-preview:-1"},"canonical":"https:\/\/galli.ch\/uhren\/omega\/seamaster\/300-master-chronometer-234-30-41-21-03-002\/","og_locale":"en_US","og_type":"article","og_title":"Omega Omega Seamaster 300 Master Chronometer - Galli Uhren Bijouterie","og_description":"Das lackierte Zifferblatt in OMEGAs eigenem Summer Blue verf\u00fcgt \u00fcber einen Farbverlauf, der die Wasserdichtigkeit der Uhr symbolisiert. Im Sinne einer farblichen Koh\u00e4renz hat OMEGA die rhodinierten Zeiger, die vertieften Stundenindizes und die offenen Ziffern mit einer einzigartigen hellblauen Super-LumiNova gef\u00fcllt. Auf der R\u00fcckseite der Uhr ist ein gepr\u00e4gtes Seamaster Gedenklogo zu sehen, das einen... Weiter &raquo;","og_url":"https:\/\/galli.ch\/uhren\/omega\/seamaster\/300-master-chronometer-234-30-41-21-03-002\/","og_site_name":"Galli Uhren Bijouterie","article_modified_time":"2026-04-20T16:17:53+00:00","og_image":[{"width":1000,"height":1400,"url":"https:\/\/galli.ch\/wp-content\/uploads\/omega-seamaster-seamaster-300-co-axial-master-chronometer-41-mm-23430412103002-1-product-zoom.png","type":"image\/png"}],"twitter_card":"summary_large_image","schema":{"@context":"https:\/\/schema.org","@graph":[{"@type":"WebPage","@id":"https:\/\/galli.ch\/uhren\/omega\/seamaster\/300-master-chronometer-234-30-41-21-03-002\/","url":"https:\/\/galli.ch\/uhren\/omega\/seamaster\/300-master-chronometer-234-30-41-21-03-002\/","name":"Omega Omega Seamaster 300 Master Chronometer - Galli Uhren Bijouterie","isPartOf":{"@id":"http:\/\/galli.ch\/en\/#website"},"primaryImageOfPage":{"@id":"https:\/\/galli.ch\/uhren\/omega\/seamaster\/300-master-chronometer-234-30-41-21-03-002\/#primaryimage"},"image":{"@id":"https:\/\/galli.ch\/uhren\/omega\/seamaster\/300-master-chronometer-234-30-41-21-03-002\/#primaryimage"},"thumbnailUrl":"https:\/\/galli.ch\/wp-content\/uploads\/omega-seamaster-seamaster-300-co-axial-master-chronometer-41-mm-23430412103002-1-product-zoom.png","datePublished":"2023-07-05T09:01:50+00:00","dateModified":"2026-04-20T16:17:53+00:00","breadcrumb":{"@id":"https:\/\/galli.ch\/uhren\/omega\/seamaster\/300-master-chronometer-234-30-41-21-03-002\/#breadcrumb"},"inLanguage":"en-US","potentialAction":[{"@type":"ReadAction","target":["https:\/\/galli.ch\/uhren\/omega\/seamaster\/300-master-chronometer-234-30-41-21-03-002\/"]}]},{"@type":"ImageObject","inLanguage":"en-US","@id":"https:\/\/galli.ch\/uhren\/omega\/seamaster\/300-master-chronometer-234-30-41-21-03-002\/#primaryimage","url":"https:\/\/galli.ch\/wp-content\/uploads\/omega-seamaster-seamaster-300-co-axial-master-chronometer-41-mm-23430412103002-1-product-zoom.png","contentUrl":"https:\/\/galli.ch\/wp-content\/uploads\/omega-seamaster-seamaster-300-co-axial-master-chronometer-41-mm-23430412103002-1-product-zoom.png","width":1000,"height":1400,"caption":"Omega Seamaster 300 Master Chronometer Summer Blue Edition"},{"@type":"BreadcrumbList","@id":"https:\/\/galli.ch\/uhren\/omega\/seamaster\/300-master-chronometer-234-30-41-21-03-002\/#breadcrumb","itemListElement":[{"@type":"ListItem","position":1,"name":"Home","item":"https:\/\/galli.ch\/en\/"},{"@type":"ListItem","position":2,"name":"Uhren","item":"https:\/\/galli.ch\/en\/uhren\/"},{"@type":"ListItem","position":3,"name":"Omega Seamaster 300 Master Chronometer"}]},{"@type":"WebSite","@id":"http:\/\/galli.ch\/en\/#website","url":"http:\/\/galli.ch\/en\/","name":"Galli Uhren Bijouterie","description":"","potentialAction":[{"@type":"SearchAction","target":{"@type":"EntryPoint","urlTemplate":"http:\/\/galli.ch\/en\/?s={search_term_string}"},"query-input":{"@type":"PropertyValueSpecification","valueRequired":true,"valueName":"search_term_string"}}],"inLanguage":"en-US"}]}},"_links":{"self":[{"href":"https:\/\/galli.ch\/en\/wp-json\/wp\/v2\/product\/19533","targetHints":{"allow":["GET"]}}],"collection":[{"href":"https:\/\/galli.ch\/en\/wp-json\/wp\/v2\/product"}],"about":[{"href":"https:\/\/galli.ch\/en\/wp-json\/wp\/v2\/types\/product"}],"wp:featuredmedia":[{"embeddable":true,"href":"https:\/\/galli.ch\/en\/wp-json\/wp\/v2\/media\/19389"}],"wp:attachment":[{"href":"https:\/\/galli.ch\/en\/wp-json\/wp\/v2\/media?parent=19533"}],"wp:term":[{"taxonomy":"product_brand","embeddable":true,"href":"https:\/\/galli.ch\/en\/wp-json\/wp\/v2\/product_brand?post=19533"},{"taxonomy":"product_cat","embeddable":true,"href":"https:\/\/galli.ch\/en\/wp-json\/wp\/v2\/product_cat?post=19533"},{"taxonomy":"product_tag","embeddable":true,"href":"https:\/\/galli.ch\/en\/wp-json\/wp\/v2\/product_tag?post=19533"}],"curies":[{"name":"wp","href":"https:\/\/api.w.org\/{rel}","templated":true}]}}