{"id":19552,"date":"2023-07-05T16:34:03","date_gmt":"2023-07-05T14:34:03","guid":{"rendered":"https:\/\/galli.ch\/?post_type=product&#038;p=19552"},"modified":"2025-10-23T15:52:26","modified_gmt":"2025-10-23T13:52:26","slug":"aqua-terra-150m-master-chronometer-41-220-12-41-21-03-008","status":"publish","type":"product","link":"https:\/\/galli.ch\/en\/uhren\/omega\/seamaster\/aqua-terra-150m-master-chronometer-41-220-12-41-21-03-008\/","title":{"rendered":"Omega Aqua Terra 150m Master Chronometer 41"},"content":{"rendered":"<p>Das Zifferblatt mit \u201eTeak\u201c-Muster in OMEGAs eigenem Summer Blue verf\u00fcgt \u00fcber einen Sonnenschliff, eine PVD-Beschichtung und einen lackierten Farbverlauf, der die Wasserdichtigkeit der Uhr symbolisiert. Es besticht durch rhodinierte Zeiger, mit einzigartiger hellblauer Super-LumiNova gef\u00fcllte Indizes sowie eine blaue Datumsanzeige bei 6 Uhr.<\/p>\n<p>Auf der R\u00fcckseite der Uhr ist ein gepr\u00e4gtes Seamaster Gedenklogo zu sehen, das einen Poseidon mit Dreizack und zwei Seepferdchen zeigt: OMEGAs urspr\u00fcngliches Design von 1956 und aktuelles Markenemblem. Dahinter befindet sich OMEGAs Co-Axial Master Chronometer Kaliber 8900, das vom Eidgen\u00f6ssischen Institut f\u00fcr Metrologie (METAS) gem\u00e4ss den h\u00f6chsten Normen der Branche zertifiziert wurde.<\/p>\n","protected":false},"excerpt":{"rendered":"<p>Das Zifferblatt mit \u201eTeak\u201c-Muster in OMEGAs eigenem Summer Blue verf\u00fcgt \u00fcber einen Sonnenschliff, eine PVD-Beschichtung und einen lackierten Farbverlauf, der die Wasserdichtigkeit der Uhr symbolisiert. Es besticht durch rhodinierte Zeiger, mit einzigartiger hellblauer Super-LumiNova gef\u00fcllte Indizes sowie eine blaue Datumsanzeige bei 6 Uhr. Auf der R\u00fcckseite der Uhr ist ein gepr\u00e4gtes Seamaster Gedenklogo zu sehen,&#8230;  <a class=\"excerpt-read-more\" href=\"https:\/\/galli.ch\/en\/uhren\/omega\/seamaster\/aqua-terra-150m-master-chronometer-41-220-12-41-21-03-008\/\" title=\"Read Omega Aqua Terra 150m Master Chronometer 41\">Weiter &raquo;<\/a><\/p>\n","protected":false},"featured_media":19547,"template":"","meta":{"_acf_changed":false,"inline_featured_image":false},"product_brand":[],"product_cat":[188],"product_tag":[],"class_list":{"0":"post-19552","1":"product","2":"type-product","3":"status-publish","4":"has-post-thumbnail","6":"uhrenhersteller-omega","7":"uhrenhersteller-seamaster","8":"product_cat-uhren","10":"first","11":"outofstock","12":"taxable","13":"shipping-taxable","14":"purchasable","15":"product-type-simple"},"acf":[],"yoast_head":"<!-- This site is optimized with the Yoast SEO plugin v25.5 - https:\/\/yoast.com\/wordpress\/plugins\/seo\/ -->\n<title>Omega Omega Aqua Terra 150m Master Chronometer 41 - Galli Uhren Bijouterie<\/title>\n<meta name=\"robots\" content=\"index, follow, max-snippet:-1, max-image-preview:large, max-video-preview:-1\" \/>\n<link rel=\"canonical\" href=\"https:\/\/galli.ch\/uhren\/omega\/seamaster\/aqua-terra-150m-master-chronometer-41-220-12-41-21-03-008\/\" \/>\n<meta property=\"og:locale\" content=\"en_US\" \/>\n<meta property=\"og:type\" content=\"article\" \/>\n<meta property=\"og:title\" content=\"Omega Omega Aqua Terra 150m Master Chronometer 41 - Galli Uhren Bijouterie\" \/>\n<meta property=\"og:description\" content=\"Das Zifferblatt mit \u201eTeak\u201c-Muster in OMEGAs eigenem Summer Blue verf\u00fcgt \u00fcber einen Sonnenschliff, eine PVD-Beschichtung und einen lackierten Farbverlauf, der die Wasserdichtigkeit der Uhr symbolisiert. Es besticht durch rhodinierte Zeiger, mit einzigartiger hellblauer Super-LumiNova gef\u00fcllte Indizes sowie eine blaue Datumsanzeige bei 6 Uhr. Auf der R\u00fcckseite der Uhr ist ein gepr\u00e4gtes Seamaster Gedenklogo zu sehen,... Weiter &raquo;\" \/>\n<meta property=\"og:url\" content=\"https:\/\/galli.ch\/uhren\/omega\/seamaster\/aqua-terra-150m-master-chronometer-41-220-12-41-21-03-008\/\" \/>\n<meta property=\"og:site_name\" content=\"Galli Uhren Bijouterie\" \/>\n<meta property=\"article:modified_time\" content=\"2025-10-23T13:52:26+00:00\" \/>\n<meta property=\"og:image\" content=\"https:\/\/galli.ch\/wp-content\/uploads\/omega-seamaster-aqua-terra-150m-co-axial-master-chronometer-41-mm-22012412103008-1-product-zoom.png\" \/>\n\t<meta property=\"og:image:width\" content=\"1000\" \/>\n\t<meta property=\"og:image:height\" content=\"1400\" \/>\n\t<meta property=\"og:image:type\" content=\"image\/png\" \/>\n<meta name=\"twitter:card\" content=\"summary_large_image\" \/>\n<script type=\"application\/ld+json\" class=\"yoast-schema-graph\">{\"@context\":\"https:\/\/schema.org\",\"@graph\":[{\"@type\":\"WebPage\",\"@id\":\"https:\/\/galli.ch\/uhren\/omega\/seamaster\/aqua-terra-150m-master-chronometer-41-220-12-41-21-03-008\/\",\"url\":\"https:\/\/galli.ch\/uhren\/omega\/seamaster\/aqua-terra-150m-master-chronometer-41-220-12-41-21-03-008\/\",\"name\":\"Omega Omega Aqua Terra 150m Master Chronometer 41 - Galli Uhren Bijouterie\",\"isPartOf\":{\"@id\":\"http:\/\/galli.ch\/en\/#website\"},\"primaryImageOfPage\":{\"@id\":\"https:\/\/galli.ch\/uhren\/omega\/seamaster\/aqua-terra-150m-master-chronometer-41-220-12-41-21-03-008\/#primaryimage\"},\"image\":{\"@id\":\"https:\/\/galli.ch\/uhren\/omega\/seamaster\/aqua-terra-150m-master-chronometer-41-220-12-41-21-03-008\/#primaryimage\"},\"thumbnailUrl\":\"https:\/\/galli.ch\/wp-content\/uploads\/omega-seamaster-aqua-terra-150m-co-axial-master-chronometer-41-mm-22012412103008-1-product-zoom.png\",\"datePublished\":\"2023-07-05T14:34:03+00:00\",\"dateModified\":\"2025-10-23T13:52:26+00:00\",\"breadcrumb\":{\"@id\":\"https:\/\/galli.ch\/uhren\/omega\/seamaster\/aqua-terra-150m-master-chronometer-41-220-12-41-21-03-008\/#breadcrumb\"},\"inLanguage\":\"en-US\",\"potentialAction\":[{\"@type\":\"ReadAction\",\"target\":[\"https:\/\/galli.ch\/uhren\/omega\/seamaster\/aqua-terra-150m-master-chronometer-41-220-12-41-21-03-008\/\"]}]},{\"@type\":\"ImageObject\",\"inLanguage\":\"en-US\",\"@id\":\"https:\/\/galli.ch\/uhren\/omega\/seamaster\/aqua-terra-150m-master-chronometer-41-220-12-41-21-03-008\/#primaryimage\",\"url\":\"https:\/\/galli.ch\/wp-content\/uploads\/omega-seamaster-aqua-terra-150m-co-axial-master-chronometer-41-mm-22012412103008-1-product-zoom.png\",\"contentUrl\":\"https:\/\/galli.ch\/wp-content\/uploads\/omega-seamaster-aqua-terra-150m-co-axial-master-chronometer-41-mm-22012412103008-1-product-zoom.png\",\"width\":1000,\"height\":1400,\"caption\":\"omega-seamaster-aqua-terra-150m-co-axial-master-chronometer-41-mm\"},{\"@type\":\"BreadcrumbList\",\"@id\":\"https:\/\/galli.ch\/uhren\/omega\/seamaster\/aqua-terra-150m-master-chronometer-41-220-12-41-21-03-008\/#breadcrumb\",\"itemListElement\":[{\"@type\":\"ListItem\",\"position\":1,\"name\":\"Home\",\"item\":\"https:\/\/galli.ch\/en\/\"},{\"@type\":\"ListItem\",\"position\":2,\"name\":\"Uhren\",\"item\":\"https:\/\/galli.ch\/en\/uhren\/\"},{\"@type\":\"ListItem\",\"position\":3,\"name\":\"Omega Aqua Terra 150m Master Chronometer 41\"}]},{\"@type\":\"WebSite\",\"@id\":\"http:\/\/galli.ch\/en\/#website\",\"url\":\"http:\/\/galli.ch\/en\/\",\"name\":\"Galli Uhren Bijouterie\",\"description\":\"\",\"potentialAction\":[{\"@type\":\"SearchAction\",\"target\":{\"@type\":\"EntryPoint\",\"urlTemplate\":\"http:\/\/galli.ch\/en\/?s={search_term_string}\"},\"query-input\":{\"@type\":\"PropertyValueSpecification\",\"valueRequired\":true,\"valueName\":\"search_term_string\"}}],\"inLanguage\":\"en-US\"}]}<\/script>\n<!-- \/ Yoast SEO plugin. -->","yoast_head_json":{"title":"Omega Omega Aqua Terra 150m Master Chronometer 41 - Galli Uhren Bijouterie","robots":{"index":"index","follow":"follow","max-snippet":"max-snippet:-1","max-image-preview":"max-image-preview:large","max-video-preview":"max-video-preview:-1"},"canonical":"https:\/\/galli.ch\/uhren\/omega\/seamaster\/aqua-terra-150m-master-chronometer-41-220-12-41-21-03-008\/","og_locale":"en_US","og_type":"article","og_title":"Omega Omega Aqua Terra 150m Master Chronometer 41 - Galli Uhren Bijouterie","og_description":"Das Zifferblatt mit \u201eTeak\u201c-Muster in OMEGAs eigenem Summer Blue verf\u00fcgt \u00fcber einen Sonnenschliff, eine PVD-Beschichtung und einen lackierten Farbverlauf, der die Wasserdichtigkeit der Uhr symbolisiert. Es besticht durch rhodinierte Zeiger, mit einzigartiger hellblauer Super-LumiNova gef\u00fcllte Indizes sowie eine blaue Datumsanzeige bei 6 Uhr. Auf der R\u00fcckseite der Uhr ist ein gepr\u00e4gtes Seamaster Gedenklogo zu sehen,... Weiter &raquo;","og_url":"https:\/\/galli.ch\/uhren\/omega\/seamaster\/aqua-terra-150m-master-chronometer-41-220-12-41-21-03-008\/","og_site_name":"Galli Uhren Bijouterie","article_modified_time":"2025-10-23T13:52:26+00:00","og_image":[{"width":1000,"height":1400,"url":"https:\/\/galli.ch\/wp-content\/uploads\/omega-seamaster-aqua-terra-150m-co-axial-master-chronometer-41-mm-22012412103008-1-product-zoom.png","type":"image\/png"}],"twitter_card":"summary_large_image","schema":{"@context":"https:\/\/schema.org","@graph":[{"@type":"WebPage","@id":"https:\/\/galli.ch\/uhren\/omega\/seamaster\/aqua-terra-150m-master-chronometer-41-220-12-41-21-03-008\/","url":"https:\/\/galli.ch\/uhren\/omega\/seamaster\/aqua-terra-150m-master-chronometer-41-220-12-41-21-03-008\/","name":"Omega Omega Aqua Terra 150m Master Chronometer 41 - Galli Uhren Bijouterie","isPartOf":{"@id":"http:\/\/galli.ch\/en\/#website"},"primaryImageOfPage":{"@id":"https:\/\/galli.ch\/uhren\/omega\/seamaster\/aqua-terra-150m-master-chronometer-41-220-12-41-21-03-008\/#primaryimage"},"image":{"@id":"https:\/\/galli.ch\/uhren\/omega\/seamaster\/aqua-terra-150m-master-chronometer-41-220-12-41-21-03-008\/#primaryimage"},"thumbnailUrl":"https:\/\/galli.ch\/wp-content\/uploads\/omega-seamaster-aqua-terra-150m-co-axial-master-chronometer-41-mm-22012412103008-1-product-zoom.png","datePublished":"2023-07-05T14:34:03+00:00","dateModified":"2025-10-23T13:52:26+00:00","breadcrumb":{"@id":"https:\/\/galli.ch\/uhren\/omega\/seamaster\/aqua-terra-150m-master-chronometer-41-220-12-41-21-03-008\/#breadcrumb"},"inLanguage":"en-US","potentialAction":[{"@type":"ReadAction","target":["https:\/\/galli.ch\/uhren\/omega\/seamaster\/aqua-terra-150m-master-chronometer-41-220-12-41-21-03-008\/"]}]},{"@type":"ImageObject","inLanguage":"en-US","@id":"https:\/\/galli.ch\/uhren\/omega\/seamaster\/aqua-terra-150m-master-chronometer-41-220-12-41-21-03-008\/#primaryimage","url":"https:\/\/galli.ch\/wp-content\/uploads\/omega-seamaster-aqua-terra-150m-co-axial-master-chronometer-41-mm-22012412103008-1-product-zoom.png","contentUrl":"https:\/\/galli.ch\/wp-content\/uploads\/omega-seamaster-aqua-terra-150m-co-axial-master-chronometer-41-mm-22012412103008-1-product-zoom.png","width":1000,"height":1400,"caption":"omega-seamaster-aqua-terra-150m-co-axial-master-chronometer-41-mm"},{"@type":"BreadcrumbList","@id":"https:\/\/galli.ch\/uhren\/omega\/seamaster\/aqua-terra-150m-master-chronometer-41-220-12-41-21-03-008\/#breadcrumb","itemListElement":[{"@type":"ListItem","position":1,"name":"Home","item":"https:\/\/galli.ch\/en\/"},{"@type":"ListItem","position":2,"name":"Uhren","item":"https:\/\/galli.ch\/en\/uhren\/"},{"@type":"ListItem","position":3,"name":"Omega Aqua Terra 150m Master Chronometer 41"}]},{"@type":"WebSite","@id":"http:\/\/galli.ch\/en\/#website","url":"http:\/\/galli.ch\/en\/","name":"Galli Uhren Bijouterie","description":"","potentialAction":[{"@type":"SearchAction","target":{"@type":"EntryPoint","urlTemplate":"http:\/\/galli.ch\/en\/?s={search_term_string}"},"query-input":{"@type":"PropertyValueSpecification","valueRequired":true,"valueName":"search_term_string"}}],"inLanguage":"en-US"}]}},"_links":{"self":[{"href":"https:\/\/galli.ch\/en\/wp-json\/wp\/v2\/product\/19552","targetHints":{"allow":["GET"]}}],"collection":[{"href":"https:\/\/galli.ch\/en\/wp-json\/wp\/v2\/product"}],"about":[{"href":"https:\/\/galli.ch\/en\/wp-json\/wp\/v2\/types\/product"}],"wp:featuredmedia":[{"embeddable":true,"href":"https:\/\/galli.ch\/en\/wp-json\/wp\/v2\/media\/19547"}],"wp:attachment":[{"href":"https:\/\/galli.ch\/en\/wp-json\/wp\/v2\/media?parent=19552"}],"wp:term":[{"taxonomy":"product_brand","embeddable":true,"href":"https:\/\/galli.ch\/en\/wp-json\/wp\/v2\/product_brand?post=19552"},{"taxonomy":"product_cat","embeddable":true,"href":"https:\/\/galli.ch\/en\/wp-json\/wp\/v2\/product_cat?post=19552"},{"taxonomy":"product_tag","embeddable":true,"href":"https:\/\/galli.ch\/en\/wp-json\/wp\/v2\/product_tag?post=19552"}],"curies":[{"name":"wp","href":"https:\/\/api.w.org\/{rel}","templated":true}]}}