{"id":19621,"date":"2023-07-11T14:22:35","date_gmt":"2023-07-11T12:22:35","guid":{"rendered":"https:\/\/galli.ch\/?post_type=product&#038;p=19621"},"modified":"2026-03-30T10:10:24","modified_gmt":"2026-03-30T08:10:24","slug":"aikon-automatic-limited-summer-edition-35mm-ai6006-ss00f-550-e","status":"publish","type":"product","link":"https:\/\/galli.ch\/en\/uhren\/maurice-lacroix\/aikon\/aikon-automatic-limited-summer-edition-35mm-ai6006-ss00f-550-e\/","title":{"rendered":"Maurice Lacroix AIKON Automatic Limited Summer Edition 35mm"},"content":{"rendered":"<p>Raus aus der Stadt und rein ins Urlaubsfeeling: Die AIKON Automatic Limited Summer Edition bringt den Sommer ans Handgelenk. Dabei bleibt sie jedoch der urbanen Designsprache des klassischen Modells treu. Die AIKON, inspiriert von der 90er-Ikone Calypso, ist eines der beliebtesten Modelle von Maurice Lacroix und diese Erfolgsgeschichte soll nun fortgef\u00fchrt werden. Mit drei Gr\u00f6\u00dfen, verschiedenen sommerlichen Zifferblattvarianten und dazu passenden Kautschukarmb\u00e4ndern, verf\u00fchrt Maurice Lacroix stilbewusste Menschen in diesem Jahr zu einem neuen Strand-Look.<\/p>\n","protected":false},"excerpt":{"rendered":"<p>Raus aus der Stadt und rein ins Urlaubsfeeling: Die AIKON Automatic Limited Summer Edition bringt den Sommer ans Handgelenk. Dabei bleibt sie jedoch der urbanen Designsprache des klassischen Modells treu. Die AIKON, inspiriert von der 90er-Ikone Calypso, ist eines der beliebtesten Modelle von Maurice Lacroix und diese Erfolgsgeschichte soll nun fortgef\u00fchrt werden. Mit drei Gr\u00f6\u00dfen,&#8230;  <a class=\"excerpt-read-more\" href=\"https:\/\/galli.ch\/en\/uhren\/maurice-lacroix\/aikon\/aikon-automatic-limited-summer-edition-35mm-ai6006-ss00f-550-e\/\" title=\"Read Maurice Lacroix AIKON Automatic Limited Summer Edition 35mm\">Weiter &raquo;<\/a><\/p>\n","protected":false},"featured_media":18854,"template":"","meta":{"_acf_changed":false,"inline_featured_image":false},"product_brand":[],"product_cat":[188],"product_tag":[],"class_list":{"0":"post-19621","1":"product","2":"type-product","3":"status-publish","4":"has-post-thumbnail","6":"uhrenhersteller-aikon","7":"uhrenhersteller-maurice-lacroix","8":"product_cat-uhren","10":"first","11":"instock","12":"taxable","13":"shipping-taxable","14":"purchasable","15":"product-type-simple"},"acf":[],"yoast_head":"<!-- This site is optimized with the Yoast SEO plugin v25.5 - https:\/\/yoast.com\/wordpress\/plugins\/seo\/ -->\n<title>Maurice Lacroix AIKON Automatic Limited Summer Edition 35mm - Galli Uhren Bijouterie<\/title>\n<meta name=\"robots\" content=\"index, follow, max-snippet:-1, max-image-preview:large, max-video-preview:-1\" \/>\n<link rel=\"canonical\" href=\"https:\/\/galli.ch\/uhren\/maurice-lacroix\/aikon\/aikon-automatic-limited-summer-edition-35mm-ai6006-ss00f-550-e\/\" \/>\n<meta property=\"og:locale\" content=\"en_US\" \/>\n<meta property=\"og:type\" content=\"article\" \/>\n<meta property=\"og:title\" content=\"Maurice Lacroix AIKON Automatic Limited Summer Edition 35mm - Galli Uhren Bijouterie\" \/>\n<meta property=\"og:description\" content=\"Raus aus der Stadt und rein ins Urlaubsfeeling: Die AIKON Automatic Limited Summer Edition bringt den Sommer ans Handgelenk. Dabei bleibt sie jedoch der urbanen Designsprache des klassischen Modells treu. Die AIKON, inspiriert von der 90er-Ikone Calypso, ist eines der beliebtesten Modelle von Maurice Lacroix und diese Erfolgsgeschichte soll nun fortgef\u00fchrt werden. Mit drei Gr\u00f6\u00dfen,... Weiter &raquo;\" \/>\n<meta property=\"og:url\" content=\"https:\/\/galli.ch\/uhren\/maurice-lacroix\/aikon\/aikon-automatic-limited-summer-edition-35mm-ai6006-ss00f-550-e\/\" \/>\n<meta property=\"og:site_name\" content=\"Galli Uhren Bijouterie\" \/>\n<meta property=\"article:modified_time\" content=\"2026-03-30T08:10:24+00:00\" \/>\n<meta property=\"og:image\" content=\"https:\/\/galli.ch\/wp-content\/uploads\/AI6006-SS00F-550-E-AIKON_PINK_35mm.png\" \/>\n\t<meta property=\"og:image:width\" content=\"1000\" \/>\n\t<meta property=\"og:image:height\" content=\"1400\" \/>\n\t<meta property=\"og:image:type\" content=\"image\/png\" \/>\n<meta name=\"twitter:card\" content=\"summary_large_image\" \/>\n<script type=\"application\/ld+json\" class=\"yoast-schema-graph\">{\"@context\":\"https:\/\/schema.org\",\"@graph\":[{\"@type\":\"WebPage\",\"@id\":\"https:\/\/galli.ch\/uhren\/maurice-lacroix\/aikon\/aikon-automatic-limited-summer-edition-35mm-ai6006-ss00f-550-e\/\",\"url\":\"https:\/\/galli.ch\/uhren\/maurice-lacroix\/aikon\/aikon-automatic-limited-summer-edition-35mm-ai6006-ss00f-550-e\/\",\"name\":\"Maurice Lacroix AIKON Automatic Limited Summer Edition 35mm - Galli Uhren Bijouterie\",\"isPartOf\":{\"@id\":\"http:\/\/galli.ch\/en\/#website\"},\"primaryImageOfPage\":{\"@id\":\"https:\/\/galli.ch\/uhren\/maurice-lacroix\/aikon\/aikon-automatic-limited-summer-edition-35mm-ai6006-ss00f-550-e\/#primaryimage\"},\"image\":{\"@id\":\"https:\/\/galli.ch\/uhren\/maurice-lacroix\/aikon\/aikon-automatic-limited-summer-edition-35mm-ai6006-ss00f-550-e\/#primaryimage\"},\"thumbnailUrl\":\"https:\/\/galli.ch\/wp-content\/uploads\/AI6006-SS00F-550-E-AIKON_PINK_35mm.png\",\"datePublished\":\"2023-07-11T12:22:35+00:00\",\"dateModified\":\"2026-03-30T08:10:24+00:00\",\"breadcrumb\":{\"@id\":\"https:\/\/galli.ch\/uhren\/maurice-lacroix\/aikon\/aikon-automatic-limited-summer-edition-35mm-ai6006-ss00f-550-e\/#breadcrumb\"},\"inLanguage\":\"en-US\",\"potentialAction\":[{\"@type\":\"ReadAction\",\"target\":[\"https:\/\/galli.ch\/uhren\/maurice-lacroix\/aikon\/aikon-automatic-limited-summer-edition-35mm-ai6006-ss00f-550-e\/\"]}]},{\"@type\":\"ImageObject\",\"inLanguage\":\"en-US\",\"@id\":\"https:\/\/galli.ch\/uhren\/maurice-lacroix\/aikon\/aikon-automatic-limited-summer-edition-35mm-ai6006-ss00f-550-e\/#primaryimage\",\"url\":\"https:\/\/galli.ch\/wp-content\/uploads\/AI6006-SS00F-550-E-AIKON_PINK_35mm.png\",\"contentUrl\":\"https:\/\/galli.ch\/wp-content\/uploads\/AI6006-SS00F-550-E-AIKON_PINK_35mm.png\",\"width\":1000,\"height\":1400,\"caption\":\"Maurice-Lacroix-AIKON Automatic Limited Summer Edition 35mm_zurich\"},{\"@type\":\"BreadcrumbList\",\"@id\":\"https:\/\/galli.ch\/uhren\/maurice-lacroix\/aikon\/aikon-automatic-limited-summer-edition-35mm-ai6006-ss00f-550-e\/#breadcrumb\",\"itemListElement\":[{\"@type\":\"ListItem\",\"position\":1,\"name\":\"Home\",\"item\":\"https:\/\/galli.ch\/en\/\"},{\"@type\":\"ListItem\",\"position\":2,\"name\":\"Uhren\",\"item\":\"https:\/\/galli.ch\/en\/uhren\/\"},{\"@type\":\"ListItem\",\"position\":3,\"name\":\"Maurice Lacroix AIKON Automatic Limited Summer Edition 35mm\"}]},{\"@type\":\"WebSite\",\"@id\":\"http:\/\/galli.ch\/en\/#website\",\"url\":\"http:\/\/galli.ch\/en\/\",\"name\":\"Galli Uhren Bijouterie\",\"description\":\"\",\"potentialAction\":[{\"@type\":\"SearchAction\",\"target\":{\"@type\":\"EntryPoint\",\"urlTemplate\":\"http:\/\/galli.ch\/en\/?s={search_term_string}\"},\"query-input\":{\"@type\":\"PropertyValueSpecification\",\"valueRequired\":true,\"valueName\":\"search_term_string\"}}],\"inLanguage\":\"en-US\"}]}<\/script>\n<!-- \/ Yoast SEO plugin. -->","yoast_head_json":{"title":"Maurice Lacroix AIKON Automatic Limited Summer Edition 35mm - Galli Uhren Bijouterie","robots":{"index":"index","follow":"follow","max-snippet":"max-snippet:-1","max-image-preview":"max-image-preview:large","max-video-preview":"max-video-preview:-1"},"canonical":"https:\/\/galli.ch\/uhren\/maurice-lacroix\/aikon\/aikon-automatic-limited-summer-edition-35mm-ai6006-ss00f-550-e\/","og_locale":"en_US","og_type":"article","og_title":"Maurice Lacroix AIKON Automatic Limited Summer Edition 35mm - Galli Uhren Bijouterie","og_description":"Raus aus der Stadt und rein ins Urlaubsfeeling: Die AIKON Automatic Limited Summer Edition bringt den Sommer ans Handgelenk. Dabei bleibt sie jedoch der urbanen Designsprache des klassischen Modells treu. Die AIKON, inspiriert von der 90er-Ikone Calypso, ist eines der beliebtesten Modelle von Maurice Lacroix und diese Erfolgsgeschichte soll nun fortgef\u00fchrt werden. Mit drei Gr\u00f6\u00dfen,... Weiter &raquo;","og_url":"https:\/\/galli.ch\/uhren\/maurice-lacroix\/aikon\/aikon-automatic-limited-summer-edition-35mm-ai6006-ss00f-550-e\/","og_site_name":"Galli Uhren Bijouterie","article_modified_time":"2026-03-30T08:10:24+00:00","og_image":[{"width":1000,"height":1400,"url":"https:\/\/galli.ch\/wp-content\/uploads\/AI6006-SS00F-550-E-AIKON_PINK_35mm.png","type":"image\/png"}],"twitter_card":"summary_large_image","schema":{"@context":"https:\/\/schema.org","@graph":[{"@type":"WebPage","@id":"https:\/\/galli.ch\/uhren\/maurice-lacroix\/aikon\/aikon-automatic-limited-summer-edition-35mm-ai6006-ss00f-550-e\/","url":"https:\/\/galli.ch\/uhren\/maurice-lacroix\/aikon\/aikon-automatic-limited-summer-edition-35mm-ai6006-ss00f-550-e\/","name":"Maurice Lacroix AIKON Automatic Limited Summer Edition 35mm - Galli Uhren Bijouterie","isPartOf":{"@id":"http:\/\/galli.ch\/en\/#website"},"primaryImageOfPage":{"@id":"https:\/\/galli.ch\/uhren\/maurice-lacroix\/aikon\/aikon-automatic-limited-summer-edition-35mm-ai6006-ss00f-550-e\/#primaryimage"},"image":{"@id":"https:\/\/galli.ch\/uhren\/maurice-lacroix\/aikon\/aikon-automatic-limited-summer-edition-35mm-ai6006-ss00f-550-e\/#primaryimage"},"thumbnailUrl":"https:\/\/galli.ch\/wp-content\/uploads\/AI6006-SS00F-550-E-AIKON_PINK_35mm.png","datePublished":"2023-07-11T12:22:35+00:00","dateModified":"2026-03-30T08:10:24+00:00","breadcrumb":{"@id":"https:\/\/galli.ch\/uhren\/maurice-lacroix\/aikon\/aikon-automatic-limited-summer-edition-35mm-ai6006-ss00f-550-e\/#breadcrumb"},"inLanguage":"en-US","potentialAction":[{"@type":"ReadAction","target":["https:\/\/galli.ch\/uhren\/maurice-lacroix\/aikon\/aikon-automatic-limited-summer-edition-35mm-ai6006-ss00f-550-e\/"]}]},{"@type":"ImageObject","inLanguage":"en-US","@id":"https:\/\/galli.ch\/uhren\/maurice-lacroix\/aikon\/aikon-automatic-limited-summer-edition-35mm-ai6006-ss00f-550-e\/#primaryimage","url":"https:\/\/galli.ch\/wp-content\/uploads\/AI6006-SS00F-550-E-AIKON_PINK_35mm.png","contentUrl":"https:\/\/galli.ch\/wp-content\/uploads\/AI6006-SS00F-550-E-AIKON_PINK_35mm.png","width":1000,"height":1400,"caption":"Maurice-Lacroix-AIKON Automatic Limited Summer Edition 35mm_zurich"},{"@type":"BreadcrumbList","@id":"https:\/\/galli.ch\/uhren\/maurice-lacroix\/aikon\/aikon-automatic-limited-summer-edition-35mm-ai6006-ss00f-550-e\/#breadcrumb","itemListElement":[{"@type":"ListItem","position":1,"name":"Home","item":"https:\/\/galli.ch\/en\/"},{"@type":"ListItem","position":2,"name":"Uhren","item":"https:\/\/galli.ch\/en\/uhren\/"},{"@type":"ListItem","position":3,"name":"Maurice Lacroix AIKON Automatic Limited Summer Edition 35mm"}]},{"@type":"WebSite","@id":"http:\/\/galli.ch\/en\/#website","url":"http:\/\/galli.ch\/en\/","name":"Galli Uhren Bijouterie","description":"","potentialAction":[{"@type":"SearchAction","target":{"@type":"EntryPoint","urlTemplate":"http:\/\/galli.ch\/en\/?s={search_term_string}"},"query-input":{"@type":"PropertyValueSpecification","valueRequired":true,"valueName":"search_term_string"}}],"inLanguage":"en-US"}]}},"_links":{"self":[{"href":"https:\/\/galli.ch\/en\/wp-json\/wp\/v2\/product\/19621","targetHints":{"allow":["GET"]}}],"collection":[{"href":"https:\/\/galli.ch\/en\/wp-json\/wp\/v2\/product"}],"about":[{"href":"https:\/\/galli.ch\/en\/wp-json\/wp\/v2\/types\/product"}],"wp:featuredmedia":[{"embeddable":true,"href":"https:\/\/galli.ch\/en\/wp-json\/wp\/v2\/media\/18854"}],"wp:attachment":[{"href":"https:\/\/galli.ch\/en\/wp-json\/wp\/v2\/media?parent=19621"}],"wp:term":[{"taxonomy":"product_brand","embeddable":true,"href":"https:\/\/galli.ch\/en\/wp-json\/wp\/v2\/product_brand?post=19621"},{"taxonomy":"product_cat","embeddable":true,"href":"https:\/\/galli.ch\/en\/wp-json\/wp\/v2\/product_cat?post=19621"},{"taxonomy":"product_tag","embeddable":true,"href":"https:\/\/galli.ch\/en\/wp-json\/wp\/v2\/product_tag?post=19621"}],"curies":[{"name":"wp","href":"https:\/\/api.w.org\/{rel}","templated":true}]}}