{"id":19881,"date":"2023-07-21T20:48:05","date_gmt":"2023-07-21T18:48:05","guid":{"rendered":"https:\/\/galli.ch\/?post_type=product&#038;p=19881"},"modified":"2026-04-20T18:11:41","modified_gmt":"2026-04-20T16:11:41","slug":"hydroconquest-l3-781-4-05-2","status":"publish","type":"product","link":"https:\/\/galli.ch\/en\/uhren\/longines\/diving\/hydroconquest-l3-781-4-05-2\/","title":{"rendered":"Longines Hydroconquest 41"},"content":{"rendered":"<p>Eine farbenfrohe Glanzleistung in der Welt des Tauchens. Die seit 1832 in Saint-Imier ans\u00e4ssige Schweizer Uhrenmarke Longines kann auf eine lange Tradition zur\u00fcckblicken, die von der Eleganz und der Leistungsst\u00e4rke ihrer Produkte gepr\u00e4gt ist.<\/p>\n<p>Diese Werte kennzeichnen auch die Longines Sport Collection, deren Linie HydroConquest sich an all jene richtet, die einen sportlichen Zeitmesser suchen, der technische Perfektion mit Eleganz verbindet.<\/p>\n","protected":false},"excerpt":{"rendered":"<p>Eine farbenfrohe Glanzleistung in der Welt des Tauchens. Die seit 1832 in Saint-Imier ans\u00e4ssige Schweizer Uhrenmarke Longines kann auf eine lange Tradition zur\u00fcckblicken, die von der Eleganz und der Leistungsst\u00e4rke ihrer Produkte gepr\u00e4gt ist. Diese Werte kennzeichnen auch die Longines Sport Collection, deren Linie HydroConquest sich an all jene richtet, die einen sportlichen Zeitmesser suchen,&#8230;  <a class=\"excerpt-read-more\" href=\"https:\/\/galli.ch\/en\/uhren\/longines\/diving\/hydroconquest-l3-781-4-05-2\/\" title=\"Read Longines Hydroconquest 41\">Weiter &raquo;<\/a><\/p>\n","protected":false},"featured_media":19670,"template":"","meta":{"_acf_changed":false,"inline_featured_image":false},"product_brand":[],"product_cat":[188],"product_tag":[],"class_list":{"0":"post-19881","1":"product","2":"type-product","3":"status-publish","4":"has-post-thumbnail","6":"uhrenhersteller-longines","7":"uhrenhersteller-diving","8":"product_cat-uhren","10":"first","11":"instock","12":"taxable","13":"shipping-taxable","14":"purchasable","15":"product-type-simple"},"acf":[],"yoast_head":"<!-- This site is optimized with the Yoast SEO plugin v25.5 - https:\/\/yoast.com\/wordpress\/plugins\/seo\/ -->\n<title>Longines Hydroconquest 41 - Galli Uhren Bijouterie<\/title>\n<meta name=\"robots\" content=\"index, follow, max-snippet:-1, max-image-preview:large, max-video-preview:-1\" \/>\n<link rel=\"canonical\" href=\"https:\/\/galli.ch\/uhren\/longines\/diving\/hydroconquest-l3-781-4-05-2\/\" \/>\n<meta property=\"og:locale\" content=\"en_US\" \/>\n<meta property=\"og:type\" content=\"article\" \/>\n<meta property=\"og:title\" content=\"Longines Hydroconquest 41 - Galli Uhren Bijouterie\" \/>\n<meta property=\"og:description\" content=\"Eine farbenfrohe Glanzleistung in der Welt des Tauchens. Die seit 1832 in Saint-Imier ans\u00e4ssige Schweizer Uhrenmarke Longines kann auf eine lange Tradition zur\u00fcckblicken, die von der Eleganz und der Leistungsst\u00e4rke ihrer Produkte gepr\u00e4gt ist. Diese Werte kennzeichnen auch die Longines Sport Collection, deren Linie HydroConquest sich an all jene richtet, die einen sportlichen Zeitmesser suchen,... Weiter &raquo;\" \/>\n<meta property=\"og:url\" content=\"https:\/\/galli.ch\/uhren\/longines\/diving\/hydroconquest-l3-781-4-05-2\/\" \/>\n<meta property=\"og:site_name\" content=\"Galli Uhren Bijouterie\" \/>\n<meta property=\"article:modified_time\" content=\"2026-04-20T16:11:41+00:00\" \/>\n<meta property=\"og:image\" content=\"https:\/\/galli.ch\/wp-content\/uploads\/watch-collection-hydroconquest-l3-781-4-05-2-1687195827.png\" \/>\n\t<meta property=\"og:image:width\" content=\"1000\" \/>\n\t<meta property=\"og:image:height\" content=\"1400\" \/>\n\t<meta property=\"og:image:type\" content=\"image\/png\" \/>\n<meta name=\"twitter:card\" content=\"summary_large_image\" \/>\n<script type=\"application\/ld+json\" class=\"yoast-schema-graph\">{\"@context\":\"https:\/\/schema.org\",\"@graph\":[{\"@type\":\"WebPage\",\"@id\":\"https:\/\/galli.ch\/uhren\/longines\/diving\/hydroconquest-l3-781-4-05-2\/\",\"url\":\"https:\/\/galli.ch\/uhren\/longines\/diving\/hydroconquest-l3-781-4-05-2\/\",\"name\":\"Longines Hydroconquest 41 - Galli Uhren Bijouterie\",\"isPartOf\":{\"@id\":\"http:\/\/galli.ch\/en\/#website\"},\"primaryImageOfPage\":{\"@id\":\"https:\/\/galli.ch\/uhren\/longines\/diving\/hydroconquest-l3-781-4-05-2\/#primaryimage\"},\"image\":{\"@id\":\"https:\/\/galli.ch\/uhren\/longines\/diving\/hydroconquest-l3-781-4-05-2\/#primaryimage\"},\"thumbnailUrl\":\"https:\/\/galli.ch\/wp-content\/uploads\/watch-collection-hydroconquest-l3-781-4-05-2-1687195827.png\",\"datePublished\":\"2023-07-21T18:48:05+00:00\",\"dateModified\":\"2026-04-20T16:11:41+00:00\",\"breadcrumb\":{\"@id\":\"https:\/\/galli.ch\/uhren\/longines\/diving\/hydroconquest-l3-781-4-05-2\/#breadcrumb\"},\"inLanguage\":\"en-US\",\"potentialAction\":[{\"@type\":\"ReadAction\",\"target\":[\"https:\/\/galli.ch\/uhren\/longines\/diving\/hydroconquest-l3-781-4-05-2\/\"]}]},{\"@type\":\"ImageObject\",\"inLanguage\":\"en-US\",\"@id\":\"https:\/\/galli.ch\/uhren\/longines\/diving\/hydroconquest-l3-781-4-05-2\/#primaryimage\",\"url\":\"https:\/\/galli.ch\/wp-content\/uploads\/watch-collection-hydroconquest-l3-781-4-05-2-1687195827.png\",\"contentUrl\":\"https:\/\/galli.ch\/wp-content\/uploads\/watch-collection-hydroconquest-l3-781-4-05-2-1687195827.png\",\"width\":1000,\"height\":1400,\"caption\":\"longines-HYDROCONQUEST-41mm-zurich\"},{\"@type\":\"BreadcrumbList\",\"@id\":\"https:\/\/galli.ch\/uhren\/longines\/diving\/hydroconquest-l3-781-4-05-2\/#breadcrumb\",\"itemListElement\":[{\"@type\":\"ListItem\",\"position\":1,\"name\":\"Home\",\"item\":\"https:\/\/galli.ch\/en\/\"},{\"@type\":\"ListItem\",\"position\":2,\"name\":\"Uhren\",\"item\":\"https:\/\/galli.ch\/en\/uhren\/\"},{\"@type\":\"ListItem\",\"position\":3,\"name\":\"Hydroconquest 41\"}]},{\"@type\":\"WebSite\",\"@id\":\"http:\/\/galli.ch\/en\/#website\",\"url\":\"http:\/\/galli.ch\/en\/\",\"name\":\"Galli Uhren Bijouterie\",\"description\":\"\",\"potentialAction\":[{\"@type\":\"SearchAction\",\"target\":{\"@type\":\"EntryPoint\",\"urlTemplate\":\"http:\/\/galli.ch\/en\/?s={search_term_string}\"},\"query-input\":{\"@type\":\"PropertyValueSpecification\",\"valueRequired\":true,\"valueName\":\"search_term_string\"}}],\"inLanguage\":\"en-US\"}]}<\/script>\n<!-- \/ Yoast SEO plugin. -->","yoast_head_json":{"title":"Longines Hydroconquest 41 - Galli Uhren Bijouterie","robots":{"index":"index","follow":"follow","max-snippet":"max-snippet:-1","max-image-preview":"max-image-preview:large","max-video-preview":"max-video-preview:-1"},"canonical":"https:\/\/galli.ch\/uhren\/longines\/diving\/hydroconquest-l3-781-4-05-2\/","og_locale":"en_US","og_type":"article","og_title":"Longines Hydroconquest 41 - Galli Uhren Bijouterie","og_description":"Eine farbenfrohe Glanzleistung in der Welt des Tauchens. Die seit 1832 in Saint-Imier ans\u00e4ssige Schweizer Uhrenmarke Longines kann auf eine lange Tradition zur\u00fcckblicken, die von der Eleganz und der Leistungsst\u00e4rke ihrer Produkte gepr\u00e4gt ist. Diese Werte kennzeichnen auch die Longines Sport Collection, deren Linie HydroConquest sich an all jene richtet, die einen sportlichen Zeitmesser suchen,... Weiter &raquo;","og_url":"https:\/\/galli.ch\/uhren\/longines\/diving\/hydroconquest-l3-781-4-05-2\/","og_site_name":"Galli Uhren Bijouterie","article_modified_time":"2026-04-20T16:11:41+00:00","og_image":[{"width":1000,"height":1400,"url":"https:\/\/galli.ch\/wp-content\/uploads\/watch-collection-hydroconquest-l3-781-4-05-2-1687195827.png","type":"image\/png"}],"twitter_card":"summary_large_image","schema":{"@context":"https:\/\/schema.org","@graph":[{"@type":"WebPage","@id":"https:\/\/galli.ch\/uhren\/longines\/diving\/hydroconquest-l3-781-4-05-2\/","url":"https:\/\/galli.ch\/uhren\/longines\/diving\/hydroconquest-l3-781-4-05-2\/","name":"Longines Hydroconquest 41 - Galli Uhren Bijouterie","isPartOf":{"@id":"http:\/\/galli.ch\/en\/#website"},"primaryImageOfPage":{"@id":"https:\/\/galli.ch\/uhren\/longines\/diving\/hydroconquest-l3-781-4-05-2\/#primaryimage"},"image":{"@id":"https:\/\/galli.ch\/uhren\/longines\/diving\/hydroconquest-l3-781-4-05-2\/#primaryimage"},"thumbnailUrl":"https:\/\/galli.ch\/wp-content\/uploads\/watch-collection-hydroconquest-l3-781-4-05-2-1687195827.png","datePublished":"2023-07-21T18:48:05+00:00","dateModified":"2026-04-20T16:11:41+00:00","breadcrumb":{"@id":"https:\/\/galli.ch\/uhren\/longines\/diving\/hydroconquest-l3-781-4-05-2\/#breadcrumb"},"inLanguage":"en-US","potentialAction":[{"@type":"ReadAction","target":["https:\/\/galli.ch\/uhren\/longines\/diving\/hydroconquest-l3-781-4-05-2\/"]}]},{"@type":"ImageObject","inLanguage":"en-US","@id":"https:\/\/galli.ch\/uhren\/longines\/diving\/hydroconquest-l3-781-4-05-2\/#primaryimage","url":"https:\/\/galli.ch\/wp-content\/uploads\/watch-collection-hydroconquest-l3-781-4-05-2-1687195827.png","contentUrl":"https:\/\/galli.ch\/wp-content\/uploads\/watch-collection-hydroconquest-l3-781-4-05-2-1687195827.png","width":1000,"height":1400,"caption":"longines-HYDROCONQUEST-41mm-zurich"},{"@type":"BreadcrumbList","@id":"https:\/\/galli.ch\/uhren\/longines\/diving\/hydroconquest-l3-781-4-05-2\/#breadcrumb","itemListElement":[{"@type":"ListItem","position":1,"name":"Home","item":"https:\/\/galli.ch\/en\/"},{"@type":"ListItem","position":2,"name":"Uhren","item":"https:\/\/galli.ch\/en\/uhren\/"},{"@type":"ListItem","position":3,"name":"Hydroconquest 41"}]},{"@type":"WebSite","@id":"http:\/\/galli.ch\/en\/#website","url":"http:\/\/galli.ch\/en\/","name":"Galli Uhren Bijouterie","description":"","potentialAction":[{"@type":"SearchAction","target":{"@type":"EntryPoint","urlTemplate":"http:\/\/galli.ch\/en\/?s={search_term_string}"},"query-input":{"@type":"PropertyValueSpecification","valueRequired":true,"valueName":"search_term_string"}}],"inLanguage":"en-US"}]}},"_links":{"self":[{"href":"https:\/\/galli.ch\/en\/wp-json\/wp\/v2\/product\/19881","targetHints":{"allow":["GET"]}}],"collection":[{"href":"https:\/\/galli.ch\/en\/wp-json\/wp\/v2\/product"}],"about":[{"href":"https:\/\/galli.ch\/en\/wp-json\/wp\/v2\/types\/product"}],"wp:featuredmedia":[{"embeddable":true,"href":"https:\/\/galli.ch\/en\/wp-json\/wp\/v2\/media\/19670"}],"wp:attachment":[{"href":"https:\/\/galli.ch\/en\/wp-json\/wp\/v2\/media?parent=19881"}],"wp:term":[{"taxonomy":"product_brand","embeddable":true,"href":"https:\/\/galli.ch\/en\/wp-json\/wp\/v2\/product_brand?post=19881"},{"taxonomy":"product_cat","embeddable":true,"href":"https:\/\/galli.ch\/en\/wp-json\/wp\/v2\/product_cat?post=19881"},{"taxonomy":"product_tag","embeddable":true,"href":"https:\/\/galli.ch\/en\/wp-json\/wp\/v2\/product_tag?post=19881"}],"curies":[{"name":"wp","href":"https:\/\/api.w.org\/{rel}","templated":true}]}}