{"id":20083,"date":"2023-08-02T20:23:52","date_gmt":"2023-08-02T18:23:52","guid":{"rendered":"https:\/\/galli.ch\/?post_type=product&#038;p=20083"},"modified":"2026-04-20T18:11:31","modified_gmt":"2026-04-20T16:11:31","slug":"hydroconquest-32mm-l3-370-4-96-6","status":"publish","type":"product","link":"https:\/\/galli.ch\/en\/uhren\/longines\/diving\/hydroconquest-32mm-l3-370-4-96-6\/","title":{"rendered":"Longines Hydroconquest 32"},"content":{"rendered":"<p>Die seit 1832 in Saint-Imier ans\u00e4ssige Schweizer Uhrenmarke Longines kann auf eine lange Tradition zur\u00fcckblicken, die von der Eleganz und der Leistungsst\u00e4rke ihrer Produkte gepr\u00e4gt ist. Diese Werte kennzeichnen auch die Longines Sport Collection, deren Linie HydroConquest sich an all jene richtet, die einen sportlichen Zeitmesser suchen, der technische Perfektion mit Eleganz verbindet.<\/p>\n","protected":false},"excerpt":{"rendered":"<p>Die seit 1832 in Saint-Imier ans\u00e4ssige Schweizer Uhrenmarke Longines kann auf eine lange Tradition zur\u00fcckblicken, die von der Eleganz und der Leistungsst\u00e4rke ihrer Produkte gepr\u00e4gt ist. Diese Werte kennzeichnen auch die Longines Sport Collection, deren Linie HydroConquest sich an all jene richtet, die einen sportlichen Zeitmesser suchen, der technische Perfektion mit Eleganz verbindet.<\/p>\n","protected":false},"featured_media":19832,"template":"","meta":{"_acf_changed":false,"inline_featured_image":false},"product_brand":[],"product_cat":[188],"product_tag":[],"class_list":{"0":"post-20083","1":"product","2":"type-product","3":"status-publish","4":"has-post-thumbnail","6":"uhrenhersteller-longines","7":"uhrenhersteller-diving","8":"product_cat-uhren","10":"first","11":"instock","12":"taxable","13":"shipping-taxable","14":"purchasable","15":"product-type-simple"},"acf":[],"yoast_head":"<!-- This site is optimized with the Yoast SEO plugin v25.5 - https:\/\/yoast.com\/wordpress\/plugins\/seo\/ -->\n<title>Longines Hydroconquest 32 - Galli Uhren Bijouterie<\/title>\n<meta name=\"robots\" content=\"index, follow, max-snippet:-1, max-image-preview:large, max-video-preview:-1\" \/>\n<link rel=\"canonical\" href=\"https:\/\/galli.ch\/uhren\/longines\/diving\/hydroconquest-32mm-l3-370-4-96-6\/\" \/>\n<meta property=\"og:locale\" content=\"en_US\" \/>\n<meta property=\"og:type\" content=\"article\" \/>\n<meta property=\"og:title\" content=\"Longines Hydroconquest 32 - Galli Uhren Bijouterie\" \/>\n<meta property=\"og:description\" content=\"Die seit 1832 in Saint-Imier ans\u00e4ssige Schweizer Uhrenmarke Longines kann auf eine lange Tradition zur\u00fcckblicken, die von der Eleganz und der Leistungsst\u00e4rke ihrer Produkte gepr\u00e4gt ist. Diese Werte kennzeichnen auch die Longines Sport Collection, deren Linie HydroConquest sich an all jene richtet, die einen sportlichen Zeitmesser suchen, der technische Perfektion mit Eleganz verbindet.\" \/>\n<meta property=\"og:url\" content=\"https:\/\/galli.ch\/uhren\/longines\/diving\/hydroconquest-32mm-l3-370-4-96-6\/\" \/>\n<meta property=\"og:site_name\" content=\"Galli Uhren Bijouterie\" \/>\n<meta property=\"article:modified_time\" content=\"2026-04-20T16:11:31+00:00\" \/>\n<meta property=\"og:image\" content=\"https:\/\/galli.ch\/wp-content\/uploads\/watch-collection-hydroconquest-l3-370-4-96-6-1689323436.png\" \/>\n\t<meta property=\"og:image:width\" content=\"1000\" \/>\n\t<meta property=\"og:image:height\" content=\"1400\" \/>\n\t<meta property=\"og:image:type\" content=\"image\/png\" \/>\n<meta name=\"twitter:card\" content=\"summary_large_image\" \/>\n<script type=\"application\/ld+json\" class=\"yoast-schema-graph\">{\"@context\":\"https:\/\/schema.org\",\"@graph\":[{\"@type\":\"WebPage\",\"@id\":\"https:\/\/galli.ch\/uhren\/longines\/diving\/hydroconquest-32mm-l3-370-4-96-6\/\",\"url\":\"https:\/\/galli.ch\/uhren\/longines\/diving\/hydroconquest-32mm-l3-370-4-96-6\/\",\"name\":\"Longines Hydroconquest 32 - Galli Uhren Bijouterie\",\"isPartOf\":{\"@id\":\"http:\/\/galli.ch\/en\/#website\"},\"primaryImageOfPage\":{\"@id\":\"https:\/\/galli.ch\/uhren\/longines\/diving\/hydroconquest-32mm-l3-370-4-96-6\/#primaryimage\"},\"image\":{\"@id\":\"https:\/\/galli.ch\/uhren\/longines\/diving\/hydroconquest-32mm-l3-370-4-96-6\/#primaryimage\"},\"thumbnailUrl\":\"https:\/\/galli.ch\/wp-content\/uploads\/watch-collection-hydroconquest-l3-370-4-96-6-1689323436.png\",\"datePublished\":\"2023-08-02T18:23:52+00:00\",\"dateModified\":\"2026-04-20T16:11:31+00:00\",\"breadcrumb\":{\"@id\":\"https:\/\/galli.ch\/uhren\/longines\/diving\/hydroconquest-32mm-l3-370-4-96-6\/#breadcrumb\"},\"inLanguage\":\"en-US\",\"potentialAction\":[{\"@type\":\"ReadAction\",\"target\":[\"https:\/\/galli.ch\/uhren\/longines\/diving\/hydroconquest-32mm-l3-370-4-96-6\/\"]}]},{\"@type\":\"ImageObject\",\"inLanguage\":\"en-US\",\"@id\":\"https:\/\/galli.ch\/uhren\/longines\/diving\/hydroconquest-32mm-l3-370-4-96-6\/#primaryimage\",\"url\":\"https:\/\/galli.ch\/wp-content\/uploads\/watch-collection-hydroconquest-l3-370-4-96-6-1689323436.png\",\"contentUrl\":\"https:\/\/galli.ch\/wp-content\/uploads\/watch-collection-hydroconquest-l3-370-4-96-6-1689323436.png\",\"width\":1000,\"height\":1400,\"caption\":\"longines-HYDROCONQUEST-32mm-zurich\"},{\"@type\":\"BreadcrumbList\",\"@id\":\"https:\/\/galli.ch\/uhren\/longines\/diving\/hydroconquest-32mm-l3-370-4-96-6\/#breadcrumb\",\"itemListElement\":[{\"@type\":\"ListItem\",\"position\":1,\"name\":\"Home\",\"item\":\"https:\/\/galli.ch\/en\/\"},{\"@type\":\"ListItem\",\"position\":2,\"name\":\"Uhren\",\"item\":\"https:\/\/galli.ch\/en\/uhren\/\"},{\"@type\":\"ListItem\",\"position\":3,\"name\":\"Hydroconquest 32\"}]},{\"@type\":\"WebSite\",\"@id\":\"http:\/\/galli.ch\/en\/#website\",\"url\":\"http:\/\/galli.ch\/en\/\",\"name\":\"Galli Uhren Bijouterie\",\"description\":\"\",\"potentialAction\":[{\"@type\":\"SearchAction\",\"target\":{\"@type\":\"EntryPoint\",\"urlTemplate\":\"http:\/\/galli.ch\/en\/?s={search_term_string}\"},\"query-input\":{\"@type\":\"PropertyValueSpecification\",\"valueRequired\":true,\"valueName\":\"search_term_string\"}}],\"inLanguage\":\"en-US\"}]}<\/script>\n<!-- \/ Yoast SEO plugin. -->","yoast_head_json":{"title":"Longines Hydroconquest 32 - Galli Uhren Bijouterie","robots":{"index":"index","follow":"follow","max-snippet":"max-snippet:-1","max-image-preview":"max-image-preview:large","max-video-preview":"max-video-preview:-1"},"canonical":"https:\/\/galli.ch\/uhren\/longines\/diving\/hydroconquest-32mm-l3-370-4-96-6\/","og_locale":"en_US","og_type":"article","og_title":"Longines Hydroconquest 32 - Galli Uhren Bijouterie","og_description":"Die seit 1832 in Saint-Imier ans\u00e4ssige Schweizer Uhrenmarke Longines kann auf eine lange Tradition zur\u00fcckblicken, die von der Eleganz und der Leistungsst\u00e4rke ihrer Produkte gepr\u00e4gt ist. Diese Werte kennzeichnen auch die Longines Sport Collection, deren Linie HydroConquest sich an all jene richtet, die einen sportlichen Zeitmesser suchen, der technische Perfektion mit Eleganz verbindet.","og_url":"https:\/\/galli.ch\/uhren\/longines\/diving\/hydroconquest-32mm-l3-370-4-96-6\/","og_site_name":"Galli Uhren Bijouterie","article_modified_time":"2026-04-20T16:11:31+00:00","og_image":[{"width":1000,"height":1400,"url":"https:\/\/galli.ch\/wp-content\/uploads\/watch-collection-hydroconquest-l3-370-4-96-6-1689323436.png","type":"image\/png"}],"twitter_card":"summary_large_image","schema":{"@context":"https:\/\/schema.org","@graph":[{"@type":"WebPage","@id":"https:\/\/galli.ch\/uhren\/longines\/diving\/hydroconquest-32mm-l3-370-4-96-6\/","url":"https:\/\/galli.ch\/uhren\/longines\/diving\/hydroconquest-32mm-l3-370-4-96-6\/","name":"Longines Hydroconquest 32 - Galli Uhren Bijouterie","isPartOf":{"@id":"http:\/\/galli.ch\/en\/#website"},"primaryImageOfPage":{"@id":"https:\/\/galli.ch\/uhren\/longines\/diving\/hydroconquest-32mm-l3-370-4-96-6\/#primaryimage"},"image":{"@id":"https:\/\/galli.ch\/uhren\/longines\/diving\/hydroconquest-32mm-l3-370-4-96-6\/#primaryimage"},"thumbnailUrl":"https:\/\/galli.ch\/wp-content\/uploads\/watch-collection-hydroconquest-l3-370-4-96-6-1689323436.png","datePublished":"2023-08-02T18:23:52+00:00","dateModified":"2026-04-20T16:11:31+00:00","breadcrumb":{"@id":"https:\/\/galli.ch\/uhren\/longines\/diving\/hydroconquest-32mm-l3-370-4-96-6\/#breadcrumb"},"inLanguage":"en-US","potentialAction":[{"@type":"ReadAction","target":["https:\/\/galli.ch\/uhren\/longines\/diving\/hydroconquest-32mm-l3-370-4-96-6\/"]}]},{"@type":"ImageObject","inLanguage":"en-US","@id":"https:\/\/galli.ch\/uhren\/longines\/diving\/hydroconquest-32mm-l3-370-4-96-6\/#primaryimage","url":"https:\/\/galli.ch\/wp-content\/uploads\/watch-collection-hydroconquest-l3-370-4-96-6-1689323436.png","contentUrl":"https:\/\/galli.ch\/wp-content\/uploads\/watch-collection-hydroconquest-l3-370-4-96-6-1689323436.png","width":1000,"height":1400,"caption":"longines-HYDROCONQUEST-32mm-zurich"},{"@type":"BreadcrumbList","@id":"https:\/\/galli.ch\/uhren\/longines\/diving\/hydroconquest-32mm-l3-370-4-96-6\/#breadcrumb","itemListElement":[{"@type":"ListItem","position":1,"name":"Home","item":"https:\/\/galli.ch\/en\/"},{"@type":"ListItem","position":2,"name":"Uhren","item":"https:\/\/galli.ch\/en\/uhren\/"},{"@type":"ListItem","position":3,"name":"Hydroconquest 32"}]},{"@type":"WebSite","@id":"http:\/\/galli.ch\/en\/#website","url":"http:\/\/galli.ch\/en\/","name":"Galli Uhren Bijouterie","description":"","potentialAction":[{"@type":"SearchAction","target":{"@type":"EntryPoint","urlTemplate":"http:\/\/galli.ch\/en\/?s={search_term_string}"},"query-input":{"@type":"PropertyValueSpecification","valueRequired":true,"valueName":"search_term_string"}}],"inLanguage":"en-US"}]}},"_links":{"self":[{"href":"https:\/\/galli.ch\/en\/wp-json\/wp\/v2\/product\/20083","targetHints":{"allow":["GET"]}}],"collection":[{"href":"https:\/\/galli.ch\/en\/wp-json\/wp\/v2\/product"}],"about":[{"href":"https:\/\/galli.ch\/en\/wp-json\/wp\/v2\/types\/product"}],"wp:featuredmedia":[{"embeddable":true,"href":"https:\/\/galli.ch\/en\/wp-json\/wp\/v2\/media\/19832"}],"wp:attachment":[{"href":"https:\/\/galli.ch\/en\/wp-json\/wp\/v2\/media?parent=20083"}],"wp:term":[{"taxonomy":"product_brand","embeddable":true,"href":"https:\/\/galli.ch\/en\/wp-json\/wp\/v2\/product_brand?post=20083"},{"taxonomy":"product_cat","embeddable":true,"href":"https:\/\/galli.ch\/en\/wp-json\/wp\/v2\/product_cat?post=20083"},{"taxonomy":"product_tag","embeddable":true,"href":"https:\/\/galli.ch\/en\/wp-json\/wp\/v2\/product_tag?post=20083"}],"curies":[{"name":"wp","href":"https:\/\/api.w.org\/{rel}","templated":true}]}}