{"id":2009,"date":"2018-07-31T02:29:58","date_gmt":"2018-07-31T02:29:58","guid":{"rendered":"http:\/\/galli.ch\/?post_type=uhren&#038;p=2009"},"modified":"2026-04-20T18:17:49","modified_gmt":"2026-04-20T16:17:49","slug":"aqua-terra-150m-master-chronometer-41-220-23-41-21-02-001","status":"publish","type":"product","link":"https:\/\/galli.ch\/en\/uhren\/omega\/seamaster\/aqua-terra-150m-master-chronometer-41-220-23-41-21-02-001\/","title":{"rendered":"Omega Aqua Terra 150M Master Chronometer 41"},"content":{"rendered":"<p>Die Seamaster Aqua Terra ist ein Tribut an OMEGAs grosses maritimes Erbe. Das symmetrische Geh\u00e4use dieses 41-mm-Modells besteht aus 18 K Sedna\u2122-Gold und Edelstahl und ist auf der R\u00fcckseite mit einem Wellendekor versehen.<\/p>\n<p>Das silberfarbene Zifferblatt zeichnet sich durch ein horizontales \u201eTeak\u201c-Dekor aus, das sich an den h\u00f6lzernen Deckplanken von Luxus-Segeljachten inspiriert. Das Zifferblatt verf\u00fcgt ausserdem \u00fcber ein Datumsfenster bei 6 Uhr und die Zeiger und Indizes aus 18 K Sedna\u2122-Gold sind mit weisser Super-LumiNova gef\u00fcllt.<\/p>\n<p>Der Zeitmesser wird von einem braunen Lederarmband am Handgelenk gehalten und von dem OMEGA Master Chronometer Kaliber 8900 angetrieben, das vom Eidgen\u00f6ssischen Institut f\u00fcr Metrologie (METAS) zertifiziert wurde und h\u00f6chsten Branchenstandards entspricht.<\/p>\n","protected":false},"excerpt":{"rendered":"<p>Die Seamaster Aqua Terra ist ein Tribut an OMEGAs grosses maritimes Erbe. Das symmetrische Geh\u00e4use dieses 41-mm-Modells besteht aus 18 K Sedna\u2122-Gold und Edelstahl und ist auf der R\u00fcckseite mit einem Wellendekor versehen. Das silberfarbene Zifferblatt zeichnet sich durch ein horizontales \u201eTeak\u201c-Dekor aus, das sich an den h\u00f6lzernen Deckplanken von Luxus-Segeljachten inspiriert. Das Zifferblatt verf\u00fcgt&#8230;  <a class=\"excerpt-read-more\" href=\"https:\/\/galli.ch\/en\/uhren\/omega\/seamaster\/aqua-terra-150m-master-chronometer-41-220-23-41-21-02-001\/\" title=\"Read Omega Aqua Terra 150M Master Chronometer 41\">Weiter &raquo;<\/a><\/p>\n","protected":false},"featured_media":3289,"template":"","meta":{"_acf_changed":false,"inline_featured_image":false},"product_brand":[],"product_cat":[188],"product_tag":[],"class_list":{"0":"post-2009","1":"product","2":"type-product","3":"status-publish","4":"has-post-thumbnail","6":"uhrenhersteller-omega","7":"uhrenhersteller-seamaster","8":"product_cat-uhren","10":"first","11":"outofstock","12":"taxable","13":"shipping-taxable","14":"purchasable","15":"product-type-simple"},"acf":[],"yoast_head":"<!-- This site is optimized with the Yoast SEO plugin v25.5 - https:\/\/yoast.com\/wordpress\/plugins\/seo\/ -->\n<title>Omega Aqua Terra 150M Master Chronometer 41 - Galli Uhren Bijouterie<\/title>\n<meta name=\"robots\" content=\"index, follow, max-snippet:-1, max-image-preview:large, max-video-preview:-1\" \/>\n<link rel=\"canonical\" href=\"https:\/\/galli.ch\/uhren\/omega\/seamaster\/aqua-terra-150m-master-chronometer-41-220-23-41-21-02-001\/\" \/>\n<meta property=\"og:locale\" content=\"en_US\" \/>\n<meta property=\"og:type\" content=\"article\" \/>\n<meta property=\"og:title\" content=\"Omega Aqua Terra 150M Master Chronometer 41 - Galli Uhren Bijouterie\" \/>\n<meta property=\"og:description\" content=\"Die Seamaster Aqua Terra ist ein Tribut an OMEGAs grosses maritimes Erbe. Das symmetrische Geh\u00e4use dieses 41-mm-Modells besteht aus 18 K Sedna\u2122-Gold und Edelstahl und ist auf der R\u00fcckseite mit einem Wellendekor versehen. Das silberfarbene Zifferblatt zeichnet sich durch ein horizontales \u201eTeak\u201c-Dekor aus, das sich an den h\u00f6lzernen Deckplanken von Luxus-Segeljachten inspiriert. Das Zifferblatt verf\u00fcgt... Weiter &raquo;\" \/>\n<meta property=\"og:url\" content=\"https:\/\/galli.ch\/uhren\/omega\/seamaster\/aqua-terra-150m-master-chronometer-41-220-23-41-21-02-001\/\" \/>\n<meta property=\"og:site_name\" content=\"Galli Uhren Bijouterie\" \/>\n<meta property=\"article:modified_time\" content=\"2026-04-20T16:17:49+00:00\" \/>\n<meta property=\"og:image\" content=\"https:\/\/galli.ch\/wp-content\/uploads\/220-23-41-21-02-001-1.png\" \/>\n\t<meta property=\"og:image:width\" content=\"1000\" \/>\n\t<meta property=\"og:image:height\" content=\"1400\" \/>\n\t<meta property=\"og:image:type\" content=\"image\/png\" \/>\n<meta name=\"twitter:card\" content=\"summary_large_image\" \/>\n<script type=\"application\/ld+json\" class=\"yoast-schema-graph\">{\"@context\":\"https:\/\/schema.org\",\"@graph\":[{\"@type\":\"WebPage\",\"@id\":\"https:\/\/galli.ch\/uhren\/omega\/seamaster\/aqua-terra-150m-master-chronometer-41-220-23-41-21-02-001\/\",\"url\":\"https:\/\/galli.ch\/uhren\/omega\/seamaster\/aqua-terra-150m-master-chronometer-41-220-23-41-21-02-001\/\",\"name\":\"Omega Aqua Terra 150M Master Chronometer 41 - Galli Uhren Bijouterie\",\"isPartOf\":{\"@id\":\"http:\/\/galli.ch\/en\/#website\"},\"primaryImageOfPage\":{\"@id\":\"https:\/\/galli.ch\/uhren\/omega\/seamaster\/aqua-terra-150m-master-chronometer-41-220-23-41-21-02-001\/#primaryimage\"},\"image\":{\"@id\":\"https:\/\/galli.ch\/uhren\/omega\/seamaster\/aqua-terra-150m-master-chronometer-41-220-23-41-21-02-001\/#primaryimage\"},\"thumbnailUrl\":\"https:\/\/galli.ch\/wp-content\/uploads\/220-23-41-21-02-001-1.png\",\"datePublished\":\"2018-07-31T02:29:58+00:00\",\"dateModified\":\"2026-04-20T16:17:49+00:00\",\"breadcrumb\":{\"@id\":\"https:\/\/galli.ch\/uhren\/omega\/seamaster\/aqua-terra-150m-master-chronometer-41-220-23-41-21-02-001\/#breadcrumb\"},\"inLanguage\":\"en-US\",\"potentialAction\":[{\"@type\":\"ReadAction\",\"target\":[\"https:\/\/galli.ch\/uhren\/omega\/seamaster\/aqua-terra-150m-master-chronometer-41-220-23-41-21-02-001\/\"]}]},{\"@type\":\"ImageObject\",\"inLanguage\":\"en-US\",\"@id\":\"https:\/\/galli.ch\/uhren\/omega\/seamaster\/aqua-terra-150m-master-chronometer-41-220-23-41-21-02-001\/#primaryimage\",\"url\":\"https:\/\/galli.ch\/wp-content\/uploads\/220-23-41-21-02-001-1.png\",\"contentUrl\":\"https:\/\/galli.ch\/wp-content\/uploads\/220-23-41-21-02-001-1.png\",\"width\":1000,\"height\":1400,\"caption\":\"Omega Seamaster\"},{\"@type\":\"BreadcrumbList\",\"@id\":\"https:\/\/galli.ch\/uhren\/omega\/seamaster\/aqua-terra-150m-master-chronometer-41-220-23-41-21-02-001\/#breadcrumb\",\"itemListElement\":[{\"@type\":\"ListItem\",\"position\":1,\"name\":\"Home\",\"item\":\"https:\/\/galli.ch\/en\/\"},{\"@type\":\"ListItem\",\"position\":2,\"name\":\"Uhren\",\"item\":\"https:\/\/galli.ch\/en\/uhren\/\"},{\"@type\":\"ListItem\",\"position\":3,\"name\":\"Omega Aqua Terra 150M Master Chronometer 41\"}]},{\"@type\":\"WebSite\",\"@id\":\"http:\/\/galli.ch\/en\/#website\",\"url\":\"http:\/\/galli.ch\/en\/\",\"name\":\"Galli Uhren Bijouterie\",\"description\":\"\",\"potentialAction\":[{\"@type\":\"SearchAction\",\"target\":{\"@type\":\"EntryPoint\",\"urlTemplate\":\"http:\/\/galli.ch\/en\/?s={search_term_string}\"},\"query-input\":{\"@type\":\"PropertyValueSpecification\",\"valueRequired\":true,\"valueName\":\"search_term_string\"}}],\"inLanguage\":\"en-US\"}]}<\/script>\n<!-- \/ Yoast SEO plugin. -->","yoast_head_json":{"title":"Omega Aqua Terra 150M Master Chronometer 41 - Galli Uhren Bijouterie","robots":{"index":"index","follow":"follow","max-snippet":"max-snippet:-1","max-image-preview":"max-image-preview:large","max-video-preview":"max-video-preview:-1"},"canonical":"https:\/\/galli.ch\/uhren\/omega\/seamaster\/aqua-terra-150m-master-chronometer-41-220-23-41-21-02-001\/","og_locale":"en_US","og_type":"article","og_title":"Omega Aqua Terra 150M Master Chronometer 41 - Galli Uhren Bijouterie","og_description":"Die Seamaster Aqua Terra ist ein Tribut an OMEGAs grosses maritimes Erbe. Das symmetrische Geh\u00e4use dieses 41-mm-Modells besteht aus 18 K Sedna\u2122-Gold und Edelstahl und ist auf der R\u00fcckseite mit einem Wellendekor versehen. Das silberfarbene Zifferblatt zeichnet sich durch ein horizontales \u201eTeak\u201c-Dekor aus, das sich an den h\u00f6lzernen Deckplanken von Luxus-Segeljachten inspiriert. Das Zifferblatt verf\u00fcgt... Weiter &raquo;","og_url":"https:\/\/galli.ch\/uhren\/omega\/seamaster\/aqua-terra-150m-master-chronometer-41-220-23-41-21-02-001\/","og_site_name":"Galli Uhren Bijouterie","article_modified_time":"2026-04-20T16:17:49+00:00","og_image":[{"width":1000,"height":1400,"url":"https:\/\/galli.ch\/wp-content\/uploads\/220-23-41-21-02-001-1.png","type":"image\/png"}],"twitter_card":"summary_large_image","schema":{"@context":"https:\/\/schema.org","@graph":[{"@type":"WebPage","@id":"https:\/\/galli.ch\/uhren\/omega\/seamaster\/aqua-terra-150m-master-chronometer-41-220-23-41-21-02-001\/","url":"https:\/\/galli.ch\/uhren\/omega\/seamaster\/aqua-terra-150m-master-chronometer-41-220-23-41-21-02-001\/","name":"Omega Aqua Terra 150M Master Chronometer 41 - Galli Uhren Bijouterie","isPartOf":{"@id":"http:\/\/galli.ch\/en\/#website"},"primaryImageOfPage":{"@id":"https:\/\/galli.ch\/uhren\/omega\/seamaster\/aqua-terra-150m-master-chronometer-41-220-23-41-21-02-001\/#primaryimage"},"image":{"@id":"https:\/\/galli.ch\/uhren\/omega\/seamaster\/aqua-terra-150m-master-chronometer-41-220-23-41-21-02-001\/#primaryimage"},"thumbnailUrl":"https:\/\/galli.ch\/wp-content\/uploads\/220-23-41-21-02-001-1.png","datePublished":"2018-07-31T02:29:58+00:00","dateModified":"2026-04-20T16:17:49+00:00","breadcrumb":{"@id":"https:\/\/galli.ch\/uhren\/omega\/seamaster\/aqua-terra-150m-master-chronometer-41-220-23-41-21-02-001\/#breadcrumb"},"inLanguage":"en-US","potentialAction":[{"@type":"ReadAction","target":["https:\/\/galli.ch\/uhren\/omega\/seamaster\/aqua-terra-150m-master-chronometer-41-220-23-41-21-02-001\/"]}]},{"@type":"ImageObject","inLanguage":"en-US","@id":"https:\/\/galli.ch\/uhren\/omega\/seamaster\/aqua-terra-150m-master-chronometer-41-220-23-41-21-02-001\/#primaryimage","url":"https:\/\/galli.ch\/wp-content\/uploads\/220-23-41-21-02-001-1.png","contentUrl":"https:\/\/galli.ch\/wp-content\/uploads\/220-23-41-21-02-001-1.png","width":1000,"height":1400,"caption":"Omega Seamaster"},{"@type":"BreadcrumbList","@id":"https:\/\/galli.ch\/uhren\/omega\/seamaster\/aqua-terra-150m-master-chronometer-41-220-23-41-21-02-001\/#breadcrumb","itemListElement":[{"@type":"ListItem","position":1,"name":"Home","item":"https:\/\/galli.ch\/en\/"},{"@type":"ListItem","position":2,"name":"Uhren","item":"https:\/\/galli.ch\/en\/uhren\/"},{"@type":"ListItem","position":3,"name":"Omega Aqua Terra 150M Master Chronometer 41"}]},{"@type":"WebSite","@id":"http:\/\/galli.ch\/en\/#website","url":"http:\/\/galli.ch\/en\/","name":"Galli Uhren Bijouterie","description":"","potentialAction":[{"@type":"SearchAction","target":{"@type":"EntryPoint","urlTemplate":"http:\/\/galli.ch\/en\/?s={search_term_string}"},"query-input":{"@type":"PropertyValueSpecification","valueRequired":true,"valueName":"search_term_string"}}],"inLanguage":"en-US"}]}},"_links":{"self":[{"href":"https:\/\/galli.ch\/en\/wp-json\/wp\/v2\/product\/2009","targetHints":{"allow":["GET"]}}],"collection":[{"href":"https:\/\/galli.ch\/en\/wp-json\/wp\/v2\/product"}],"about":[{"href":"https:\/\/galli.ch\/en\/wp-json\/wp\/v2\/types\/product"}],"wp:featuredmedia":[{"embeddable":true,"href":"https:\/\/galli.ch\/en\/wp-json\/wp\/v2\/media\/3289"}],"wp:attachment":[{"href":"https:\/\/galli.ch\/en\/wp-json\/wp\/v2\/media?parent=2009"}],"wp:term":[{"taxonomy":"product_brand","embeddable":true,"href":"https:\/\/galli.ch\/en\/wp-json\/wp\/v2\/product_brand?post=2009"},{"taxonomy":"product_cat","embeddable":true,"href":"https:\/\/galli.ch\/en\/wp-json\/wp\/v2\/product_cat?post=2009"},{"taxonomy":"product_tag","embeddable":true,"href":"https:\/\/galli.ch\/en\/wp-json\/wp\/v2\/product_tag?post=2009"}],"curies":[{"name":"wp","href":"https:\/\/api.w.org\/{rel}","templated":true}]}}