{"id":2012,"date":"2018-07-31T02:30:19","date_gmt":"2018-07-31T02:30:19","guid":{"rendered":"http:\/\/galli.ch\/?post_type=uhren&#038;p=2012"},"modified":"2026-04-20T18:17:42","modified_gmt":"2026-04-20T16:17:42","slug":"aqua-terra-ladies-220-10-28-60-55-001-3","status":"publish","type":"product","link":"https:\/\/galli.ch\/en\/uhren\/omega\/seamaster\/aqua-terra-ladies-220-10-28-60-55-001-3\/","title":{"rendered":"Omega Aqua Terra 150M Quartz 28"},"content":{"rendered":"<p>Die Seamaster Aqua Terra f\u00fcr Damen ist von Diamanten umgeben und ein wahrer Ausdruck von Eleganz.<\/p>\n<p>Dieses Modell mit einem symmetrischen 28-mm-Geh\u00e4use aus Edelstahl verf\u00fcgt \u00fcber ein wei\u00dfes Perlmuttzifferblatt und 12 diamantbesetzte Indizes in rhodinierten Fassungen. Die Zeiger sind ebenfalls rhodiniert und der Geh\u00e4useboden ist mit dem OMEGA Seepferdchen auf einem gewellten Untergrund versehen.<\/p>\n<p>Die Uhr wird von einem integrierten Edelstahlarmband am Handgelenk gehalten und von dem OMEGA Kaliber 4061 angetrieben.<\/p>\n","protected":false},"excerpt":{"rendered":"<p>Die Seamaster Aqua Terra f\u00fcr Damen ist von Diamanten umgeben und ein wahrer Ausdruck von Eleganz. Dieses Modell mit einem symmetrischen 28-mm-Geh\u00e4use aus Edelstahl verf\u00fcgt \u00fcber ein wei\u00dfes Perlmuttzifferblatt und 12 diamantbesetzte Indizes in rhodinierten Fassungen. Die Zeiger sind ebenfalls rhodiniert und der Geh\u00e4useboden ist mit dem OMEGA Seepferdchen auf einem gewellten Untergrund versehen. Die&#8230;  <a class=\"excerpt-read-more\" href=\"https:\/\/galli.ch\/en\/uhren\/omega\/seamaster\/aqua-terra-ladies-220-10-28-60-55-001-3\/\" title=\"Read Omega Aqua Terra 150M Quartz 28\">Weiter &raquo;<\/a><\/p>\n","protected":false},"featured_media":1991,"template":"","meta":{"_acf_changed":false,"inline_featured_image":false},"product_brand":[],"product_cat":[188],"product_tag":[],"class_list":{"0":"post-2012","1":"product","2":"type-product","3":"status-publish","4":"has-post-thumbnail","6":"uhrenhersteller-omega","7":"uhrenhersteller-seamaster","8":"product_cat-uhren","10":"first","11":"outofstock","12":"taxable","13":"shipping-taxable","14":"purchasable","15":"product-type-simple"},"acf":[],"yoast_head":"<!-- This site is optimized with the Yoast SEO plugin v25.5 - https:\/\/yoast.com\/wordpress\/plugins\/seo\/ -->\n<title>Omega Aqua Terra 150M Quartz 28 - Galli Uhren Bijouterie<\/title>\n<meta name=\"robots\" content=\"index, follow, max-snippet:-1, max-image-preview:large, max-video-preview:-1\" \/>\n<link rel=\"canonical\" href=\"https:\/\/galli.ch\/uhren\/omega\/seamaster\/aqua-terra-ladies-220-10-28-60-55-001-3\/\" \/>\n<meta property=\"og:locale\" content=\"en_US\" \/>\n<meta property=\"og:type\" content=\"article\" \/>\n<meta property=\"og:title\" content=\"Omega Aqua Terra 150M Quartz 28 - Galli Uhren Bijouterie\" \/>\n<meta property=\"og:description\" content=\"Die Seamaster Aqua Terra f\u00fcr Damen ist von Diamanten umgeben und ein wahrer Ausdruck von Eleganz. Dieses Modell mit einem symmetrischen 28-mm-Geh\u00e4use aus Edelstahl verf\u00fcgt \u00fcber ein wei\u00dfes Perlmuttzifferblatt und 12 diamantbesetzte Indizes in rhodinierten Fassungen. Die Zeiger sind ebenfalls rhodiniert und der Geh\u00e4useboden ist mit dem OMEGA Seepferdchen auf einem gewellten Untergrund versehen. Die... Weiter &raquo;\" \/>\n<meta property=\"og:url\" content=\"https:\/\/galli.ch\/uhren\/omega\/seamaster\/aqua-terra-ladies-220-10-28-60-55-001-3\/\" \/>\n<meta property=\"og:site_name\" content=\"Galli Uhren Bijouterie\" \/>\n<meta property=\"article:modified_time\" content=\"2026-04-20T16:17:42+00:00\" \/>\n<meta property=\"og:image\" content=\"https:\/\/galli.ch\/wp-content\/uploads\/220-10-28-60-55-001.png\" \/>\n\t<meta property=\"og:image:width\" content=\"1000\" \/>\n\t<meta property=\"og:image:height\" content=\"1400\" \/>\n\t<meta property=\"og:image:type\" content=\"image\/png\" \/>\n<meta name=\"twitter:card\" content=\"summary_large_image\" \/>\n<script type=\"application\/ld+json\" class=\"yoast-schema-graph\">{\"@context\":\"https:\/\/schema.org\",\"@graph\":[{\"@type\":\"WebPage\",\"@id\":\"https:\/\/galli.ch\/uhren\/omega\/seamaster\/aqua-terra-ladies-220-10-28-60-55-001-3\/\",\"url\":\"https:\/\/galli.ch\/uhren\/omega\/seamaster\/aqua-terra-ladies-220-10-28-60-55-001-3\/\",\"name\":\"Omega Aqua Terra 150M Quartz 28 - Galli Uhren Bijouterie\",\"isPartOf\":{\"@id\":\"http:\/\/galli.ch\/en\/#website\"},\"primaryImageOfPage\":{\"@id\":\"https:\/\/galli.ch\/uhren\/omega\/seamaster\/aqua-terra-ladies-220-10-28-60-55-001-3\/#primaryimage\"},\"image\":{\"@id\":\"https:\/\/galli.ch\/uhren\/omega\/seamaster\/aqua-terra-ladies-220-10-28-60-55-001-3\/#primaryimage\"},\"thumbnailUrl\":\"https:\/\/galli.ch\/wp-content\/uploads\/220-10-28-60-55-001.png\",\"datePublished\":\"2018-07-31T02:30:19+00:00\",\"dateModified\":\"2026-04-20T16:17:42+00:00\",\"breadcrumb\":{\"@id\":\"https:\/\/galli.ch\/uhren\/omega\/seamaster\/aqua-terra-ladies-220-10-28-60-55-001-3\/#breadcrumb\"},\"inLanguage\":\"en-US\",\"potentialAction\":[{\"@type\":\"ReadAction\",\"target\":[\"https:\/\/galli.ch\/uhren\/omega\/seamaster\/aqua-terra-ladies-220-10-28-60-55-001-3\/\"]}]},{\"@type\":\"ImageObject\",\"inLanguage\":\"en-US\",\"@id\":\"https:\/\/galli.ch\/uhren\/omega\/seamaster\/aqua-terra-ladies-220-10-28-60-55-001-3\/#primaryimage\",\"url\":\"https:\/\/galli.ch\/wp-content\/uploads\/220-10-28-60-55-001.png\",\"contentUrl\":\"https:\/\/galli.ch\/wp-content\/uploads\/220-10-28-60-55-001.png\",\"width\":1000,\"height\":1400,\"caption\":\"Omega Seamaster\"},{\"@type\":\"BreadcrumbList\",\"@id\":\"https:\/\/galli.ch\/uhren\/omega\/seamaster\/aqua-terra-ladies-220-10-28-60-55-001-3\/#breadcrumb\",\"itemListElement\":[{\"@type\":\"ListItem\",\"position\":1,\"name\":\"Home\",\"item\":\"https:\/\/galli.ch\/en\/\"},{\"@type\":\"ListItem\",\"position\":2,\"name\":\"Uhren\",\"item\":\"https:\/\/galli.ch\/en\/uhren\/\"},{\"@type\":\"ListItem\",\"position\":3,\"name\":\"Omega Aqua Terra 150M Quartz 28\"}]},{\"@type\":\"WebSite\",\"@id\":\"http:\/\/galli.ch\/en\/#website\",\"url\":\"http:\/\/galli.ch\/en\/\",\"name\":\"Galli Uhren Bijouterie\",\"description\":\"\",\"potentialAction\":[{\"@type\":\"SearchAction\",\"target\":{\"@type\":\"EntryPoint\",\"urlTemplate\":\"http:\/\/galli.ch\/en\/?s={search_term_string}\"},\"query-input\":{\"@type\":\"PropertyValueSpecification\",\"valueRequired\":true,\"valueName\":\"search_term_string\"}}],\"inLanguage\":\"en-US\"}]}<\/script>\n<!-- \/ Yoast SEO plugin. -->","yoast_head_json":{"title":"Omega Aqua Terra 150M Quartz 28 - Galli Uhren Bijouterie","robots":{"index":"index","follow":"follow","max-snippet":"max-snippet:-1","max-image-preview":"max-image-preview:large","max-video-preview":"max-video-preview:-1"},"canonical":"https:\/\/galli.ch\/uhren\/omega\/seamaster\/aqua-terra-ladies-220-10-28-60-55-001-3\/","og_locale":"en_US","og_type":"article","og_title":"Omega Aqua Terra 150M Quartz 28 - Galli Uhren Bijouterie","og_description":"Die Seamaster Aqua Terra f\u00fcr Damen ist von Diamanten umgeben und ein wahrer Ausdruck von Eleganz. Dieses Modell mit einem symmetrischen 28-mm-Geh\u00e4use aus Edelstahl verf\u00fcgt \u00fcber ein wei\u00dfes Perlmuttzifferblatt und 12 diamantbesetzte Indizes in rhodinierten Fassungen. Die Zeiger sind ebenfalls rhodiniert und der Geh\u00e4useboden ist mit dem OMEGA Seepferdchen auf einem gewellten Untergrund versehen. Die... Weiter &raquo;","og_url":"https:\/\/galli.ch\/uhren\/omega\/seamaster\/aqua-terra-ladies-220-10-28-60-55-001-3\/","og_site_name":"Galli Uhren Bijouterie","article_modified_time":"2026-04-20T16:17:42+00:00","og_image":[{"width":1000,"height":1400,"url":"https:\/\/galli.ch\/wp-content\/uploads\/220-10-28-60-55-001.png","type":"image\/png"}],"twitter_card":"summary_large_image","schema":{"@context":"https:\/\/schema.org","@graph":[{"@type":"WebPage","@id":"https:\/\/galli.ch\/uhren\/omega\/seamaster\/aqua-terra-ladies-220-10-28-60-55-001-3\/","url":"https:\/\/galli.ch\/uhren\/omega\/seamaster\/aqua-terra-ladies-220-10-28-60-55-001-3\/","name":"Omega Aqua Terra 150M Quartz 28 - Galli Uhren Bijouterie","isPartOf":{"@id":"http:\/\/galli.ch\/en\/#website"},"primaryImageOfPage":{"@id":"https:\/\/galli.ch\/uhren\/omega\/seamaster\/aqua-terra-ladies-220-10-28-60-55-001-3\/#primaryimage"},"image":{"@id":"https:\/\/galli.ch\/uhren\/omega\/seamaster\/aqua-terra-ladies-220-10-28-60-55-001-3\/#primaryimage"},"thumbnailUrl":"https:\/\/galli.ch\/wp-content\/uploads\/220-10-28-60-55-001.png","datePublished":"2018-07-31T02:30:19+00:00","dateModified":"2026-04-20T16:17:42+00:00","breadcrumb":{"@id":"https:\/\/galli.ch\/uhren\/omega\/seamaster\/aqua-terra-ladies-220-10-28-60-55-001-3\/#breadcrumb"},"inLanguage":"en-US","potentialAction":[{"@type":"ReadAction","target":["https:\/\/galli.ch\/uhren\/omega\/seamaster\/aqua-terra-ladies-220-10-28-60-55-001-3\/"]}]},{"@type":"ImageObject","inLanguage":"en-US","@id":"https:\/\/galli.ch\/uhren\/omega\/seamaster\/aqua-terra-ladies-220-10-28-60-55-001-3\/#primaryimage","url":"https:\/\/galli.ch\/wp-content\/uploads\/220-10-28-60-55-001.png","contentUrl":"https:\/\/galli.ch\/wp-content\/uploads\/220-10-28-60-55-001.png","width":1000,"height":1400,"caption":"Omega Seamaster"},{"@type":"BreadcrumbList","@id":"https:\/\/galli.ch\/uhren\/omega\/seamaster\/aqua-terra-ladies-220-10-28-60-55-001-3\/#breadcrumb","itemListElement":[{"@type":"ListItem","position":1,"name":"Home","item":"https:\/\/galli.ch\/en\/"},{"@type":"ListItem","position":2,"name":"Uhren","item":"https:\/\/galli.ch\/en\/uhren\/"},{"@type":"ListItem","position":3,"name":"Omega Aqua Terra 150M Quartz 28"}]},{"@type":"WebSite","@id":"http:\/\/galli.ch\/en\/#website","url":"http:\/\/galli.ch\/en\/","name":"Galli Uhren Bijouterie","description":"","potentialAction":[{"@type":"SearchAction","target":{"@type":"EntryPoint","urlTemplate":"http:\/\/galli.ch\/en\/?s={search_term_string}"},"query-input":{"@type":"PropertyValueSpecification","valueRequired":true,"valueName":"search_term_string"}}],"inLanguage":"en-US"}]}},"_links":{"self":[{"href":"https:\/\/galli.ch\/en\/wp-json\/wp\/v2\/product\/2012","targetHints":{"allow":["GET"]}}],"collection":[{"href":"https:\/\/galli.ch\/en\/wp-json\/wp\/v2\/product"}],"about":[{"href":"https:\/\/galli.ch\/en\/wp-json\/wp\/v2\/types\/product"}],"wp:featuredmedia":[{"embeddable":true,"href":"https:\/\/galli.ch\/en\/wp-json\/wp\/v2\/media\/1991"}],"wp:attachment":[{"href":"https:\/\/galli.ch\/en\/wp-json\/wp\/v2\/media?parent=2012"}],"wp:term":[{"taxonomy":"product_brand","embeddable":true,"href":"https:\/\/galli.ch\/en\/wp-json\/wp\/v2\/product_brand?post=2012"},{"taxonomy":"product_cat","embeddable":true,"href":"https:\/\/galli.ch\/en\/wp-json\/wp\/v2\/product_cat?post=2012"},{"taxonomy":"product_tag","embeddable":true,"href":"https:\/\/galli.ch\/en\/wp-json\/wp\/v2\/product_tag?post=2012"}],"curies":[{"name":"wp","href":"https:\/\/api.w.org\/{rel}","templated":true}]}}