{"id":2015,"date":"2018-07-31T02:30:38","date_gmt":"2018-07-31T02:30:38","guid":{"rendered":"http:\/\/galli.ch\/?post_type=uhren&#038;p=2015"},"modified":"2026-05-10T18:17:27","modified_gmt":"2026-05-10T16:17:27","slug":"planet-ocean-215-92-46-22-01-001","status":"publish","type":"product","link":"https:\/\/galli.ch\/en\/uhren\/omega\/seamaster\/planet-ocean-215-92-46-22-01-001\/","title":{"rendered":"Omega Planet Ocean 600M \u0093Deep Black\u0094 Master Chronometer GMT"},"content":{"rendered":"<p>Durch die Erkundung der dunklen Seite des Meeres baute OMEGA seine Kompetenzen im Umgang mit Keramik kontinuierlich aus und pr\u00e4sentiert heute die Seamaster Planet Ocean \u201eDeep Black\u201c. Dieser bemerkenswerte 45,5 mm grosse Zeitmesser ist die Kombination eines GMT-Modells und einer Taucheruhr. Seine komplett schwarze Farbe verweist auf das Meer in einer Tiefe von 300 Metern. Das gl\u00e4nzende und geb\u00fcrstete Geh\u00e4use wurde aus einem einzigen St\u00fcck Keramik gefertigt, dem gleichen Material, das auch f\u00fcr die einseitig drehbare L\u00fcnette und das Zifferblatt mit arabischen Ziffern verwendet wurde.<\/p>\n<p>W\u00e4hrend auf dem Zifferblatt ein neuer GMT-Ring angebracht wurde, wurden die Tauchskala und das OMEGA Logo auf der Krone mit Liquidmetal\u2122 verziert. Die Zeiger aus 18 K Weissgold sind mit weisser Super-LumiNova beschichtet. Eine weitere Neuheit gelang OMEGA mit einem ausgerichteten verschraubten Geh\u00e4useboden, der die eingravierten Schriftz\u00fcge elegant in Position h\u00e4lt. Verantwortlich daf\u00fcr ist OMEGAs neue und patentierte Keramik Naiad Lock.<\/p>\n<p>Die Planet Ocean \u201eDeep Black\u201c ist bis 60 Bar wasserdicht und wird von OMEGAs Master Chronometer Kaliber 8906 angetrieben. Um den Status Master Chronometer zu erreichen, musste er sich acht strengen vom Eidgen\u00f6ssischen Institut f\u00fcr Metrologie (METAS) entwickelten Tests unterziehen.<\/p>\n","protected":false},"excerpt":{"rendered":"<p>Durch die Erkundung der dunklen Seite des Meeres baute OMEGA seine Kompetenzen im Umgang mit Keramik kontinuierlich aus und pr\u00e4sentiert heute die Seamaster Planet Ocean \u201eDeep Black\u201c. Dieser bemerkenswerte 45,5 mm grosse Zeitmesser ist die Kombination eines GMT-Modells und einer Taucheruhr. Seine komplett schwarze Farbe verweist auf das Meer in einer Tiefe von 300 Metern&#8230;.  <a class=\"excerpt-read-more\" href=\"https:\/\/galli.ch\/en\/uhren\/omega\/seamaster\/planet-ocean-215-92-46-22-01-001\/\" title=\"Read Omega Planet Ocean 600M \u0093Deep Black\u0094 Master Chronometer GMT\">Weiter &raquo;<\/a><\/p>\n","protected":false},"featured_media":1985,"template":"","meta":{"_acf_changed":false,"inline_featured_image":false},"product_brand":[],"product_cat":[188],"product_tag":[],"class_list":{"0":"post-2015","1":"product","2":"type-product","3":"status-publish","4":"has-post-thumbnail","6":"uhrenhersteller-omega","7":"uhrenhersteller-seamaster","8":"product_cat-uhren","10":"first","11":"outofstock","12":"taxable","13":"shipping-taxable","14":"purchasable","15":"product-type-simple"},"acf":[],"yoast_head":"<!-- This site is optimized with the Yoast SEO plugin v25.5 - https:\/\/yoast.com\/wordpress\/plugins\/seo\/ -->\n<title>Omega Planet Ocean 600M \u0093Deep Black\u0094 Master Chronometer GMT - Galli Uhren Bijouterie<\/title>\n<meta name=\"robots\" content=\"index, follow, max-snippet:-1, max-image-preview:large, max-video-preview:-1\" \/>\n<link rel=\"canonical\" href=\"https:\/\/galli.ch\/uhren\/omega\/seamaster\/planet-ocean-215-92-46-22-01-001\/\" \/>\n<meta property=\"og:locale\" content=\"en_US\" \/>\n<meta property=\"og:type\" content=\"article\" \/>\n<meta property=\"og:title\" content=\"Omega Planet Ocean 600M \u0093Deep Black\u0094 Master Chronometer GMT - Galli Uhren Bijouterie\" \/>\n<meta property=\"og:description\" content=\"Durch die Erkundung der dunklen Seite des Meeres baute OMEGA seine Kompetenzen im Umgang mit Keramik kontinuierlich aus und pr\u00e4sentiert heute die Seamaster Planet Ocean \u201eDeep Black\u201c. Dieser bemerkenswerte 45,5 mm grosse Zeitmesser ist die Kombination eines GMT-Modells und einer Taucheruhr. Seine komplett schwarze Farbe verweist auf das Meer in einer Tiefe von 300 Metern.... Weiter &raquo;\" \/>\n<meta property=\"og:url\" content=\"https:\/\/galli.ch\/uhren\/omega\/seamaster\/planet-ocean-215-92-46-22-01-001\/\" \/>\n<meta property=\"og:site_name\" content=\"Galli Uhren Bijouterie\" \/>\n<meta property=\"article:modified_time\" content=\"2026-05-10T16:17:27+00:00\" \/>\n<meta property=\"og:image\" content=\"https:\/\/galli.ch\/wp-content\/uploads\/215-92-46-22-01-001.png\" \/>\n\t<meta property=\"og:image:width\" content=\"1000\" \/>\n\t<meta property=\"og:image:height\" content=\"1400\" \/>\n\t<meta property=\"og:image:type\" content=\"image\/png\" \/>\n<meta name=\"twitter:card\" content=\"summary_large_image\" \/>\n<script type=\"application\/ld+json\" class=\"yoast-schema-graph\">{\"@context\":\"https:\/\/schema.org\",\"@graph\":[{\"@type\":\"WebPage\",\"@id\":\"https:\/\/galli.ch\/uhren\/omega\/seamaster\/planet-ocean-215-92-46-22-01-001\/\",\"url\":\"https:\/\/galli.ch\/uhren\/omega\/seamaster\/planet-ocean-215-92-46-22-01-001\/\",\"name\":\"Omega Planet Ocean 600M \u0093Deep Black\u0094 Master Chronometer GMT - Galli Uhren Bijouterie\",\"isPartOf\":{\"@id\":\"http:\/\/galli.ch\/en\/#website\"},\"primaryImageOfPage\":{\"@id\":\"https:\/\/galli.ch\/uhren\/omega\/seamaster\/planet-ocean-215-92-46-22-01-001\/#primaryimage\"},\"image\":{\"@id\":\"https:\/\/galli.ch\/uhren\/omega\/seamaster\/planet-ocean-215-92-46-22-01-001\/#primaryimage\"},\"thumbnailUrl\":\"https:\/\/galli.ch\/wp-content\/uploads\/215-92-46-22-01-001.png\",\"datePublished\":\"2018-07-31T02:30:38+00:00\",\"dateModified\":\"2026-05-10T16:17:27+00:00\",\"breadcrumb\":{\"@id\":\"https:\/\/galli.ch\/uhren\/omega\/seamaster\/planet-ocean-215-92-46-22-01-001\/#breadcrumb\"},\"inLanguage\":\"en-US\",\"potentialAction\":[{\"@type\":\"ReadAction\",\"target\":[\"https:\/\/galli.ch\/uhren\/omega\/seamaster\/planet-ocean-215-92-46-22-01-001\/\"]}]},{\"@type\":\"ImageObject\",\"inLanguage\":\"en-US\",\"@id\":\"https:\/\/galli.ch\/uhren\/omega\/seamaster\/planet-ocean-215-92-46-22-01-001\/#primaryimage\",\"url\":\"https:\/\/galli.ch\/wp-content\/uploads\/215-92-46-22-01-001.png\",\"contentUrl\":\"https:\/\/galli.ch\/wp-content\/uploads\/215-92-46-22-01-001.png\",\"width\":1000,\"height\":1400,\"caption\":\"Omega Seamaster\"},{\"@type\":\"BreadcrumbList\",\"@id\":\"https:\/\/galli.ch\/uhren\/omega\/seamaster\/planet-ocean-215-92-46-22-01-001\/#breadcrumb\",\"itemListElement\":[{\"@type\":\"ListItem\",\"position\":1,\"name\":\"Home\",\"item\":\"https:\/\/galli.ch\/en\/\"},{\"@type\":\"ListItem\",\"position\":2,\"name\":\"Uhren\",\"item\":\"https:\/\/galli.ch\/en\/uhren\/\"},{\"@type\":\"ListItem\",\"position\":3,\"name\":\"Omega Planet Ocean 600M \u0093Deep Black\u0094 Master Chronometer GMT\"}]},{\"@type\":\"WebSite\",\"@id\":\"http:\/\/galli.ch\/en\/#website\",\"url\":\"http:\/\/galli.ch\/en\/\",\"name\":\"Galli Uhren Bijouterie\",\"description\":\"\",\"potentialAction\":[{\"@type\":\"SearchAction\",\"target\":{\"@type\":\"EntryPoint\",\"urlTemplate\":\"http:\/\/galli.ch\/en\/?s={search_term_string}\"},\"query-input\":{\"@type\":\"PropertyValueSpecification\",\"valueRequired\":true,\"valueName\":\"search_term_string\"}}],\"inLanguage\":\"en-US\"}]}<\/script>\n<!-- \/ Yoast SEO plugin. -->","yoast_head_json":{"title":"Omega Planet Ocean 600M \u0093Deep Black\u0094 Master Chronometer GMT - Galli Uhren Bijouterie","robots":{"index":"index","follow":"follow","max-snippet":"max-snippet:-1","max-image-preview":"max-image-preview:large","max-video-preview":"max-video-preview:-1"},"canonical":"https:\/\/galli.ch\/uhren\/omega\/seamaster\/planet-ocean-215-92-46-22-01-001\/","og_locale":"en_US","og_type":"article","og_title":"Omega Planet Ocean 600M \u0093Deep Black\u0094 Master Chronometer GMT - Galli Uhren Bijouterie","og_description":"Durch die Erkundung der dunklen Seite des Meeres baute OMEGA seine Kompetenzen im Umgang mit Keramik kontinuierlich aus und pr\u00e4sentiert heute die Seamaster Planet Ocean \u201eDeep Black\u201c. Dieser bemerkenswerte 45,5 mm grosse Zeitmesser ist die Kombination eines GMT-Modells und einer Taucheruhr. Seine komplett schwarze Farbe verweist auf das Meer in einer Tiefe von 300 Metern.... Weiter &raquo;","og_url":"https:\/\/galli.ch\/uhren\/omega\/seamaster\/planet-ocean-215-92-46-22-01-001\/","og_site_name":"Galli Uhren Bijouterie","article_modified_time":"2026-05-10T16:17:27+00:00","og_image":[{"width":1000,"height":1400,"url":"https:\/\/galli.ch\/wp-content\/uploads\/215-92-46-22-01-001.png","type":"image\/png"}],"twitter_card":"summary_large_image","schema":{"@context":"https:\/\/schema.org","@graph":[{"@type":"WebPage","@id":"https:\/\/galli.ch\/uhren\/omega\/seamaster\/planet-ocean-215-92-46-22-01-001\/","url":"https:\/\/galli.ch\/uhren\/omega\/seamaster\/planet-ocean-215-92-46-22-01-001\/","name":"Omega Planet Ocean 600M \u0093Deep Black\u0094 Master Chronometer GMT - Galli Uhren Bijouterie","isPartOf":{"@id":"http:\/\/galli.ch\/en\/#website"},"primaryImageOfPage":{"@id":"https:\/\/galli.ch\/uhren\/omega\/seamaster\/planet-ocean-215-92-46-22-01-001\/#primaryimage"},"image":{"@id":"https:\/\/galli.ch\/uhren\/omega\/seamaster\/planet-ocean-215-92-46-22-01-001\/#primaryimage"},"thumbnailUrl":"https:\/\/galli.ch\/wp-content\/uploads\/215-92-46-22-01-001.png","datePublished":"2018-07-31T02:30:38+00:00","dateModified":"2026-05-10T16:17:27+00:00","breadcrumb":{"@id":"https:\/\/galli.ch\/uhren\/omega\/seamaster\/planet-ocean-215-92-46-22-01-001\/#breadcrumb"},"inLanguage":"en-US","potentialAction":[{"@type":"ReadAction","target":["https:\/\/galli.ch\/uhren\/omega\/seamaster\/planet-ocean-215-92-46-22-01-001\/"]}]},{"@type":"ImageObject","inLanguage":"en-US","@id":"https:\/\/galli.ch\/uhren\/omega\/seamaster\/planet-ocean-215-92-46-22-01-001\/#primaryimage","url":"https:\/\/galli.ch\/wp-content\/uploads\/215-92-46-22-01-001.png","contentUrl":"https:\/\/galli.ch\/wp-content\/uploads\/215-92-46-22-01-001.png","width":1000,"height":1400,"caption":"Omega Seamaster"},{"@type":"BreadcrumbList","@id":"https:\/\/galli.ch\/uhren\/omega\/seamaster\/planet-ocean-215-92-46-22-01-001\/#breadcrumb","itemListElement":[{"@type":"ListItem","position":1,"name":"Home","item":"https:\/\/galli.ch\/en\/"},{"@type":"ListItem","position":2,"name":"Uhren","item":"https:\/\/galli.ch\/en\/uhren\/"},{"@type":"ListItem","position":3,"name":"Omega Planet Ocean 600M \u0093Deep Black\u0094 Master Chronometer GMT"}]},{"@type":"WebSite","@id":"http:\/\/galli.ch\/en\/#website","url":"http:\/\/galli.ch\/en\/","name":"Galli Uhren Bijouterie","description":"","potentialAction":[{"@type":"SearchAction","target":{"@type":"EntryPoint","urlTemplate":"http:\/\/galli.ch\/en\/?s={search_term_string}"},"query-input":{"@type":"PropertyValueSpecification","valueRequired":true,"valueName":"search_term_string"}}],"inLanguage":"en-US"}]}},"_links":{"self":[{"href":"https:\/\/galli.ch\/en\/wp-json\/wp\/v2\/product\/2015","targetHints":{"allow":["GET"]}}],"collection":[{"href":"https:\/\/galli.ch\/en\/wp-json\/wp\/v2\/product"}],"about":[{"href":"https:\/\/galli.ch\/en\/wp-json\/wp\/v2\/types\/product"}],"wp:featuredmedia":[{"embeddable":true,"href":"https:\/\/galli.ch\/en\/wp-json\/wp\/v2\/media\/1985"}],"wp:attachment":[{"href":"https:\/\/galli.ch\/en\/wp-json\/wp\/v2\/media?parent=2015"}],"wp:term":[{"taxonomy":"product_brand","embeddable":true,"href":"https:\/\/galli.ch\/en\/wp-json\/wp\/v2\/product_brand?post=2015"},{"taxonomy":"product_cat","embeddable":true,"href":"https:\/\/galli.ch\/en\/wp-json\/wp\/v2\/product_cat?post=2015"},{"taxonomy":"product_tag","embeddable":true,"href":"https:\/\/galli.ch\/en\/wp-json\/wp\/v2\/product_tag?post=2015"}],"curies":[{"name":"wp","href":"https:\/\/api.w.org\/{rel}","templated":true}]}}