{"id":20246,"date":"2023-08-10T18:02:30","date_gmt":"2023-08-10T16:02:30","guid":{"rendered":"https:\/\/galli.ch\/?post_type=product&#038;p=20246"},"modified":"2026-01-01T12:16:25","modified_gmt":"2026-01-01T11:16:25","slug":"30-steel-m35500-0001","status":"publish","type":"product","link":"https:\/\/galli.ch\/en\/uhren\/tudor\/clair-de-rose\/30-steel-m35500-0001\/","title":{"rendered":"Tudor Clair de Rose 30"},"content":{"rendered":"<p>TUDOR greift in raffinierter und zeitloser Manier die feminine Clair de Rose Linie wieder auf. Das neue Modell ist ausschliesslich in Edelstahl und mit mechanischen Uhrwerken sowie in drei Gr\u00f6ssen und sechs unterschiedlichen Ausf\u00fchrungen erh\u00e4ltlich.<\/p>\n<p>Die Clair de Rose Linie nimmt im Jahr 2017 neue Gestalt an. In jenem Design, das gleichzeitig klassisch, raffiniert und zeitlos ist, nimmt TUDOR die historischen \u00e4sthetischen Gestaltungsmerkmale der Marke auf, ohne von den sanften Rundungen des Geh\u00e4usemittelteils und der eindrucksvollen Aufzugskrone.<\/p>\n","protected":false},"excerpt":{"rendered":"<p>TUDOR greift in raffinierter und zeitloser Manier die feminine Clair de Rose Linie wieder auf. Das neue Modell ist ausschliesslich in Edelstahl und mit mechanischen Uhrwerken sowie in drei Gr\u00f6ssen und sechs unterschiedlichen Ausf\u00fchrungen erh\u00e4ltlich. Die Clair de Rose Linie nimmt im Jahr 2017 neue Gestalt an. In jenem Design, das gleichzeitig klassisch, raffiniert und&#8230;  <a class=\"excerpt-read-more\" href=\"https:\/\/galli.ch\/en\/uhren\/tudor\/clair-de-rose\/30-steel-m35500-0001\/\" title=\"Read Tudor Clair de Rose 30\">Weiter &raquo;<\/a><\/p>\n","protected":false},"featured_media":20335,"template":"","meta":{"_acf_changed":false,"inline_featured_image":false},"product_brand":[],"product_cat":[188],"product_tag":[],"class_list":{"0":"post-20246","1":"product","2":"type-product","3":"status-publish","4":"has-post-thumbnail","6":"uhrenhersteller-tudor","7":"uhrenhersteller-clair-de-rose","8":"product_cat-uhren","10":"first","11":"outofstock","12":"taxable","13":"shipping-taxable","14":"purchasable","15":"product-type-simple"},"acf":[],"yoast_head":"<!-- This site is optimized with the Yoast SEO plugin v25.5 - https:\/\/yoast.com\/wordpress\/plugins\/seo\/ -->\n<title>Tudor Clair de Rose 30 - Galli Uhren Bijouterie<\/title>\n<meta name=\"robots\" content=\"index, follow, max-snippet:-1, max-image-preview:large, max-video-preview:-1\" \/>\n<link rel=\"canonical\" href=\"https:\/\/galli.ch\/uhren\/tudor\/clair-de-rose\/30-steel-m35500-0001\/\" \/>\n<meta property=\"og:locale\" content=\"en_US\" \/>\n<meta property=\"og:type\" content=\"article\" \/>\n<meta property=\"og:title\" content=\"Tudor Clair de Rose 30 - Galli Uhren Bijouterie\" \/>\n<meta property=\"og:description\" content=\"TUDOR greift in raffinierter und zeitloser Manier die feminine Clair de Rose Linie wieder auf. Das neue Modell ist ausschliesslich in Edelstahl und mit mechanischen Uhrwerken sowie in drei Gr\u00f6ssen und sechs unterschiedlichen Ausf\u00fchrungen erh\u00e4ltlich. Die Clair de Rose Linie nimmt im Jahr 2017 neue Gestalt an. In jenem Design, das gleichzeitig klassisch, raffiniert und... Weiter &raquo;\" \/>\n<meta property=\"og:url\" content=\"https:\/\/galli.ch\/uhren\/tudor\/clair-de-rose\/30-steel-m35500-0001\/\" \/>\n<meta property=\"og:site_name\" content=\"Galli Uhren Bijouterie\" \/>\n<meta property=\"article:modified_time\" content=\"2026-01-01T11:16:25+00:00\" \/>\n<meta property=\"og:image\" content=\"https:\/\/galli.ch\/wp-content\/uploads\/tudor-m35500-0001-_1_.png\" \/>\n\t<meta property=\"og:image:width\" content=\"1000\" \/>\n\t<meta property=\"og:image:height\" content=\"1400\" \/>\n\t<meta property=\"og:image:type\" content=\"image\/png\" \/>\n<meta name=\"twitter:card\" content=\"summary_large_image\" \/>\n<script type=\"application\/ld+json\" class=\"yoast-schema-graph\">{\"@context\":\"https:\/\/schema.org\",\"@graph\":[{\"@type\":\"WebPage\",\"@id\":\"https:\/\/galli.ch\/uhren\/tudor\/clair-de-rose\/30-steel-m35500-0001\/\",\"url\":\"https:\/\/galli.ch\/uhren\/tudor\/clair-de-rose\/30-steel-m35500-0001\/\",\"name\":\"Tudor Clair de Rose 30 - Galli Uhren Bijouterie\",\"isPartOf\":{\"@id\":\"http:\/\/galli.ch\/en\/#website\"},\"primaryImageOfPage\":{\"@id\":\"https:\/\/galli.ch\/uhren\/tudor\/clair-de-rose\/30-steel-m35500-0001\/#primaryimage\"},\"image\":{\"@id\":\"https:\/\/galli.ch\/uhren\/tudor\/clair-de-rose\/30-steel-m35500-0001\/#primaryimage\"},\"thumbnailUrl\":\"https:\/\/galli.ch\/wp-content\/uploads\/tudor-m35500-0001-_1_.png\",\"datePublished\":\"2023-08-10T16:02:30+00:00\",\"dateModified\":\"2026-01-01T11:16:25+00:00\",\"breadcrumb\":{\"@id\":\"https:\/\/galli.ch\/uhren\/tudor\/clair-de-rose\/30-steel-m35500-0001\/#breadcrumb\"},\"inLanguage\":\"en-US\",\"potentialAction\":[{\"@type\":\"ReadAction\",\"target\":[\"https:\/\/galli.ch\/uhren\/tudor\/clair-de-rose\/30-steel-m35500-0001\/\"]}]},{\"@type\":\"ImageObject\",\"inLanguage\":\"en-US\",\"@id\":\"https:\/\/galli.ch\/uhren\/tudor\/clair-de-rose\/30-steel-m35500-0001\/#primaryimage\",\"url\":\"https:\/\/galli.ch\/wp-content\/uploads\/tudor-m35500-0001-_1_.png\",\"contentUrl\":\"https:\/\/galli.ch\/wp-content\/uploads\/tudor-m35500-0001-_1_.png\",\"width\":1000,\"height\":1400,\"caption\":\"tudor-clair-de-rose-m35500-0001\"},{\"@type\":\"BreadcrumbList\",\"@id\":\"https:\/\/galli.ch\/uhren\/tudor\/clair-de-rose\/30-steel-m35500-0001\/#breadcrumb\",\"itemListElement\":[{\"@type\":\"ListItem\",\"position\":1,\"name\":\"Home\",\"item\":\"https:\/\/galli.ch\/en\/\"},{\"@type\":\"ListItem\",\"position\":2,\"name\":\"Uhren\",\"item\":\"https:\/\/galli.ch\/en\/uhren\/\"},{\"@type\":\"ListItem\",\"position\":3,\"name\":\"Tudor Clair de Rose 30\"}]},{\"@type\":\"WebSite\",\"@id\":\"http:\/\/galli.ch\/en\/#website\",\"url\":\"http:\/\/galli.ch\/en\/\",\"name\":\"Galli Uhren Bijouterie\",\"description\":\"\",\"potentialAction\":[{\"@type\":\"SearchAction\",\"target\":{\"@type\":\"EntryPoint\",\"urlTemplate\":\"http:\/\/galli.ch\/en\/?s={search_term_string}\"},\"query-input\":{\"@type\":\"PropertyValueSpecification\",\"valueRequired\":true,\"valueName\":\"search_term_string\"}}],\"inLanguage\":\"en-US\"}]}<\/script>\n<!-- \/ Yoast SEO plugin. -->","yoast_head_json":{"title":"Tudor Clair de Rose 30 - Galli Uhren Bijouterie","robots":{"index":"index","follow":"follow","max-snippet":"max-snippet:-1","max-image-preview":"max-image-preview:large","max-video-preview":"max-video-preview:-1"},"canonical":"https:\/\/galli.ch\/uhren\/tudor\/clair-de-rose\/30-steel-m35500-0001\/","og_locale":"en_US","og_type":"article","og_title":"Tudor Clair de Rose 30 - Galli Uhren Bijouterie","og_description":"TUDOR greift in raffinierter und zeitloser Manier die feminine Clair de Rose Linie wieder auf. Das neue Modell ist ausschliesslich in Edelstahl und mit mechanischen Uhrwerken sowie in drei Gr\u00f6ssen und sechs unterschiedlichen Ausf\u00fchrungen erh\u00e4ltlich. Die Clair de Rose Linie nimmt im Jahr 2017 neue Gestalt an. In jenem Design, das gleichzeitig klassisch, raffiniert und... Weiter &raquo;","og_url":"https:\/\/galli.ch\/uhren\/tudor\/clair-de-rose\/30-steel-m35500-0001\/","og_site_name":"Galli Uhren Bijouterie","article_modified_time":"2026-01-01T11:16:25+00:00","og_image":[{"width":1000,"height":1400,"url":"https:\/\/galli.ch\/wp-content\/uploads\/tudor-m35500-0001-_1_.png","type":"image\/png"}],"twitter_card":"summary_large_image","schema":{"@context":"https:\/\/schema.org","@graph":[{"@type":"WebPage","@id":"https:\/\/galli.ch\/uhren\/tudor\/clair-de-rose\/30-steel-m35500-0001\/","url":"https:\/\/galli.ch\/uhren\/tudor\/clair-de-rose\/30-steel-m35500-0001\/","name":"Tudor Clair de Rose 30 - Galli Uhren Bijouterie","isPartOf":{"@id":"http:\/\/galli.ch\/en\/#website"},"primaryImageOfPage":{"@id":"https:\/\/galli.ch\/uhren\/tudor\/clair-de-rose\/30-steel-m35500-0001\/#primaryimage"},"image":{"@id":"https:\/\/galli.ch\/uhren\/tudor\/clair-de-rose\/30-steel-m35500-0001\/#primaryimage"},"thumbnailUrl":"https:\/\/galli.ch\/wp-content\/uploads\/tudor-m35500-0001-_1_.png","datePublished":"2023-08-10T16:02:30+00:00","dateModified":"2026-01-01T11:16:25+00:00","breadcrumb":{"@id":"https:\/\/galli.ch\/uhren\/tudor\/clair-de-rose\/30-steel-m35500-0001\/#breadcrumb"},"inLanguage":"en-US","potentialAction":[{"@type":"ReadAction","target":["https:\/\/galli.ch\/uhren\/tudor\/clair-de-rose\/30-steel-m35500-0001\/"]}]},{"@type":"ImageObject","inLanguage":"en-US","@id":"https:\/\/galli.ch\/uhren\/tudor\/clair-de-rose\/30-steel-m35500-0001\/#primaryimage","url":"https:\/\/galli.ch\/wp-content\/uploads\/tudor-m35500-0001-_1_.png","contentUrl":"https:\/\/galli.ch\/wp-content\/uploads\/tudor-m35500-0001-_1_.png","width":1000,"height":1400,"caption":"tudor-clair-de-rose-m35500-0001"},{"@type":"BreadcrumbList","@id":"https:\/\/galli.ch\/uhren\/tudor\/clair-de-rose\/30-steel-m35500-0001\/#breadcrumb","itemListElement":[{"@type":"ListItem","position":1,"name":"Home","item":"https:\/\/galli.ch\/en\/"},{"@type":"ListItem","position":2,"name":"Uhren","item":"https:\/\/galli.ch\/en\/uhren\/"},{"@type":"ListItem","position":3,"name":"Tudor Clair de Rose 30"}]},{"@type":"WebSite","@id":"http:\/\/galli.ch\/en\/#website","url":"http:\/\/galli.ch\/en\/","name":"Galli Uhren Bijouterie","description":"","potentialAction":[{"@type":"SearchAction","target":{"@type":"EntryPoint","urlTemplate":"http:\/\/galli.ch\/en\/?s={search_term_string}"},"query-input":{"@type":"PropertyValueSpecification","valueRequired":true,"valueName":"search_term_string"}}],"inLanguage":"en-US"}]}},"_links":{"self":[{"href":"https:\/\/galli.ch\/en\/wp-json\/wp\/v2\/product\/20246","targetHints":{"allow":["GET"]}}],"collection":[{"href":"https:\/\/galli.ch\/en\/wp-json\/wp\/v2\/product"}],"about":[{"href":"https:\/\/galli.ch\/en\/wp-json\/wp\/v2\/types\/product"}],"wp:featuredmedia":[{"embeddable":true,"href":"https:\/\/galli.ch\/en\/wp-json\/wp\/v2\/media\/20335"}],"wp:attachment":[{"href":"https:\/\/galli.ch\/en\/wp-json\/wp\/v2\/media?parent=20246"}],"wp:term":[{"taxonomy":"product_brand","embeddable":true,"href":"https:\/\/galli.ch\/en\/wp-json\/wp\/v2\/product_brand?post=20246"},{"taxonomy":"product_cat","embeddable":true,"href":"https:\/\/galli.ch\/en\/wp-json\/wp\/v2\/product_cat?post=20246"},{"taxonomy":"product_tag","embeddable":true,"href":"https:\/\/galli.ch\/en\/wp-json\/wp\/v2\/product_tag?post=20246"}],"curies":[{"name":"wp","href":"https:\/\/api.w.org\/{rel}","templated":true}]}}