{"id":20374,"date":"2023-08-18T21:44:15","date_gmt":"2023-08-18T19:44:15","guid":{"rendered":"https:\/\/galli.ch\/?post_type=product&#038;p=20374"},"modified":"2025-03-13T13:45:12","modified_gmt":"2025-03-13T12:45:12","slug":"hydroconquest-gmt-41mm-l3-790-4-96-9","status":"publish","type":"product","link":"https:\/\/galli.ch\/en\/uhren\/longines\/diving\/hydroconquest-gmt-41mm-l3-790-4-96-9\/","title":{"rendered":"Longines Hydroconquest GMT 41"},"content":{"rendered":"<p>Die HydroConquest GMT-Modelle sind bis 30 bar wasserdicht. Sie werden mit einem Edelstahlarmband pr\u00e4sentiert, dessen H-f\u00f6rmigen Glieder vollst\u00e4ndig neugestaltet wurden. Zudem ist es erstmals bei Longines mit einem Verschluss mit Feinjustierung versehen.<\/p>\n<p>Die neuen Modelle sind auch mit blauen oder schwarzen Kautschukb\u00e4ndern erh\u00e4ltlich, die farblich auf die Zifferbl\u00e4tter abgestimmt sind.<\/p>\n","protected":false},"excerpt":{"rendered":"<p>Die HydroConquest GMT-Modelle sind bis 30 bar wasserdicht. Sie werden mit einem Edelstahlarmband pr\u00e4sentiert, dessen H-f\u00f6rmigen Glieder vollst\u00e4ndig neugestaltet wurden. Zudem ist es erstmals bei Longines mit einem Verschluss mit Feinjustierung versehen. Die neuen Modelle sind auch mit blauen oder schwarzen Kautschukb\u00e4ndern erh\u00e4ltlich, die farblich auf die Zifferbl\u00e4tter abgestimmt sind.<\/p>\n","protected":false},"featured_media":20224,"template":"","meta":{"_acf_changed":false,"inline_featured_image":false},"product_brand":[],"product_cat":[188],"product_tag":[],"class_list":{"0":"post-20374","1":"product","2":"type-product","3":"status-publish","4":"has-post-thumbnail","6":"uhrenhersteller-longines","7":"uhrenhersteller-diving","8":"product_cat-uhren","10":"first","11":"outofstock","12":"taxable","13":"shipping-taxable","14":"purchasable","15":"product-type-simple"},"acf":[],"yoast_head":"<!-- This site is optimized with the Yoast SEO plugin v25.5 - https:\/\/yoast.com\/wordpress\/plugins\/seo\/ -->\n<title>Longines Hydroconquest GMT 41 - Galli Uhren Bijouterie<\/title>\n<meta name=\"robots\" content=\"index, follow, max-snippet:-1, max-image-preview:large, max-video-preview:-1\" \/>\n<link rel=\"canonical\" href=\"https:\/\/galli.ch\/uhren\/longines\/diving\/hydroconquest-gmt-41mm-l3-790-4-96-9\/\" \/>\n<meta property=\"og:locale\" content=\"en_US\" \/>\n<meta property=\"og:type\" content=\"article\" \/>\n<meta property=\"og:title\" content=\"Longines Hydroconquest GMT 41 - Galli Uhren Bijouterie\" \/>\n<meta property=\"og:description\" content=\"Die HydroConquest GMT-Modelle sind bis 30 bar wasserdicht. Sie werden mit einem Edelstahlarmband pr\u00e4sentiert, dessen H-f\u00f6rmigen Glieder vollst\u00e4ndig neugestaltet wurden. Zudem ist es erstmals bei Longines mit einem Verschluss mit Feinjustierung versehen. Die neuen Modelle sind auch mit blauen oder schwarzen Kautschukb\u00e4ndern erh\u00e4ltlich, die farblich auf die Zifferbl\u00e4tter abgestimmt sind.\" \/>\n<meta property=\"og:url\" content=\"https:\/\/galli.ch\/uhren\/longines\/diving\/hydroconquest-gmt-41mm-l3-790-4-96-9\/\" \/>\n<meta property=\"og:site_name\" content=\"Galli Uhren Bijouterie\" \/>\n<meta property=\"article:modified_time\" content=\"2025-03-13T12:45:12+00:00\" \/>\n<meta property=\"og:image\" content=\"https:\/\/galli.ch\/wp-content\/uploads\/L3-790-4-96-9_SOL.png\" \/>\n\t<meta property=\"og:image:width\" content=\"1000\" \/>\n\t<meta property=\"og:image:height\" content=\"1400\" \/>\n\t<meta property=\"og:image:type\" content=\"image\/png\" \/>\n<meta name=\"twitter:card\" content=\"summary_large_image\" \/>\n<script type=\"application\/ld+json\" class=\"yoast-schema-graph\">{\"@context\":\"https:\/\/schema.org\",\"@graph\":[{\"@type\":\"WebPage\",\"@id\":\"https:\/\/galli.ch\/uhren\/longines\/diving\/hydroconquest-gmt-41mm-l3-790-4-96-9\/\",\"url\":\"https:\/\/galli.ch\/uhren\/longines\/diving\/hydroconquest-gmt-41mm-l3-790-4-96-9\/\",\"name\":\"Longines Hydroconquest GMT 41 - Galli Uhren Bijouterie\",\"isPartOf\":{\"@id\":\"http:\/\/galli.ch\/en\/#website\"},\"primaryImageOfPage\":{\"@id\":\"https:\/\/galli.ch\/uhren\/longines\/diving\/hydroconquest-gmt-41mm-l3-790-4-96-9\/#primaryimage\"},\"image\":{\"@id\":\"https:\/\/galli.ch\/uhren\/longines\/diving\/hydroconquest-gmt-41mm-l3-790-4-96-9\/#primaryimage\"},\"thumbnailUrl\":\"https:\/\/galli.ch\/wp-content\/uploads\/L3-790-4-96-9_SOL.png\",\"datePublished\":\"2023-08-18T19:44:15+00:00\",\"dateModified\":\"2025-03-13T12:45:12+00:00\",\"breadcrumb\":{\"@id\":\"https:\/\/galli.ch\/uhren\/longines\/diving\/hydroconquest-gmt-41mm-l3-790-4-96-9\/#breadcrumb\"},\"inLanguage\":\"en-US\",\"potentialAction\":[{\"@type\":\"ReadAction\",\"target\":[\"https:\/\/galli.ch\/uhren\/longines\/diving\/hydroconquest-gmt-41mm-l3-790-4-96-9\/\"]}]},{\"@type\":\"ImageObject\",\"inLanguage\":\"en-US\",\"@id\":\"https:\/\/galli.ch\/uhren\/longines\/diving\/hydroconquest-gmt-41mm-l3-790-4-96-9\/#primaryimage\",\"url\":\"https:\/\/galli.ch\/wp-content\/uploads\/L3-790-4-96-9_SOL.png\",\"contentUrl\":\"https:\/\/galli.ch\/wp-content\/uploads\/L3-790-4-96-9_SOL.png\",\"width\":1000,\"height\":1400,\"caption\":\"longines-HYDROCONQUEST-GMT-41mm-zurich\"},{\"@type\":\"BreadcrumbList\",\"@id\":\"https:\/\/galli.ch\/uhren\/longines\/diving\/hydroconquest-gmt-41mm-l3-790-4-96-9\/#breadcrumb\",\"itemListElement\":[{\"@type\":\"ListItem\",\"position\":1,\"name\":\"Home\",\"item\":\"https:\/\/galli.ch\/en\/\"},{\"@type\":\"ListItem\",\"position\":2,\"name\":\"Uhren\",\"item\":\"https:\/\/galli.ch\/en\/uhren\/\"},{\"@type\":\"ListItem\",\"position\":3,\"name\":\"Hydroconquest GMT 41\"}]},{\"@type\":\"WebSite\",\"@id\":\"http:\/\/galli.ch\/en\/#website\",\"url\":\"http:\/\/galli.ch\/en\/\",\"name\":\"Galli Uhren Bijouterie\",\"description\":\"\",\"potentialAction\":[{\"@type\":\"SearchAction\",\"target\":{\"@type\":\"EntryPoint\",\"urlTemplate\":\"http:\/\/galli.ch\/en\/?s={search_term_string}\"},\"query-input\":{\"@type\":\"PropertyValueSpecification\",\"valueRequired\":true,\"valueName\":\"search_term_string\"}}],\"inLanguage\":\"en-US\"}]}<\/script>\n<!-- \/ Yoast SEO plugin. -->","yoast_head_json":{"title":"Longines Hydroconquest GMT 41 - Galli Uhren Bijouterie","robots":{"index":"index","follow":"follow","max-snippet":"max-snippet:-1","max-image-preview":"max-image-preview:large","max-video-preview":"max-video-preview:-1"},"canonical":"https:\/\/galli.ch\/uhren\/longines\/diving\/hydroconquest-gmt-41mm-l3-790-4-96-9\/","og_locale":"en_US","og_type":"article","og_title":"Longines Hydroconquest GMT 41 - Galli Uhren Bijouterie","og_description":"Die HydroConquest GMT-Modelle sind bis 30 bar wasserdicht. Sie werden mit einem Edelstahlarmband pr\u00e4sentiert, dessen H-f\u00f6rmigen Glieder vollst\u00e4ndig neugestaltet wurden. Zudem ist es erstmals bei Longines mit einem Verschluss mit Feinjustierung versehen. Die neuen Modelle sind auch mit blauen oder schwarzen Kautschukb\u00e4ndern erh\u00e4ltlich, die farblich auf die Zifferbl\u00e4tter abgestimmt sind.","og_url":"https:\/\/galli.ch\/uhren\/longines\/diving\/hydroconquest-gmt-41mm-l3-790-4-96-9\/","og_site_name":"Galli Uhren Bijouterie","article_modified_time":"2025-03-13T12:45:12+00:00","og_image":[{"width":1000,"height":1400,"url":"https:\/\/galli.ch\/wp-content\/uploads\/L3-790-4-96-9_SOL.png","type":"image\/png"}],"twitter_card":"summary_large_image","schema":{"@context":"https:\/\/schema.org","@graph":[{"@type":"WebPage","@id":"https:\/\/galli.ch\/uhren\/longines\/diving\/hydroconquest-gmt-41mm-l3-790-4-96-9\/","url":"https:\/\/galli.ch\/uhren\/longines\/diving\/hydroconquest-gmt-41mm-l3-790-4-96-9\/","name":"Longines Hydroconquest GMT 41 - Galli Uhren Bijouterie","isPartOf":{"@id":"http:\/\/galli.ch\/en\/#website"},"primaryImageOfPage":{"@id":"https:\/\/galli.ch\/uhren\/longines\/diving\/hydroconquest-gmt-41mm-l3-790-4-96-9\/#primaryimage"},"image":{"@id":"https:\/\/galli.ch\/uhren\/longines\/diving\/hydroconquest-gmt-41mm-l3-790-4-96-9\/#primaryimage"},"thumbnailUrl":"https:\/\/galli.ch\/wp-content\/uploads\/L3-790-4-96-9_SOL.png","datePublished":"2023-08-18T19:44:15+00:00","dateModified":"2025-03-13T12:45:12+00:00","breadcrumb":{"@id":"https:\/\/galli.ch\/uhren\/longines\/diving\/hydroconquest-gmt-41mm-l3-790-4-96-9\/#breadcrumb"},"inLanguage":"en-US","potentialAction":[{"@type":"ReadAction","target":["https:\/\/galli.ch\/uhren\/longines\/diving\/hydroconquest-gmt-41mm-l3-790-4-96-9\/"]}]},{"@type":"ImageObject","inLanguage":"en-US","@id":"https:\/\/galli.ch\/uhren\/longines\/diving\/hydroconquest-gmt-41mm-l3-790-4-96-9\/#primaryimage","url":"https:\/\/galli.ch\/wp-content\/uploads\/L3-790-4-96-9_SOL.png","contentUrl":"https:\/\/galli.ch\/wp-content\/uploads\/L3-790-4-96-9_SOL.png","width":1000,"height":1400,"caption":"longines-HYDROCONQUEST-GMT-41mm-zurich"},{"@type":"BreadcrumbList","@id":"https:\/\/galli.ch\/uhren\/longines\/diving\/hydroconquest-gmt-41mm-l3-790-4-96-9\/#breadcrumb","itemListElement":[{"@type":"ListItem","position":1,"name":"Home","item":"https:\/\/galli.ch\/en\/"},{"@type":"ListItem","position":2,"name":"Uhren","item":"https:\/\/galli.ch\/en\/uhren\/"},{"@type":"ListItem","position":3,"name":"Hydroconquest GMT 41"}]},{"@type":"WebSite","@id":"http:\/\/galli.ch\/en\/#website","url":"http:\/\/galli.ch\/en\/","name":"Galli Uhren Bijouterie","description":"","potentialAction":[{"@type":"SearchAction","target":{"@type":"EntryPoint","urlTemplate":"http:\/\/galli.ch\/en\/?s={search_term_string}"},"query-input":{"@type":"PropertyValueSpecification","valueRequired":true,"valueName":"search_term_string"}}],"inLanguage":"en-US"}]}},"_links":{"self":[{"href":"https:\/\/galli.ch\/en\/wp-json\/wp\/v2\/product\/20374","targetHints":{"allow":["GET"]}}],"collection":[{"href":"https:\/\/galli.ch\/en\/wp-json\/wp\/v2\/product"}],"about":[{"href":"https:\/\/galli.ch\/en\/wp-json\/wp\/v2\/types\/product"}],"wp:featuredmedia":[{"embeddable":true,"href":"https:\/\/galli.ch\/en\/wp-json\/wp\/v2\/media\/20224"}],"wp:attachment":[{"href":"https:\/\/galli.ch\/en\/wp-json\/wp\/v2\/media?parent=20374"}],"wp:term":[{"taxonomy":"product_brand","embeddable":true,"href":"https:\/\/galli.ch\/en\/wp-json\/wp\/v2\/product_brand?post=20374"},{"taxonomy":"product_cat","embeddable":true,"href":"https:\/\/galli.ch\/en\/wp-json\/wp\/v2\/product_cat?post=20374"},{"taxonomy":"product_tag","embeddable":true,"href":"https:\/\/galli.ch\/en\/wp-json\/wp\/v2\/product_tag?post=20374"}],"curies":[{"name":"wp","href":"https:\/\/api.w.org\/{rel}","templated":true}]}}