{"id":20378,"date":"2023-08-18T22:20:14","date_gmt":"2023-08-18T20:20:14","guid":{"rendered":"https:\/\/galli.ch\/?post_type=product&#038;p=20378"},"modified":"2026-03-30T10:12:27","modified_gmt":"2026-03-30T08:12:27","slug":"neverest-glacier-40mm-nn1001sc1ca-bg103-kautschukband","status":"publish","type":"product","link":"https:\/\/galli.ch\/en\/uhren\/galli-cpo\/norqain-2\/neverest-glacier-40mm-nn1001sc1ca-bg103-kautschukband\/","title":{"rendered":"Norqain NEVEREST GLACIER 40MM"},"content":{"rendered":"<p>Mit ihrem goldfarbenen Gletscherzifferblatt f\u00e4ngt die NEVEREST Glacier die Sch\u00f6nheit und die Geheimnisse des Himalaya-Gebirges ein. Die goldenen Risse auf dem schwarzen Zifferblatt sind den zerkl\u00fcfteten Gletscherspalten des Khumbu-Eisbruchs nachempfunden, der als gef\u00e4hrlichster Abschnitt bei der Besteigung des Mount Everest gilt.<\/p>\n<p>Das Modell ist mit einem COSC-zertifizierten Manufakturkaliber von Uhrwerkhersteller Kenissi ausgestattet mit einer \u201cweekend-proof\u201d Gangreserve von 70 Stunden sowie einer personalisierten Br\u00fccke.<\/p>\n<p>Jahrgang: Neu<\/p>\n<p>Zustand: Ungetragen<\/p>\n<p>Original Papiere: Ja<\/p>\n<p>Original Box: Ja<\/p>\n<p>Garantie: 2 Jahre ab Kaufdatum<\/p>\n","protected":false},"excerpt":{"rendered":"<p>Mit ihrem goldfarbenen Gletscherzifferblatt f\u00e4ngt die NEVEREST Glacier die Sch\u00f6nheit und die Geheimnisse des Himalaya-Gebirges ein. Die goldenen Risse auf dem schwarzen Zifferblatt sind den zerkl\u00fcfteten Gletscherspalten des Khumbu-Eisbruchs nachempfunden, der als gef\u00e4hrlichster Abschnitt bei der Besteigung des Mount Everest gilt. Das Modell ist mit einem COSC-zertifizierten Manufakturkaliber von Uhrwerkhersteller Kenissi ausgestattet mit einer \u201cweekend-proof\u201d&#8230;  <a class=\"excerpt-read-more\" href=\"https:\/\/galli.ch\/en\/uhren\/galli-cpo\/norqain-2\/neverest-glacier-40mm-nn1001sc1ca-bg103-kautschukband\/\" title=\"Read Norqain NEVEREST GLACIER 40MM\">Weiter &raquo;<\/a><\/p>\n","protected":false},"featured_media":20226,"template":"","meta":{"_acf_changed":false,"inline_featured_image":false},"product_brand":[],"product_cat":[188],"product_tag":[],"class_list":{"0":"post-20378","1":"product","2":"type-product","3":"status-publish","4":"has-post-thumbnail","6":"uhrenhersteller-galli-cpo","7":"uhrenhersteller-norqain-2","8":"product_cat-uhren","10":"first","11":"instock","12":"taxable","13":"shipping-taxable","14":"purchasable","15":"product-type-simple"},"acf":[],"yoast_head":"<!-- This site is optimized with the Yoast SEO plugin v25.5 - https:\/\/yoast.com\/wordpress\/plugins\/seo\/ -->\n<title>Norqain NEVEREST GLACIER 40MM - Galli Uhren Bijouterie<\/title>\n<meta name=\"robots\" content=\"index, follow, max-snippet:-1, max-image-preview:large, max-video-preview:-1\" \/>\n<link rel=\"canonical\" href=\"https:\/\/galli.ch\/uhren\/galli-cpo\/norqain-2\/neverest-glacier-40mm-nn1001sc1ca-bg103-kautschukband\/\" \/>\n<meta property=\"og:locale\" content=\"en_US\" \/>\n<meta property=\"og:type\" content=\"article\" \/>\n<meta property=\"og:title\" content=\"Norqain NEVEREST GLACIER 40MM - Galli Uhren Bijouterie\" \/>\n<meta property=\"og:description\" content=\"Mit ihrem goldfarbenen Gletscherzifferblatt f\u00e4ngt die NEVEREST Glacier die Sch\u00f6nheit und die Geheimnisse des Himalaya-Gebirges ein. Die goldenen Risse auf dem schwarzen Zifferblatt sind den zerkl\u00fcfteten Gletscherspalten des Khumbu-Eisbruchs nachempfunden, der als gef\u00e4hrlichster Abschnitt bei der Besteigung des Mount Everest gilt. Das Modell ist mit einem COSC-zertifizierten Manufakturkaliber von Uhrwerkhersteller Kenissi ausgestattet mit einer \u201cweekend-proof\u201d... Weiter &raquo;\" \/>\n<meta property=\"og:url\" content=\"https:\/\/galli.ch\/uhren\/galli-cpo\/norqain-2\/neverest-glacier-40mm-nn1001sc1ca-bg103-kautschukband\/\" \/>\n<meta property=\"og:site_name\" content=\"Galli Uhren Bijouterie\" \/>\n<meta property=\"article:modified_time\" content=\"2026-03-30T08:12:27+00:00\" \/>\n<meta property=\"og:image\" content=\"https:\/\/galli.ch\/wp-content\/uploads\/NN1001_NEVEREST_Black_Glacier_Black_Rubber_HighRes.png\" \/>\n\t<meta property=\"og:image:width\" content=\"1000\" \/>\n\t<meta property=\"og:image:height\" content=\"1400\" \/>\n\t<meta property=\"og:image:type\" content=\"image\/png\" \/>\n<meta name=\"twitter:card\" content=\"summary_large_image\" \/>\n<script type=\"application\/ld+json\" class=\"yoast-schema-graph\">{\"@context\":\"https:\/\/schema.org\",\"@graph\":[{\"@type\":\"WebPage\",\"@id\":\"https:\/\/galli.ch\/uhren\/galli-cpo\/norqain-2\/neverest-glacier-40mm-nn1001sc1ca-bg103-kautschukband\/\",\"url\":\"https:\/\/galli.ch\/uhren\/galli-cpo\/norqain-2\/neverest-glacier-40mm-nn1001sc1ca-bg103-kautschukband\/\",\"name\":\"Norqain NEVEREST GLACIER 40MM - Galli Uhren Bijouterie\",\"isPartOf\":{\"@id\":\"http:\/\/galli.ch\/en\/#website\"},\"primaryImageOfPage\":{\"@id\":\"https:\/\/galli.ch\/uhren\/galli-cpo\/norqain-2\/neverest-glacier-40mm-nn1001sc1ca-bg103-kautschukband\/#primaryimage\"},\"image\":{\"@id\":\"https:\/\/galli.ch\/uhren\/galli-cpo\/norqain-2\/neverest-glacier-40mm-nn1001sc1ca-bg103-kautschukband\/#primaryimage\"},\"thumbnailUrl\":\"https:\/\/galli.ch\/wp-content\/uploads\/NN1001_NEVEREST_Black_Glacier_Black_Rubber_HighRes.png\",\"datePublished\":\"2023-08-18T20:20:14+00:00\",\"dateModified\":\"2026-03-30T08:12:27+00:00\",\"breadcrumb\":{\"@id\":\"https:\/\/galli.ch\/uhren\/galli-cpo\/norqain-2\/neverest-glacier-40mm-nn1001sc1ca-bg103-kautschukband\/#breadcrumb\"},\"inLanguage\":\"en-US\",\"potentialAction\":[{\"@type\":\"ReadAction\",\"target\":[\"https:\/\/galli.ch\/uhren\/galli-cpo\/norqain-2\/neverest-glacier-40mm-nn1001sc1ca-bg103-kautschukband\/\"]}]},{\"@type\":\"ImageObject\",\"inLanguage\":\"en-US\",\"@id\":\"https:\/\/galli.ch\/uhren\/galli-cpo\/norqain-2\/neverest-glacier-40mm-nn1001sc1ca-bg103-kautschukband\/#primaryimage\",\"url\":\"https:\/\/galli.ch\/wp-content\/uploads\/NN1001_NEVEREST_Black_Glacier_Black_Rubber_HighRes.png\",\"contentUrl\":\"https:\/\/galli.ch\/wp-content\/uploads\/NN1001_NEVEREST_Black_Glacier_Black_Rubber_HighRes.png\",\"width\":1000,\"height\":1400,\"caption\":\"norqain-NEVERESTGLACIER- 40MM-zurich\"},{\"@type\":\"BreadcrumbList\",\"@id\":\"https:\/\/galli.ch\/uhren\/galli-cpo\/norqain-2\/neverest-glacier-40mm-nn1001sc1ca-bg103-kautschukband\/#breadcrumb\",\"itemListElement\":[{\"@type\":\"ListItem\",\"position\":1,\"name\":\"Home\",\"item\":\"https:\/\/galli.ch\/en\/\"},{\"@type\":\"ListItem\",\"position\":2,\"name\":\"Uhren\",\"item\":\"https:\/\/galli.ch\/en\/uhren\/\"},{\"@type\":\"ListItem\",\"position\":3,\"name\":\"Norqain NEVEREST GLACIER 40MM\"}]},{\"@type\":\"WebSite\",\"@id\":\"http:\/\/galli.ch\/en\/#website\",\"url\":\"http:\/\/galli.ch\/en\/\",\"name\":\"Galli Uhren Bijouterie\",\"description\":\"\",\"potentialAction\":[{\"@type\":\"SearchAction\",\"target\":{\"@type\":\"EntryPoint\",\"urlTemplate\":\"http:\/\/galli.ch\/en\/?s={search_term_string}\"},\"query-input\":{\"@type\":\"PropertyValueSpecification\",\"valueRequired\":true,\"valueName\":\"search_term_string\"}}],\"inLanguage\":\"en-US\"}]}<\/script>\n<!-- \/ Yoast SEO plugin. -->","yoast_head_json":{"title":"Norqain NEVEREST GLACIER 40MM - Galli Uhren Bijouterie","robots":{"index":"index","follow":"follow","max-snippet":"max-snippet:-1","max-image-preview":"max-image-preview:large","max-video-preview":"max-video-preview:-1"},"canonical":"https:\/\/galli.ch\/uhren\/galli-cpo\/norqain-2\/neverest-glacier-40mm-nn1001sc1ca-bg103-kautschukband\/","og_locale":"en_US","og_type":"article","og_title":"Norqain NEVEREST GLACIER 40MM - Galli Uhren Bijouterie","og_description":"Mit ihrem goldfarbenen Gletscherzifferblatt f\u00e4ngt die NEVEREST Glacier die Sch\u00f6nheit und die Geheimnisse des Himalaya-Gebirges ein. Die goldenen Risse auf dem schwarzen Zifferblatt sind den zerkl\u00fcfteten Gletscherspalten des Khumbu-Eisbruchs nachempfunden, der als gef\u00e4hrlichster Abschnitt bei der Besteigung des Mount Everest gilt. Das Modell ist mit einem COSC-zertifizierten Manufakturkaliber von Uhrwerkhersteller Kenissi ausgestattet mit einer \u201cweekend-proof\u201d... Weiter &raquo;","og_url":"https:\/\/galli.ch\/uhren\/galli-cpo\/norqain-2\/neverest-glacier-40mm-nn1001sc1ca-bg103-kautschukband\/","og_site_name":"Galli Uhren Bijouterie","article_modified_time":"2026-03-30T08:12:27+00:00","og_image":[{"width":1000,"height":1400,"url":"https:\/\/galli.ch\/wp-content\/uploads\/NN1001_NEVEREST_Black_Glacier_Black_Rubber_HighRes.png","type":"image\/png"}],"twitter_card":"summary_large_image","schema":{"@context":"https:\/\/schema.org","@graph":[{"@type":"WebPage","@id":"https:\/\/galli.ch\/uhren\/galli-cpo\/norqain-2\/neverest-glacier-40mm-nn1001sc1ca-bg103-kautschukband\/","url":"https:\/\/galli.ch\/uhren\/galli-cpo\/norqain-2\/neverest-glacier-40mm-nn1001sc1ca-bg103-kautschukband\/","name":"Norqain NEVEREST GLACIER 40MM - Galli Uhren Bijouterie","isPartOf":{"@id":"http:\/\/galli.ch\/en\/#website"},"primaryImageOfPage":{"@id":"https:\/\/galli.ch\/uhren\/galli-cpo\/norqain-2\/neverest-glacier-40mm-nn1001sc1ca-bg103-kautschukband\/#primaryimage"},"image":{"@id":"https:\/\/galli.ch\/uhren\/galli-cpo\/norqain-2\/neverest-glacier-40mm-nn1001sc1ca-bg103-kautschukband\/#primaryimage"},"thumbnailUrl":"https:\/\/galli.ch\/wp-content\/uploads\/NN1001_NEVEREST_Black_Glacier_Black_Rubber_HighRes.png","datePublished":"2023-08-18T20:20:14+00:00","dateModified":"2026-03-30T08:12:27+00:00","breadcrumb":{"@id":"https:\/\/galli.ch\/uhren\/galli-cpo\/norqain-2\/neverest-glacier-40mm-nn1001sc1ca-bg103-kautschukband\/#breadcrumb"},"inLanguage":"en-US","potentialAction":[{"@type":"ReadAction","target":["https:\/\/galli.ch\/uhren\/galli-cpo\/norqain-2\/neverest-glacier-40mm-nn1001sc1ca-bg103-kautschukband\/"]}]},{"@type":"ImageObject","inLanguage":"en-US","@id":"https:\/\/galli.ch\/uhren\/galli-cpo\/norqain-2\/neverest-glacier-40mm-nn1001sc1ca-bg103-kautschukband\/#primaryimage","url":"https:\/\/galli.ch\/wp-content\/uploads\/NN1001_NEVEREST_Black_Glacier_Black_Rubber_HighRes.png","contentUrl":"https:\/\/galli.ch\/wp-content\/uploads\/NN1001_NEVEREST_Black_Glacier_Black_Rubber_HighRes.png","width":1000,"height":1400,"caption":"norqain-NEVERESTGLACIER- 40MM-zurich"},{"@type":"BreadcrumbList","@id":"https:\/\/galli.ch\/uhren\/galli-cpo\/norqain-2\/neverest-glacier-40mm-nn1001sc1ca-bg103-kautschukband\/#breadcrumb","itemListElement":[{"@type":"ListItem","position":1,"name":"Home","item":"https:\/\/galli.ch\/en\/"},{"@type":"ListItem","position":2,"name":"Uhren","item":"https:\/\/galli.ch\/en\/uhren\/"},{"@type":"ListItem","position":3,"name":"Norqain NEVEREST GLACIER 40MM"}]},{"@type":"WebSite","@id":"http:\/\/galli.ch\/en\/#website","url":"http:\/\/galli.ch\/en\/","name":"Galli Uhren Bijouterie","description":"","potentialAction":[{"@type":"SearchAction","target":{"@type":"EntryPoint","urlTemplate":"http:\/\/galli.ch\/en\/?s={search_term_string}"},"query-input":{"@type":"PropertyValueSpecification","valueRequired":true,"valueName":"search_term_string"}}],"inLanguage":"en-US"}]}},"_links":{"self":[{"href":"https:\/\/galli.ch\/en\/wp-json\/wp\/v2\/product\/20378","targetHints":{"allow":["GET"]}}],"collection":[{"href":"https:\/\/galli.ch\/en\/wp-json\/wp\/v2\/product"}],"about":[{"href":"https:\/\/galli.ch\/en\/wp-json\/wp\/v2\/types\/product"}],"wp:featuredmedia":[{"embeddable":true,"href":"https:\/\/galli.ch\/en\/wp-json\/wp\/v2\/media\/20226"}],"wp:attachment":[{"href":"https:\/\/galli.ch\/en\/wp-json\/wp\/v2\/media?parent=20378"}],"wp:term":[{"taxonomy":"product_brand","embeddable":true,"href":"https:\/\/galli.ch\/en\/wp-json\/wp\/v2\/product_brand?post=20378"},{"taxonomy":"product_cat","embeddable":true,"href":"https:\/\/galli.ch\/en\/wp-json\/wp\/v2\/product_cat?post=20378"},{"taxonomy":"product_tag","embeddable":true,"href":"https:\/\/galli.ch\/en\/wp-json\/wp\/v2\/product_tag?post=20378"}],"curies":[{"name":"wp","href":"https:\/\/api.w.org\/{rel}","templated":true}]}}