{"id":20382,"date":"2023-08-18T22:44:33","date_gmt":"2023-08-18T20:44:33","guid":{"rendered":"https:\/\/galli.ch\/?post_type=product&#038;p=20382"},"modified":"2026-03-30T10:16:40","modified_gmt":"2026-03-30T08:16:40","slug":"tissot-prx-powermatic-80-35mm-t137-207-33-021-00","status":"publish","type":"product","link":"https:\/\/galli.ch\/en\/uhren\/tissot\/t-classic\/tissot-prx-powermatic-80-35mm-t137-207-33-021-00\/","title":{"rendered":"Tissot PRX POWERMATIC 80 35MM"},"content":{"rendered":"<p>Die Tissot PRX Powermatic 80 35mm: eine harmonische Mischungs aus nostalgischem Glamour und modernem Erfindergeist. Dieses Modell mit 35 mm Durchmesser verf\u00fcgt \u00fcber ein hochwertiges 316L-Edelstahlgeh\u00e4use mit gelbgoldfarbener PVD-Beschichtung und ein auff\u00e4lliges, ebenfalls gelbgoldfarbenes Zifferblatt. Derart markant auftretend, ist diese Automatikuhr ohne Zweifel ein selbstbewusster Hingucker. Ihr Waffelmuster-Zifferblatt verleiht ihr zus\u00e4tzlichen Charakter.<\/p>\n<p>Wasserdicht bis zu einem Druck von 10 bar und mit einer Nivachron\u2122-Spiralfeder ausgestattet, ist die gelbgoldfarbene PRX Powermatic 80 35mm eine exquisite Wahl f\u00fcr stilbewusste Uhrenliebhaber. Das satinierte 316L-Edelstahlarmband mit einer Dreifach-Faltschliesse garantiert besten Tragekomfort.<\/p>\n","protected":false},"excerpt":{"rendered":"<p>Die Tissot PRX Powermatic 80 35mm: eine harmonische Mischungs aus nostalgischem Glamour und modernem Erfindergeist. Dieses Modell mit 35 mm Durchmesser verf\u00fcgt \u00fcber ein hochwertiges 316L-Edelstahlgeh\u00e4use mit gelbgoldfarbener PVD-Beschichtung und ein auff\u00e4lliges, ebenfalls gelbgoldfarbenes Zifferblatt. Derart markant auftretend, ist diese Automatikuhr ohne Zweifel ein selbstbewusster Hingucker. Ihr Waffelmuster-Zifferblatt verleiht ihr zus\u00e4tzlichen Charakter. Wasserdicht bis zu&#8230;  <a class=\"excerpt-read-more\" href=\"https:\/\/galli.ch\/en\/uhren\/tissot\/t-classic\/tissot-prx-powermatic-80-35mm-t137-207-33-021-00\/\" title=\"Read Tissot PRX POWERMATIC 80 35MM\">Weiter &raquo;<\/a><\/p>\n","protected":false},"featured_media":20234,"template":"","meta":{"_acf_changed":false,"inline_featured_image":false},"product_brand":[],"product_cat":[188],"product_tag":[],"class_list":{"0":"post-20382","1":"product","2":"type-product","3":"status-publish","4":"has-post-thumbnail","6":"uhrenhersteller-tissot","7":"uhrenhersteller-t-classic","8":"product_cat-uhren","10":"first","11":"outofstock","12":"taxable","13":"shipping-taxable","14":"purchasable","15":"product-type-simple"},"acf":[],"yoast_head":"<!-- This site is optimized with the Yoast SEO plugin v25.5 - https:\/\/yoast.com\/wordpress\/plugins\/seo\/ -->\n<title>Tissot PRX POWERMATIC 80 35MM - Galli Uhren Bijouterie<\/title>\n<meta name=\"robots\" content=\"index, follow, max-snippet:-1, max-image-preview:large, max-video-preview:-1\" \/>\n<link rel=\"canonical\" href=\"https:\/\/galli.ch\/uhren\/tissot\/t-classic\/tissot-prx-powermatic-80-35mm-t137-207-33-021-00\/\" \/>\n<meta property=\"og:locale\" content=\"en_US\" \/>\n<meta property=\"og:type\" content=\"article\" \/>\n<meta property=\"og:title\" content=\"Tissot PRX POWERMATIC 80 35MM - Galli Uhren Bijouterie\" \/>\n<meta property=\"og:description\" content=\"Die Tissot PRX Powermatic 80 35mm: eine harmonische Mischungs aus nostalgischem Glamour und modernem Erfindergeist. Dieses Modell mit 35 mm Durchmesser verf\u00fcgt \u00fcber ein hochwertiges 316L-Edelstahlgeh\u00e4use mit gelbgoldfarbener PVD-Beschichtung und ein auff\u00e4lliges, ebenfalls gelbgoldfarbenes Zifferblatt. Derart markant auftretend, ist diese Automatikuhr ohne Zweifel ein selbstbewusster Hingucker. Ihr Waffelmuster-Zifferblatt verleiht ihr zus\u00e4tzlichen Charakter. Wasserdicht bis zu... Weiter &raquo;\" \/>\n<meta property=\"og:url\" content=\"https:\/\/galli.ch\/uhren\/tissot\/t-classic\/tissot-prx-powermatic-80-35mm-t137-207-33-021-00\/\" \/>\n<meta property=\"og:site_name\" content=\"Galli Uhren Bijouterie\" \/>\n<meta property=\"article:modified_time\" content=\"2026-03-30T08:16:40+00:00\" \/>\n<meta property=\"og:image\" content=\"https:\/\/galli.ch\/wp-content\/uploads\/T137-207-33-021-00.png\" \/>\n\t<meta property=\"og:image:width\" content=\"1000\" \/>\n\t<meta property=\"og:image:height\" content=\"1400\" \/>\n\t<meta property=\"og:image:type\" content=\"image\/png\" \/>\n<meta name=\"twitter:card\" content=\"summary_large_image\" \/>\n<script type=\"application\/ld+json\" class=\"yoast-schema-graph\">{\"@context\":\"https:\/\/schema.org\",\"@graph\":[{\"@type\":\"WebPage\",\"@id\":\"https:\/\/galli.ch\/uhren\/tissot\/t-classic\/tissot-prx-powermatic-80-35mm-t137-207-33-021-00\/\",\"url\":\"https:\/\/galli.ch\/uhren\/tissot\/t-classic\/tissot-prx-powermatic-80-35mm-t137-207-33-021-00\/\",\"name\":\"Tissot PRX POWERMATIC 80 35MM - Galli Uhren Bijouterie\",\"isPartOf\":{\"@id\":\"http:\/\/galli.ch\/en\/#website\"},\"primaryImageOfPage\":{\"@id\":\"https:\/\/galli.ch\/uhren\/tissot\/t-classic\/tissot-prx-powermatic-80-35mm-t137-207-33-021-00\/#primaryimage\"},\"image\":{\"@id\":\"https:\/\/galli.ch\/uhren\/tissot\/t-classic\/tissot-prx-powermatic-80-35mm-t137-207-33-021-00\/#primaryimage\"},\"thumbnailUrl\":\"https:\/\/galli.ch\/wp-content\/uploads\/T137-207-33-021-00.png\",\"datePublished\":\"2023-08-18T20:44:33+00:00\",\"dateModified\":\"2026-03-30T08:16:40+00:00\",\"breadcrumb\":{\"@id\":\"https:\/\/galli.ch\/uhren\/tissot\/t-classic\/tissot-prx-powermatic-80-35mm-t137-207-33-021-00\/#breadcrumb\"},\"inLanguage\":\"en-US\",\"potentialAction\":[{\"@type\":\"ReadAction\",\"target\":[\"https:\/\/galli.ch\/uhren\/tissot\/t-classic\/tissot-prx-powermatic-80-35mm-t137-207-33-021-00\/\"]}]},{\"@type\":\"ImageObject\",\"inLanguage\":\"en-US\",\"@id\":\"https:\/\/galli.ch\/uhren\/tissot\/t-classic\/tissot-prx-powermatic-80-35mm-t137-207-33-021-00\/#primaryimage\",\"url\":\"https:\/\/galli.ch\/wp-content\/uploads\/T137-207-33-021-00.png\",\"contentUrl\":\"https:\/\/galli.ch\/wp-content\/uploads\/T137-207-33-021-00.png\",\"width\":1000,\"height\":1400,\"caption\":\"tissot-PRX POWERMATIC 80- 35MM-zurich\"},{\"@type\":\"BreadcrumbList\",\"@id\":\"https:\/\/galli.ch\/uhren\/tissot\/t-classic\/tissot-prx-powermatic-80-35mm-t137-207-33-021-00\/#breadcrumb\",\"itemListElement\":[{\"@type\":\"ListItem\",\"position\":1,\"name\":\"Home\",\"item\":\"https:\/\/galli.ch\/en\/\"},{\"@type\":\"ListItem\",\"position\":2,\"name\":\"Uhren\",\"item\":\"https:\/\/galli.ch\/en\/uhren\/\"},{\"@type\":\"ListItem\",\"position\":3,\"name\":\"PRX POWERMATIC 80 35MM\"}]},{\"@type\":\"WebSite\",\"@id\":\"http:\/\/galli.ch\/en\/#website\",\"url\":\"http:\/\/galli.ch\/en\/\",\"name\":\"Galli Uhren Bijouterie\",\"description\":\"\",\"potentialAction\":[{\"@type\":\"SearchAction\",\"target\":{\"@type\":\"EntryPoint\",\"urlTemplate\":\"http:\/\/galli.ch\/en\/?s={search_term_string}\"},\"query-input\":{\"@type\":\"PropertyValueSpecification\",\"valueRequired\":true,\"valueName\":\"search_term_string\"}}],\"inLanguage\":\"en-US\"}]}<\/script>\n<!-- \/ Yoast SEO plugin. -->","yoast_head_json":{"title":"Tissot PRX POWERMATIC 80 35MM - Galli Uhren Bijouterie","robots":{"index":"index","follow":"follow","max-snippet":"max-snippet:-1","max-image-preview":"max-image-preview:large","max-video-preview":"max-video-preview:-1"},"canonical":"https:\/\/galli.ch\/uhren\/tissot\/t-classic\/tissot-prx-powermatic-80-35mm-t137-207-33-021-00\/","og_locale":"en_US","og_type":"article","og_title":"Tissot PRX POWERMATIC 80 35MM - Galli Uhren Bijouterie","og_description":"Die Tissot PRX Powermatic 80 35mm: eine harmonische Mischungs aus nostalgischem Glamour und modernem Erfindergeist. Dieses Modell mit 35 mm Durchmesser verf\u00fcgt \u00fcber ein hochwertiges 316L-Edelstahlgeh\u00e4use mit gelbgoldfarbener PVD-Beschichtung und ein auff\u00e4lliges, ebenfalls gelbgoldfarbenes Zifferblatt. Derart markant auftretend, ist diese Automatikuhr ohne Zweifel ein selbstbewusster Hingucker. Ihr Waffelmuster-Zifferblatt verleiht ihr zus\u00e4tzlichen Charakter. Wasserdicht bis zu... Weiter &raquo;","og_url":"https:\/\/galli.ch\/uhren\/tissot\/t-classic\/tissot-prx-powermatic-80-35mm-t137-207-33-021-00\/","og_site_name":"Galli Uhren Bijouterie","article_modified_time":"2026-03-30T08:16:40+00:00","og_image":[{"width":1000,"height":1400,"url":"https:\/\/galli.ch\/wp-content\/uploads\/T137-207-33-021-00.png","type":"image\/png"}],"twitter_card":"summary_large_image","schema":{"@context":"https:\/\/schema.org","@graph":[{"@type":"WebPage","@id":"https:\/\/galli.ch\/uhren\/tissot\/t-classic\/tissot-prx-powermatic-80-35mm-t137-207-33-021-00\/","url":"https:\/\/galli.ch\/uhren\/tissot\/t-classic\/tissot-prx-powermatic-80-35mm-t137-207-33-021-00\/","name":"Tissot PRX POWERMATIC 80 35MM - Galli Uhren Bijouterie","isPartOf":{"@id":"http:\/\/galli.ch\/en\/#website"},"primaryImageOfPage":{"@id":"https:\/\/galli.ch\/uhren\/tissot\/t-classic\/tissot-prx-powermatic-80-35mm-t137-207-33-021-00\/#primaryimage"},"image":{"@id":"https:\/\/galli.ch\/uhren\/tissot\/t-classic\/tissot-prx-powermatic-80-35mm-t137-207-33-021-00\/#primaryimage"},"thumbnailUrl":"https:\/\/galli.ch\/wp-content\/uploads\/T137-207-33-021-00.png","datePublished":"2023-08-18T20:44:33+00:00","dateModified":"2026-03-30T08:16:40+00:00","breadcrumb":{"@id":"https:\/\/galli.ch\/uhren\/tissot\/t-classic\/tissot-prx-powermatic-80-35mm-t137-207-33-021-00\/#breadcrumb"},"inLanguage":"en-US","potentialAction":[{"@type":"ReadAction","target":["https:\/\/galli.ch\/uhren\/tissot\/t-classic\/tissot-prx-powermatic-80-35mm-t137-207-33-021-00\/"]}]},{"@type":"ImageObject","inLanguage":"en-US","@id":"https:\/\/galli.ch\/uhren\/tissot\/t-classic\/tissot-prx-powermatic-80-35mm-t137-207-33-021-00\/#primaryimage","url":"https:\/\/galli.ch\/wp-content\/uploads\/T137-207-33-021-00.png","contentUrl":"https:\/\/galli.ch\/wp-content\/uploads\/T137-207-33-021-00.png","width":1000,"height":1400,"caption":"tissot-PRX POWERMATIC 80- 35MM-zurich"},{"@type":"BreadcrumbList","@id":"https:\/\/galli.ch\/uhren\/tissot\/t-classic\/tissot-prx-powermatic-80-35mm-t137-207-33-021-00\/#breadcrumb","itemListElement":[{"@type":"ListItem","position":1,"name":"Home","item":"https:\/\/galli.ch\/en\/"},{"@type":"ListItem","position":2,"name":"Uhren","item":"https:\/\/galli.ch\/en\/uhren\/"},{"@type":"ListItem","position":3,"name":"PRX POWERMATIC 80 35MM"}]},{"@type":"WebSite","@id":"http:\/\/galli.ch\/en\/#website","url":"http:\/\/galli.ch\/en\/","name":"Galli Uhren Bijouterie","description":"","potentialAction":[{"@type":"SearchAction","target":{"@type":"EntryPoint","urlTemplate":"http:\/\/galli.ch\/en\/?s={search_term_string}"},"query-input":{"@type":"PropertyValueSpecification","valueRequired":true,"valueName":"search_term_string"}}],"inLanguage":"en-US"}]}},"_links":{"self":[{"href":"https:\/\/galli.ch\/en\/wp-json\/wp\/v2\/product\/20382","targetHints":{"allow":["GET"]}}],"collection":[{"href":"https:\/\/galli.ch\/en\/wp-json\/wp\/v2\/product"}],"about":[{"href":"https:\/\/galli.ch\/en\/wp-json\/wp\/v2\/types\/product"}],"wp:featuredmedia":[{"embeddable":true,"href":"https:\/\/galli.ch\/en\/wp-json\/wp\/v2\/media\/20234"}],"wp:attachment":[{"href":"https:\/\/galli.ch\/en\/wp-json\/wp\/v2\/media?parent=20382"}],"wp:term":[{"taxonomy":"product_brand","embeddable":true,"href":"https:\/\/galli.ch\/en\/wp-json\/wp\/v2\/product_brand?post=20382"},{"taxonomy":"product_cat","embeddable":true,"href":"https:\/\/galli.ch\/en\/wp-json\/wp\/v2\/product_cat?post=20382"},{"taxonomy":"product_tag","embeddable":true,"href":"https:\/\/galli.ch\/en\/wp-json\/wp\/v2\/product_tag?post=20382"}],"curies":[{"name":"wp","href":"https:\/\/api.w.org\/{rel}","templated":true}]}}