{"id":2060,"date":"2018-07-31T02:43:38","date_gmt":"2018-07-31T02:43:38","guid":{"rendered":"http:\/\/galli.ch\/?post_type=uhren&#038;p=2060"},"modified":"2026-03-30T10:18:18","modified_gmt":"2026-03-30T08:18:18","slug":"dark-side-of-the-moon-311-92-44-51-01-007","status":"publish","type":"product","link":"https:\/\/galli.ch\/en\/uhren\/omega\/speedmaster\/dark-side-of-the-moon-311-92-44-51-01-007\/","title":{"rendered":"Omega Dark Side of the Moon Chronograph 44.25"},"content":{"rendered":"<p>Diese robust wirkende Version der Moonwatch \u201eDark Side of the Moon\u201c kommt tief aus dem All. Das in einem St\u00fcck aus schwarzer Keramik gefertigte charakteristische 44,25-mm-Speedmaster-Geh\u00e4use wird durch eine geb\u00fcrstete Keramikl\u00fcnette mit matter Chromnitrid-Tachymeterskala abgerundet.<\/p>\n<p>Auch das Zifferblatt besteht aus polierter schwarzer Keramik und ist mit zwei Z\u00e4hlern bei 3 und 9 Uhr, die von applizierten geschw\u00e4rzten Ringen umrahmt sind, sowie applizierten Indizes aus 18 K Weissgold versehen.<\/p>\n<p>Am Handgelenk gehalten wird der markante Zeitmesser, der durch das OMEGA Co-Axial Kaliber 9300 angetrieben wird, durch ein schwarzes Nylonarmband, das eine neue Keramik-Titan-Faltschliesse besitzt. Die Zeiger bestehen aus diamantpoliertem 18 K Weissgold. Eine Ausnahme bildet nur der polierte rhodinierte zentrale Sekundenzeiger mit roter Spitze.<\/p>\n","protected":false},"excerpt":{"rendered":"<p>Diese robust wirkende Version der Moonwatch \u201eDark Side of the Moon\u201c kommt tief aus dem All. Das in einem St\u00fcck aus schwarzer Keramik gefertigte charakteristische 44,25-mm-Speedmaster-Geh\u00e4use wird durch eine geb\u00fcrstete Keramikl\u00fcnette mit matter Chromnitrid-Tachymeterskala abgerundet. Auch das Zifferblatt besteht aus polierter schwarzer Keramik und ist mit zwei Z\u00e4hlern bei 3 und 9 Uhr, die von&#8230;  <a class=\"excerpt-read-more\" href=\"https:\/\/galli.ch\/en\/uhren\/omega\/speedmaster\/dark-side-of-the-moon-311-92-44-51-01-007\/\" title=\"Read Omega Dark Side of the Moon Chronograph 44.25\">Weiter &raquo;<\/a><\/p>\n","protected":false},"featured_media":3299,"template":"","meta":{"_acf_changed":false,"inline_featured_image":false},"product_brand":[],"product_cat":[188],"product_tag":[],"class_list":{"0":"post-2060","1":"product","2":"type-product","3":"status-publish","4":"has-post-thumbnail","6":"uhrenhersteller-omega","7":"uhrenhersteller-speedmaster","8":"product_cat-uhren","10":"first","11":"outofstock","12":"taxable","13":"shipping-taxable","14":"purchasable","15":"product-type-simple"},"acf":[],"yoast_head":"<!-- This site is optimized with the Yoast SEO plugin v25.5 - https:\/\/yoast.com\/wordpress\/plugins\/seo\/ -->\n<title>Omega Dark Side of the Moon Chronograph 44.25 - Galli Uhren Bijouterie<\/title>\n<meta name=\"robots\" content=\"index, follow, max-snippet:-1, max-image-preview:large, max-video-preview:-1\" \/>\n<link rel=\"canonical\" href=\"https:\/\/galli.ch\/uhren\/omega\/speedmaster\/dark-side-of-the-moon-311-92-44-51-01-007\/\" \/>\n<meta property=\"og:locale\" content=\"en_US\" \/>\n<meta property=\"og:type\" content=\"article\" \/>\n<meta property=\"og:title\" content=\"Omega Dark Side of the Moon Chronograph 44.25 - Galli Uhren Bijouterie\" \/>\n<meta property=\"og:description\" content=\"Diese robust wirkende Version der Moonwatch \u201eDark Side of the Moon\u201c kommt tief aus dem All. Das in einem St\u00fcck aus schwarzer Keramik gefertigte charakteristische 44,25-mm-Speedmaster-Geh\u00e4use wird durch eine geb\u00fcrstete Keramikl\u00fcnette mit matter Chromnitrid-Tachymeterskala abgerundet. Auch das Zifferblatt besteht aus polierter schwarzer Keramik und ist mit zwei Z\u00e4hlern bei 3 und 9 Uhr, die von... Weiter &raquo;\" \/>\n<meta property=\"og:url\" content=\"https:\/\/galli.ch\/uhren\/omega\/speedmaster\/dark-side-of-the-moon-311-92-44-51-01-007\/\" \/>\n<meta property=\"og:site_name\" content=\"Galli Uhren Bijouterie\" \/>\n<meta property=\"article:modified_time\" content=\"2026-03-30T08:18:18+00:00\" \/>\n<meta property=\"og:image\" content=\"https:\/\/galli.ch\/wp-content\/uploads\/311-92-44-51-01-003_small-1.png\" \/>\n\t<meta property=\"og:image:width\" content=\"500\" \/>\n\t<meta property=\"og:image:height\" content=\"700\" \/>\n\t<meta property=\"og:image:type\" content=\"image\/png\" \/>\n<meta name=\"twitter:card\" content=\"summary_large_image\" \/>\n<script type=\"application\/ld+json\" class=\"yoast-schema-graph\">{\"@context\":\"https:\/\/schema.org\",\"@graph\":[{\"@type\":\"WebPage\",\"@id\":\"https:\/\/galli.ch\/uhren\/omega\/speedmaster\/dark-side-of-the-moon-311-92-44-51-01-007\/\",\"url\":\"https:\/\/galli.ch\/uhren\/omega\/speedmaster\/dark-side-of-the-moon-311-92-44-51-01-007\/\",\"name\":\"Omega Dark Side of the Moon Chronograph 44.25 - Galli Uhren Bijouterie\",\"isPartOf\":{\"@id\":\"http:\/\/galli.ch\/en\/#website\"},\"primaryImageOfPage\":{\"@id\":\"https:\/\/galli.ch\/uhren\/omega\/speedmaster\/dark-side-of-the-moon-311-92-44-51-01-007\/#primaryimage\"},\"image\":{\"@id\":\"https:\/\/galli.ch\/uhren\/omega\/speedmaster\/dark-side-of-the-moon-311-92-44-51-01-007\/#primaryimage\"},\"thumbnailUrl\":\"https:\/\/galli.ch\/wp-content\/uploads\/311-92-44-51-01-003_small-1.png\",\"datePublished\":\"2018-07-31T02:43:38+00:00\",\"dateModified\":\"2026-03-30T08:18:18+00:00\",\"breadcrumb\":{\"@id\":\"https:\/\/galli.ch\/uhren\/omega\/speedmaster\/dark-side-of-the-moon-311-92-44-51-01-007\/#breadcrumb\"},\"inLanguage\":\"en-US\",\"potentialAction\":[{\"@type\":\"ReadAction\",\"target\":[\"https:\/\/galli.ch\/uhren\/omega\/speedmaster\/dark-side-of-the-moon-311-92-44-51-01-007\/\"]}]},{\"@type\":\"ImageObject\",\"inLanguage\":\"en-US\",\"@id\":\"https:\/\/galli.ch\/uhren\/omega\/speedmaster\/dark-side-of-the-moon-311-92-44-51-01-007\/#primaryimage\",\"url\":\"https:\/\/galli.ch\/wp-content\/uploads\/311-92-44-51-01-003_small-1.png\",\"contentUrl\":\"https:\/\/galli.ch\/wp-content\/uploads\/311-92-44-51-01-003_small-1.png\",\"width\":500,\"height\":700,\"caption\":\"Omega Speedmaster\"},{\"@type\":\"BreadcrumbList\",\"@id\":\"https:\/\/galli.ch\/uhren\/omega\/speedmaster\/dark-side-of-the-moon-311-92-44-51-01-007\/#breadcrumb\",\"itemListElement\":[{\"@type\":\"ListItem\",\"position\":1,\"name\":\"Home\",\"item\":\"https:\/\/galli.ch\/en\/\"},{\"@type\":\"ListItem\",\"position\":2,\"name\":\"Uhren\",\"item\":\"https:\/\/galli.ch\/en\/uhren\/\"},{\"@type\":\"ListItem\",\"position\":3,\"name\":\"Omega Dark Side of the Moon Chronograph 44.25\"}]},{\"@type\":\"WebSite\",\"@id\":\"http:\/\/galli.ch\/en\/#website\",\"url\":\"http:\/\/galli.ch\/en\/\",\"name\":\"Galli Uhren Bijouterie\",\"description\":\"\",\"potentialAction\":[{\"@type\":\"SearchAction\",\"target\":{\"@type\":\"EntryPoint\",\"urlTemplate\":\"http:\/\/galli.ch\/en\/?s={search_term_string}\"},\"query-input\":{\"@type\":\"PropertyValueSpecification\",\"valueRequired\":true,\"valueName\":\"search_term_string\"}}],\"inLanguage\":\"en-US\"}]}<\/script>\n<!-- \/ Yoast SEO plugin. -->","yoast_head_json":{"title":"Omega Dark Side of the Moon Chronograph 44.25 - Galli Uhren Bijouterie","robots":{"index":"index","follow":"follow","max-snippet":"max-snippet:-1","max-image-preview":"max-image-preview:large","max-video-preview":"max-video-preview:-1"},"canonical":"https:\/\/galli.ch\/uhren\/omega\/speedmaster\/dark-side-of-the-moon-311-92-44-51-01-007\/","og_locale":"en_US","og_type":"article","og_title":"Omega Dark Side of the Moon Chronograph 44.25 - Galli Uhren Bijouterie","og_description":"Diese robust wirkende Version der Moonwatch \u201eDark Side of the Moon\u201c kommt tief aus dem All. Das in einem St\u00fcck aus schwarzer Keramik gefertigte charakteristische 44,25-mm-Speedmaster-Geh\u00e4use wird durch eine geb\u00fcrstete Keramikl\u00fcnette mit matter Chromnitrid-Tachymeterskala abgerundet. Auch das Zifferblatt besteht aus polierter schwarzer Keramik und ist mit zwei Z\u00e4hlern bei 3 und 9 Uhr, die von... Weiter &raquo;","og_url":"https:\/\/galli.ch\/uhren\/omega\/speedmaster\/dark-side-of-the-moon-311-92-44-51-01-007\/","og_site_name":"Galli Uhren Bijouterie","article_modified_time":"2026-03-30T08:18:18+00:00","og_image":[{"width":500,"height":700,"url":"https:\/\/galli.ch\/wp-content\/uploads\/311-92-44-51-01-003_small-1.png","type":"image\/png"}],"twitter_card":"summary_large_image","schema":{"@context":"https:\/\/schema.org","@graph":[{"@type":"WebPage","@id":"https:\/\/galli.ch\/uhren\/omega\/speedmaster\/dark-side-of-the-moon-311-92-44-51-01-007\/","url":"https:\/\/galli.ch\/uhren\/omega\/speedmaster\/dark-side-of-the-moon-311-92-44-51-01-007\/","name":"Omega Dark Side of the Moon Chronograph 44.25 - Galli Uhren Bijouterie","isPartOf":{"@id":"http:\/\/galli.ch\/en\/#website"},"primaryImageOfPage":{"@id":"https:\/\/galli.ch\/uhren\/omega\/speedmaster\/dark-side-of-the-moon-311-92-44-51-01-007\/#primaryimage"},"image":{"@id":"https:\/\/galli.ch\/uhren\/omega\/speedmaster\/dark-side-of-the-moon-311-92-44-51-01-007\/#primaryimage"},"thumbnailUrl":"https:\/\/galli.ch\/wp-content\/uploads\/311-92-44-51-01-003_small-1.png","datePublished":"2018-07-31T02:43:38+00:00","dateModified":"2026-03-30T08:18:18+00:00","breadcrumb":{"@id":"https:\/\/galli.ch\/uhren\/omega\/speedmaster\/dark-side-of-the-moon-311-92-44-51-01-007\/#breadcrumb"},"inLanguage":"en-US","potentialAction":[{"@type":"ReadAction","target":["https:\/\/galli.ch\/uhren\/omega\/speedmaster\/dark-side-of-the-moon-311-92-44-51-01-007\/"]}]},{"@type":"ImageObject","inLanguage":"en-US","@id":"https:\/\/galli.ch\/uhren\/omega\/speedmaster\/dark-side-of-the-moon-311-92-44-51-01-007\/#primaryimage","url":"https:\/\/galli.ch\/wp-content\/uploads\/311-92-44-51-01-003_small-1.png","contentUrl":"https:\/\/galli.ch\/wp-content\/uploads\/311-92-44-51-01-003_small-1.png","width":500,"height":700,"caption":"Omega Speedmaster"},{"@type":"BreadcrumbList","@id":"https:\/\/galli.ch\/uhren\/omega\/speedmaster\/dark-side-of-the-moon-311-92-44-51-01-007\/#breadcrumb","itemListElement":[{"@type":"ListItem","position":1,"name":"Home","item":"https:\/\/galli.ch\/en\/"},{"@type":"ListItem","position":2,"name":"Uhren","item":"https:\/\/galli.ch\/en\/uhren\/"},{"@type":"ListItem","position":3,"name":"Omega Dark Side of the Moon Chronograph 44.25"}]},{"@type":"WebSite","@id":"http:\/\/galli.ch\/en\/#website","url":"http:\/\/galli.ch\/en\/","name":"Galli Uhren Bijouterie","description":"","potentialAction":[{"@type":"SearchAction","target":{"@type":"EntryPoint","urlTemplate":"http:\/\/galli.ch\/en\/?s={search_term_string}"},"query-input":{"@type":"PropertyValueSpecification","valueRequired":true,"valueName":"search_term_string"}}],"inLanguage":"en-US"}]}},"_links":{"self":[{"href":"https:\/\/galli.ch\/en\/wp-json\/wp\/v2\/product\/2060","targetHints":{"allow":["GET"]}}],"collection":[{"href":"https:\/\/galli.ch\/en\/wp-json\/wp\/v2\/product"}],"about":[{"href":"https:\/\/galli.ch\/en\/wp-json\/wp\/v2\/types\/product"}],"wp:featuredmedia":[{"embeddable":true,"href":"https:\/\/galli.ch\/en\/wp-json\/wp\/v2\/media\/3299"}],"wp:attachment":[{"href":"https:\/\/galli.ch\/en\/wp-json\/wp\/v2\/media?parent=2060"}],"wp:term":[{"taxonomy":"product_brand","embeddable":true,"href":"https:\/\/galli.ch\/en\/wp-json\/wp\/v2\/product_brand?post=2060"},{"taxonomy":"product_cat","embeddable":true,"href":"https:\/\/galli.ch\/en\/wp-json\/wp\/v2\/product_cat?post=2060"},{"taxonomy":"product_tag","embeddable":true,"href":"https:\/\/galli.ch\/en\/wp-json\/wp\/v2\/product_tag?post=2060"}],"curies":[{"name":"wp","href":"https:\/\/api.w.org\/{rel}","templated":true}]}}