{"id":2064,"date":"2018-07-31T02:43:54","date_gmt":"2018-07-31T02:43:54","guid":{"rendered":"http:\/\/galli.ch\/?post_type=uhren&#038;p=2064"},"modified":"2026-03-30T10:18:20","modified_gmt":"2026-03-30T08:18:20","slug":"racing-329-30-44-51-04-001","status":"publish","type":"product","link":"https:\/\/galli.ch\/en\/uhren\/omega\/speedmaster\/racing-329-30-44-51-04-001\/","title":{"rendered":"Omega Racing Master Chronometer Chronograph 44,25"},"content":{"rendered":"<p>Dieses Speedmaster Racing Master Chronometer-Modell kennzeichnet ein 44,25-mm-Geh\u00e4use aus Edelstahl mit Edelstahlarmband und einem L\u00fcnettenring aus schwarzer Keramik, der mit der ber\u00fchmten mit weissem Email gef\u00fcllten Tachymeterskala versehen ist.<\/p>\n<p>Auf dem weissen Zifferblatt findet sich ein markanter Minutenring im \u201eRacing\u201c-Stil, dem die Uhr ihren Namen verdankt. Auch gibt es zwei Hilfszifferbl\u00e4tter mit geschw\u00e4rzten applizierten Ringen sowie ein Datumsfenster bei 6 Uhr, das farblich auf das Zifferblatt abgestimmt ist. Der Stunden- und Minutenzeiger und die Indizes mit Pfeilspitzen sind geschw\u00e4rzt und mit weisser Super-LumiNova versehen. Zu den orangefarbenen Akzenten geh\u00f6ren der \u201eSpeedmaster\u201c-Schriftzug und die Spitze des zentralen Sekundenzeigers.<\/p>\n<p>Angetrieben wird die Uhr von OMEGAs Co-Axial Master Chronometer 9900, das vom METAS nach dem h\u00f6chsten Branchenstandard zertifiziert wurde.<\/p>\n","protected":false},"excerpt":{"rendered":"<p>Dieses Speedmaster Racing Master Chronometer-Modell kennzeichnet ein 44,25-mm-Geh\u00e4use aus Edelstahl mit Edelstahlarmband und einem L\u00fcnettenring aus schwarzer Keramik, der mit der ber\u00fchmten mit weissem Email gef\u00fcllten Tachymeterskala versehen ist. Auf dem weissen Zifferblatt findet sich ein markanter Minutenring im \u201eRacing\u201c-Stil, dem die Uhr ihren Namen verdankt. Auch gibt es zwei Hilfszifferbl\u00e4tter mit geschw\u00e4rzten applizierten Ringen&#8230;  <a class=\"excerpt-read-more\" href=\"https:\/\/galli.ch\/en\/uhren\/omega\/speedmaster\/racing-329-30-44-51-04-001\/\" title=\"Read Omega Racing Master Chronometer Chronograph 44,25\">Weiter &raquo;<\/a><\/p>\n","protected":false},"featured_media":2033,"template":"","meta":{"_acf_changed":false,"inline_featured_image":false},"product_brand":[],"product_cat":[188],"product_tag":[],"class_list":{"0":"post-2064","1":"product","2":"type-product","3":"status-publish","4":"has-post-thumbnail","6":"uhrenhersteller-omega","7":"uhrenhersteller-speedmaster","8":"product_cat-uhren","10":"first","11":"outofstock","12":"taxable","13":"shipping-taxable","14":"purchasable","15":"product-type-simple"},"acf":[],"yoast_head":"<!-- This site is optimized with the Yoast SEO plugin v25.5 - https:\/\/yoast.com\/wordpress\/plugins\/seo\/ -->\n<title>Omega Racing Master Chronometer Chronograph 44,25 - Galli Uhren Bijouterie<\/title>\n<meta name=\"robots\" content=\"index, follow, max-snippet:-1, max-image-preview:large, max-video-preview:-1\" \/>\n<link rel=\"canonical\" href=\"https:\/\/galli.ch\/uhren\/omega\/speedmaster\/racing-329-30-44-51-04-001\/\" \/>\n<meta property=\"og:locale\" content=\"en_US\" \/>\n<meta property=\"og:type\" content=\"article\" \/>\n<meta property=\"og:title\" content=\"Omega Racing Master Chronometer Chronograph 44,25 - Galli Uhren Bijouterie\" \/>\n<meta property=\"og:description\" content=\"Dieses Speedmaster Racing Master Chronometer-Modell kennzeichnet ein 44,25-mm-Geh\u00e4use aus Edelstahl mit Edelstahlarmband und einem L\u00fcnettenring aus schwarzer Keramik, der mit der ber\u00fchmten mit weissem Email gef\u00fcllten Tachymeterskala versehen ist. Auf dem weissen Zifferblatt findet sich ein markanter Minutenring im \u201eRacing\u201c-Stil, dem die Uhr ihren Namen verdankt. Auch gibt es zwei Hilfszifferbl\u00e4tter mit geschw\u00e4rzten applizierten Ringen... Weiter &raquo;\" \/>\n<meta property=\"og:url\" content=\"https:\/\/galli.ch\/uhren\/omega\/speedmaster\/racing-329-30-44-51-04-001\/\" \/>\n<meta property=\"og:site_name\" content=\"Galli Uhren Bijouterie\" \/>\n<meta property=\"article:modified_time\" content=\"2026-03-30T08:18:20+00:00\" \/>\n<meta property=\"og:image\" content=\"https:\/\/galli.ch\/wp-content\/uploads\/329-30-44-51-04-001.png\" \/>\n\t<meta property=\"og:image:width\" content=\"1000\" \/>\n\t<meta property=\"og:image:height\" content=\"1400\" \/>\n\t<meta property=\"og:image:type\" content=\"image\/png\" \/>\n<meta name=\"twitter:card\" content=\"summary_large_image\" \/>\n<script type=\"application\/ld+json\" class=\"yoast-schema-graph\">{\"@context\":\"https:\/\/schema.org\",\"@graph\":[{\"@type\":\"WebPage\",\"@id\":\"https:\/\/galli.ch\/uhren\/omega\/speedmaster\/racing-329-30-44-51-04-001\/\",\"url\":\"https:\/\/galli.ch\/uhren\/omega\/speedmaster\/racing-329-30-44-51-04-001\/\",\"name\":\"Omega Racing Master Chronometer Chronograph 44,25 - Galli Uhren Bijouterie\",\"isPartOf\":{\"@id\":\"http:\/\/galli.ch\/en\/#website\"},\"primaryImageOfPage\":{\"@id\":\"https:\/\/galli.ch\/uhren\/omega\/speedmaster\/racing-329-30-44-51-04-001\/#primaryimage\"},\"image\":{\"@id\":\"https:\/\/galli.ch\/uhren\/omega\/speedmaster\/racing-329-30-44-51-04-001\/#primaryimage\"},\"thumbnailUrl\":\"https:\/\/galli.ch\/wp-content\/uploads\/329-30-44-51-04-001.png\",\"datePublished\":\"2018-07-31T02:43:54+00:00\",\"dateModified\":\"2026-03-30T08:18:20+00:00\",\"breadcrumb\":{\"@id\":\"https:\/\/galli.ch\/uhren\/omega\/speedmaster\/racing-329-30-44-51-04-001\/#breadcrumb\"},\"inLanguage\":\"en-US\",\"potentialAction\":[{\"@type\":\"ReadAction\",\"target\":[\"https:\/\/galli.ch\/uhren\/omega\/speedmaster\/racing-329-30-44-51-04-001\/\"]}]},{\"@type\":\"ImageObject\",\"inLanguage\":\"en-US\",\"@id\":\"https:\/\/galli.ch\/uhren\/omega\/speedmaster\/racing-329-30-44-51-04-001\/#primaryimage\",\"url\":\"https:\/\/galli.ch\/wp-content\/uploads\/329-30-44-51-04-001.png\",\"contentUrl\":\"https:\/\/galli.ch\/wp-content\/uploads\/329-30-44-51-04-001.png\",\"width\":1000,\"height\":1400,\"caption\":\"Omega Speedmaster\"},{\"@type\":\"BreadcrumbList\",\"@id\":\"https:\/\/galli.ch\/uhren\/omega\/speedmaster\/racing-329-30-44-51-04-001\/#breadcrumb\",\"itemListElement\":[{\"@type\":\"ListItem\",\"position\":1,\"name\":\"Home\",\"item\":\"https:\/\/galli.ch\/en\/\"},{\"@type\":\"ListItem\",\"position\":2,\"name\":\"Uhren\",\"item\":\"https:\/\/galli.ch\/en\/uhren\/\"},{\"@type\":\"ListItem\",\"position\":3,\"name\":\"Omega Racing Master Chronometer Chronograph 44,25\"}]},{\"@type\":\"WebSite\",\"@id\":\"http:\/\/galli.ch\/en\/#website\",\"url\":\"http:\/\/galli.ch\/en\/\",\"name\":\"Galli Uhren Bijouterie\",\"description\":\"\",\"potentialAction\":[{\"@type\":\"SearchAction\",\"target\":{\"@type\":\"EntryPoint\",\"urlTemplate\":\"http:\/\/galli.ch\/en\/?s={search_term_string}\"},\"query-input\":{\"@type\":\"PropertyValueSpecification\",\"valueRequired\":true,\"valueName\":\"search_term_string\"}}],\"inLanguage\":\"en-US\"}]}<\/script>\n<!-- \/ Yoast SEO plugin. -->","yoast_head_json":{"title":"Omega Racing Master Chronometer Chronograph 44,25 - Galli Uhren Bijouterie","robots":{"index":"index","follow":"follow","max-snippet":"max-snippet:-1","max-image-preview":"max-image-preview:large","max-video-preview":"max-video-preview:-1"},"canonical":"https:\/\/galli.ch\/uhren\/omega\/speedmaster\/racing-329-30-44-51-04-001\/","og_locale":"en_US","og_type":"article","og_title":"Omega Racing Master Chronometer Chronograph 44,25 - Galli Uhren Bijouterie","og_description":"Dieses Speedmaster Racing Master Chronometer-Modell kennzeichnet ein 44,25-mm-Geh\u00e4use aus Edelstahl mit Edelstahlarmband und einem L\u00fcnettenring aus schwarzer Keramik, der mit der ber\u00fchmten mit weissem Email gef\u00fcllten Tachymeterskala versehen ist. Auf dem weissen Zifferblatt findet sich ein markanter Minutenring im \u201eRacing\u201c-Stil, dem die Uhr ihren Namen verdankt. Auch gibt es zwei Hilfszifferbl\u00e4tter mit geschw\u00e4rzten applizierten Ringen... Weiter &raquo;","og_url":"https:\/\/galli.ch\/uhren\/omega\/speedmaster\/racing-329-30-44-51-04-001\/","og_site_name":"Galli Uhren Bijouterie","article_modified_time":"2026-03-30T08:18:20+00:00","og_image":[{"width":1000,"height":1400,"url":"https:\/\/galli.ch\/wp-content\/uploads\/329-30-44-51-04-001.png","type":"image\/png"}],"twitter_card":"summary_large_image","schema":{"@context":"https:\/\/schema.org","@graph":[{"@type":"WebPage","@id":"https:\/\/galli.ch\/uhren\/omega\/speedmaster\/racing-329-30-44-51-04-001\/","url":"https:\/\/galli.ch\/uhren\/omega\/speedmaster\/racing-329-30-44-51-04-001\/","name":"Omega Racing Master Chronometer Chronograph 44,25 - Galli Uhren Bijouterie","isPartOf":{"@id":"http:\/\/galli.ch\/en\/#website"},"primaryImageOfPage":{"@id":"https:\/\/galli.ch\/uhren\/omega\/speedmaster\/racing-329-30-44-51-04-001\/#primaryimage"},"image":{"@id":"https:\/\/galli.ch\/uhren\/omega\/speedmaster\/racing-329-30-44-51-04-001\/#primaryimage"},"thumbnailUrl":"https:\/\/galli.ch\/wp-content\/uploads\/329-30-44-51-04-001.png","datePublished":"2018-07-31T02:43:54+00:00","dateModified":"2026-03-30T08:18:20+00:00","breadcrumb":{"@id":"https:\/\/galli.ch\/uhren\/omega\/speedmaster\/racing-329-30-44-51-04-001\/#breadcrumb"},"inLanguage":"en-US","potentialAction":[{"@type":"ReadAction","target":["https:\/\/galli.ch\/uhren\/omega\/speedmaster\/racing-329-30-44-51-04-001\/"]}]},{"@type":"ImageObject","inLanguage":"en-US","@id":"https:\/\/galli.ch\/uhren\/omega\/speedmaster\/racing-329-30-44-51-04-001\/#primaryimage","url":"https:\/\/galli.ch\/wp-content\/uploads\/329-30-44-51-04-001.png","contentUrl":"https:\/\/galli.ch\/wp-content\/uploads\/329-30-44-51-04-001.png","width":1000,"height":1400,"caption":"Omega Speedmaster"},{"@type":"BreadcrumbList","@id":"https:\/\/galli.ch\/uhren\/omega\/speedmaster\/racing-329-30-44-51-04-001\/#breadcrumb","itemListElement":[{"@type":"ListItem","position":1,"name":"Home","item":"https:\/\/galli.ch\/en\/"},{"@type":"ListItem","position":2,"name":"Uhren","item":"https:\/\/galli.ch\/en\/uhren\/"},{"@type":"ListItem","position":3,"name":"Omega Racing Master Chronometer Chronograph 44,25"}]},{"@type":"WebSite","@id":"http:\/\/galli.ch\/en\/#website","url":"http:\/\/galli.ch\/en\/","name":"Galli Uhren Bijouterie","description":"","potentialAction":[{"@type":"SearchAction","target":{"@type":"EntryPoint","urlTemplate":"http:\/\/galli.ch\/en\/?s={search_term_string}"},"query-input":{"@type":"PropertyValueSpecification","valueRequired":true,"valueName":"search_term_string"}}],"inLanguage":"en-US"}]}},"_links":{"self":[{"href":"https:\/\/galli.ch\/en\/wp-json\/wp\/v2\/product\/2064","targetHints":{"allow":["GET"]}}],"collection":[{"href":"https:\/\/galli.ch\/en\/wp-json\/wp\/v2\/product"}],"about":[{"href":"https:\/\/galli.ch\/en\/wp-json\/wp\/v2\/types\/product"}],"wp:featuredmedia":[{"embeddable":true,"href":"https:\/\/galli.ch\/en\/wp-json\/wp\/v2\/media\/2033"}],"wp:attachment":[{"href":"https:\/\/galli.ch\/en\/wp-json\/wp\/v2\/media?parent=2064"}],"wp:term":[{"taxonomy":"product_brand","embeddable":true,"href":"https:\/\/galli.ch\/en\/wp-json\/wp\/v2\/product_brand?post=2064"},{"taxonomy":"product_cat","embeddable":true,"href":"https:\/\/galli.ch\/en\/wp-json\/wp\/v2\/product_cat?post=2064"},{"taxonomy":"product_tag","embeddable":true,"href":"https:\/\/galli.ch\/en\/wp-json\/wp\/v2\/product_tag?post=2064"}],"curies":[{"name":"wp","href":"https:\/\/api.w.org\/{rel}","templated":true}]}}