{"id":2066,"date":"2018-07-31T02:47:28","date_gmt":"2018-07-31T02:47:28","guid":{"rendered":"http:\/\/galli.ch\/?post_type=uhren&#038;p=2066"},"modified":"2026-03-30T10:18:11","modified_gmt":"2026-03-30T08:18:11","slug":"moonphase-304-30-44-52-01-001","status":"publish","type":"product","link":"https:\/\/galli.ch\/en\/uhren\/omega\/speedmaster\/moonphase-304-30-44-52-01-001\/","title":{"rendered":"Omega Speedmaster Master Chronometer Moonphase Chronograph 44,25"},"content":{"rendered":"<p>Die Speedmaster, die bei allen sechs Mondmissionen dabei war, geh\u00f6rt zu OMEGAs legend\u00e4rsten Zeitmessern. In Anlehnung an den Entdeckergeist verf\u00fcgt diese neue Moonphase \u00fcber zwei extrem kleine, aber fotorealistische Monde.<\/p>\n<p>Dieses 44,25 mm grosse Modell wartet mit einem schwarzen Zifferblatt mit Sonnenschliff und rhodinierten Indizes und Zeigern auf. Bei 6 Uhr findet sich die pr\u00e4zise Mondphasenanzeige, die durch eine mikrostrukturierte metallische Kristallscheibe, die eine hochaufl\u00f6sende Darstellung des Mondes bietet, besticht.<\/p>\n<p>Das Geh\u00e4use aus Edelstahl, das durch einen L\u00fcnettenring aus schwarzer Keramik mit Tachymeterskala aus Liquidmetal\u2122 erg\u00e4nzt wird, ist mit einem Edelstahlarmband mit polierter und geb\u00fcrsteter Faltschlie\u00dfe ausgestattet.<\/p>\n<p>Angetrieben wird der Zeitmesser von OMEGAs Co-Axial Master Chronometer-Kaliber 9904, das offiziell vom METAS zertifiziert wurde.<\/p>\n","protected":false},"excerpt":{"rendered":"<p>Die Speedmaster, die bei allen sechs Mondmissionen dabei war, geh\u00f6rt zu OMEGAs legend\u00e4rsten Zeitmessern. In Anlehnung an den Entdeckergeist verf\u00fcgt diese neue Moonphase \u00fcber zwei extrem kleine, aber fotorealistische Monde. Dieses 44,25 mm grosse Modell wartet mit einem schwarzen Zifferblatt mit Sonnenschliff und rhodinierten Indizes und Zeigern auf. Bei 6 Uhr findet sich die pr\u00e4zise&#8230;  <a class=\"excerpt-read-more\" href=\"https:\/\/galli.ch\/en\/uhren\/omega\/speedmaster\/moonphase-304-30-44-52-01-001\/\" title=\"Read Omega Speedmaster Master Chronometer Moonphase Chronograph 44,25\">Weiter &raquo;<\/a><\/p>\n","protected":false},"featured_media":2023,"template":"","meta":{"_acf_changed":false,"inline_featured_image":false},"product_brand":[],"product_cat":[188],"product_tag":[],"class_list":{"0":"post-2066","1":"product","2":"type-product","3":"status-publish","4":"has-post-thumbnail","6":"uhrenhersteller-omega","7":"uhrenhersteller-speedmaster","8":"product_cat-uhren","10":"first","11":"instock","12":"taxable","13":"shipping-taxable","14":"purchasable","15":"product-type-simple"},"acf":[],"yoast_head":"<!-- This site is optimized with the Yoast SEO plugin v25.5 - https:\/\/yoast.com\/wordpress\/plugins\/seo\/ -->\n<title>Omega Speedmaster Master Chronometer Moonphase Chronograph 44,25 - Galli Uhren Bijouterie<\/title>\n<meta name=\"robots\" content=\"index, follow, max-snippet:-1, max-image-preview:large, max-video-preview:-1\" \/>\n<link rel=\"canonical\" href=\"https:\/\/galli.ch\/uhren\/omega\/speedmaster\/moonphase-304-30-44-52-01-001\/\" \/>\n<meta property=\"og:locale\" content=\"en_US\" \/>\n<meta property=\"og:type\" content=\"article\" \/>\n<meta property=\"og:title\" content=\"Omega Speedmaster Master Chronometer Moonphase Chronograph 44,25 - Galli Uhren Bijouterie\" \/>\n<meta property=\"og:description\" content=\"Die Speedmaster, die bei allen sechs Mondmissionen dabei war, geh\u00f6rt zu OMEGAs legend\u00e4rsten Zeitmessern. In Anlehnung an den Entdeckergeist verf\u00fcgt diese neue Moonphase \u00fcber zwei extrem kleine, aber fotorealistische Monde. Dieses 44,25 mm grosse Modell wartet mit einem schwarzen Zifferblatt mit Sonnenschliff und rhodinierten Indizes und Zeigern auf. Bei 6 Uhr findet sich die pr\u00e4zise... Weiter &raquo;\" \/>\n<meta property=\"og:url\" content=\"https:\/\/galli.ch\/uhren\/omega\/speedmaster\/moonphase-304-30-44-52-01-001\/\" \/>\n<meta property=\"og:site_name\" content=\"Galli Uhren Bijouterie\" \/>\n<meta property=\"article:modified_time\" content=\"2026-03-30T08:18:11+00:00\" \/>\n<meta property=\"og:image\" content=\"https:\/\/galli.ch\/wp-content\/uploads\/304-30-44-52-01-001.png\" \/>\n\t<meta property=\"og:image:width\" content=\"1000\" \/>\n\t<meta property=\"og:image:height\" content=\"1400\" \/>\n\t<meta property=\"og:image:type\" content=\"image\/png\" \/>\n<meta name=\"twitter:card\" content=\"summary_large_image\" \/>\n<script type=\"application\/ld+json\" class=\"yoast-schema-graph\">{\"@context\":\"https:\/\/schema.org\",\"@graph\":[{\"@type\":\"WebPage\",\"@id\":\"https:\/\/galli.ch\/uhren\/omega\/speedmaster\/moonphase-304-30-44-52-01-001\/\",\"url\":\"https:\/\/galli.ch\/uhren\/omega\/speedmaster\/moonphase-304-30-44-52-01-001\/\",\"name\":\"Omega Speedmaster Master Chronometer Moonphase Chronograph 44,25 - Galli Uhren Bijouterie\",\"isPartOf\":{\"@id\":\"http:\/\/galli.ch\/en\/#website\"},\"primaryImageOfPage\":{\"@id\":\"https:\/\/galli.ch\/uhren\/omega\/speedmaster\/moonphase-304-30-44-52-01-001\/#primaryimage\"},\"image\":{\"@id\":\"https:\/\/galli.ch\/uhren\/omega\/speedmaster\/moonphase-304-30-44-52-01-001\/#primaryimage\"},\"thumbnailUrl\":\"https:\/\/galli.ch\/wp-content\/uploads\/304-30-44-52-01-001.png\",\"datePublished\":\"2018-07-31T02:47:28+00:00\",\"dateModified\":\"2026-03-30T08:18:11+00:00\",\"breadcrumb\":{\"@id\":\"https:\/\/galli.ch\/uhren\/omega\/speedmaster\/moonphase-304-30-44-52-01-001\/#breadcrumb\"},\"inLanguage\":\"en-US\",\"potentialAction\":[{\"@type\":\"ReadAction\",\"target\":[\"https:\/\/galli.ch\/uhren\/omega\/speedmaster\/moonphase-304-30-44-52-01-001\/\"]}]},{\"@type\":\"ImageObject\",\"inLanguage\":\"en-US\",\"@id\":\"https:\/\/galli.ch\/uhren\/omega\/speedmaster\/moonphase-304-30-44-52-01-001\/#primaryimage\",\"url\":\"https:\/\/galli.ch\/wp-content\/uploads\/304-30-44-52-01-001.png\",\"contentUrl\":\"https:\/\/galli.ch\/wp-content\/uploads\/304-30-44-52-01-001.png\",\"width\":1000,\"height\":1400,\"caption\":\"Omega Speedmaster\"},{\"@type\":\"BreadcrumbList\",\"@id\":\"https:\/\/galli.ch\/uhren\/omega\/speedmaster\/moonphase-304-30-44-52-01-001\/#breadcrumb\",\"itemListElement\":[{\"@type\":\"ListItem\",\"position\":1,\"name\":\"Home\",\"item\":\"https:\/\/galli.ch\/en\/\"},{\"@type\":\"ListItem\",\"position\":2,\"name\":\"Uhren\",\"item\":\"https:\/\/galli.ch\/en\/uhren\/\"},{\"@type\":\"ListItem\",\"position\":3,\"name\":\"Omega Speedmaster Master Chronometer Moonphase Chronograph 44,25\"}]},{\"@type\":\"WebSite\",\"@id\":\"http:\/\/galli.ch\/en\/#website\",\"url\":\"http:\/\/galli.ch\/en\/\",\"name\":\"Galli Uhren Bijouterie\",\"description\":\"\",\"potentialAction\":[{\"@type\":\"SearchAction\",\"target\":{\"@type\":\"EntryPoint\",\"urlTemplate\":\"http:\/\/galli.ch\/en\/?s={search_term_string}\"},\"query-input\":{\"@type\":\"PropertyValueSpecification\",\"valueRequired\":true,\"valueName\":\"search_term_string\"}}],\"inLanguage\":\"en-US\"}]}<\/script>\n<!-- \/ Yoast SEO plugin. -->","yoast_head_json":{"title":"Omega Speedmaster Master Chronometer Moonphase Chronograph 44,25 - Galli Uhren Bijouterie","robots":{"index":"index","follow":"follow","max-snippet":"max-snippet:-1","max-image-preview":"max-image-preview:large","max-video-preview":"max-video-preview:-1"},"canonical":"https:\/\/galli.ch\/uhren\/omega\/speedmaster\/moonphase-304-30-44-52-01-001\/","og_locale":"en_US","og_type":"article","og_title":"Omega Speedmaster Master Chronometer Moonphase Chronograph 44,25 - Galli Uhren Bijouterie","og_description":"Die Speedmaster, die bei allen sechs Mondmissionen dabei war, geh\u00f6rt zu OMEGAs legend\u00e4rsten Zeitmessern. In Anlehnung an den Entdeckergeist verf\u00fcgt diese neue Moonphase \u00fcber zwei extrem kleine, aber fotorealistische Monde. Dieses 44,25 mm grosse Modell wartet mit einem schwarzen Zifferblatt mit Sonnenschliff und rhodinierten Indizes und Zeigern auf. Bei 6 Uhr findet sich die pr\u00e4zise... Weiter &raquo;","og_url":"https:\/\/galli.ch\/uhren\/omega\/speedmaster\/moonphase-304-30-44-52-01-001\/","og_site_name":"Galli Uhren Bijouterie","article_modified_time":"2026-03-30T08:18:11+00:00","og_image":[{"width":1000,"height":1400,"url":"https:\/\/galli.ch\/wp-content\/uploads\/304-30-44-52-01-001.png","type":"image\/png"}],"twitter_card":"summary_large_image","schema":{"@context":"https:\/\/schema.org","@graph":[{"@type":"WebPage","@id":"https:\/\/galli.ch\/uhren\/omega\/speedmaster\/moonphase-304-30-44-52-01-001\/","url":"https:\/\/galli.ch\/uhren\/omega\/speedmaster\/moonphase-304-30-44-52-01-001\/","name":"Omega Speedmaster Master Chronometer Moonphase Chronograph 44,25 - Galli Uhren Bijouterie","isPartOf":{"@id":"http:\/\/galli.ch\/en\/#website"},"primaryImageOfPage":{"@id":"https:\/\/galli.ch\/uhren\/omega\/speedmaster\/moonphase-304-30-44-52-01-001\/#primaryimage"},"image":{"@id":"https:\/\/galli.ch\/uhren\/omega\/speedmaster\/moonphase-304-30-44-52-01-001\/#primaryimage"},"thumbnailUrl":"https:\/\/galli.ch\/wp-content\/uploads\/304-30-44-52-01-001.png","datePublished":"2018-07-31T02:47:28+00:00","dateModified":"2026-03-30T08:18:11+00:00","breadcrumb":{"@id":"https:\/\/galli.ch\/uhren\/omega\/speedmaster\/moonphase-304-30-44-52-01-001\/#breadcrumb"},"inLanguage":"en-US","potentialAction":[{"@type":"ReadAction","target":["https:\/\/galli.ch\/uhren\/omega\/speedmaster\/moonphase-304-30-44-52-01-001\/"]}]},{"@type":"ImageObject","inLanguage":"en-US","@id":"https:\/\/galli.ch\/uhren\/omega\/speedmaster\/moonphase-304-30-44-52-01-001\/#primaryimage","url":"https:\/\/galli.ch\/wp-content\/uploads\/304-30-44-52-01-001.png","contentUrl":"https:\/\/galli.ch\/wp-content\/uploads\/304-30-44-52-01-001.png","width":1000,"height":1400,"caption":"Omega Speedmaster"},{"@type":"BreadcrumbList","@id":"https:\/\/galli.ch\/uhren\/omega\/speedmaster\/moonphase-304-30-44-52-01-001\/#breadcrumb","itemListElement":[{"@type":"ListItem","position":1,"name":"Home","item":"https:\/\/galli.ch\/en\/"},{"@type":"ListItem","position":2,"name":"Uhren","item":"https:\/\/galli.ch\/en\/uhren\/"},{"@type":"ListItem","position":3,"name":"Omega Speedmaster Master Chronometer Moonphase Chronograph 44,25"}]},{"@type":"WebSite","@id":"http:\/\/galli.ch\/en\/#website","url":"http:\/\/galli.ch\/en\/","name":"Galli Uhren Bijouterie","description":"","potentialAction":[{"@type":"SearchAction","target":{"@type":"EntryPoint","urlTemplate":"http:\/\/galli.ch\/en\/?s={search_term_string}"},"query-input":{"@type":"PropertyValueSpecification","valueRequired":true,"valueName":"search_term_string"}}],"inLanguage":"en-US"}]}},"_links":{"self":[{"href":"https:\/\/galli.ch\/en\/wp-json\/wp\/v2\/product\/2066","targetHints":{"allow":["GET"]}}],"collection":[{"href":"https:\/\/galli.ch\/en\/wp-json\/wp\/v2\/product"}],"about":[{"href":"https:\/\/galli.ch\/en\/wp-json\/wp\/v2\/types\/product"}],"wp:featuredmedia":[{"embeddable":true,"href":"https:\/\/galli.ch\/en\/wp-json\/wp\/v2\/media\/2023"}],"wp:attachment":[{"href":"https:\/\/galli.ch\/en\/wp-json\/wp\/v2\/media?parent=2066"}],"wp:term":[{"taxonomy":"product_brand","embeddable":true,"href":"https:\/\/galli.ch\/en\/wp-json\/wp\/v2\/product_brand?post=2066"},{"taxonomy":"product_cat","embeddable":true,"href":"https:\/\/galli.ch\/en\/wp-json\/wp\/v2\/product_cat?post=2066"},{"taxonomy":"product_tag","embeddable":true,"href":"https:\/\/galli.ch\/en\/wp-json\/wp\/v2\/product_tag?post=2066"}],"curies":[{"name":"wp","href":"https:\/\/api.w.org\/{rel}","templated":true}]}}