{"id":21197,"date":"2023-09-29T22:12:55","date_gmt":"2023-09-29T20:12:55","guid":{"rendered":"https:\/\/galli.ch\/?post_type=product&#038;p=21197"},"modified":"2026-03-30T10:12:10","modified_gmt":"2026-03-30T08:12:10","slug":"mini-dolcevita-l5-200-0-99-2","status":"publish","type":"product","link":"https:\/\/galli.ch\/en\/uhren\/longines\/elegant\/mini-dolcevita-l5-200-0-99-2\/","title":{"rendered":"Longines Mini DolceVita"},"content":{"rendered":"<p>Die Longines Mini DolceVita mag zwar klein sein, aber daf\u00fcr k\u00fcndigt sie ihre Ankunft umso gr\u00f6sser an. Mit ihrem dezenten Profil, dem klassischen Design und den \u00e4sthetischen Variationen, die zugleich modern und zeitlos sind, ist sie ein kleines, aber m\u00e4chtiges Meisterst\u00fcck, das den unaufdringlichen Luxus und die zeitgen\u00f6ssische Eleganz von Longines gleichermassen hervorragend zum Ausdruck bringt.<\/p>\n<p>Jede Referenz der Mini DolceVita Kollektion besitzt ein rechteckiges 21,50 mm x 29,00 mm grosses Edelstahlgeh\u00e4use und wird von einem h\u00f6chst pr\u00e4zisen L178 Quarz-Uhrwerk angetrieben.<\/p>\n","protected":false},"excerpt":{"rendered":"<p>Die Longines Mini DolceVita mag zwar klein sein, aber daf\u00fcr k\u00fcndigt sie ihre Ankunft umso gr\u00f6sser an. Mit ihrem dezenten Profil, dem klassischen Design und den \u00e4sthetischen Variationen, die zugleich modern und zeitlos sind, ist sie ein kleines, aber m\u00e4chtiges Meisterst\u00fcck, das den unaufdringlichen Luxus und die zeitgen\u00f6ssische Eleganz von Longines gleichermassen hervorragend zum Ausdruck&#8230;  <a class=\"excerpt-read-more\" href=\"https:\/\/galli.ch\/en\/uhren\/longines\/elegant\/mini-dolcevita-l5-200-0-99-2\/\" title=\"Read Longines Mini DolceVita\">Weiter &raquo;<\/a><\/p>\n","protected":false},"featured_media":20995,"template":"","meta":{"_acf_changed":false,"inline_featured_image":false},"product_brand":[],"product_cat":[188],"product_tag":[],"class_list":{"0":"post-21197","1":"product","2":"type-product","3":"status-publish","4":"has-post-thumbnail","6":"uhrenhersteller-longines","7":"uhrenhersteller-elegant","8":"product_cat-uhren","10":"first","11":"instock","12":"taxable","13":"shipping-taxable","14":"purchasable","15":"product-type-simple"},"acf":[],"yoast_head":"<!-- This site is optimized with the Yoast SEO plugin v25.5 - https:\/\/yoast.com\/wordpress\/plugins\/seo\/ -->\n<title>Longines Mini DolceVita - Galli Uhren Bijouterie<\/title>\n<meta name=\"robots\" content=\"index, follow, max-snippet:-1, max-image-preview:large, max-video-preview:-1\" \/>\n<link rel=\"canonical\" href=\"https:\/\/galli.ch\/uhren\/longines\/elegant\/mini-dolcevita-l5-200-0-99-2\/\" \/>\n<meta property=\"og:locale\" content=\"en_US\" \/>\n<meta property=\"og:type\" content=\"article\" \/>\n<meta property=\"og:title\" content=\"Longines Mini DolceVita - Galli Uhren Bijouterie\" \/>\n<meta property=\"og:description\" content=\"Die Longines Mini DolceVita mag zwar klein sein, aber daf\u00fcr k\u00fcndigt sie ihre Ankunft umso gr\u00f6sser an. Mit ihrem dezenten Profil, dem klassischen Design und den \u00e4sthetischen Variationen, die zugleich modern und zeitlos sind, ist sie ein kleines, aber m\u00e4chtiges Meisterst\u00fcck, das den unaufdringlichen Luxus und die zeitgen\u00f6ssische Eleganz von Longines gleichermassen hervorragend zum Ausdruck... Weiter &raquo;\" \/>\n<meta property=\"og:url\" content=\"https:\/\/galli.ch\/uhren\/longines\/elegant\/mini-dolcevita-l5-200-0-99-2\/\" \/>\n<meta property=\"og:site_name\" content=\"Galli Uhren Bijouterie\" \/>\n<meta property=\"article:modified_time\" content=\"2026-03-30T08:12:10+00:00\" \/>\n<meta property=\"og:image\" content=\"https:\/\/galli.ch\/wp-content\/uploads\/L5-200-0-99-2_SOL.png\" \/>\n\t<meta property=\"og:image:width\" content=\"1000\" \/>\n\t<meta property=\"og:image:height\" content=\"1400\" \/>\n\t<meta property=\"og:image:type\" content=\"image\/png\" \/>\n<meta name=\"twitter:card\" content=\"summary_large_image\" \/>\n<script type=\"application\/ld+json\" class=\"yoast-schema-graph\">{\"@context\":\"https:\/\/schema.org\",\"@graph\":[{\"@type\":\"WebPage\",\"@id\":\"https:\/\/galli.ch\/uhren\/longines\/elegant\/mini-dolcevita-l5-200-0-99-2\/\",\"url\":\"https:\/\/galli.ch\/uhren\/longines\/elegant\/mini-dolcevita-l5-200-0-99-2\/\",\"name\":\"Longines Mini DolceVita - Galli Uhren Bijouterie\",\"isPartOf\":{\"@id\":\"http:\/\/galli.ch\/en\/#website\"},\"primaryImageOfPage\":{\"@id\":\"https:\/\/galli.ch\/uhren\/longines\/elegant\/mini-dolcevita-l5-200-0-99-2\/#primaryimage\"},\"image\":{\"@id\":\"https:\/\/galli.ch\/uhren\/longines\/elegant\/mini-dolcevita-l5-200-0-99-2\/#primaryimage\"},\"thumbnailUrl\":\"https:\/\/galli.ch\/wp-content\/uploads\/L5-200-0-99-2_SOL.png\",\"datePublished\":\"2023-09-29T20:12:55+00:00\",\"dateModified\":\"2026-03-30T08:12:10+00:00\",\"breadcrumb\":{\"@id\":\"https:\/\/galli.ch\/uhren\/longines\/elegant\/mini-dolcevita-l5-200-0-99-2\/#breadcrumb\"},\"inLanguage\":\"en-US\",\"potentialAction\":[{\"@type\":\"ReadAction\",\"target\":[\"https:\/\/galli.ch\/uhren\/longines\/elegant\/mini-dolcevita-l5-200-0-99-2\/\"]}]},{\"@type\":\"ImageObject\",\"inLanguage\":\"en-US\",\"@id\":\"https:\/\/galli.ch\/uhren\/longines\/elegant\/mini-dolcevita-l5-200-0-99-2\/#primaryimage\",\"url\":\"https:\/\/galli.ch\/wp-content\/uploads\/L5-200-0-99-2_SOL.png\",\"contentUrl\":\"https:\/\/galli.ch\/wp-content\/uploads\/L5-200-0-99-2_SOL.png\",\"width\":1000,\"height\":1400,\"caption\":\"LONGINES_MINI_DOLCEVITA_zurich\"},{\"@type\":\"BreadcrumbList\",\"@id\":\"https:\/\/galli.ch\/uhren\/longines\/elegant\/mini-dolcevita-l5-200-0-99-2\/#breadcrumb\",\"itemListElement\":[{\"@type\":\"ListItem\",\"position\":1,\"name\":\"Home\",\"item\":\"https:\/\/galli.ch\/en\/\"},{\"@type\":\"ListItem\",\"position\":2,\"name\":\"Uhren\",\"item\":\"https:\/\/galli.ch\/en\/uhren\/\"},{\"@type\":\"ListItem\",\"position\":3,\"name\":\"Mini DolceVita\"}]},{\"@type\":\"WebSite\",\"@id\":\"http:\/\/galli.ch\/en\/#website\",\"url\":\"http:\/\/galli.ch\/en\/\",\"name\":\"Galli Uhren Bijouterie\",\"description\":\"\",\"potentialAction\":[{\"@type\":\"SearchAction\",\"target\":{\"@type\":\"EntryPoint\",\"urlTemplate\":\"http:\/\/galli.ch\/en\/?s={search_term_string}\"},\"query-input\":{\"@type\":\"PropertyValueSpecification\",\"valueRequired\":true,\"valueName\":\"search_term_string\"}}],\"inLanguage\":\"en-US\"}]}<\/script>\n<!-- \/ Yoast SEO plugin. -->","yoast_head_json":{"title":"Longines Mini DolceVita - Galli Uhren Bijouterie","robots":{"index":"index","follow":"follow","max-snippet":"max-snippet:-1","max-image-preview":"max-image-preview:large","max-video-preview":"max-video-preview:-1"},"canonical":"https:\/\/galli.ch\/uhren\/longines\/elegant\/mini-dolcevita-l5-200-0-99-2\/","og_locale":"en_US","og_type":"article","og_title":"Longines Mini DolceVita - Galli Uhren Bijouterie","og_description":"Die Longines Mini DolceVita mag zwar klein sein, aber daf\u00fcr k\u00fcndigt sie ihre Ankunft umso gr\u00f6sser an. Mit ihrem dezenten Profil, dem klassischen Design und den \u00e4sthetischen Variationen, die zugleich modern und zeitlos sind, ist sie ein kleines, aber m\u00e4chtiges Meisterst\u00fcck, das den unaufdringlichen Luxus und die zeitgen\u00f6ssische Eleganz von Longines gleichermassen hervorragend zum Ausdruck... Weiter &raquo;","og_url":"https:\/\/galli.ch\/uhren\/longines\/elegant\/mini-dolcevita-l5-200-0-99-2\/","og_site_name":"Galli Uhren Bijouterie","article_modified_time":"2026-03-30T08:12:10+00:00","og_image":[{"width":1000,"height":1400,"url":"https:\/\/galli.ch\/wp-content\/uploads\/L5-200-0-99-2_SOL.png","type":"image\/png"}],"twitter_card":"summary_large_image","schema":{"@context":"https:\/\/schema.org","@graph":[{"@type":"WebPage","@id":"https:\/\/galli.ch\/uhren\/longines\/elegant\/mini-dolcevita-l5-200-0-99-2\/","url":"https:\/\/galli.ch\/uhren\/longines\/elegant\/mini-dolcevita-l5-200-0-99-2\/","name":"Longines Mini DolceVita - Galli Uhren Bijouterie","isPartOf":{"@id":"http:\/\/galli.ch\/en\/#website"},"primaryImageOfPage":{"@id":"https:\/\/galli.ch\/uhren\/longines\/elegant\/mini-dolcevita-l5-200-0-99-2\/#primaryimage"},"image":{"@id":"https:\/\/galli.ch\/uhren\/longines\/elegant\/mini-dolcevita-l5-200-0-99-2\/#primaryimage"},"thumbnailUrl":"https:\/\/galli.ch\/wp-content\/uploads\/L5-200-0-99-2_SOL.png","datePublished":"2023-09-29T20:12:55+00:00","dateModified":"2026-03-30T08:12:10+00:00","breadcrumb":{"@id":"https:\/\/galli.ch\/uhren\/longines\/elegant\/mini-dolcevita-l5-200-0-99-2\/#breadcrumb"},"inLanguage":"en-US","potentialAction":[{"@type":"ReadAction","target":["https:\/\/galli.ch\/uhren\/longines\/elegant\/mini-dolcevita-l5-200-0-99-2\/"]}]},{"@type":"ImageObject","inLanguage":"en-US","@id":"https:\/\/galli.ch\/uhren\/longines\/elegant\/mini-dolcevita-l5-200-0-99-2\/#primaryimage","url":"https:\/\/galli.ch\/wp-content\/uploads\/L5-200-0-99-2_SOL.png","contentUrl":"https:\/\/galli.ch\/wp-content\/uploads\/L5-200-0-99-2_SOL.png","width":1000,"height":1400,"caption":"LONGINES_MINI_DOLCEVITA_zurich"},{"@type":"BreadcrumbList","@id":"https:\/\/galli.ch\/uhren\/longines\/elegant\/mini-dolcevita-l5-200-0-99-2\/#breadcrumb","itemListElement":[{"@type":"ListItem","position":1,"name":"Home","item":"https:\/\/galli.ch\/en\/"},{"@type":"ListItem","position":2,"name":"Uhren","item":"https:\/\/galli.ch\/en\/uhren\/"},{"@type":"ListItem","position":3,"name":"Mini DolceVita"}]},{"@type":"WebSite","@id":"http:\/\/galli.ch\/en\/#website","url":"http:\/\/galli.ch\/en\/","name":"Galli Uhren Bijouterie","description":"","potentialAction":[{"@type":"SearchAction","target":{"@type":"EntryPoint","urlTemplate":"http:\/\/galli.ch\/en\/?s={search_term_string}"},"query-input":{"@type":"PropertyValueSpecification","valueRequired":true,"valueName":"search_term_string"}}],"inLanguage":"en-US"}]}},"_links":{"self":[{"href":"https:\/\/galli.ch\/en\/wp-json\/wp\/v2\/product\/21197","targetHints":{"allow":["GET"]}}],"collection":[{"href":"https:\/\/galli.ch\/en\/wp-json\/wp\/v2\/product"}],"about":[{"href":"https:\/\/galli.ch\/en\/wp-json\/wp\/v2\/types\/product"}],"wp:featuredmedia":[{"embeddable":true,"href":"https:\/\/galli.ch\/en\/wp-json\/wp\/v2\/media\/20995"}],"wp:attachment":[{"href":"https:\/\/galli.ch\/en\/wp-json\/wp\/v2\/media?parent=21197"}],"wp:term":[{"taxonomy":"product_brand","embeddable":true,"href":"https:\/\/galli.ch\/en\/wp-json\/wp\/v2\/product_brand?post=21197"},{"taxonomy":"product_cat","embeddable":true,"href":"https:\/\/galli.ch\/en\/wp-json\/wp\/v2\/product_cat?post=21197"},{"taxonomy":"product_tag","embeddable":true,"href":"https:\/\/galli.ch\/en\/wp-json\/wp\/v2\/product_tag?post=21197"}],"curies":[{"name":"wp","href":"https:\/\/api.w.org\/{rel}","templated":true}]}}