{"id":21907,"date":"2023-11-04T19:18:41","date_gmt":"2023-11-04T18:18:41","guid":{"rendered":"https:\/\/galli.ch\/?post_type=product&#038;p=21907"},"modified":"2025-03-13T13:45:17","modified_gmt":"2025-03-13T12:45:17","slug":"ring-colour-design-9890-01-001","status":"publish","type":"product","link":"https:\/\/galli.ch\/en\/schmuck\/frieden\/ring-colour-design-9890-01-001\/","title":{"rendered":"Frieden RING COLOUR DESIGN"},"content":{"rendered":"<div class=\"ql-block\" data-block-id=\"block-105f27e5-e6d4-46df-a31c-40cb65419b65\">Seit jeher hat die \u00fcber hundert Jahre alte Schweizer Schmuckmanufaktur Frieden edelste Materialien zu kulturellen Werten verarbeitet.<\/div>\n<div class=\"ql-block\" data-block-id=\"block-41aacfb7-797e-4978-b10f-5fc02d9260e3\"><\/div>\n<div data-block-id=\"block-41aacfb7-797e-4978-b10f-5fc02d9260e3\"><\/div>\n<div class=\"ql-block\" data-block-id=\"block-6ab77d29-76e4-4a85-acfd-a294d679d8af\">Edelsteine, faszinierende Sch\u00e4tze tief aus der Erde, verzaubern seit jeher mit ihrer atemberaubenden Sch\u00f6nheit und ihrer Symbolik. Jeder Edelstein birgt eine einzigartige Geschichte, die \u00fcber Millionen von Jahren geformt wurde. Die schillernden Farben des Saphirs, das funkelnde Feuer des Diamants, die tiefgr\u00fcne Mystik des Smaragds \u2013 sie alle sprechen eine Sprache der Ewigkeit und Eleganz.<\/div>\n","protected":false},"excerpt":{"rendered":"<p>Seit jeher hat die \u00fcber hundert Jahre alte Schweizer Schmuckmanufaktur Frieden edelste Materialien zu kulturellen Werten verarbeitet. Edelsteine, faszinierende Sch\u00e4tze tief aus der Erde, verzaubern seit jeher mit ihrer atemberaubenden Sch\u00f6nheit und ihrer Symbolik. Jeder Edelstein birgt eine einzigartige Geschichte, die \u00fcber Millionen von Jahren geformt wurde. Die schillernden Farben des Saphirs, das funkelnde Feuer&#8230;  <a class=\"excerpt-read-more\" href=\"https:\/\/galli.ch\/en\/schmuck\/frieden\/ring-colour-design-9890-01-001\/\" title=\"Read Frieden RING COLOUR DESIGN\">Weiter &raquo;<\/a><\/p>\n","protected":false},"featured_media":21368,"template":"","meta":{"_acf_changed":false,"inline_featured_image":false},"product_brand":[],"product_cat":[189],"product_tag":[],"class_list":{"0":"post-21907","1":"product","2":"type-product","3":"status-publish","4":"has-post-thumbnail","6":"schmuckhersteller-frieden","7":"schmuckthemen-rings","8":"product_cat-schmuck","10":"first","11":"outofstock","12":"taxable","13":"shipping-taxable","14":"purchasable","15":"product-type-simple"},"acf":[],"yoast_head":"<!-- This site is optimized with the Yoast SEO plugin v25.5 - https:\/\/yoast.com\/wordpress\/plugins\/seo\/ -->\n<title>Frieden RING COLOUR DESIGN - Galli Uhren Bijouterie<\/title>\n<meta name=\"robots\" content=\"index, follow, max-snippet:-1, max-image-preview:large, max-video-preview:-1\" \/>\n<link rel=\"canonical\" href=\"https:\/\/galli.ch\/schmuck\/frieden\/ring-colour-design-9890-01-001\/\" \/>\n<meta property=\"og:locale\" content=\"en_US\" \/>\n<meta property=\"og:type\" content=\"article\" \/>\n<meta property=\"og:title\" content=\"Frieden RING COLOUR DESIGN - Galli Uhren Bijouterie\" \/>\n<meta property=\"og:description\" content=\"Seit jeher hat die \u00fcber hundert Jahre alte Schweizer Schmuckmanufaktur Frieden edelste Materialien zu kulturellen Werten verarbeitet. Edelsteine, faszinierende Sch\u00e4tze tief aus der Erde, verzaubern seit jeher mit ihrer atemberaubenden Sch\u00f6nheit und ihrer Symbolik. Jeder Edelstein birgt eine einzigartige Geschichte, die \u00fcber Millionen von Jahren geformt wurde. Die schillernden Farben des Saphirs, das funkelnde Feuer... Weiter &raquo;\" \/>\n<meta property=\"og:url\" content=\"https:\/\/galli.ch\/schmuck\/frieden\/ring-colour-design-9890-01-001\/\" \/>\n<meta property=\"og:site_name\" content=\"Galli Uhren Bijouterie\" \/>\n<meta property=\"article:modified_time\" content=\"2025-03-13T12:45:17+00:00\" \/>\n<meta property=\"og:image\" content=\"https:\/\/galli.ch\/wp-content\/uploads\/009890-Ring-WG.png\" \/>\n\t<meta property=\"og:image:width\" content=\"1000\" \/>\n\t<meta property=\"og:image:height\" content=\"1400\" \/>\n\t<meta property=\"og:image:type\" content=\"image\/png\" \/>\n<meta name=\"twitter:card\" content=\"summary_large_image\" \/>\n<script type=\"application\/ld+json\" class=\"yoast-schema-graph\">{\"@context\":\"https:\/\/schema.org\",\"@graph\":[{\"@type\":\"WebPage\",\"@id\":\"https:\/\/galli.ch\/schmuck\/frieden\/ring-colour-design-9890-01-001\/\",\"url\":\"https:\/\/galli.ch\/schmuck\/frieden\/ring-colour-design-9890-01-001\/\",\"name\":\"Frieden RING COLOUR DESIGN - Galli Uhren Bijouterie\",\"isPartOf\":{\"@id\":\"http:\/\/galli.ch\/en\/#website\"},\"primaryImageOfPage\":{\"@id\":\"https:\/\/galli.ch\/schmuck\/frieden\/ring-colour-design-9890-01-001\/#primaryimage\"},\"image\":{\"@id\":\"https:\/\/galli.ch\/schmuck\/frieden\/ring-colour-design-9890-01-001\/#primaryimage\"},\"thumbnailUrl\":\"https:\/\/galli.ch\/wp-content\/uploads\/009890-Ring-WG.png\",\"datePublished\":\"2023-11-04T18:18:41+00:00\",\"dateModified\":\"2025-03-13T12:45:17+00:00\",\"breadcrumb\":{\"@id\":\"https:\/\/galli.ch\/schmuck\/frieden\/ring-colour-design-9890-01-001\/#breadcrumb\"},\"inLanguage\":\"en-US\",\"potentialAction\":[{\"@type\":\"ReadAction\",\"target\":[\"https:\/\/galli.ch\/schmuck\/frieden\/ring-colour-design-9890-01-001\/\"]}]},{\"@type\":\"ImageObject\",\"inLanguage\":\"en-US\",\"@id\":\"https:\/\/galli.ch\/schmuck\/frieden\/ring-colour-design-9890-01-001\/#primaryimage\",\"url\":\"https:\/\/galli.ch\/wp-content\/uploads\/009890-Ring-WG.png\",\"contentUrl\":\"https:\/\/galli.ch\/wp-content\/uploads\/009890-Ring-WG.png\",\"width\":1000,\"height\":1400,\"caption\":\"FRIEDEN-RING COLOUR DESIGN-zurich\"},{\"@type\":\"BreadcrumbList\",\"@id\":\"https:\/\/galli.ch\/schmuck\/frieden\/ring-colour-design-9890-01-001\/#breadcrumb\",\"itemListElement\":[{\"@type\":\"ListItem\",\"position\":1,\"name\":\"Home\",\"item\":\"https:\/\/galli.ch\/en\/\"},{\"@type\":\"ListItem\",\"position\":2,\"name\":\"Uhren\",\"item\":\"https:\/\/galli.ch\/en\/uhren\/\"},{\"@type\":\"ListItem\",\"position\":3,\"name\":\"RING COLOUR DESIGN\"}]},{\"@type\":\"WebSite\",\"@id\":\"http:\/\/galli.ch\/en\/#website\",\"url\":\"http:\/\/galli.ch\/en\/\",\"name\":\"Galli Uhren Bijouterie\",\"description\":\"\",\"potentialAction\":[{\"@type\":\"SearchAction\",\"target\":{\"@type\":\"EntryPoint\",\"urlTemplate\":\"http:\/\/galli.ch\/en\/?s={search_term_string}\"},\"query-input\":{\"@type\":\"PropertyValueSpecification\",\"valueRequired\":true,\"valueName\":\"search_term_string\"}}],\"inLanguage\":\"en-US\"}]}<\/script>\n<!-- \/ Yoast SEO plugin. -->","yoast_head_json":{"title":"Frieden RING COLOUR DESIGN - Galli Uhren Bijouterie","robots":{"index":"index","follow":"follow","max-snippet":"max-snippet:-1","max-image-preview":"max-image-preview:large","max-video-preview":"max-video-preview:-1"},"canonical":"https:\/\/galli.ch\/schmuck\/frieden\/ring-colour-design-9890-01-001\/","og_locale":"en_US","og_type":"article","og_title":"Frieden RING COLOUR DESIGN - Galli Uhren Bijouterie","og_description":"Seit jeher hat die \u00fcber hundert Jahre alte Schweizer Schmuckmanufaktur Frieden edelste Materialien zu kulturellen Werten verarbeitet. Edelsteine, faszinierende Sch\u00e4tze tief aus der Erde, verzaubern seit jeher mit ihrer atemberaubenden Sch\u00f6nheit und ihrer Symbolik. Jeder Edelstein birgt eine einzigartige Geschichte, die \u00fcber Millionen von Jahren geformt wurde. Die schillernden Farben des Saphirs, das funkelnde Feuer... Weiter &raquo;","og_url":"https:\/\/galli.ch\/schmuck\/frieden\/ring-colour-design-9890-01-001\/","og_site_name":"Galli Uhren Bijouterie","article_modified_time":"2025-03-13T12:45:17+00:00","og_image":[{"width":1000,"height":1400,"url":"https:\/\/galli.ch\/wp-content\/uploads\/009890-Ring-WG.png","type":"image\/png"}],"twitter_card":"summary_large_image","schema":{"@context":"https:\/\/schema.org","@graph":[{"@type":"WebPage","@id":"https:\/\/galli.ch\/schmuck\/frieden\/ring-colour-design-9890-01-001\/","url":"https:\/\/galli.ch\/schmuck\/frieden\/ring-colour-design-9890-01-001\/","name":"Frieden RING COLOUR DESIGN - Galli Uhren Bijouterie","isPartOf":{"@id":"http:\/\/galli.ch\/en\/#website"},"primaryImageOfPage":{"@id":"https:\/\/galli.ch\/schmuck\/frieden\/ring-colour-design-9890-01-001\/#primaryimage"},"image":{"@id":"https:\/\/galli.ch\/schmuck\/frieden\/ring-colour-design-9890-01-001\/#primaryimage"},"thumbnailUrl":"https:\/\/galli.ch\/wp-content\/uploads\/009890-Ring-WG.png","datePublished":"2023-11-04T18:18:41+00:00","dateModified":"2025-03-13T12:45:17+00:00","breadcrumb":{"@id":"https:\/\/galli.ch\/schmuck\/frieden\/ring-colour-design-9890-01-001\/#breadcrumb"},"inLanguage":"en-US","potentialAction":[{"@type":"ReadAction","target":["https:\/\/galli.ch\/schmuck\/frieden\/ring-colour-design-9890-01-001\/"]}]},{"@type":"ImageObject","inLanguage":"en-US","@id":"https:\/\/galli.ch\/schmuck\/frieden\/ring-colour-design-9890-01-001\/#primaryimage","url":"https:\/\/galli.ch\/wp-content\/uploads\/009890-Ring-WG.png","contentUrl":"https:\/\/galli.ch\/wp-content\/uploads\/009890-Ring-WG.png","width":1000,"height":1400,"caption":"FRIEDEN-RING COLOUR DESIGN-zurich"},{"@type":"BreadcrumbList","@id":"https:\/\/galli.ch\/schmuck\/frieden\/ring-colour-design-9890-01-001\/#breadcrumb","itemListElement":[{"@type":"ListItem","position":1,"name":"Home","item":"https:\/\/galli.ch\/en\/"},{"@type":"ListItem","position":2,"name":"Uhren","item":"https:\/\/galli.ch\/en\/uhren\/"},{"@type":"ListItem","position":3,"name":"RING COLOUR DESIGN"}]},{"@type":"WebSite","@id":"http:\/\/galli.ch\/en\/#website","url":"http:\/\/galli.ch\/en\/","name":"Galli Uhren Bijouterie","description":"","potentialAction":[{"@type":"SearchAction","target":{"@type":"EntryPoint","urlTemplate":"http:\/\/galli.ch\/en\/?s={search_term_string}"},"query-input":{"@type":"PropertyValueSpecification","valueRequired":true,"valueName":"search_term_string"}}],"inLanguage":"en-US"}]}},"_links":{"self":[{"href":"https:\/\/galli.ch\/en\/wp-json\/wp\/v2\/product\/21907","targetHints":{"allow":["GET"]}}],"collection":[{"href":"https:\/\/galli.ch\/en\/wp-json\/wp\/v2\/product"}],"about":[{"href":"https:\/\/galli.ch\/en\/wp-json\/wp\/v2\/types\/product"}],"wp:featuredmedia":[{"embeddable":true,"href":"https:\/\/galli.ch\/en\/wp-json\/wp\/v2\/media\/21368"}],"wp:attachment":[{"href":"https:\/\/galli.ch\/en\/wp-json\/wp\/v2\/media?parent=21907"}],"wp:term":[{"taxonomy":"product_brand","embeddable":true,"href":"https:\/\/galli.ch\/en\/wp-json\/wp\/v2\/product_brand?post=21907"},{"taxonomy":"product_cat","embeddable":true,"href":"https:\/\/galli.ch\/en\/wp-json\/wp\/v2\/product_cat?post=21907"},{"taxonomy":"product_tag","embeddable":true,"href":"https:\/\/galli.ch\/en\/wp-json\/wp\/v2\/product_tag?post=21907"}],"curies":[{"name":"wp","href":"https:\/\/api.w.org\/{rel}","templated":true}]}}